{"id":229,"date":"2021-09-20T09:13:49","date_gmt":"2021-09-20T12:13:49","guid":{"rendered":"https:\/\/sites.uel.br\/farmaciauniversitaria\/?page_id=229"},"modified":"2021-09-20T09:35:05","modified_gmt":"2021-09-20T12:35:05","slug":"medicamentos-gratuitos-disponiveis","status":"publish","type":"page","link":"https:\/\/sites.uel.br\/farmaciauniversitaria\/medicamentos-gratuitos-disponiveis\/","title":{"rendered":"Medicamentos Gratuitos Dispon\u00edveis"},"content":{"rendered":"<p>&nbsp;<\/p>\n\n\n<p>A lista de medicamentos&nbsp;<strong>GRATUITOS&nbsp;<\/strong>dispon\u00edveis na Farm\u00e1cia Universit\u00e1ria pode ser visualizada clicando&nbsp;<strong><a rel=\"noreferrer noopener\" href=\"https:\/\/docs.google.com\/spreadsheets\/d\/1JK6-BpOf0-RW7Fd5MvQ_E2144KjBXtvW\/edit#gid=414864819\" target=\"_blank\">AQUI<\/a><\/strong>.<\/p>\n\n\n<p>&nbsp;<\/p>\n\n\n<div class=\"wp-block-image\"><figure class=\"aligncenter size-full is-resized\"><a href=\"https:\/\/docs.google.com\/spreadsheets\/d\/1JK6-BpOf0-RW7Fd5MvQ_E2144KjBXtvW\/edit#gid=414864819\" target=\"_blank\" rel=\"noopener\"><img loading=\"lazy\" decoding=\"async\" src=\"https:\/\/sites.uel.br\/farmaciauniversitaria\/wp-content\/uploads\/2021\/09\/MedGratuitos-3.png\" alt=\"\" class=\"wp-image-255\" width=\"427\" height=\"180\" srcset=\"https:\/\/sites.uel.br\/farmaciauniversitaria\/wp-content\/uploads\/2021\/09\/MedGratuitos-3.png 427w, https:\/\/sites.uel.br\/farmaciauniversitaria\/wp-content\/uploads\/2021\/09\/MedGratuitos-3-300x126.png 300w\" sizes=\"auto, (max-width: 427px) 100vw, 427px\" \/><\/a><\/figure><\/div>\n","protected":false},"excerpt":{"rendered":"<p>&nbsp; A lista de medicamentos&nbsp;GRATUITOS&nbsp;dispon\u00edveis na Farm\u00e1cia Universit\u00e1ria pode ser visualizada clicando&nbsp;AQUI. &nbsp;<\/p>\n","protected":false},"author":8,"featured_media":0,"parent":0,"menu_order":0,"comment_status":"closed","ping_status":"closed","template":"","meta":{"footnotes":""},"class_list":["post-229","page","type-page","status-publish","hentry"],"_links":{"self":[{"href":"https:\/\/sites.uel.br\/farmaciauniversitaria\/wp-json\/wp\/v2\/pages\/229","targetHints":{"allow":["GET"]}}],"collection":[{"href":"https:\/\/sites.uel.br\/farmaciauniversitaria\/wp-json\/wp\/v2\/pages"}],"about":[{"href":"https:\/\/sites.uel.br\/farmaciauniversitaria\/wp-json\/wp\/v2\/types\/page"}],"author":[{"embeddable":true,"href":"https:\/\/sites.uel.br\/farmaciauniversitaria\/wp-json\/wp\/v2\/users\/8"}],"replies":[{"embeddable":true,"href":"https:\/\/sites.uel.br\/farmaciauniversitaria\/wp-json\/wp\/v2\/comments?post=229"}],"version-history":[{"count":9,"href":"https:\/\/sites.uel.br\/farmaciauniversitaria\/wp-json\/wp\/v2\/pages\/229\/revisions"}],"predecessor-version":[{"id":248,"href":"https:\/\/sites.uel.br\/farmaciauniversitaria\/wp-json\/wp\/v2\/pages\/229\/revisions\/248"}],"wp:attachment":[{"href":"https:\/\/sites.uel.br\/farmaciauniversitaria\/wp-json\/wp\/v2\/media?parent=229"}],"curies":[{"name":"wp","href":"https:\/\/api.w.org\/{rel}","templated":true}]}}