{"id":195,"date":"2021-09-19T14:27:56","date_gmt":"2021-09-19T17:27:56","guid":{"rendered":"https:\/\/sites.uel.br\/farmaciauniversitaria\/?page_id=195"},"modified":"2021-09-19T14:30:00","modified_gmt":"2021-09-19T17:30:00","slug":"supervisao-de-estagio","status":"publish","type":"page","link":"https:\/\/sites.uel.br\/farmaciauniversitaria\/supervisao-de-estagio\/","title":{"rendered":"Supervis\u00e3o de Est\u00e1gio"},"content":{"rendered":"<p>&nbsp;<\/p>\n\n\n<p>O Departamento de Ci\u00eancias Farmac\u00eauticas (DCF) \u00e9 o respons\u00e1vel pelas atividades de ensino, pesquisa e extens\u00e3o na Farm\u00e1cia Universit\u00e1ria. O mesmo est\u00e1 lotado no Centro de Ci\u00eancias da Sa\u00fade (CCS).<\/p>\n\n\n\n<p>Os docentes, do Departamento de Ci\u00eancias Farmac\u00eauticas \u2013 DCF, que realizam atividades de Ensino, Pesquisa e Extens\u00e3o na Farm\u00e1cia Escola s\u00e3o:<\/p>\n\n\n\n<p>1.&nbsp;<strong>Prof. Dr. Camilo Molino Guidoni<\/strong>&nbsp;\u2013 camiloguidoni@uel.br \u2013&nbsp;<em><a href=\"http:\/\/lattes.cnpq.br\/4270806660921991\" target=\"_blank\" rel=\"noreferrer noopener\"><u>Lattes<\/u><\/a><\/em><\/p>\n\n\n\n<p>2.&nbsp;<strong>Profa. Dra. Daniela Frizon Alfieri<\/strong>&nbsp;\u2013 frizon.alfieri@gmail.com \u2013&nbsp;<em><a href=\"http:\/\/lattes.cnpq.br\/0254754678210566\" target=\"_blank\" rel=\"noreferrer noopener\">Lattes<\/a><\/em><\/p>\n\n\n\n<p>3.&nbsp;<strong>Prof. Dr. Edmarlon Girotto<\/strong>&nbsp;\u2013 edmarlon@uel.br \u2013&nbsp;<em><a href=\"http:\/\/lattes.cnpq.br\/1488840768789790\" target=\"_blank\" rel=\"noreferrer noopener\">Lattes<\/a><\/em><\/p>\n\n\n\n<p>4.&nbsp;<strong>Profa. Dra. Joice Mara Cruciol<\/strong>&nbsp;\u2013 jcruciol@uel.br \u2013&nbsp;<em><a href=\"http:\/\/lattes.cnpq.br\/2560754607350549\" target=\"_blank\" rel=\"noreferrer noopener\">Lattes<\/a><\/em><\/p>\n","protected":false},"excerpt":{"rendered":"<p>&nbsp; O Departamento de Ci\u00eancias Farmac\u00eauticas (DCF) \u00e9 o respons\u00e1vel pelas atividades de ensino, pesquisa e extens\u00e3o na Farm\u00e1cia Universit\u00e1ria. O mesmo est\u00e1 lotado no Centro de Ci\u00eancias da Sa\u00fade (CCS). Os docentes, do Departamento de Ci\u00eancias Farmac\u00eauticas \u2013 DCF, que realizam atividades de Ensino, Pesquisa e Extens\u00e3o na Farm\u00e1cia Escola s\u00e3o: 1.&nbsp;Prof. Dr. Camilo [&hellip;]<\/p>\n","protected":false},"author":8,"featured_media":0,"parent":0,"menu_order":0,"comment_status":"closed","ping_status":"closed","template":"","meta":{"footnotes":""},"class_list":["post-195","page","type-page","status-publish","hentry"],"_links":{"self":[{"href":"https:\/\/sites.uel.br\/farmaciauniversitaria\/wp-json\/wp\/v2\/pages\/195","targetHints":{"allow":["GET"]}}],"collection":[{"href":"https:\/\/sites.uel.br\/farmaciauniversitaria\/wp-json\/wp\/v2\/pages"}],"about":[{"href":"https:\/\/sites.uel.br\/farmaciauniversitaria\/wp-json\/wp\/v2\/types\/page"}],"author":[{"embeddable":true,"href":"https:\/\/sites.uel.br\/farmaciauniversitaria\/wp-json\/wp\/v2\/users\/8"}],"replies":[{"embeddable":true,"href":"https:\/\/sites.uel.br\/farmaciauniversitaria\/wp-json\/wp\/v2\/comments?post=195"}],"version-history":[{"count":5,"href":"https:\/\/sites.uel.br\/farmaciauniversitaria\/wp-json\/wp\/v2\/pages\/195\/revisions"}],"predecessor-version":[{"id":415,"href":"https:\/\/sites.uel.br\/farmaciauniversitaria\/wp-json\/wp\/v2\/pages\/195\/revisions\/415"}],"wp:attachment":[{"href":"https:\/\/sites.uel.br\/farmaciauniversitaria\/wp-json\/wp\/v2\/media?parent=195"}],"curies":[{"name":"wp","href":"https:\/\/api.w.org\/{rel}","templated":true}]}}