{"id":193,"date":"2021-09-19T14:27:55","date_gmt":"2021-09-19T17:27:55","guid":{"rendered":"https:\/\/sites.uel.br\/farmaciauniversitaria\/?page_id=193"},"modified":"2021-09-19T14:30:58","modified_gmt":"2021-09-19T17:30:58","slug":"colegiado-de-farmacia","status":"publish","type":"page","link":"https:\/\/sites.uel.br\/farmaciauniversitaria\/colegiado-de-farmacia\/","title":{"rendered":"Colegiado de Farm\u00e1cia"},"content":{"rendered":"<p>&nbsp;<\/p>\n\n\n<p>O Colegiado de Farm\u00e1cia organiza as atividades acad\u00eamicas e administrativas do Curso de Farm\u00e1cia da UEL. Cabe ao Colegiado a organiza\u00e7\u00e3o dos est\u00e1gios obrigat\u00f3rios e n\u00e3o obrigat\u00f3rios, incluindo os reaizados na Farm\u00e1cia Univerist\u00e1ria.&nbsp;<\/p>\n\n\n<p>&nbsp;<\/p>\n\n\n<p>Caso tenha interesse em acessar a p\u00e1gina do Colegiado de Farm\u00e1cia da UEL,&nbsp;<strong><a href=\"http:\/\/www.uel.br\/col\/farmacia\/\" target=\"_blank\" rel=\"noreferrer noopener\">clique aqui<\/a><\/strong>.<\/p>\n","protected":false},"excerpt":{"rendered":"<p>&nbsp; O Colegiado de Farm\u00e1cia organiza as atividades acad\u00eamicas e administrativas do Curso de Farm\u00e1cia da UEL. Cabe ao Colegiado a organiza\u00e7\u00e3o dos est\u00e1gios obrigat\u00f3rios e n\u00e3o obrigat\u00f3rios, incluindo os reaizados na Farm\u00e1cia Univerist\u00e1ria.&nbsp; &nbsp; Caso tenha interesse em acessar a p\u00e1gina do Colegiado de Farm\u00e1cia da UEL,&nbsp;clique aqui.<\/p>\n","protected":false},"author":8,"featured_media":0,"parent":0,"menu_order":0,"comment_status":"closed","ping_status":"closed","template":"","meta":{"footnotes":""},"class_list":["post-193","page","type-page","status-publish","hentry"],"_links":{"self":[{"href":"https:\/\/sites.uel.br\/farmaciauniversitaria\/wp-json\/wp\/v2\/pages\/193","targetHints":{"allow":["GET"]}}],"collection":[{"href":"https:\/\/sites.uel.br\/farmaciauniversitaria\/wp-json\/wp\/v2\/pages"}],"about":[{"href":"https:\/\/sites.uel.br\/farmaciauniversitaria\/wp-json\/wp\/v2\/types\/page"}],"author":[{"embeddable":true,"href":"https:\/\/sites.uel.br\/farmaciauniversitaria\/wp-json\/wp\/v2\/users\/8"}],"replies":[{"embeddable":true,"href":"https:\/\/sites.uel.br\/farmaciauniversitaria\/wp-json\/wp\/v2\/comments?post=193"}],"version-history":[{"count":3,"href":"https:\/\/sites.uel.br\/farmaciauniversitaria\/wp-json\/wp\/v2\/pages\/193\/revisions"}],"predecessor-version":[{"id":208,"href":"https:\/\/sites.uel.br\/farmaciauniversitaria\/wp-json\/wp\/v2\/pages\/193\/revisions\/208"}],"wp:attachment":[{"href":"https:\/\/sites.uel.br\/farmaciauniversitaria\/wp-json\/wp\/v2\/media?parent=193"}],"curies":[{"name":"wp","href":"https:\/\/api.w.org\/{rel}","templated":true}]}}