{"id":192,"date":"2021-09-19T14:27:55","date_gmt":"2021-09-19T17:27:55","guid":{"rendered":"https:\/\/sites.uel.br\/farmaciauniversitaria\/?page_id=192"},"modified":"2021-09-19T14:31:58","modified_gmt":"2021-09-19T17:31:58","slug":"departamento-de-ciencias-farmaceuticas","status":"publish","type":"page","link":"https:\/\/sites.uel.br\/farmaciauniversitaria\/departamento-de-ciencias-farmaceuticas\/","title":{"rendered":"Departamento de Ci\u00eancias Farmac\u00eauticas"},"content":{"rendered":"<p>&nbsp;<\/p>\n\n\n<p>O Departamento de Ci\u00eancias Farmac\u00eauticas (DCF), vinculado ao Centro de Ci\u00eancias da Sa\u00fade (CCS), \u00e9 o respons\u00e1vel por fornecer recursos humanos para atua\u00e7\u00e3o nos tr\u00eas eixos de atua\u00e7\u00e3o do farmac\u00eautico:<\/p>\n\n\n\n<p>\u2013 Eixo do cuidado em sa\u00fade<\/p>\n\n\n\n<p>\u2013 Eixo de tecnologia e inova\u00e7\u00e3o em sa\u00fade<\/p>\n\n\n\n<p>\u2013 Eixo em gest\u00e3o em sa\u00fade<\/p>\n\n\n\n<p>A atua\u00e7\u00e3o do departamento envolve atividades de ensino, pesquisa e extens\u00e3o em pr\u00e1ticas relacionadas a f\u00e1rmacos, cosm\u00e9ticos, medicamentos e assist\u00eancia farmac\u00eautica.<\/p>\n\n\n\n<p>Maiores informa\u00e7\u00f5es sobre o Departamento de Ci\u00eancias Farmac\u00eauticas (DCF),&nbsp;<a rel=\"noreferrer noopener\" href=\"http:\/\/www.uel.br\/ccs\/farmacia\/pages\/fale-conosco.php\" target=\"_blank\">clique aqui<\/a>.<\/p>\n","protected":false},"excerpt":{"rendered":"<p>&nbsp; O Departamento de Ci\u00eancias Farmac\u00eauticas (DCF), vinculado ao Centro de Ci\u00eancias da Sa\u00fade (CCS), \u00e9 o respons\u00e1vel por fornecer recursos humanos para atua\u00e7\u00e3o nos tr\u00eas eixos de atua\u00e7\u00e3o do farmac\u00eautico: \u2013 Eixo do cuidado em sa\u00fade \u2013 Eixo de tecnologia e inova\u00e7\u00e3o em sa\u00fade \u2013 Eixo em gest\u00e3o em sa\u00fade A atua\u00e7\u00e3o do departamento [&hellip;]<\/p>\n","protected":false},"author":8,"featured_media":0,"parent":0,"menu_order":0,"comment_status":"closed","ping_status":"closed","template":"","meta":{"footnotes":""},"class_list":["post-192","page","type-page","status-publish","hentry"],"_links":{"self":[{"href":"https:\/\/sites.uel.br\/farmaciauniversitaria\/wp-json\/wp\/v2\/pages\/192","targetHints":{"allow":["GET"]}}],"collection":[{"href":"https:\/\/sites.uel.br\/farmaciauniversitaria\/wp-json\/wp\/v2\/pages"}],"about":[{"href":"https:\/\/sites.uel.br\/farmaciauniversitaria\/wp-json\/wp\/v2\/types\/page"}],"author":[{"embeddable":true,"href":"https:\/\/sites.uel.br\/farmaciauniversitaria\/wp-json\/wp\/v2\/users\/8"}],"replies":[{"embeddable":true,"href":"https:\/\/sites.uel.br\/farmaciauniversitaria\/wp-json\/wp\/v2\/comments?post=192"}],"version-history":[{"count":3,"href":"https:\/\/sites.uel.br\/farmaciauniversitaria\/wp-json\/wp\/v2\/pages\/192\/revisions"}],"predecessor-version":[{"id":210,"href":"https:\/\/sites.uel.br\/farmaciauniversitaria\/wp-json\/wp\/v2\/pages\/192\/revisions\/210"}],"wp:attachment":[{"href":"https:\/\/sites.uel.br\/farmaciauniversitaria\/wp-json\/wp\/v2\/media?parent=192"}],"curies":[{"name":"wp","href":"https:\/\/api.w.org\/{rel}","templated":true}]}}