{"id":144,"date":"2021-09-19T12:33:43","date_gmt":"2021-09-19T15:33:43","guid":{"rendered":"https:\/\/sites.uel.br\/farmaciauniversitaria\/?page_id=144"},"modified":"2023-05-09T15:05:57","modified_gmt":"2023-05-09T18:05:57","slug":"equipe-2","status":"publish","type":"page","link":"https:\/\/sites.uel.br\/farmaciauniversitaria\/equipe-2\/","title":{"rendered":"Equipe de Trabalho"},"content":{"rendered":"\n<p><\/p>\n\n\n<p>\u00a0<br \/>\u00a0<\/p>\n\n\n<p><strong>DIRE\u00c7\u00c3O DA FARM\u00c1CIA UNIVERSIT\u00c1RIA<\/strong><\/p>\n\n\n\n<p>Profa. Dra. Marcela Maria Baracat<\/p>\n\n\n\n<p><\/p>\n\n\n\n<p>e-mail: baracat@uel.br<\/p>\n\n\n\n<p><\/p>\n\n\n\n<p>&nbsp;\n<p><strong>CHEFE DA DIVIS\u00c3O ADMINISTRATIVA<\/strong><\/p><\/p>\n\n\n\n<p>Irandi Silva Luvizeto <\/p>\n\n\n\n<p><\/p>\n\n\n\n<p>&nbsp;\n<p><strong>CHEFE DA DIVIS\u00c3O DE CUIDADO FARMAC\u00caUTICO<\/strong><\/p><\/p>\n\n\n\n<p>Profa. Dra Joice Mara Cruciol<\/p>\n\n\n\n<p><\/p>\n\n\n\n<p>&nbsp;\n<p><strong>CHEFE DA DIVIS\u00c3O DE CONTROLE DE QUALIDADE E PRODU\u00c7\u00c3O DE MEDICAMENTOS<\/strong><\/p><\/p>\n\n\n\n<p>Antonio Aparecido Roncon<\/p>\n\n\n\n<p><\/p>\n\n\n\n<p>&nbsp;\n<p><strong>OUTROS MEMBROS DA EQUIPE<\/strong><\/p><\/p>\n\n\n\n<p>Edilaine de Freitas Gouveia &#8211; Farmac\u00eautica Respons\u00e1vel<\/p>\n\n\n\n<p>Angela Maria Souza Gomes &#8211; Auxiliar Operacional<\/p>\n\n\n\n<p>Antonio Carlos Mariano dos Santos &#8211; Auxiliar de Laborat\u00f3rio<\/p>\n\n\n\n<p>Silvana Maria Bento &#8211; Auxiliar Operacional<\/p>\n","protected":false},"excerpt":{"rendered":"<p>\u00a0\u00a0 DIRE\u00c7\u00c3O DA FARM\u00c1CIA UNIVERSIT\u00c1RIA Profa. Dra. Marcela Maria Baracat e-mail: baracat@uel.br &nbsp; CHEFE DA DIVIS\u00c3O ADMINISTRATIVA Irandi Silva Luvizeto &nbsp; CHEFE DA DIVIS\u00c3O DE CUIDADO FARMAC\u00caUTICO Profa. Dra Joice Mara Cruciol &nbsp; CHEFE DA DIVIS\u00c3O DE CONTROLE DE QUALIDADE E PRODU\u00c7\u00c3O DE MEDICAMENTOS Antonio Aparecido Roncon &nbsp; OUTROS MEMBROS DA EQUIPE Edilaine de Freitas [&hellip;]<\/p>\n","protected":false},"author":8,"featured_media":0,"parent":0,"menu_order":0,"comment_status":"closed","ping_status":"closed","template":"","meta":{"footnotes":""},"class_list":["post-144","page","type-page","status-publish","hentry"],"_links":{"self":[{"href":"https:\/\/sites.uel.br\/farmaciauniversitaria\/wp-json\/wp\/v2\/pages\/144","targetHints":{"allow":["GET"]}}],"collection":[{"href":"https:\/\/sites.uel.br\/farmaciauniversitaria\/wp-json\/wp\/v2\/pages"}],"about":[{"href":"https:\/\/sites.uel.br\/farmaciauniversitaria\/wp-json\/wp\/v2\/types\/page"}],"author":[{"embeddable":true,"href":"https:\/\/sites.uel.br\/farmaciauniversitaria\/wp-json\/wp\/v2\/users\/8"}],"replies":[{"embeddable":true,"href":"https:\/\/sites.uel.br\/farmaciauniversitaria\/wp-json\/wp\/v2\/comments?post=144"}],"version-history":[{"count":8,"href":"https:\/\/sites.uel.br\/farmaciauniversitaria\/wp-json\/wp\/v2\/pages\/144\/revisions"}],"predecessor-version":[{"id":399,"href":"https:\/\/sites.uel.br\/farmaciauniversitaria\/wp-json\/wp\/v2\/pages\/144\/revisions\/399"}],"wp:attachment":[{"href":"https:\/\/sites.uel.br\/farmaciauniversitaria\/wp-json\/wp\/v2\/media?parent=144"}],"curies":[{"name":"wp","href":"https:\/\/api.w.org\/{rel}","templated":true}]}}