{"id":127,"date":"2021-09-19T12:32:44","date_gmt":"2021-09-19T15:32:44","guid":{"rendered":"https:\/\/sites.uel.br\/farmaciauniversitaria\/?page_id=127"},"modified":"2021-09-19T14:21:25","modified_gmt":"2021-09-19T17:21:25","slug":"localizacao-2","status":"publish","type":"page","link":"https:\/\/sites.uel.br\/farmaciauniversitaria\/localizacao-2\/","title":{"rendered":"Localiza\u00e7\u00e3o"},"content":{"rendered":"<p>&nbsp;<\/p>\n\n\n<p>A Farm\u00e1cia Universit\u00e1ria se situa pr\u00f3xima \u00e0 rotat\u00f3ria de acesso ao Ambulat\u00f3rio de Especialidades do HU&nbsp;\u2013&nbsp;<strong>Antigo HC<\/strong>,&nbsp;ao lado da nova estrutura da Cl\u00ednica Odontol\u00f3gica Universit\u00e1ria (COU).<\/p>\n\n\n\n<p><strong>Para acesso ao mapa eletr\u00f4nico&nbsp;<a rel=\"noreferrer noopener\" href=\"https:\/\/www.google.com.br\/maps\/place\/Farm%C3%A1cia+Universit%C3%A1ria+-+UEL\/@-23.3256211,-51.1970237,17z\/data=!4m5!3m4!1s0x94eb5db8b8dfe79b:0xb4ded0566495f54c!8m2!3d-23.325626!4d-51.194835\" target=\"_blank\">CLIQUE AQUI<\/a><\/strong><\/p>\n\n\n\n<figure class=\"wp-block-image\"><img loading=\"lazy\" decoding=\"async\" width=\"1024\" height=\"318\" src=\"https:\/\/sites.uel.br\/farmaciauniversitaria\/wp-content\/uploads\/2021\/08\/LOCALIZACAO-1-1024x318.png\" alt=\"\" class=\"wp-image-43\" srcset=\"https:\/\/sites.uel.br\/farmaciauniversitaria\/wp-content\/uploads\/2021\/08\/LOCALIZACAO-1-1024x318.png 1024w, https:\/\/sites.uel.br\/farmaciauniversitaria\/wp-content\/uploads\/2021\/08\/LOCALIZACAO-1-300x93.png 300w, https:\/\/sites.uel.br\/farmaciauniversitaria\/wp-content\/uploads\/2021\/08\/LOCALIZACAO-1-768x239.png 768w, https:\/\/sites.uel.br\/farmaciauniversitaria\/wp-content\/uploads\/2021\/08\/LOCALIZACAO-1.png 1484w\" sizes=\"auto, (max-width: 1024px) 100vw, 1024px\" \/><\/figure>\n","protected":false},"excerpt":{"rendered":"<p>&nbsp; A Farm\u00e1cia Universit\u00e1ria se situa pr\u00f3xima \u00e0 rotat\u00f3ria de acesso ao Ambulat\u00f3rio de Especialidades do HU&nbsp;\u2013&nbsp;Antigo HC,&nbsp;ao lado da nova estrutura da Cl\u00ednica Odontol\u00f3gica Universit\u00e1ria (COU). Para acesso ao mapa eletr\u00f4nico&nbsp;CLIQUE AQUI<\/p>\n","protected":false},"author":8,"featured_media":0,"parent":0,"menu_order":0,"comment_status":"closed","ping_status":"closed","template":"","meta":{"footnotes":""},"class_list":["post-127","page","type-page","status-publish","hentry"],"_links":{"self":[{"href":"https:\/\/sites.uel.br\/farmaciauniversitaria\/wp-json\/wp\/v2\/pages\/127","targetHints":{"allow":["GET"]}}],"collection":[{"href":"https:\/\/sites.uel.br\/farmaciauniversitaria\/wp-json\/wp\/v2\/pages"}],"about":[{"href":"https:\/\/sites.uel.br\/farmaciauniversitaria\/wp-json\/wp\/v2\/types\/page"}],"author":[{"embeddable":true,"href":"https:\/\/sites.uel.br\/farmaciauniversitaria\/wp-json\/wp\/v2\/users\/8"}],"replies":[{"embeddable":true,"href":"https:\/\/sites.uel.br\/farmaciauniversitaria\/wp-json\/wp\/v2\/comments?post=127"}],"version-history":[{"count":3,"href":"https:\/\/sites.uel.br\/farmaciauniversitaria\/wp-json\/wp\/v2\/pages\/127\/revisions"}],"predecessor-version":[{"id":183,"href":"https:\/\/sites.uel.br\/farmaciauniversitaria\/wp-json\/wp\/v2\/pages\/127\/revisions\/183"}],"wp:attachment":[{"href":"https:\/\/sites.uel.br\/farmaciauniversitaria\/wp-json\/wp\/v2\/media?parent=127"}],"curies":[{"name":"wp","href":"https:\/\/api.w.org\/{rel}","templated":true}]}}