{"id":110,"date":"2021-09-19T12:28:49","date_gmt":"2021-09-19T15:28:49","guid":{"rendered":"https:\/\/sites.uel.br\/farmaciauniversitaria\/?page_id=110"},"modified":"2023-11-29T08:57:20","modified_gmt":"2023-11-29T11:57:20","slug":"conselho-diretor","status":"publish","type":"page","link":"https:\/\/sites.uel.br\/farmaciauniversitaria\/conselho-diretor\/","title":{"rendered":"Conselho Diretor"},"content":{"rendered":"<p>&nbsp;<\/p>\n\n\n<h3 class=\"wp-block-heading\"><\/h3>\n\n\n\n<p>Segundo Regimento da Farm\u00e1cia Universit\u00e1ria, o seu Conselho Diretor \u00e9 composto pelos seguintes membros:<\/p>\n\n\n\n<p>I \u2013 Reitora:&nbsp;<strong>Dra. Marta Regina Gimenez Favaro<\/strong><\/p>\n\n\n\n<p>II \u2013 Diretor do Centro de Ci\u00eancias da Sa\u00fade (CCS):&nbsp;<strong>Dr. Airton Jos\u00e9 Petris<\/strong><\/p>\n\n\n\n<p>III \u2013 Diretora da Farm\u00e1cia Universit\u00e1ria:&nbsp;<strong><strong>Dra. Marcela Maria Baracat<\/strong><\/strong><\/p>\n\n\n\n<p>IV \u2013 Chefe do Departamento de Ci\u00eancias Farmac\u00eauticas (DCF):&nbsp;<strong>Dra. Marcela Maria Baracat<\/strong><\/p>\n\n\n\n<p>V \u2013 Representante do Colegiado de Farm\u00e1cia:&nbsp;<strong>Dra. Eliana Carolina Vespero<\/strong><\/p>\n\n\n\n<p>VI \u2013 Supervisor de Est\u00e1gio na Farm\u00e1cia Universit\u00e1ria:&nbsp;<strong>Dra. Joice Mara Cruciol<\/strong><\/p>\n\n\n\n<p>VII \u2013 Servidor t\u00e9cnico-administrativo da Farm\u00e1cia Universit\u00e1ria:\u00a0<strong>Edilaine de Freitas Gouveia<\/strong><\/p>\n\n\n\n<p>VIII \u2013 Representante discente:&nbsp;<strong>Vitor Alves Viegas<\/strong><\/p>\n","protected":false},"excerpt":{"rendered":"<p>&nbsp; Segundo Regimento da Farm\u00e1cia Universit\u00e1ria, o seu Conselho Diretor \u00e9 composto pelos seguintes membros: I \u2013 Reitora:&nbsp;Dra. Marta Regina Gimenez Favaro II \u2013 Diretor do Centro de Ci\u00eancias da Sa\u00fade (CCS):&nbsp;Dr. Airton Jos\u00e9 Petris III \u2013 Diretora da Farm\u00e1cia Universit\u00e1ria:&nbsp;Dra. Marcela Maria Baracat IV \u2013 Chefe do Departamento de Ci\u00eancias Farmac\u00eauticas (DCF):&nbsp;Dra. Marcela Maria [&hellip;]<\/p>\n","protected":false},"author":8,"featured_media":0,"parent":0,"menu_order":0,"comment_status":"closed","ping_status":"closed","template":"","meta":{"footnotes":""},"class_list":["post-110","page","type-page","status-publish","hentry"],"_links":{"self":[{"href":"https:\/\/sites.uel.br\/farmaciauniversitaria\/wp-json\/wp\/v2\/pages\/110","targetHints":{"allow":["GET"]}}],"collection":[{"href":"https:\/\/sites.uel.br\/farmaciauniversitaria\/wp-json\/wp\/v2\/pages"}],"about":[{"href":"https:\/\/sites.uel.br\/farmaciauniversitaria\/wp-json\/wp\/v2\/types\/page"}],"author":[{"embeddable":true,"href":"https:\/\/sites.uel.br\/farmaciauniversitaria\/wp-json\/wp\/v2\/users\/8"}],"replies":[{"embeddable":true,"href":"https:\/\/sites.uel.br\/farmaciauniversitaria\/wp-json\/wp\/v2\/comments?post=110"}],"version-history":[{"count":8,"href":"https:\/\/sites.uel.br\/farmaciauniversitaria\/wp-json\/wp\/v2\/pages\/110\/revisions"}],"predecessor-version":[{"id":421,"href":"https:\/\/sites.uel.br\/farmaciauniversitaria\/wp-json\/wp\/v2\/pages\/110\/revisions\/421"}],"wp:attachment":[{"href":"https:\/\/sites.uel.br\/farmaciauniversitaria\/wp-json\/wp\/v2\/media?parent=110"}],"curies":[{"name":"wp","href":"https:\/\/api.w.org\/{rel}","templated":true}]}}