{"id":45,"date":"2024-04-13T23:28:47","date_gmt":"2024-04-14T02:28:47","guid":{"rendered":"https:\/\/sites.uel.br\/estagiar\/?page_id=45"},"modified":"2024-10-26T11:25:37","modified_gmt":"2024-10-26T14:25:37","slug":"carga-horaria-e-frequencia","status":"publish","type":"page","link":"https:\/\/sites.uel.br\/estagiar\/carga-horaria-e-frequencia\/","title":{"rendered":"Carga Hor\u00e1ria e Frequ\u00eancia"},"content":{"rendered":"\n<h2 class=\"wp-block-heading\">Carga Hor\u00e1ria<\/h2>\n\n\n\n<p>A carga hor\u00e1ria total do evento \u00e9 de <strong>20 (vinte) horas<\/strong>.<\/p>\n\n\n\n<p>Os estudantes da gradua\u00e7\u00e3o em Letras-Portugu\u00eas da UEL participantes do evento poder\u00e3o contar a carga hor\u00e1ria como Atividade Acad\u00eamica Complementar (AAC).<\/p>\n\n\n\n<h2 class=\"wp-block-heading\">Frequ\u00eancia<\/h2>\n\n\n\n<p>O evento acontecer\u00e1 em 5 turnos. <\/p>\n\n\n\n<p><strong>Para fazer jus ao Certificado de Participa\u00e7\u00e3o,\u00a0o(a) inscrito(a) precisar\u00e1 ter comparecido e registrado sua presen\u00e7a em, pelo menos, 3 turnos.\u00a0<\/strong><\/p>\n","protected":false},"excerpt":{"rendered":"<p>Carga Hor\u00e1ria A carga hor\u00e1ria total do evento \u00e9 de 20 (vinte) horas. Os estudantes da gradua\u00e7\u00e3o em Letras-Portugu\u00eas da UEL participantes do evento poder\u00e3o contar a carga hor\u00e1ria como Atividade Acad\u00eamica Complementar (AAC). Frequ\u00eancia O evento acontecer\u00e1 em 5 turnos. Para fazer jus ao Certificado de Participa\u00e7\u00e3o,\u00a0o(a) inscrito(a) precisar\u00e1 ter comparecido e registrado sua [&hellip;]<\/p>\n","protected":false},"author":7,"featured_media":0,"parent":0,"menu_order":0,"comment_status":"closed","ping_status":"closed","template":"","meta":{"_acf_changed":false,"_themeisle_gutenberg_block_has_review":false,"footnotes":""},"class_list":["post-45","page","type-page","status-publish","hentry"],"acf":[],"_links":{"self":[{"href":"https:\/\/sites.uel.br\/estagiar\/wp-json\/wp\/v2\/pages\/45","targetHints":{"allow":["GET"]}}],"collection":[{"href":"https:\/\/sites.uel.br\/estagiar\/wp-json\/wp\/v2\/pages"}],"about":[{"href":"https:\/\/sites.uel.br\/estagiar\/wp-json\/wp\/v2\/types\/page"}],"author":[{"embeddable":true,"href":"https:\/\/sites.uel.br\/estagiar\/wp-json\/wp\/v2\/users\/7"}],"replies":[{"embeddable":true,"href":"https:\/\/sites.uel.br\/estagiar\/wp-json\/wp\/v2\/comments?post=45"}],"version-history":[{"count":6,"href":"https:\/\/sites.uel.br\/estagiar\/wp-json\/wp\/v2\/pages\/45\/revisions"}],"predecessor-version":[{"id":238,"href":"https:\/\/sites.uel.br\/estagiar\/wp-json\/wp\/v2\/pages\/45\/revisions\/238"}],"wp:attachment":[{"href":"https:\/\/sites.uel.br\/estagiar\/wp-json\/wp\/v2\/media?parent=45"}],"curies":[{"name":"wp","href":"https:\/\/api.w.org\/{rel}","templated":true}]}}