{"id":306,"date":"2025-02-18T10:39:28","date_gmt":"2025-02-18T13:39:28","guid":{"rendered":"https:\/\/sites.uel.br\/estagiar\/?page_id=306"},"modified":"2025-05-23T10:48:47","modified_gmt":"2025-05-23T13:48:47","slug":"fotos","status":"publish","type":"page","link":"https:\/\/sites.uel.br\/estagiar\/fotos\/","title":{"rendered":"Fotos"},"content":{"rendered":"\n<p>Fotos de todas as edi\u00e7\u00f5es do evento voc\u00ea encontra no <a href=\"https:\/\/www.instagram.com\/estagiar.uel\/\" data-type=\"link\" data-id=\"https:\/\/www.instagram.com\/estagiar.uel\/\">Instagram do ESTAGIAR (Destaques dos Stories)<\/a>. <\/p>\n\n\n\n<p><\/p>\n","protected":false},"excerpt":{"rendered":"<p>Fotos de todas as edi\u00e7\u00f5es do evento voc\u00ea encontra no Instagram do ESTAGIAR (Destaques dos Stories).<\/p>\n","protected":false},"author":7,"featured_media":0,"parent":0,"menu_order":0,"comment_status":"closed","ping_status":"closed","template":"","meta":{"_acf_changed":false,"_themeisle_gutenberg_block_has_review":false,"footnotes":""},"class_list":["post-306","page","type-page","status-publish","hentry"],"acf":[],"_links":{"self":[{"href":"https:\/\/sites.uel.br\/estagiar\/wp-json\/wp\/v2\/pages\/306","targetHints":{"allow":["GET"]}}],"collection":[{"href":"https:\/\/sites.uel.br\/estagiar\/wp-json\/wp\/v2\/pages"}],"about":[{"href":"https:\/\/sites.uel.br\/estagiar\/wp-json\/wp\/v2\/types\/page"}],"author":[{"embeddable":true,"href":"https:\/\/sites.uel.br\/estagiar\/wp-json\/wp\/v2\/users\/7"}],"replies":[{"embeddable":true,"href":"https:\/\/sites.uel.br\/estagiar\/wp-json\/wp\/v2\/comments?post=306"}],"version-history":[{"count":14,"href":"https:\/\/sites.uel.br\/estagiar\/wp-json\/wp\/v2\/pages\/306\/revisions"}],"predecessor-version":[{"id":324,"href":"https:\/\/sites.uel.br\/estagiar\/wp-json\/wp\/v2\/pages\/306\/revisions\/324"}],"wp:attachment":[{"href":"https:\/\/sites.uel.br\/estagiar\/wp-json\/wp\/v2\/media?parent=306"}],"curies":[{"name":"wp","href":"https:\/\/api.w.org\/{rel}","templated":true}]}}