{"id":128,"date":"2024-04-14T22:22:41","date_gmt":"2024-04-15T01:22:41","guid":{"rendered":"https:\/\/sites.uel.br\/estagiar\/?page_id=128"},"modified":"2024-10-26T11:12:28","modified_gmt":"2024-10-26T14:12:28","slug":"normas-para-elaboracao-do-resumo","status":"publish","type":"page","link":"https:\/\/sites.uel.br\/estagiar\/normas-para-elaboracao-do-resumo\/","title":{"rendered":"Normas para elabora\u00e7\u00e3o de Resumos"},"content":{"rendered":"\n<p>No ato da inscri\u00e7\u00e3o, dever\u00e1(\u00e3o) anexar um arquivo DOC com as seguintes informa\u00e7\u00f5es:<br>\u2013 t\u00edtulo da comunica\u00e7\u00e3o;<br>\u2013 nome completo do(s) apresentador(es);<br>\u2013 ao lado do nome, entre par\u00eanteses, informar se \u00e9 Estagi\u00e1rio(a), Egresso(a), Orientador(a) de Est\u00e1gio ou Professor(a) do Campo de Est\u00e1gio;<br>\u2013 resumo de at\u00e9 1.000 caracteres com espa\u00e7os;<br>\u2013 3 palavras-chave.<\/p>\n\n\n\n<p>O trabalho dever\u00e1 abordar quest\u00f5es te\u00f3rico-pr\u00e1ticas referentes ao est\u00e1gio curricular obrigat\u00f3rio.<\/p>\n","protected":false},"excerpt":{"rendered":"<p>No ato da inscri\u00e7\u00e3o, dever\u00e1(\u00e3o) anexar um arquivo DOC com as seguintes informa\u00e7\u00f5es:\u2013 t\u00edtulo da comunica\u00e7\u00e3o;\u2013 nome completo do(s) apresentador(es);\u2013 ao lado do nome, entre par\u00eanteses, informar se \u00e9 Estagi\u00e1rio(a), Egresso(a), Orientador(a) de Est\u00e1gio ou Professor(a) do Campo de Est\u00e1gio;\u2013 resumo de at\u00e9 1.000 caracteres com espa\u00e7os;\u2013 3 palavras-chave. O trabalho dever\u00e1 abordar quest\u00f5es te\u00f3rico-pr\u00e1ticas [&hellip;]<\/p>\n","protected":false},"author":7,"featured_media":0,"parent":0,"menu_order":0,"comment_status":"closed","ping_status":"closed","template":"","meta":{"_acf_changed":false,"_themeisle_gutenberg_block_has_review":false,"footnotes":""},"class_list":["post-128","page","type-page","status-publish","hentry"],"acf":[],"_links":{"self":[{"href":"https:\/\/sites.uel.br\/estagiar\/wp-json\/wp\/v2\/pages\/128","targetHints":{"allow":["GET"]}}],"collection":[{"href":"https:\/\/sites.uel.br\/estagiar\/wp-json\/wp\/v2\/pages"}],"about":[{"href":"https:\/\/sites.uel.br\/estagiar\/wp-json\/wp\/v2\/types\/page"}],"author":[{"embeddable":true,"href":"https:\/\/sites.uel.br\/estagiar\/wp-json\/wp\/v2\/users\/7"}],"replies":[{"embeddable":true,"href":"https:\/\/sites.uel.br\/estagiar\/wp-json\/wp\/v2\/comments?post=128"}],"version-history":[{"count":3,"href":"https:\/\/sites.uel.br\/estagiar\/wp-json\/wp\/v2\/pages\/128\/revisions"}],"predecessor-version":[{"id":234,"href":"https:\/\/sites.uel.br\/estagiar\/wp-json\/wp\/v2\/pages\/128\/revisions\/234"}],"wp:attachment":[{"href":"https:\/\/sites.uel.br\/estagiar\/wp-json\/wp\/v2\/media?parent=128"}],"curies":[{"name":"wp","href":"https:\/\/api.w.org\/{rel}","templated":true}]}}