{"id":721,"date":"2026-03-19T15:49:17","date_gmt":"2026-03-19T18:49:17","guid":{"rendered":"https:\/\/sites.uel.br\/eprotocolo\/?page_id=721"},"modified":"2026-03-20T11:24:56","modified_gmt":"2026-03-20T14:24:56","slug":"concluir-e-encaminhar-ou-finalizar-pendencia","status":"publish","type":"page","link":"https:\/\/sites.uel.br\/eprotocolo\/concluir-e-encaminhar-ou-finalizar-pendencia\/","title":{"rendered":"Concluir e Encaminhar ou Finalizar Pend\u00eancia"},"content":{"rendered":"\n<p>________________________________________________________________________________________________________________________________<\/p>\n\n\n\n<div style=\"height:100px\" aria-hidden=\"true\" class=\"wp-block-spacer\"><\/div>\n\n\n\n<p>Ao receber um processo, <strong>atribu\u00eddo em seu nome<\/strong>, ele estar\u00e1 disponibilizado na <strong>TELA INICIAL > MINHAS PEND\u00caNCIAS DE PROTOCOLOS<\/strong><\/p>\n\n\n\n<p><mark style=\"background-color:#f7f734\" class=\"has-inline-color has-laranja-destaque-color\">Observe que, em <strong>Finalidade,<\/strong> est\u00e1 descrito o motivo pelo qual o processo est\u00e1 em suas pend\u00eancias:<\/mark><\/p>\n\n\n\n<figure class=\"wp-block-image size-large is-resized\"><img loading=\"lazy\" decoding=\"async\" width=\"1024\" height=\"339\" src=\"https:\/\/sites.uel.br\/eprotocolo\/wp-content\/uploads\/2026\/03\/imagem-1-1024x339.png\" alt=\"\" class=\"wp-image-723\" style=\"aspect-ratio:3.0207830327131564;width:1024px;height:auto\" srcset=\"https:\/\/sites.uel.br\/eprotocolo\/wp-content\/uploads\/2026\/03\/imagem-1-1024x339.png 1024w, https:\/\/sites.uel.br\/eprotocolo\/wp-content\/uploads\/2026\/03\/imagem-1-300x99.png 300w, https:\/\/sites.uel.br\/eprotocolo\/wp-content\/uploads\/2026\/03\/imagem-1-768x254.png 768w, https:\/\/sites.uel.br\/eprotocolo\/wp-content\/uploads\/2026\/03\/imagem-1.png 1494w\" sizes=\"auto, (max-width: 1024px) 100vw, 1024px\" \/><\/figure>\n\n\n\n<p><strong>Finalidade Analisar <\/strong>\u00a0&#8211; o processo foi encaminhado para voc\u00ea, portanto, ap\u00f3s an\u00e1lise, voc\u00ea dever\u00e1 tramit\u00e1-lo para o pr\u00f3ximo local de destino. Preencha os campos: \u00d3rg\u00e3o para, Local para e Motivo de tramita\u00e7\u00e3o, dependendo do motivo selecionado o parecer de andamento pode ser obrigat\u00f3rio e sua visualiza\u00e7\u00e3o estar\u00e1 dispon\u00edvel na consulta do protocolo no campo de andamentos,\u00a0e\u00a0clique em <strong>Concluir e Encaminhar<\/strong><\/p>\n\n\n\n<p><mark style=\"background-color:#f7f734\" class=\"has-inline-color\"><strong>Aten\u00e7\u00e3o! <\/strong>Clicando em <strong>Finalizar Pend\u00eancia<\/strong> voc\u00ea ir\u00e1 concluir a an\u00e1lise do processo e o mesmo permanecer\u00e1 em seu local para novas provid\u00eancias.<\/mark><\/p>\n\n\n\n<figure class=\"wp-block-image size-large is-resized\"><img loading=\"lazy\" decoding=\"async\" width=\"1024\" height=\"501\" src=\"https:\/\/sites.uel.br\/eprotocolo\/wp-content\/uploads\/2026\/03\/Imagem-2-1024x501.png\" alt=\"\" class=\"wp-image-725\" style=\"width:959px;height:auto\" srcset=\"https:\/\/sites.uel.br\/eprotocolo\/wp-content\/uploads\/2026\/03\/Imagem-2-1024x501.png 1024w, https:\/\/sites.uel.br\/eprotocolo\/wp-content\/uploads\/2026\/03\/Imagem-2-300x147.png 300w, https:\/\/sites.uel.br\/eprotocolo\/wp-content\/uploads\/2026\/03\/Imagem-2-768x376.png 768w, https:\/\/sites.uel.br\/eprotocolo\/wp-content\/uploads\/2026\/03\/Imagem-2.png 1522w\" sizes=\"auto, (max-width: 1024px) 100vw, 1024px\" \/><\/figure>\n\n\n\n<div style=\"height:100px\" aria-hidden=\"true\" class=\"wp-block-spacer\"><\/div>\n\n\n\n<p>O bot\u00e3o\u00a0<strong>Concluir e Encaminhar<\/strong>\u00a0fica desabilitado enquanto o protocolo possuir alguma pend\u00eancia. Verifique na aba <strong>Complemento <\/strong>ou no<strong> \u00edndice<\/strong> as <strong>Pend\u00eancias<\/strong> n\u00e3o finalizadas.<\/p>\n\n\n\n<figure class=\"wp-block-image size-large\"><img loading=\"lazy\" decoding=\"async\" width=\"1024\" height=\"274\" src=\"https:\/\/sites.uel.br\/eprotocolo\/wp-content\/uploads\/2026\/03\/imagem-3-1024x274.png\" alt=\"\" class=\"wp-image-726\" srcset=\"https:\/\/sites.uel.br\/eprotocolo\/wp-content\/uploads\/2026\/03\/imagem-3-1024x274.png 1024w, https:\/\/sites.uel.br\/eprotocolo\/wp-content\/uploads\/2026\/03\/imagem-3-300x80.png 300w, https:\/\/sites.uel.br\/eprotocolo\/wp-content\/uploads\/2026\/03\/imagem-3-768x206.png 768w, https:\/\/sites.uel.br\/eprotocolo\/wp-content\/uploads\/2026\/03\/imagem-3-1536x412.png 1536w, https:\/\/sites.uel.br\/eprotocolo\/wp-content\/uploads\/2026\/03\/imagem-3.png 1578w\" sizes=\"auto, (max-width: 1024px) 100vw, 1024px\" \/><\/figure>\n\n\n\n<div style=\"height:100px\" aria-hidden=\"true\" class=\"wp-block-spacer\"><\/div>\n\n\n\n<p>Quando voc\u00ea recebe uma <strong>PEND\u00caNCIA<\/strong>, observe que em <strong>Finalidade<\/strong> estar\u00e1 informada o tipo da pend\u00eancia que foi criada, que pode ser: Assinatura, Citar\/Intimar, Dar Ci\u00eancia,\u00a0 Notificar, Parecer, Prorroga\u00e7\u00e3o de Prazo e Solicitar mais Informa\u00e7\u00f5es.<\/p>\n\n\n\n<figure class=\"wp-block-image size-large is-resized\"><img loading=\"lazy\" decoding=\"async\" width=\"1024\" height=\"332\" src=\"https:\/\/sites.uel.br\/eprotocolo\/wp-content\/uploads\/2026\/03\/imagem-4-1024x332.png\" alt=\"\" class=\"wp-image-727\" style=\"width:990px;height:auto\" srcset=\"https:\/\/sites.uel.br\/eprotocolo\/wp-content\/uploads\/2026\/03\/imagem-4-1024x332.png 1024w, https:\/\/sites.uel.br\/eprotocolo\/wp-content\/uploads\/2026\/03\/imagem-4-300x97.png 300w, https:\/\/sites.uel.br\/eprotocolo\/wp-content\/uploads\/2026\/03\/imagem-4-768x249.png 768w, https:\/\/sites.uel.br\/eprotocolo\/wp-content\/uploads\/2026\/03\/imagem-4.png 1491w\" sizes=\"auto, (max-width: 1024px) 100vw, 1024px\" \/><\/figure>\n\n\n\n<div style=\"height:72px\" aria-hidden=\"true\" class=\"wp-block-spacer\"><\/div>\n\n\n\n<p>Neste caso, o processo n\u00e3o foi encaminhado para voc\u00ea, sendo assim, resolva a pend\u00eancia solicitada e clique em <strong>Finalizar Pend\u00eancia<\/strong>. Ao fazer isso, o protocolo retornar\u00e1 automaticamente ao seu local de origem.<\/p>\n\n\n\n<figure class=\"wp-block-image size-large\"><img loading=\"lazy\" decoding=\"async\" width=\"1024\" height=\"274\" src=\"https:\/\/sites.uel.br\/eprotocolo\/wp-content\/uploads\/2026\/03\/imagem-5-1024x274.png\" alt=\"\" class=\"wp-image-728\" srcset=\"https:\/\/sites.uel.br\/eprotocolo\/wp-content\/uploads\/2026\/03\/imagem-5-1024x274.png 1024w, https:\/\/sites.uel.br\/eprotocolo\/wp-content\/uploads\/2026\/03\/imagem-5-300x80.png 300w, https:\/\/sites.uel.br\/eprotocolo\/wp-content\/uploads\/2026\/03\/imagem-5-768x205.png 768w, https:\/\/sites.uel.br\/eprotocolo\/wp-content\/uploads\/2026\/03\/imagem-5.png 1287w\" sizes=\"auto, (max-width: 1024px) 100vw, 1024px\" \/><\/figure>\n\n\n\n<p><\/p>\n","protected":false},"excerpt":{"rendered":"<p>________________________________________________________________________________________________________________________________ Ao receber um processo, atribu\u00eddo em seu nome, ele estar\u00e1 disponibilizado na TELA INICIAL > MINHAS PEND\u00caNCIAS DE PROTOCOLOS Observe que, em Finalidade, est\u00e1 descrito o motivo pelo qual o processo est\u00e1 em suas pend\u00eancias: Finalidade Analisar \u00a0&#8211; o processo foi encaminhado para voc\u00ea, portanto, ap\u00f3s an\u00e1lise, voc\u00ea dever\u00e1 tramit\u00e1-lo para o pr\u00f3ximo local [&hellip;]<\/p>\n","protected":false},"author":13,"featured_media":0,"parent":0,"menu_order":0,"comment_status":"closed","ping_status":"closed","template":"","meta":{"_acf_changed":false,"footnotes":""},"class_list":["post-721","page","type-page","status-publish","hentry"],"acf":[],"_links":{"self":[{"href":"https:\/\/sites.uel.br\/eprotocolo\/wp-json\/wp\/v2\/pages\/721","targetHints":{"allow":["GET"]}}],"collection":[{"href":"https:\/\/sites.uel.br\/eprotocolo\/wp-json\/wp\/v2\/pages"}],"about":[{"href":"https:\/\/sites.uel.br\/eprotocolo\/wp-json\/wp\/v2\/types\/page"}],"author":[{"embeddable":true,"href":"https:\/\/sites.uel.br\/eprotocolo\/wp-json\/wp\/v2\/users\/13"}],"replies":[{"embeddable":true,"href":"https:\/\/sites.uel.br\/eprotocolo\/wp-json\/wp\/v2\/comments?post=721"}],"version-history":[{"count":2,"href":"https:\/\/sites.uel.br\/eprotocolo\/wp-json\/wp\/v2\/pages\/721\/revisions"}],"predecessor-version":[{"id":730,"href":"https:\/\/sites.uel.br\/eprotocolo\/wp-json\/wp\/v2\/pages\/721\/revisions\/730"}],"wp:attachment":[{"href":"https:\/\/sites.uel.br\/eprotocolo\/wp-json\/wp\/v2\/media?parent=721"}],"curies":[{"name":"wp","href":"https:\/\/api.w.org\/{rel}","templated":true}]}}