{"id":648,"date":"2022-12-16T16:51:19","date_gmt":"2022-12-16T19:51:19","guid":{"rendered":"https:\/\/sites.uel.br\/eprotocolo\/?page_id=648"},"modified":"2022-12-16T16:58:26","modified_gmt":"2022-12-16T19:58:26","slug":"digitalizacao-processos-fisicos-uel","status":"publish","type":"page","link":"https:\/\/sites.uel.br\/eprotocolo\/digitalizacao-processos-fisicos-uel\/","title":{"rendered":"TUTORIAL PARA DIGITALIZA\u00c7\u00c3O DE PROCESSOS F\u00cdSICOS &#8211; UEL"},"content":{"rendered":"\n<hr class=\"wp-block-separator has-alpha-channel-opacity is-style-wide\"\/>\n\n\n\n<div style=\"height:50px\" aria-hidden=\"true\" class=\"wp-block-spacer\"><\/div>\n\n\n\n<h3 class=\"wp-block-heading\">Processos do Sistema UEL para o Sistema eProtocolo<\/h3>\n\n\n\n<div style=\"height:50px\" aria-hidden=\"true\" class=\"wp-block-spacer\"><\/div>\n\n\n\n<p>1-Digitalizar o processo f\u00edsico, incluindo a capa e contracapa, e atentando-se \u00e0s folhas com frente e verso;<\/p>\n\n\n\n<div style=\"height:30px\" aria-hidden=\"true\" class=\"wp-block-spacer\"><\/div>\n\n\n\n<p>2-Verificar o arquivo gerado em PDF, conferindo com o processo f\u00edsico, se todas as p\u00e1ginas foram digitalizadas;<\/p>\n\n\n\n<div style=\"height:30px\" aria-hidden=\"true\" class=\"wp-block-spacer\"><\/div>\n\n\n\n<p>3-Acessar o Sistema eProtocolo e iniciar a inclus\u00e3o do processo, conforme segue:<\/p>\n\n\n<div class=\"wp-block-image\">\n<figure class=\"aligncenter size-full is-resized\"><img loading=\"lazy\" decoding=\"async\" src=\"https:\/\/sites.uel.br\/eprotocolo\/wp-content\/uploads\/2022\/12\/image-1.png\" alt=\"\" class=\"wp-image-651\" width=\"832\" height=\"378\" srcset=\"https:\/\/sites.uel.br\/eprotocolo\/wp-content\/uploads\/2022\/12\/image-1.png 932w, https:\/\/sites.uel.br\/eprotocolo\/wp-content\/uploads\/2022\/12\/image-1-300x136.png 300w, https:\/\/sites.uel.br\/eprotocolo\/wp-content\/uploads\/2022\/12\/image-1-768x349.png 768w\" sizes=\"auto, (max-width: 832px) 100vw, 832px\" \/><\/figure>\n<\/div>\n\n\n<div style=\"height:30px\" aria-hidden=\"true\" class=\"wp-block-spacer\"><\/div>\n\n\n\n<p>4-<strong>Esp\u00e9cie de Documento<\/strong><br>    Utilizar a op\u00e7\u00e3o<strong> \u201c89 \u2013 PROCESSO\u201d<\/strong> e informar o n\u00famero e o ano do processo f\u00edsico:<\/p>\n\n\n<div class=\"wp-block-image\">\n<figure class=\"aligncenter size-large is-resized\"><img loading=\"lazy\" decoding=\"async\" src=\"https:\/\/sites.uel.br\/eprotocolo\/wp-content\/uploads\/2022\/12\/image-2-1024x181.png\" alt=\"\" class=\"wp-image-652\" width=\"804\" height=\"142\" srcset=\"https:\/\/sites.uel.br\/eprotocolo\/wp-content\/uploads\/2022\/12\/image-2-1024x181.png 1024w, https:\/\/sites.uel.br\/eprotocolo\/wp-content\/uploads\/2022\/12\/image-2-300x53.png 300w, https:\/\/sites.uel.br\/eprotocolo\/wp-content\/uploads\/2022\/12\/image-2-768x136.png 768w, https:\/\/sites.uel.br\/eprotocolo\/wp-content\/uploads\/2022\/12\/image-2.png 1335w\" sizes=\"auto, (max-width: 804px) 100vw, 804px\" \/><\/figure>\n<\/div>\n\n\n<div style=\"height:30px\" aria-hidden=\"true\" class=\"wp-block-spacer\"><\/div>\n\n\n\n<p>5-Preencher os demais campos de acordo com o assunto do processo f\u00edsico.<\/p>\n\n\n\n<ul class=\"wp-block-list\">\n<li>No campo <strong>\u201cLocal Para\u201d<\/strong> &#8211; \u00d3rg\u00e3o: <strong>UEL &#8211; UNIVERSIDADE ESTADUAL DE LONDRINA<\/strong><\/li>\n\n\n\n<li>Local: informar a Unidade para onde o processo digital ser\u00e1 encaminhado:<\/li>\n<\/ul>\n\n\n<div class=\"wp-block-image\">\n<figure class=\"aligncenter size-large is-resized\"><img loading=\"lazy\" decoding=\"async\" src=\"https:\/\/sites.uel.br\/eprotocolo\/wp-content\/uploads\/2022\/12\/image-3-1024x348.png\" alt=\"\" class=\"wp-image-653\" width=\"811\" height=\"275\" srcset=\"https:\/\/sites.uel.br\/eprotocolo\/wp-content\/uploads\/2022\/12\/image-3-1024x348.png 1024w, https:\/\/sites.uel.br\/eprotocolo\/wp-content\/uploads\/2022\/12\/image-3-300x102.png 300w, https:\/\/sites.uel.br\/eprotocolo\/wp-content\/uploads\/2022\/12\/image-3-768x261.png 768w, https:\/\/sites.uel.br\/eprotocolo\/wp-content\/uploads\/2022\/12\/image-3.png 1363w\" sizes=\"auto, (max-width: 811px) 100vw, 811px\" \/><\/figure>\n<\/div>\n\n\n<p>6-<strong>Interessado<\/strong><\/p>\n\n\n\n<ul class=\"wp-block-list\">\n<li>O nome deve ser inserido conforme consta na capa do processo f\u00edsico.<\/li>\n\n\n\n<li>O <strong>\u201cTipo\u201d<\/strong> deve ser baseado no nome do interessado, se o requerente \u00e9 um Centro de Estudo, Departamento, Servidor, Professor, Aluno, Divis\u00e3o, etc.<\/li>\n\n\n\n<li>Ap\u00f3s, clicar no bot\u00e3o <strong>\u201cIncluir Interessado\u201d<\/strong>:<\/li>\n<\/ul>\n\n\n<div class=\"wp-block-image\">\n<figure class=\"aligncenter size-large is-resized\"><img loading=\"lazy\" decoding=\"async\" src=\"https:\/\/sites.uel.br\/eprotocolo\/wp-content\/uploads\/2022\/12\/image-4-1024x207.png\" alt=\"\" class=\"wp-image-655\" width=\"813\" height=\"164\" srcset=\"https:\/\/sites.uel.br\/eprotocolo\/wp-content\/uploads\/2022\/12\/image-4-1024x207.png 1024w, https:\/\/sites.uel.br\/eprotocolo\/wp-content\/uploads\/2022\/12\/image-4-300x61.png 300w, https:\/\/sites.uel.br\/eprotocolo\/wp-content\/uploads\/2022\/12\/image-4-768x155.png 768w, https:\/\/sites.uel.br\/eprotocolo\/wp-content\/uploads\/2022\/12\/image-4.png 1319w\" sizes=\"auto, (max-width: 813px) 100vw, 813px\" \/><\/figure>\n<\/div>\n\n\n<div style=\"height:30px\" aria-hidden=\"true\" class=\"wp-block-spacer\"><\/div>\n\n\n\n<p>7-<strong>Processo Relacionado<\/strong><br>    Dever\u00e1 ser preenchido com as seguintes informa\u00e7\u00f5es:<\/p>\n\n\n\n<ul class=\"wp-block-list\">\n<li><strong>Sistema Relacionado:<\/strong> Outro<\/li>\n\n\n\n<li><strong>N\u00famero do Processo Relacionado: <\/strong>n\u00famero\/ano-d\u00edgito do processo f\u00edsico, Ex: 000\/2000-00<\/li>\n\n\n\n<li><strong>Link do Processo Relacionado: <\/strong>digitar apenas um ponto \u201c.\u201d<\/li>\n\n\n\n<li>Ap\u00f3s, clicar no bot\u00e3o <strong>\u201cIncluir Processo Relacionado<\/strong>\u201d<\/li>\n<\/ul>\n\n\n<div class=\"wp-block-image\">\n<figure class=\"aligncenter size-large is-resized\"><img loading=\"lazy\" decoding=\"async\" src=\"https:\/\/sites.uel.br\/eprotocolo\/wp-content\/uploads\/2022\/12\/image-5-1024x147.png\" alt=\"\" class=\"wp-image-657\" width=\"808\" height=\"116\" srcset=\"https:\/\/sites.uel.br\/eprotocolo\/wp-content\/uploads\/2022\/12\/image-5-1024x147.png 1024w, https:\/\/sites.uel.br\/eprotocolo\/wp-content\/uploads\/2022\/12\/image-5-300x43.png 300w, https:\/\/sites.uel.br\/eprotocolo\/wp-content\/uploads\/2022\/12\/image-5-768x110.png 768w, https:\/\/sites.uel.br\/eprotocolo\/wp-content\/uploads\/2022\/12\/image-5.png 1350w\" sizes=\"auto, (max-width: 808px) 100vw, 808px\" \/><\/figure>\n<\/div>\n\n\n<div style=\"height:30px\" aria-hidden=\"true\" class=\"wp-block-spacer\"><\/div>\n\n\n\n<p>8-<strong>Detalhamento<\/strong><br>    Copiar o texto do \u201cT\u00edtulo\u201d, conforme consta na capa do processo f\u00edsico:<\/p>\n\n\n<div class=\"wp-block-image\">\n<figure class=\"aligncenter size-large is-resized\"><img loading=\"lazy\" decoding=\"async\" src=\"https:\/\/sites.uel.br\/eprotocolo\/wp-content\/uploads\/2022\/12\/image-6-1024x115.png\" alt=\"\" class=\"wp-image-658\" width=\"807\" height=\"91\" srcset=\"https:\/\/sites.uel.br\/eprotocolo\/wp-content\/uploads\/2022\/12\/image-6-1024x115.png 1024w, https:\/\/sites.uel.br\/eprotocolo\/wp-content\/uploads\/2022\/12\/image-6-300x34.png 300w, https:\/\/sites.uel.br\/eprotocolo\/wp-content\/uploads\/2022\/12\/image-6-768x86.png 768w, https:\/\/sites.uel.br\/eprotocolo\/wp-content\/uploads\/2022\/12\/image-6.png 1483w\" sizes=\"auto, (max-width: 807px) 100vw, 807px\" \/><\/figure>\n<\/div>\n\n\n<div style=\"height:30px\" aria-hidden=\"true\" class=\"wp-block-spacer\"><\/div>\n\n\n\n<p>9-<strong>Dados do Requerente<\/strong><\/p>\n\n\n\n<ul class=\"wp-block-list\">\n<li>Informar os dados do interessado ou do respons\u00e1vel em acompanhar o processo;<\/li>\n\n\n\n<li>Ap\u00f3s, clicar no bot\u00e3o \u201cPr\u00f3ximo\u201d:<\/li>\n<\/ul>\n\n\n<div class=\"wp-block-image\">\n<figure class=\"aligncenter size-large is-resized\"><img loading=\"lazy\" decoding=\"async\" src=\"https:\/\/sites.uel.br\/eprotocolo\/wp-content\/uploads\/2022\/12\/image-7-1024x206.png\" alt=\"\" class=\"wp-image-659\" width=\"808\" height=\"163\" srcset=\"https:\/\/sites.uel.br\/eprotocolo\/wp-content\/uploads\/2022\/12\/image-7-1024x206.png 1024w, https:\/\/sites.uel.br\/eprotocolo\/wp-content\/uploads\/2022\/12\/image-7-300x60.png 300w, https:\/\/sites.uel.br\/eprotocolo\/wp-content\/uploads\/2022\/12\/image-7-768x154.png 768w, https:\/\/sites.uel.br\/eprotocolo\/wp-content\/uploads\/2022\/12\/image-7.png 1390w\" sizes=\"auto, (max-width: 808px) 100vw, 808px\" \/><\/figure>\n<\/div>\n\n\n<div style=\"height:30px\" aria-hidden=\"true\" class=\"wp-block-spacer\"><\/div>\n\n\n\n<p>10-I<strong>nclus\u00e3o do arquivo<\/strong><\/p>\n\n\n\n<ul class=\"wp-block-list\">\n<li>Na aba <strong>\u201cIncluir Documento, Informa\u00e7\u00e3o ou Despacho\u201d,<\/strong> selecionar o arquivo do processo f\u00edsico digitalizado em PDF:<\/li>\n<\/ul>\n\n\n<div class=\"wp-block-image\">\n<figure class=\"aligncenter size-large is-resized\"><img loading=\"lazy\" decoding=\"async\" src=\"https:\/\/sites.uel.br\/eprotocolo\/wp-content\/uploads\/2022\/12\/image-8-1024x443.png\" alt=\"\" class=\"wp-image-660\" width=\"813\" height=\"352\" srcset=\"https:\/\/sites.uel.br\/eprotocolo\/wp-content\/uploads\/2022\/12\/image-8-1024x443.png 1024w, https:\/\/sites.uel.br\/eprotocolo\/wp-content\/uploads\/2022\/12\/image-8-300x130.png 300w, https:\/\/sites.uel.br\/eprotocolo\/wp-content\/uploads\/2022\/12\/image-8-768x332.png 768w, https:\/\/sites.uel.br\/eprotocolo\/wp-content\/uploads\/2022\/12\/image-8-1536x664.png 1536w, https:\/\/sites.uel.br\/eprotocolo\/wp-content\/uploads\/2022\/12\/image-8.png 1554w\" sizes=\"auto, (max-width: 813px) 100vw, 813px\" \/><\/figure>\n<\/div>\n\n\n<div style=\"height:30px\" aria-hidden=\"true\" class=\"wp-block-spacer\"><\/div>\n\n\n\n<p>11-Ap\u00f3s o upload do arquivo, clicar no bot\u00e3o <strong>\u201cAtualizar Volume\u201d<\/strong> para inserir definitivamente o arquivo no processo e finalize a opera\u00e7\u00e3o clicando em <strong>\u201cConcluir e encaminhar\u201d<\/strong>:<\/p>\n\n\n<div class=\"wp-block-image\">\n<figure class=\"aligncenter size-large is-resized\"><img loading=\"lazy\" decoding=\"async\" src=\"https:\/\/sites.uel.br\/eprotocolo\/wp-content\/uploads\/2022\/12\/image-14-1024x612.png\" alt=\"\" class=\"wp-image-667\" width=\"806\" height=\"482\" srcset=\"https:\/\/sites.uel.br\/eprotocolo\/wp-content\/uploads\/2022\/12\/image-14-1024x612.png 1024w, https:\/\/sites.uel.br\/eprotocolo\/wp-content\/uploads\/2022\/12\/image-14-300x179.png 300w, https:\/\/sites.uel.br\/eprotocolo\/wp-content\/uploads\/2022\/12\/image-14-768x459.png 768w, https:\/\/sites.uel.br\/eprotocolo\/wp-content\/uploads\/2022\/12\/image-14.png 1371w\" sizes=\"auto, (max-width: 806px) 100vw, 806px\" \/><\/figure>\n<\/div>\n\n\n<div style=\"height:30px\" aria-hidden=\"true\" class=\"wp-block-spacer\"><\/div>\n\n\n\n<p>12-<strong>Informa\u00e7\u00e3o no Sistema UEL<br><\/strong>Acessar o Sistema de Controle de Processos, Menu Processos -&gt; Altera\u00e7\u00e3o do Processo<\/p>\n\n\n<div class=\"wp-block-image\">\n<figure class=\"aligncenter size-full\"><img loading=\"lazy\" decoding=\"async\" width=\"797\" height=\"611\" src=\"https:\/\/sites.uel.br\/eprotocolo\/wp-content\/uploads\/2022\/12\/image-10.png\" alt=\"\" class=\"wp-image-662\" srcset=\"https:\/\/sites.uel.br\/eprotocolo\/wp-content\/uploads\/2022\/12\/image-10.png 797w, https:\/\/sites.uel.br\/eprotocolo\/wp-content\/uploads\/2022\/12\/image-10-300x230.png 300w, https:\/\/sites.uel.br\/eprotocolo\/wp-content\/uploads\/2022\/12\/image-10-768x589.png 768w\" sizes=\"auto, (max-width: 797px) 100vw, 797px\" \/><\/figure>\n<\/div>\n\n\n<div style=\"height:30px\" aria-hidden=\"true\" class=\"wp-block-spacer\"><\/div>\n\n\n\n<p>13-Digitar o n\u00famero e o ano do processo f\u00edsico e apertar a tecla Enter;<br>Nos locais indicados, inserir o N\u00famero e a Data de abertura do Processo eProtocolo. Ap\u00f3s, clicar no bot\u00e3o<strong> \u201cAltera\u201d<\/strong>:<\/p>\n\n\n<div class=\"wp-block-image\">\n<figure class=\"aligncenter size-full is-resized\"><img loading=\"lazy\" decoding=\"async\" src=\"https:\/\/sites.uel.br\/eprotocolo\/wp-content\/uploads\/2022\/12\/image-11.png\" alt=\"\" class=\"wp-image-663\" width=\"788\" height=\"529\" srcset=\"https:\/\/sites.uel.br\/eprotocolo\/wp-content\/uploads\/2022\/12\/image-11.png 777w, https:\/\/sites.uel.br\/eprotocolo\/wp-content\/uploads\/2022\/12\/image-11-300x202.png 300w, https:\/\/sites.uel.br\/eprotocolo\/wp-content\/uploads\/2022\/12\/image-11-768x516.png 768w\" sizes=\"auto, (max-width: 788px) 100vw, 788px\" \/><\/figure>\n<\/div>\n\n\n<div style=\"height:30px\" aria-hidden=\"true\" class=\"wp-block-spacer\"><\/div>\n\n\n\n<p>Pronto! Est\u00e1 finalizado o procedimento de digitaliza\u00e7\u00e3o de processo f\u00edsico UEL.<\/p>\n\n\n\n<div style=\"height:0px\" aria-hidden=\"true\" class=\"wp-block-spacer\"><\/div>\n\n\n\n<p>Lembrando que o processo f\u00edsico dever\u00e1 ser encaminhado para arquivamento no SAUEL, contendo despacho<br>de arquivo com a informa\u00e7\u00e3o do n\u00famero do novo processo digital.<\/p>\n\n\n\n<div style=\"height:50px\" aria-hidden=\"true\" class=\"wp-block-spacer\"><\/div>\n\n\n\n<p class=\"has-text-align-left\">D\u00favidas: E-mail: <strong>protocolo@uel.br<\/strong><br>Fone: <strong>(43) 3371-4241 <\/strong>ou <strong>3371-4036<\/strong><br>Whatsapp: <strong>(43) 3371-4036<\/strong> <\/p>\n","protected":false},"excerpt":{"rendered":"<p>Processos do Sistema UEL para o Sistema eProtocolo 1-Digitalizar o processo f\u00edsico, incluindo a capa e contracapa, e atentando-se \u00e0s folhas com frente e verso; 2-Verificar o arquivo gerado em PDF, conferindo com o processo f\u00edsico, se todas as p\u00e1ginas foram digitalizadas; 3-Acessar o Sistema eProtocolo e iniciar a inclus\u00e3o do processo, conforme segue: 4-Esp\u00e9cie [&hellip;]<\/p>\n","protected":false},"author":7,"featured_media":0,"parent":0,"menu_order":0,"comment_status":"closed","ping_status":"closed","template":"","meta":{"_acf_changed":false,"footnotes":""},"class_list":["post-648","page","type-page","status-publish","hentry"],"acf":[],"_links":{"self":[{"href":"https:\/\/sites.uel.br\/eprotocolo\/wp-json\/wp\/v2\/pages\/648","targetHints":{"allow":["GET"]}}],"collection":[{"href":"https:\/\/sites.uel.br\/eprotocolo\/wp-json\/wp\/v2\/pages"}],"about":[{"href":"https:\/\/sites.uel.br\/eprotocolo\/wp-json\/wp\/v2\/types\/page"}],"author":[{"embeddable":true,"href":"https:\/\/sites.uel.br\/eprotocolo\/wp-json\/wp\/v2\/users\/7"}],"replies":[{"embeddable":true,"href":"https:\/\/sites.uel.br\/eprotocolo\/wp-json\/wp\/v2\/comments?post=648"}],"version-history":[{"count":7,"href":"https:\/\/sites.uel.br\/eprotocolo\/wp-json\/wp\/v2\/pages\/648\/revisions"}],"predecessor-version":[{"id":673,"href":"https:\/\/sites.uel.br\/eprotocolo\/wp-json\/wp\/v2\/pages\/648\/revisions\/673"}],"wp:attachment":[{"href":"https:\/\/sites.uel.br\/eprotocolo\/wp-json\/wp\/v2\/media?parent=648"}],"curies":[{"name":"wp","href":"https:\/\/api.w.org\/{rel}","templated":true}]}}