{"id":64,"date":"2022-06-03T11:07:43","date_gmt":"2022-06-03T14:07:43","guid":{"rendered":"https:\/\/sites.uel.br\/eprotocolo\/?page_id=64"},"modified":"2022-06-09T10:02:37","modified_gmt":"2022-06-09T13:02:37","slug":"cronograma","status":"publish","type":"page","link":"https:\/\/sites.uel.br\/eprotocolo\/cronograma\/","title":{"rendered":"Cronograma"},"content":{"rendered":"\n<hr class=\"wp-block-separator has-alpha-channel-opacity is-style-wide\"\/>\n\n\n\n<p>As unidades interessadas j\u00e1 podem utilizar o sistema, tendo em vista a publica\u00e7\u00e3o da <a href=\"http:\/\/sistemas.uel.br\/files\/atonormativo\/RESOLUCOES\/2022\/13.pdf\">Resolu\u00e7\u00e3o CA n\u00ba13\/2022<\/a> de 23\/03\/2022 (Art. 14).<\/p>\n\n\n\n<p>A obrigatoriedade se dar\u00e1 de acordo com o cronograma abaixo, quando todos os processos dever\u00e3o tramitar no formato digital.<\/p>\n\n\n\n<div style=\"height:30px\" aria-hidden=\"true\" class=\"wp-block-spacer\"><\/div>\n\n\n\n<figure class=\"wp-block-table is-style-stripes\"><table><thead><tr><th class=\"has-text-align-left\" data-align=\"left\">Etapa<\/th><th>Prazo<\/th><\/tr><\/thead><tbody><tr><td class=\"has-text-align-left\" data-align=\"left\">Novos Processos (abertura e tramita\u00e7\u00e3o)<\/td><td><strong>24\/06\/2022<\/strong><\/td><\/tr><tr><td class=\"has-text-align-left\" data-align=\"left\">Documentos avulsos (of\u00edcios, memorandos etc)<\/td><td><strong>24\/06\/2022<\/strong><\/td><\/tr><tr><td class=\"has-text-align-left\" data-align=\"left\">Migra\u00e7\u00e3o dos processos f\u00edsicos para o formato digital<\/td><td><strong>24\/08\/2022<\/strong><\/td><\/tr><\/tbody><\/table><\/figure>\n\n\n\n<div style=\"height:50px\" aria-hidden=\"true\" class=\"wp-block-spacer\"><\/div>\n","protected":false},"excerpt":{"rendered":"<p>As unidades interessadas j\u00e1 podem utilizar o sistema, tendo em vista a publica\u00e7\u00e3o da Resolu\u00e7\u00e3o CA n\u00ba13\/2022 de 23\/03\/2022 (Art. 14). A obrigatoriedade se dar\u00e1 de acordo com o cronograma abaixo, quando todos os processos dever\u00e3o tramitar no formato digital. Etapa Prazo Novos Processos (abertura e tramita\u00e7\u00e3o) 24\/06\/2022 Documentos avulsos (of\u00edcios, memorandos etc) 24\/06\/2022 Migra\u00e7\u00e3o [&hellip;]<\/p>\n","protected":false},"author":7,"featured_media":0,"parent":0,"menu_order":0,"comment_status":"closed","ping_status":"closed","template":"","meta":{"_acf_changed":false,"footnotes":""},"class_list":["post-64","page","type-page","status-publish","hentry"],"acf":[],"_links":{"self":[{"href":"https:\/\/sites.uel.br\/eprotocolo\/wp-json\/wp\/v2\/pages\/64","targetHints":{"allow":["GET"]}}],"collection":[{"href":"https:\/\/sites.uel.br\/eprotocolo\/wp-json\/wp\/v2\/pages"}],"about":[{"href":"https:\/\/sites.uel.br\/eprotocolo\/wp-json\/wp\/v2\/types\/page"}],"author":[{"embeddable":true,"href":"https:\/\/sites.uel.br\/eprotocolo\/wp-json\/wp\/v2\/users\/7"}],"replies":[{"embeddable":true,"href":"https:\/\/sites.uel.br\/eprotocolo\/wp-json\/wp\/v2\/comments?post=64"}],"version-history":[{"count":10,"href":"https:\/\/sites.uel.br\/eprotocolo\/wp-json\/wp\/v2\/pages\/64\/revisions"}],"predecessor-version":[{"id":436,"href":"https:\/\/sites.uel.br\/eprotocolo\/wp-json\/wp\/v2\/pages\/64\/revisions\/436"}],"wp:attachment":[{"href":"https:\/\/sites.uel.br\/eprotocolo\/wp-json\/wp\/v2\/media?parent=64"}],"curies":[{"name":"wp","href":"https:\/\/api.w.org\/{rel}","templated":true}]}}