{"id":329,"date":"2022-06-08T15:38:55","date_gmt":"2022-06-08T18:38:55","guid":{"rendered":"https:\/\/sites.uel.br\/eprotocolo\/?page_id=329"},"modified":"2022-06-27T17:28:37","modified_gmt":"2022-06-27T20:28:37","slug":"manual-solicitacao-servico","status":"publish","type":"page","link":"https:\/\/sites.uel.br\/eprotocolo\/manual-solicitacao-servico\/","title":{"rendered":"Manual de abertura de solicita\u00e7\u00e3o de servi\u00e7o"},"content":{"rendered":"\n<hr class=\"wp-block-separator has-alpha-channel-opacity is-style-wide\"\/>\n\n\n\n<div style=\"height:50px\" aria-hidden=\"true\" class=\"wp-block-spacer\"><\/div>\n\n\n\n<p>1- Acesse o site <a href=\"https:\/\/sistemas.uel.br\/atendimento\/private\/index\">https:\/\/sistemas.uel.br\/atendimento\/private\/index<\/a>, digite sua chapa funcional e senha do portal do servidor, clique em <strong>Entrar.<\/strong><\/p>\n\n\n\n<div style=\"height:30px\" aria-hidden=\"true\" class=\"wp-block-spacer\"><\/div>\n\n\n<div class=\"wp-block-image\">\n<figure class=\"aligncenter size-full is-resized\"><img loading=\"lazy\" decoding=\"async\" src=\"https:\/\/sites.uel.br\/eprotocolo\/wp-content\/uploads\/2022\/06\/image.png\" alt=\"\" class=\"wp-image-330\" width=\"772\" height=\"483\" srcset=\"https:\/\/sites.uel.br\/eprotocolo\/wp-content\/uploads\/2022\/06\/image.png 871w, https:\/\/sites.uel.br\/eprotocolo\/wp-content\/uploads\/2022\/06\/image-300x188.png 300w, https:\/\/sites.uel.br\/eprotocolo\/wp-content\/uploads\/2022\/06\/image-768x481.png 768w\" sizes=\"auto, (max-width: 772px) 100vw, 772px\" \/><\/figure>\n<\/div>\n\n\n<div style=\"height:50px\" aria-hidden=\"true\" class=\"wp-block-spacer\"><\/div>\n\n\n\n<p>2-Clique em <strong>Nova Solicita\u00e7\u00e3o<\/strong>, localizado no menu Solicitante no lado esquerdo da p\u00e1gina.<\/p>\n\n\n\n<div style=\"height:30px\" aria-hidden=\"true\" class=\"wp-block-spacer\"><\/div>\n\n\n<div class=\"wp-block-image\">\n<figure class=\"aligncenter size-full is-resized\"><img loading=\"lazy\" decoding=\"async\" src=\"https:\/\/sites.uel.br\/eprotocolo\/wp-content\/uploads\/2022\/06\/2-1.png\" alt=\"\" class=\"wp-image-331\" width=\"767\" height=\"236\" srcset=\"https:\/\/sites.uel.br\/eprotocolo\/wp-content\/uploads\/2022\/06\/2-1.png 827w, https:\/\/sites.uel.br\/eprotocolo\/wp-content\/uploads\/2022\/06\/2-1-300x93.png 300w, https:\/\/sites.uel.br\/eprotocolo\/wp-content\/uploads\/2022\/06\/2-1-768x237.png 768w\" sizes=\"auto, (max-width: 767px) 100vw, 767px\" \/><\/figure>\n<\/div>\n\n\n<div style=\"height:50px\" aria-hidden=\"true\" class=\"wp-block-spacer\"><\/div>\n\n\n\n<p>3-Na tela Nova Solicita\u00e7\u00e3o, no campo <strong>Informa\u00e7\u00f5es do Solicitante<\/strong>, informe os dados solicitados.<\/p>\n\n\n\n<p>O campo Centro de custo \u00e9 preenchido automaticamente em refer\u00eancia \u00e0 chapa funcional informada. Caso haja mais de 01 v\u00ednculo para a chapa funcional, selecionar o centro de custo necess\u00e1rio.<\/p>\n\n\n\n<p><strong>OBS: Campos com * s\u00e3o de preenchimento obrigat\u00f3rios.<\/strong><\/p>\n\n\n\n<div style=\"height:30px\" aria-hidden=\"true\" class=\"wp-block-spacer\"><\/div>\n\n\n<div class=\"wp-block-image\">\n<figure class=\"aligncenter size-full\"><img loading=\"lazy\" decoding=\"async\" width=\"814\" height=\"378\" src=\"https:\/\/sites.uel.br\/eprotocolo\/wp-content\/uploads\/2022\/06\/3.1.jpg\" alt=\"\" class=\"wp-image-334\" srcset=\"https:\/\/sites.uel.br\/eprotocolo\/wp-content\/uploads\/2022\/06\/3.1.jpg 814w, https:\/\/sites.uel.br\/eprotocolo\/wp-content\/uploads\/2022\/06\/3.1-300x139.jpg 300w, https:\/\/sites.uel.br\/eprotocolo\/wp-content\/uploads\/2022\/06\/3.1-768x357.jpg 768w\" sizes=\"auto, (max-width: 814px) 100vw, 814px\" \/><\/figure>\n<\/div>\n\n\n<div style=\"height:50px\" aria-hidden=\"true\" class=\"wp-block-spacer\"><\/div>\n\n\n\n<p>4-No campo <strong>Informa\u00e7\u00f5es<\/strong> <strong>do Executante <\/strong>selecionar em<strong> \u00d3rg\u00e3o executante<\/strong>,  o \u00f3rg\u00e3o:<\/p>\n\n\n\n<p> <strong>76-SAUEL &#8211; SISTEMA DE ARQUIVOS DA UNIVERSIDADE ESTADUAL DE LONDRINA<\/strong>.<\/p>\n\n\n\n<div style=\"height:30px\" aria-hidden=\"true\" class=\"wp-block-spacer\"><\/div>\n\n\n<div class=\"wp-block-image\">\n<figure class=\"aligncenter size-full\"><img loading=\"lazy\" decoding=\"async\" width=\"823\" height=\"240\" src=\"https:\/\/sites.uel.br\/eprotocolo\/wp-content\/uploads\/2022\/06\/3.2.png\" alt=\"\" class=\"wp-image-335\" srcset=\"https:\/\/sites.uel.br\/eprotocolo\/wp-content\/uploads\/2022\/06\/3.2.png 823w, https:\/\/sites.uel.br\/eprotocolo\/wp-content\/uploads\/2022\/06\/3.2-300x87.png 300w, https:\/\/sites.uel.br\/eprotocolo\/wp-content\/uploads\/2022\/06\/3.2-768x224.png 768w\" sizes=\"auto, (max-width: 823px) 100vw, 823px\" \/><\/figure>\n<\/div>\n\n\n<div style=\"height:50px\" aria-hidden=\"true\" class=\"wp-block-spacer\"><\/div>\n\n\n\n<p>5- No campo Informa\u00e7\u00f5es do Servi\u00e7o, selecionar o centro de custo 300 conforme tela abaixo:<\/p>\n\n\n\n<div style=\"height:30px\" aria-hidden=\"true\" class=\"wp-block-spacer\"><\/div>\n\n\n<div class=\"wp-block-image\">\n<figure class=\"aligncenter size-full\"><img loading=\"lazy\" decoding=\"async\" width=\"811\" height=\"592\" src=\"https:\/\/sites.uel.br\/eprotocolo\/wp-content\/uploads\/2022\/06\/4-1.png\" alt=\"\" class=\"wp-image-401\" srcset=\"https:\/\/sites.uel.br\/eprotocolo\/wp-content\/uploads\/2022\/06\/4-1.png 811w, https:\/\/sites.uel.br\/eprotocolo\/wp-content\/uploads\/2022\/06\/4-1-300x219.png 300w, https:\/\/sites.uel.br\/eprotocolo\/wp-content\/uploads\/2022\/06\/4-1-768x561.png 768w\" sizes=\"auto, (max-width: 811px) 100vw, 811px\" \/><\/figure>\n<\/div>\n\n\n<div style=\"height:50px\" aria-hidden=\"true\" class=\"wp-block-spacer\"><\/div>\n\n\n\n<p>6- No campo<strong> Tipo de servi\u00e7o<\/strong> selecionar o servi\u00e7o que est\u00e1 solicitando (Neste exemplo, 1017 &#8211; Cancelar Processo) e informe os dados solicitados no campo <strong>Descri\u00e7\u00e3o.<\/strong><\/p>\n\n\n\n<div style=\"height:30px\" aria-hidden=\"true\" class=\"wp-block-spacer\"><\/div>\n\n\n<div class=\"wp-block-image\">\n<figure class=\"aligncenter size-full\"><img loading=\"lazy\" decoding=\"async\" width=\"811\" height=\"592\" src=\"https:\/\/sites.uel.br\/eprotocolo\/wp-content\/uploads\/2022\/06\/4-2.png\" alt=\"\" class=\"wp-image-402\" srcset=\"https:\/\/sites.uel.br\/eprotocolo\/wp-content\/uploads\/2022\/06\/4-2.png 811w, https:\/\/sites.uel.br\/eprotocolo\/wp-content\/uploads\/2022\/06\/4-2-300x219.png 300w, https:\/\/sites.uel.br\/eprotocolo\/wp-content\/uploads\/2022\/06\/4-2-768x561.png 768w\" sizes=\"auto, (max-width: 811px) 100vw, 811px\" \/><\/figure>\n<\/div>\n\n\n<div style=\"height:50px\" aria-hidden=\"true\" class=\"wp-block-spacer\"><\/div>\n\n\n\n<p>7-Ap\u00f3s preencher os dados da solicita\u00e7\u00e3o de servi\u00e7o, clicar em <strong>Salvar solicita\u00e7\u00e3o.<\/strong><\/p>\n\n\n\n<div style=\"height:30px\" aria-hidden=\"true\" class=\"wp-block-spacer\"><\/div>\n\n\n<div class=\"wp-block-image\">\n<figure class=\"aligncenter size-full\"><img loading=\"lazy\" decoding=\"async\" width=\"825\" height=\"139\" src=\"https:\/\/sites.uel.br\/eprotocolo\/wp-content\/uploads\/2022\/06\/5-1.png\" alt=\"\" class=\"wp-image-403\" srcset=\"https:\/\/sites.uel.br\/eprotocolo\/wp-content\/uploads\/2022\/06\/5-1.png 825w, https:\/\/sites.uel.br\/eprotocolo\/wp-content\/uploads\/2022\/06\/5-1-300x51.png 300w, https:\/\/sites.uel.br\/eprotocolo\/wp-content\/uploads\/2022\/06\/5-1-768x129.png 768w\" sizes=\"auto, (max-width: 825px) 100vw, 825px\" \/><\/figure>\n<\/div>\n\n\n<div style=\"height:50px\" aria-hidden=\"true\" class=\"wp-block-spacer\"><\/div>\n\n\n\n<p>8-Aguarde a tela  informando que a solicita\u00e7\u00e3o foi registrada e clique em Fechar.<\/p>\n\n\n\n<div style=\"height:30px\" aria-hidden=\"true\" class=\"wp-block-spacer\"><\/div>\n\n\n<div class=\"wp-block-image\">\n<figure class=\"aligncenter size-full\"><img loading=\"lazy\" decoding=\"async\" width=\"377\" height=\"157\" src=\"https:\/\/sites.uel.br\/eprotocolo\/wp-content\/uploads\/2022\/06\/6-4.png\" alt=\"\" class=\"wp-image-406\" srcset=\"https:\/\/sites.uel.br\/eprotocolo\/wp-content\/uploads\/2022\/06\/6-4.png 377w, https:\/\/sites.uel.br\/eprotocolo\/wp-content\/uploads\/2022\/06\/6-4-300x125.png 300w\" sizes=\"auto, (max-width: 377px) 100vw, 377px\" \/><\/figure>\n<\/div>\n\n\n<div style=\"height:50px\" aria-hidden=\"true\" class=\"wp-block-spacer\"><\/div>\n\n\n\n<p><strong>9-Caso haja a necessidade de anexar arquivos na solicita\u00e7\u00e3o de servi\u00e7o, clicar em Anexos na tela que abrir\u00e1.<\/strong><\/p>\n\n\n\n<div style=\"height:30px\" aria-hidden=\"true\" class=\"wp-block-spacer\"><\/div>\n\n\n<div class=\"wp-block-image\">\n<figure class=\"aligncenter size-full\"><img loading=\"lazy\" decoding=\"async\" width=\"816\" height=\"441\" src=\"https:\/\/sites.uel.br\/eprotocolo\/wp-content\/uploads\/2022\/06\/7.1.jpg\" alt=\"\" class=\"wp-image-410\" srcset=\"https:\/\/sites.uel.br\/eprotocolo\/wp-content\/uploads\/2022\/06\/7.1.jpg 816w, https:\/\/sites.uel.br\/eprotocolo\/wp-content\/uploads\/2022\/06\/7.1-300x162.jpg 300w, https:\/\/sites.uel.br\/eprotocolo\/wp-content\/uploads\/2022\/06\/7.1-768x415.jpg 768w\" sizes=\"auto, (max-width: 816px) 100vw, 816px\" \/><\/figure>\n<\/div>\n\n\n<div style=\"height:50px\" aria-hidden=\"true\" class=\"wp-block-spacer\"><\/div>\n\n\n\n<p>10- Clique em <strong>Incluir<\/strong>.<\/p>\n\n\n\n<div style=\"height:30px\" aria-hidden=\"true\" class=\"wp-block-spacer\"><\/div>\n\n\n<div class=\"wp-block-image\">\n<figure class=\"aligncenter size-full\"><img loading=\"lazy\" decoding=\"async\" width=\"806\" height=\"315\" src=\"https:\/\/sites.uel.br\/eprotocolo\/wp-content\/uploads\/2022\/06\/8-1.png\" alt=\"\" class=\"wp-image-411\" srcset=\"https:\/\/sites.uel.br\/eprotocolo\/wp-content\/uploads\/2022\/06\/8-1.png 806w, https:\/\/sites.uel.br\/eprotocolo\/wp-content\/uploads\/2022\/06\/8-1-300x117.png 300w, https:\/\/sites.uel.br\/eprotocolo\/wp-content\/uploads\/2022\/06\/8-1-768x300.png 768w\" sizes=\"auto, (max-width: 806px) 100vw, 806px\" \/><\/figure>\n<\/div>\n\n\n<div style=\"height:50px\" aria-hidden=\"true\" class=\"wp-block-spacer\"><\/div>\n\n\n\n<p>11-Digite um nome para o documento e clique em <strong>+ Selecionar Arquivo<\/strong>. <\/p>\n\n\n\n<div style=\"height:30px\" aria-hidden=\"true\" class=\"wp-block-spacer\"><\/div>\n\n\n<div class=\"wp-block-image\">\n<figure class=\"aligncenter size-full\"><img loading=\"lazy\" decoding=\"async\" width=\"444\" height=\"228\" src=\"https:\/\/sites.uel.br\/eprotocolo\/wp-content\/uploads\/2022\/06\/9-1.png\" alt=\"\" class=\"wp-image-412\" srcset=\"https:\/\/sites.uel.br\/eprotocolo\/wp-content\/uploads\/2022\/06\/9-1.png 444w, https:\/\/sites.uel.br\/eprotocolo\/wp-content\/uploads\/2022\/06\/9-1-300x154.png 300w\" sizes=\"auto, (max-width: 444px) 100vw, 444px\" \/><\/figure>\n<\/div>\n\n\n<div style=\"height:50px\" aria-hidden=\"true\" class=\"wp-block-spacer\"><\/div>\n\n\n\n<p>12-Selecione o arquivo e clique em <strong>Abrir.<\/strong><\/p>\n\n\n\n<div style=\"height:30px\" aria-hidden=\"true\" class=\"wp-block-spacer\"><\/div>\n\n\n<div class=\"wp-block-image\">\n<figure class=\"aligncenter size-large is-resized\"><img loading=\"lazy\" decoding=\"async\" src=\"https:\/\/sites.uel.br\/eprotocolo\/wp-content\/uploads\/2022\/06\/10-1024x94.png\" alt=\"\" class=\"wp-image-413\" width=\"829\" height=\"76\" srcset=\"https:\/\/sites.uel.br\/eprotocolo\/wp-content\/uploads\/2022\/06\/10-1024x94.png 1024w, https:\/\/sites.uel.br\/eprotocolo\/wp-content\/uploads\/2022\/06\/10-300x27.png 300w, https:\/\/sites.uel.br\/eprotocolo\/wp-content\/uploads\/2022\/06\/10-768x70.png 768w, https:\/\/sites.uel.br\/eprotocolo\/wp-content\/uploads\/2022\/06\/10.png 1059w\" sizes=\"auto, (max-width: 829px) 100vw, 829px\" \/><\/figure>\n<\/div>\n\n\n<div style=\"height:50px\" aria-hidden=\"true\" class=\"wp-block-spacer\"><\/div>\n\n\n\n<p>13-Clique em <strong>Anexar.<\/strong><\/p>\n\n\n\n<div style=\"height:30px\" aria-hidden=\"true\" class=\"wp-block-spacer\"><\/div>\n\n\n<div class=\"wp-block-image\">\n<figure class=\"aligncenter size-full is-resized\"><img loading=\"lazy\" decoding=\"async\" src=\"https:\/\/sites.uel.br\/eprotocolo\/wp-content\/uploads\/2022\/06\/11.png\" alt=\"\" class=\"wp-image-414\" width=\"409\" height=\"213\" srcset=\"https:\/\/sites.uel.br\/eprotocolo\/wp-content\/uploads\/2022\/06\/11.png 438w, https:\/\/sites.uel.br\/eprotocolo\/wp-content\/uploads\/2022\/06\/11-300x156.png 300w\" sizes=\"auto, (max-width: 409px) 100vw, 409px\" \/><\/figure>\n<\/div>\n\n\n<div style=\"height:50px\" aria-hidden=\"true\" class=\"wp-block-spacer\"><\/div>\n\n\n\n<p>14-Clique em <strong>Salvar Solicita\u00e7\u00e3o.<\/strong><\/p>\n\n\n\n<div style=\"height:30px\" aria-hidden=\"true\" class=\"wp-block-spacer\"><\/div>\n\n\n<div class=\"wp-block-image\">\n<figure class=\"aligncenter size-full\"><img loading=\"lazy\" decoding=\"async\" width=\"819\" height=\"402\" src=\"https:\/\/sites.uel.br\/eprotocolo\/wp-content\/uploads\/2022\/06\/12-1.png\" alt=\"\" class=\"wp-image-418\" srcset=\"https:\/\/sites.uel.br\/eprotocolo\/wp-content\/uploads\/2022\/06\/12-1.png 819w, https:\/\/sites.uel.br\/eprotocolo\/wp-content\/uploads\/2022\/06\/12-1-300x147.png 300w, https:\/\/sites.uel.br\/eprotocolo\/wp-content\/uploads\/2022\/06\/12-1-768x377.png 768w\" sizes=\"auto, (max-width: 819px) 100vw, 819px\" \/><\/figure>\n<\/div>\n\n\n<div style=\"height:50px\" aria-hidden=\"true\" class=\"wp-block-spacer\"><\/div>\n\n\n\n<p>15-Ser\u00e1 demonstrado no Hist\u00f3rico, a inclus\u00e3o do anexo na solicita\u00e7\u00e3o de servi\u00e7o.<\/p>\n\n\n\n<div style=\"height:30px\" aria-hidden=\"true\" class=\"wp-block-spacer\"><\/div>\n\n\n<div class=\"wp-block-image\">\n<figure class=\"aligncenter size-full\"><img loading=\"lazy\" decoding=\"async\" width=\"392\" height=\"312\" src=\"https:\/\/sites.uel.br\/eprotocolo\/wp-content\/uploads\/2022\/06\/13.png\" alt=\"\" class=\"wp-image-416\" srcset=\"https:\/\/sites.uel.br\/eprotocolo\/wp-content\/uploads\/2022\/06\/13.png 392w, https:\/\/sites.uel.br\/eprotocolo\/wp-content\/uploads\/2022\/06\/13-300x239.png 300w\" sizes=\"auto, (max-width: 392px) 100vw, 392px\" \/><\/figure>\n<\/div>\n\n\n<div style=\"height:30px\" aria-hidden=\"true\" class=\"wp-block-spacer\"><\/div>\n\n\n\n<figure class=\"wp-block-table has-medium-font-size\"><table class=\"has-cinza-claro-background-color has-background\"><tbody><tr><td><img decoding=\"async\" src=\"https:\/\/lh3.googleusercontent.com\/YnFj-FGU3if_JESdMPEjyLwZoOsrF6noRlQ0i9mY6kaI0xgMvluTtQ6spOChdppUAqR32uoF0zAHP870WoZn8pZi5FP1A1JUmNUEdbaF5g4Udz3K6_J7T6qwksc6PfQaN8hOQcAMfJNHsiM1jg\" style=\"width: 60px\"><\/td><td><strong>OBS: Toda solicita\u00e7\u00e3o de servi\u00e7o requer autoriza\u00e7\u00e3o do gestor da Unidade.<\/strong><\/td><\/tr><\/tbody><\/table><\/figure>\n\n\n\n<div style=\"height:100px\" aria-hidden=\"true\" class=\"wp-block-spacer\"><\/div>\n","protected":false},"excerpt":{"rendered":"<p>1- Acesse o site https:\/\/sistemas.uel.br\/atendimento\/private\/index, digite sua chapa funcional e senha do portal do servidor, clique em Entrar. 2-Clique em Nova Solicita\u00e7\u00e3o, localizado no menu Solicitante no lado esquerdo da p\u00e1gina. 3-Na tela Nova Solicita\u00e7\u00e3o, no campo Informa\u00e7\u00f5es do Solicitante, informe os dados solicitados. O campo Centro de custo \u00e9 preenchido automaticamente em refer\u00eancia \u00e0 [&hellip;]<\/p>\n","protected":false},"author":7,"featured_media":0,"parent":0,"menu_order":0,"comment_status":"closed","ping_status":"closed","template":"","meta":{"_acf_changed":false,"footnotes":""},"class_list":["post-329","page","type-page","status-publish","hentry"],"acf":[],"_links":{"self":[{"href":"https:\/\/sites.uel.br\/eprotocolo\/wp-json\/wp\/v2\/pages\/329","targetHints":{"allow":["GET"]}}],"collection":[{"href":"https:\/\/sites.uel.br\/eprotocolo\/wp-json\/wp\/v2\/pages"}],"about":[{"href":"https:\/\/sites.uel.br\/eprotocolo\/wp-json\/wp\/v2\/types\/page"}],"author":[{"embeddable":true,"href":"https:\/\/sites.uel.br\/eprotocolo\/wp-json\/wp\/v2\/users\/7"}],"replies":[{"embeddable":true,"href":"https:\/\/sites.uel.br\/eprotocolo\/wp-json\/wp\/v2\/comments?post=329"}],"version-history":[{"count":19,"href":"https:\/\/sites.uel.br\/eprotocolo\/wp-json\/wp\/v2\/pages\/329\/revisions"}],"predecessor-version":[{"id":585,"href":"https:\/\/sites.uel.br\/eprotocolo\/wp-json\/wp\/v2\/pages\/329\/revisions\/585"}],"wp:attachment":[{"href":"https:\/\/sites.uel.br\/eprotocolo\/wp-json\/wp\/v2\/media?parent=329"}],"curies":[{"name":"wp","href":"https:\/\/api.w.org\/{rel}","templated":true}]}}