{"id":257,"date":"2022-06-07T14:26:27","date_gmt":"2022-06-07T17:26:27","guid":{"rendered":"https:\/\/sites.uel.br\/eprotocolo\/?page_id=257"},"modified":"2022-06-27T17:43:23","modified_gmt":"2022-06-27T20:43:23","slug":"eprotocolo","status":"publish","type":"page","link":"https:\/\/sites.uel.br\/eprotocolo\/","title":{"rendered":""},"content":{"rendered":"\n<figure class=\"wp-block-image size-large\"><img loading=\"lazy\" decoding=\"async\" width=\"1024\" height=\"223\" src=\"https:\/\/sites.uel.br\/eprotocolo\/wp-content\/uploads\/2022\/06\/e-protocolo-1024x223.jpg\" alt=\"\" class=\"wp-image-27\" srcset=\"https:\/\/sites.uel.br\/eprotocolo\/wp-content\/uploads\/2022\/06\/e-protocolo-1024x223.jpg 1024w, https:\/\/sites.uel.br\/eprotocolo\/wp-content\/uploads\/2022\/06\/e-protocolo-300x65.jpg 300w, https:\/\/sites.uel.br\/eprotocolo\/wp-content\/uploads\/2022\/06\/e-protocolo-768x167.jpg 768w, https:\/\/sites.uel.br\/eprotocolo\/wp-content\/uploads\/2022\/06\/e-protocolo-1536x335.jpg 1536w, https:\/\/sites.uel.br\/eprotocolo\/wp-content\/uploads\/2022\/06\/e-protocolo.jpg 1800w\" sizes=\"auto, (max-width: 1024px) 100vw, 1024px\" \/><\/figure>\n\n\n\n<div style=\"height:30px\" aria-hidden=\"true\" class=\"wp-block-spacer\"><\/div>\n\n\n\n<p class=\"has-text-align-center\" style=\"font-size:29px\"><strong>Protocolo Digital<\/strong> <strong>UEL<\/strong><\/p>\n\n\n\n<p><strong>Apresenta\u00e7\u00e3o<\/strong><\/p>\n\n\n\n<p>O Sistema de Protocolo Integrado \u2013 eProtocolo foi desenvolvido para atender as necessidades do Estado do Paran\u00e1 no controle informatizado de documentos emitidos e recebidos nos \u00f3rg\u00e3os da Administra\u00e7\u00e3o P\u00fablica Estadual, controlando desde o cadastramento at\u00e9 a elimina\u00e7\u00e3o dos documentos.<\/p>\n\n\n\n<p>O objetivo \u00e9 a atualiza\u00e7\u00e3o da metodologia dos tr\u00e2mites administrativos proporcionando mais agilidade, efici\u00eancia e seguran\u00e7a. Neste sistema todos os documentos avulsos e processos tramitam de forma digital, dispensando o uso de papel.<\/p>\n\n\n\n<p>O eProtocolo \u00e9 um sistema de gest\u00e3o de processos e documentos por meio de ferramentas digitais regulamentado pelo decreto estadual <a href=\"https:\/\/www.legislacao.pr.gov.br\/legislacao\/pesquisarAto.do?action=exibir&amp;codAto=246627\">7304\/2021<\/a> e na  Universidade Estadual de Londrina pela Resolu\u00e7\u00e3o CA n\u00ba <a href=\"https:\/\/sistemas.uel.br\/files\/atonormativo\/RESOLUCOES\/2022\/13.pdf\">013\/2022<\/a>.<\/p>\n\n\n\n<div style=\"height:30px\" aria-hidden=\"true\" class=\"wp-block-spacer\"><\/div>\n\n\n\n<hr class=\"wp-block-separator has-alpha-channel-opacity is-style-dots\"\/>\n\n\n\n<div class=\"wp-block-columns are-vertically-aligned-center is-layout-flex wp-container-core-columns-is-layout-9d6595d7 wp-block-columns-is-layout-flex\">\n<div class=\"wp-block-column is-vertically-aligned-center is-layout-flow wp-block-column-is-layout-flow\" style=\"flex-basis:66.66%\">\n<div style=\"height:30px\" aria-hidden=\"true\" class=\"wp-block-spacer\"><\/div>\n\n\n\n<h4 class=\"wp-block-heading\"><strong>Como acessar o sistema<\/strong><\/h4>\n\n\n\n<div style=\"height:30px\" aria-hidden=\"true\" class=\"wp-block-spacer\"><\/div>\n\n\n\n<p>O acesso ao sistema eProtocolo se dar\u00e1 em 3 etapas:<\/p>\n\n\n\n<p><strong>1 &#8211; Cadastro<\/strong><\/p>\n\n\n\n<ul class=\"wp-block-list\"><li>Siga o manual de cadastro de novos usu\u00e1rio, clicando neste <a href=\"https:\/\/sites.uel.br\/eprotocolo\/cadastro-de-novos-usuarios\/\"><strong><em>link<\/em><\/strong><\/a>.<\/li><\/ul>\n\n\n\n<figure class=\"wp-block-table\"><table class=\"has-cinza-claro-background-color has-background\"><tbody><tr><td><img decoding=\"async\" src=\"https:\/\/lh3.googleusercontent.com\/YnFj-FGU3if_JESdMPEjyLwZoOsrF6noRlQ0i9mY6kaI0xgMvluTtQ6spOChdppUAqR32uoF0zAHP870WoZn8pZi5FP1A1JUmNUEdbaF5g4Udz3K6_J7T6qwksc6PfQaN8hOQcAMfJNHsiM1jg\" style=\"width: 60px\"><\/td><td>Ap\u00f3s a conclus\u00e3o do cadastro, voc\u00ea estar\u00e1 apto a acessar o sistema podendo fazer solicita\u00e7\u00f5es apenas como cidad\u00e3o. <br><br><strong>Caso seja servidor da UEL, solicite atualiza\u00e7\u00e3o de cadastro como servidor seguindo o pr\u00f3ximo passo.<\/strong><\/td><\/tr><\/tbody><\/table><\/figure>\n\n\n\n<div style=\"height:30px\" aria-hidden=\"true\" class=\"wp-block-spacer\"><\/div>\n\n\n\n<p><strong>2 &#8211; Solicite permiss\u00e3o de acesso<\/strong><\/p>\n\n\n\n<ul class=\"wp-block-list\"><li>Solicite v\u00ednculo como servidor atrav\u00e9s do Sistema de Atendimento, clicando <strong><a href=\"https:\/\/sites.uel.br\/eprotocolo\/solicitacao\/\">aqui<\/a><\/strong>.<\/li><li>Em caso de d\u00favidas, entre em contato com o Gestor Local do eProtocolo em sua unidade de lota\u00e7\u00e3o, clicando <a href=\"https:\/\/sites.uel.br\/eprotocolo\/contatos\/\"><strong>aqui<\/strong><\/a>.<\/li><\/ul>\n\n\n\n<figure class=\"wp-block-table\"><table class=\"has-cinza-claro-background-color has-background\"><tbody><tr><td><img decoding=\"async\" src=\"https:\/\/lh3.googleusercontent.com\/YnFj-FGU3if_JESdMPEjyLwZoOsrF6noRlQ0i9mY6kaI0xgMvluTtQ6spOChdppUAqR32uoF0zAHP870WoZn8pZi5FP1A1JUmNUEdbaF5g4Udz3K6_J7T6qwksc6PfQaN8hOQcAMfJNHsiM1jg\" style=\"width: 60px\"><\/td><td>Cabe \u00e0s unidades manter atualizado o acesso e revoga\u00e7\u00e3o das permiss\u00f5es de seus servidores no eProtocolo.<\/td><\/tr><\/tbody><\/table><\/figure>\n\n\n\n<div style=\"height:30px\" aria-hidden=\"true\" class=\"wp-block-spacer\"><\/div>\n\n\n\n<p><strong>3 &#8211; Acesse o sistema<\/strong><\/p>\n\n\n\n<ul class=\"wp-block-list\"><li>Acesse <a href=\"http:\/\/www.eprotocolo.pr.gov.br\">www.eprotocolo.pr.gov.br<\/a>;<\/li><li>Selecione \u201cCentral de Seguran\u00e7a\u201d;<\/li><li>Informe as credenciais de acesso;<\/li><li>Clique em \u201cEntrar\u201d.<\/li><\/ul>\n\n\n\n<div style=\"height:50px\" aria-hidden=\"true\" class=\"wp-block-spacer\"><\/div>\n<\/div>\n\n\n\n<div class=\"wp-block-column has-background is-layout-flow wp-block-column-is-layout-flow\" style=\"background-color:#2892cf;flex-basis:2px\">\n<div style=\"height:50px\" aria-hidden=\"true\" class=\"wp-block-spacer\"><\/div>\n<\/div>\n\n\n\n<div class=\"wp-block-column is-vertically-aligned-center is-layout-flow wp-block-column-is-layout-flow\" style=\"flex-basis:20%\">\n<figure class=\"wp-block-image size-large\"><a href=\"https:\/\/eprotocolo.pr.gov.br\/\"><img loading=\"lazy\" decoding=\"async\" width=\"1024\" height=\"360\" src=\"https:\/\/sites.uel.br\/eprotocolo\/wp-content\/uploads\/2022\/06\/acesso-ao-sistema-1-1-1024x360.jpg\" alt=\"\" class=\"wp-image-383\" srcset=\"https:\/\/sites.uel.br\/eprotocolo\/wp-content\/uploads\/2022\/06\/acesso-ao-sistema-1-1-1024x360.jpg 1024w, https:\/\/sites.uel.br\/eprotocolo\/wp-content\/uploads\/2022\/06\/acesso-ao-sistema-1-1-300x106.jpg 300w, https:\/\/sites.uel.br\/eprotocolo\/wp-content\/uploads\/2022\/06\/acesso-ao-sistema-1-1-768x270.jpg 768w, https:\/\/sites.uel.br\/eprotocolo\/wp-content\/uploads\/2022\/06\/acesso-ao-sistema-1-1.jpg 1100w\" sizes=\"auto, (max-width: 1024px) 100vw, 1024px\" \/><\/a><\/figure>\n\n\n\n<div style=\"height:30px\" aria-hidden=\"true\" class=\"wp-block-spacer\"><\/div>\n\n\n\n<figure class=\"wp-block-image size-full\"><a href=\"https:\/\/www.eprotocolo.pr.gov.br\/spiweb\/consultarProtocoloDigital.do?action=iniciarProcesso\"><img loading=\"lazy\" decoding=\"async\" width=\"944\" height=\"333\" src=\"https:\/\/sites.uel.br\/eprotocolo\/wp-content\/uploads\/2022\/06\/consultar-protocolo-1.jpg\" alt=\"\" class=\"wp-image-276\" srcset=\"https:\/\/sites.uel.br\/eprotocolo\/wp-content\/uploads\/2022\/06\/consultar-protocolo-1.jpg 944w, https:\/\/sites.uel.br\/eprotocolo\/wp-content\/uploads\/2022\/06\/consultar-protocolo-1-300x106.jpg 300w, https:\/\/sites.uel.br\/eprotocolo\/wp-content\/uploads\/2022\/06\/consultar-protocolo-1-768x271.jpg 768w\" sizes=\"auto, (max-width: 944px) 100vw, 944px\" \/><\/a><\/figure>\n\n\n\n<div style=\"height:30px\" aria-hidden=\"true\" class=\"wp-block-spacer\"><\/div>\n\n\n\n<figure class=\"wp-block-image size-full\"><a href=\"https:\/\/sites.uel.br\/eprotocolo\/solicitacao\/\"><img loading=\"lazy\" decoding=\"async\" width=\"814\" height=\"316\" src=\"https:\/\/sites.uel.br\/eprotocolo\/wp-content\/uploads\/2022\/06\/solicitar-vinculo.jpg\" alt=\"\" class=\"wp-image-273\" srcset=\"https:\/\/sites.uel.br\/eprotocolo\/wp-content\/uploads\/2022\/06\/solicitar-vinculo.jpg 814w, https:\/\/sites.uel.br\/eprotocolo\/wp-content\/uploads\/2022\/06\/solicitar-vinculo-300x116.jpg 300w, https:\/\/sites.uel.br\/eprotocolo\/wp-content\/uploads\/2022\/06\/solicitar-vinculo-768x298.jpg 768w\" sizes=\"auto, (max-width: 814px) 100vw, 814px\" \/><\/a><\/figure>\n\n\n\n<div style=\"height:30px\" aria-hidden=\"true\" class=\"wp-block-spacer\"><\/div>\n\n\n\n<figure class=\"wp-block-image size-full\"><a href=\"https:\/\/sites.uel.br\/eprotocolo\/solicitacao\/\"><img loading=\"lazy\" decoding=\"async\" width=\"755\" height=\"274\" src=\"https:\/\/sites.uel.br\/eprotocolo\/wp-content\/uploads\/2022\/06\/cancelar-processo-4.jpg\" alt=\"\" class=\"wp-image-472\" srcset=\"https:\/\/sites.uel.br\/eprotocolo\/wp-content\/uploads\/2022\/06\/cancelar-processo-4.jpg 755w, https:\/\/sites.uel.br\/eprotocolo\/wp-content\/uploads\/2022\/06\/cancelar-processo-4-300x109.jpg 300w\" sizes=\"auto, (max-width: 755px) 100vw, 755px\" \/><\/a><\/figure>\n\n\n\n<div style=\"height:30px\" aria-hidden=\"true\" class=\"wp-block-spacer\"><\/div>\n\n\n\n<figure class=\"wp-block-image size-full\"><a href=\"https:\/\/sites.uel.br\/eprotocolo\/solicitacao\/\"><img loading=\"lazy\" decoding=\"async\" width=\"886\" height=\"351\" src=\"https:\/\/sites.uel.br\/eprotocolo\/wp-content\/uploads\/2022\/06\/novo-orgao1.jpg\" alt=\"\" class=\"wp-image-467\" srcset=\"https:\/\/sites.uel.br\/eprotocolo\/wp-content\/uploads\/2022\/06\/novo-orgao1.jpg 886w, https:\/\/sites.uel.br\/eprotocolo\/wp-content\/uploads\/2022\/06\/novo-orgao1-300x119.jpg 300w, https:\/\/sites.uel.br\/eprotocolo\/wp-content\/uploads\/2022\/06\/novo-orgao1-768x304.jpg 768w\" sizes=\"auto, (max-width: 886px) 100vw, 886px\" \/><\/a><\/figure>\n\n\n\n<div style=\"height:30px\" aria-hidden=\"true\" class=\"wp-block-spacer\"><\/div>\n\n\n\n<figure class=\"wp-block-image size-full\"><a href=\"https:\/\/sites.uel.br\/eprotocolo\/tutoriais\/\"><img loading=\"lazy\" decoding=\"async\" width=\"894\" height=\"359\" src=\"https:\/\/sites.uel.br\/eprotocolo\/wp-content\/uploads\/2022\/06\/material-de-apoio-ao-aprendizado.jpg\" alt=\"\" class=\"wp-image-275\" srcset=\"https:\/\/sites.uel.br\/eprotocolo\/wp-content\/uploads\/2022\/06\/material-de-apoio-ao-aprendizado.jpg 894w, https:\/\/sites.uel.br\/eprotocolo\/wp-content\/uploads\/2022\/06\/material-de-apoio-ao-aprendizado-300x120.jpg 300w, https:\/\/sites.uel.br\/eprotocolo\/wp-content\/uploads\/2022\/06\/material-de-apoio-ao-aprendizado-768x308.jpg 768w\" sizes=\"auto, (max-width: 894px) 100vw, 894px\" \/><\/a><\/figure>\n\n\n\n<div style=\"height:20px\" aria-hidden=\"true\" class=\"wp-block-spacer\"><\/div>\n\n\n\n<figure class=\"wp-block-image size-full\"><a href=\"https:\/\/sites.uel.br\/eprotocolo\/cronograma\/\"><img loading=\"lazy\" decoding=\"async\" width=\"725\" height=\"261\" src=\"https:\/\/sites.uel.br\/eprotocolo\/wp-content\/uploads\/2022\/06\/cronograma-2.jpg\" alt=\"\" class=\"wp-image-562\" srcset=\"https:\/\/sites.uel.br\/eprotocolo\/wp-content\/uploads\/2022\/06\/cronograma-2.jpg 725w, https:\/\/sites.uel.br\/eprotocolo\/wp-content\/uploads\/2022\/06\/cronograma-2-300x108.jpg 300w\" sizes=\"auto, (max-width: 725px) 100vw, 725px\" \/><\/a><\/figure>\n\n\n\n<div style=\"height:30px\" aria-hidden=\"true\" class=\"wp-block-spacer\"><\/div>\n\n\n\n<figure class=\"wp-block-image size-full\"><a href=\"https:\/\/sites.uel.br\/eprotocolo\/contatos\/\"><img loading=\"lazy\" decoding=\"async\" width=\"819\" height=\"261\" src=\"https:\/\/sites.uel.br\/eprotocolo\/wp-content\/uploads\/2022\/06\/gestores-locais-2.jpg\" alt=\"\" class=\"wp-image-557\" srcset=\"https:\/\/sites.uel.br\/eprotocolo\/wp-content\/uploads\/2022\/06\/gestores-locais-2.jpg 819w, https:\/\/sites.uel.br\/eprotocolo\/wp-content\/uploads\/2022\/06\/gestores-locais-2-300x96.jpg 300w, https:\/\/sites.uel.br\/eprotocolo\/wp-content\/uploads\/2022\/06\/gestores-locais-2-768x245.jpg 768w\" sizes=\"auto, (max-width: 819px) 100vw, 819px\" \/><\/a><\/figure>\n\n\n\n<div style=\"height:30px\" aria-hidden=\"true\" class=\"wp-block-spacer\"><\/div>\n\n\n\n<div style=\"height:30px\" aria-hidden=\"true\" class=\"wp-block-spacer\"><\/div>\n<\/div>\n<\/div>\n","protected":false},"excerpt":{"rendered":"<p>Protocolo Digital UEL Apresenta\u00e7\u00e3o O Sistema de Protocolo Integrado \u2013 eProtocolo foi desenvolvido para atender as necessidades do Estado do Paran\u00e1 no controle informatizado de documentos emitidos e recebidos nos \u00f3rg\u00e3os da Administra\u00e7\u00e3o P\u00fablica Estadual, controlando desde o cadastramento at\u00e9 a elimina\u00e7\u00e3o dos documentos. O objetivo \u00e9 a atualiza\u00e7\u00e3o da metodologia dos tr\u00e2mites administrativos proporcionando [&hellip;]<\/p>\n","protected":false},"author":7,"featured_media":0,"parent":0,"menu_order":0,"comment_status":"closed","ping_status":"closed","template":"","meta":{"_acf_changed":false,"footnotes":""},"class_list":["post-257","page","type-page","status-publish","hentry"],"acf":[],"_links":{"self":[{"href":"https:\/\/sites.uel.br\/eprotocolo\/wp-json\/wp\/v2\/pages\/257","targetHints":{"allow":["GET"]}}],"collection":[{"href":"https:\/\/sites.uel.br\/eprotocolo\/wp-json\/wp\/v2\/pages"}],"about":[{"href":"https:\/\/sites.uel.br\/eprotocolo\/wp-json\/wp\/v2\/types\/page"}],"author":[{"embeddable":true,"href":"https:\/\/sites.uel.br\/eprotocolo\/wp-json\/wp\/v2\/users\/7"}],"replies":[{"embeddable":true,"href":"https:\/\/sites.uel.br\/eprotocolo\/wp-json\/wp\/v2\/comments?post=257"}],"version-history":[{"count":75,"href":"https:\/\/sites.uel.br\/eprotocolo\/wp-json\/wp\/v2\/pages\/257\/revisions"}],"predecessor-version":[{"id":593,"href":"https:\/\/sites.uel.br\/eprotocolo\/wp-json\/wp\/v2\/pages\/257\/revisions\/593"}],"wp:attachment":[{"href":"https:\/\/sites.uel.br\/eprotocolo\/wp-json\/wp\/v2\/media?parent=257"}],"curies":[{"name":"wp","href":"https:\/\/api.w.org\/{rel}","templated":true}]}}