{"id":215,"date":"2022-06-06T16:42:30","date_gmt":"2022-06-06T19:42:30","guid":{"rendered":"https:\/\/sites.uel.br\/eprotocolo\/?page_id=215"},"modified":"2026-03-24T10:52:56","modified_gmt":"2026-03-24T13:52:56","slug":"novo-processo-alunos-externo","status":"publish","type":"page","link":"https:\/\/sites.uel.br\/eprotocolo\/novo-processo-alunos-externo\/","title":{"rendered":"Incluir novo processo \u2013 Alunos e comunidade externa"},"content":{"rendered":"\n<hr class=\"wp-block-separator has-alpha-channel-opacity is-style-wide\"\/>\n\n\n\n<div style=\"height:50px\" aria-hidden=\"true\" class=\"wp-block-spacer\"><\/div>\n\n\n\n<p>Cadastro para novos usu\u00e1rios &#8211; <a href=\"https:\/\/sites.uel.br\/eprotocolo\/cadastro-de-novos-usuarios\/\" data-type=\"page\" data-id=\"136\">Clique aqui<\/a><\/p>\n\n\n\n<div style=\"height:58px\" aria-hidden=\"true\" class=\"wp-block-spacer\"><\/div>\n\n\n\n<p>Para informa\u00e7\u00f5es sobre modelos de documentos, aberturas de processos para est\u00e1gio obrigat\u00f3rio, est\u00e1gio n\u00e3o obrigat\u00f3rio, fornecimento de documenta\u00e7\u00e3o de fornecedores, entre outros, acessar os \u00f3rg\u00e3os respons\u00e1veis listados abaixo:<\/p>\n\n\n\n<p class=\"has-text-align-left\"><a href=\"http:\/\/www.uel.br\/prograd\/?content=divisao-central-estagios-intercambios\/index.html\">Pr\u00f3-Reitora de Gradua\u00e7\u00e3o &#8211; PROGRAD <\/a><\/p>\n\n\n\n<p><a href=\"http:\/\/www.uel.br\/proppg\/portal\/\">Pr\u00f3-Reitoria de Pesquisa e P\u00f3s-gradua\u00e7\u00e3o &#8211; PROPPG<\/a><\/p>\n\n\n\n<p class=\"has-text-align-left\"><a href=\"http:\/\/www.uel.br\/proaf\/dm\/\">Pr\u00f3-Reitoria de Administra\u00e7\u00e3o de Finan\u00e7as &#8211; Diretoria de Material &#8211; PROAF-D.M.<\/a><\/p>\n\n\n\n<div style=\"height:30px\" aria-hidden=\"true\" class=\"wp-block-spacer\"><\/div>\n\n\n\n<hr class=\"wp-block-separator has-alpha-channel-opacity is-style-wide\"\/>\n\n\n\n<div style=\"height:30px\" aria-hidden=\"true\" class=\"wp-block-spacer\"><\/div>\n\n\n\n<h4 class=\"wp-block-heading\">Siga os passos abaixo para abrir o processo no eProtocolo.<\/h4>\n\n\n\n<div style=\"height:30px\" aria-hidden=\"true\" class=\"wp-block-spacer\"><\/div>\n\n\n\n<p>1-Acesse <a href=\"https:\/\/eprotocolo.pr.gov.br\/\">https:\/\/eprotocolo.pr.gov.br\/<\/a> e clique em Central de Seguran\u00e7a.<\/p>\n\n\n\n<div style=\"height:30px\" aria-hidden=\"true\" class=\"wp-block-spacer\"><\/div>\n\n\n<div class=\"wp-block-image\">\n<figure class=\"aligncenter size-full is-resized\"><img loading=\"lazy\" decoding=\"async\" width=\"538\" height=\"931\" src=\"https:\/\/sites.uel.br\/eprotocolo\/wp-content\/uploads\/2022\/06\/1.png\" alt=\"\" class=\"wp-image-216\" style=\"width:389px;height:674px\" srcset=\"https:\/\/sites.uel.br\/eprotocolo\/wp-content\/uploads\/2022\/06\/1.png 538w, https:\/\/sites.uel.br\/eprotocolo\/wp-content\/uploads\/2022\/06\/1-173x300.png 173w\" sizes=\"auto, (max-width: 538px) 100vw, 538px\" \/><\/figure>\n<\/div>\n\n\n<div style=\"height:50px\" aria-hidden=\"true\" class=\"wp-block-spacer\"><\/div>\n\n\n\n<p>2-Preencha seu e-mail ou CPF e sua senha. Clique em <strong>Entrar<\/strong>.<\/p>\n\n\n\n<div style=\"height:30px\" aria-hidden=\"true\" class=\"wp-block-spacer\"><\/div>\n\n\n<div class=\"wp-block-image\">\n<figure class=\"aligncenter size-full is-resized\"><img loading=\"lazy\" decoding=\"async\" width=\"474\" height=\"481\" src=\"https:\/\/sites.uel.br\/eprotocolo\/wp-content\/uploads\/2022\/06\/1-2.png\" alt=\"\" class=\"wp-image-217\" style=\"width:335px;height:340px\" srcset=\"https:\/\/sites.uel.br\/eprotocolo\/wp-content\/uploads\/2022\/06\/1-2.png 474w, https:\/\/sites.uel.br\/eprotocolo\/wp-content\/uploads\/2022\/06\/1-2-296x300.png 296w\" sizes=\"auto, (max-width: 474px) 100vw, 474px\" \/><\/figure>\n<\/div>\n\n\n<div style=\"height:50px\" aria-hidden=\"true\" class=\"wp-block-spacer\"><\/div>\n\n\n\n<p>3-Ap\u00f3s o login no sistema, localize o menu superior e clique em <strong>Protocolo Geral<\/strong> \u2192 <strong>Protocolar Solicita\u00e7\u00e3o<\/strong>.<\/p>\n\n\n\n<div style=\"height:30px\" aria-hidden=\"true\" class=\"wp-block-spacer\"><\/div>\n\n\n<div class=\"wp-block-image\">\n<figure class=\"aligncenter size-full is-resized\"><img loading=\"lazy\" decoding=\"async\" width=\"278\" height=\"205\" src=\"https:\/\/sites.uel.br\/eprotocolo\/wp-content\/uploads\/2026\/01\/protocolar-solicitacao-e1769805783333.png\" alt=\"\" class=\"wp-image-685\" style=\"aspect-ratio:3.0310880829015545;object-fit:contain;width:755px;height:auto\"\/><\/figure>\n<\/div>\n\n\n<div style=\"height:50px\" aria-hidden=\"true\" class=\"wp-block-spacer\"><\/div>\n\n\n\n<p><\/p>\n\n\n\n<p>4-Na p\u00e1gina&nbsp;<strong>Protocolar Solicita\u00e7\u00e3o, <\/strong>na se\u00e7\u00e3o&nbsp;<strong>Dados de Cadastro<\/strong><strong>:<\/strong> Informar a cidade que reside<\/p>\n\n\n<div class=\"wp-block-image\">\n<figure class=\"aligncenter size-full\"><img loading=\"lazy\" decoding=\"async\" width=\"1764\" height=\"422\" src=\"https:\/\/sites.uel.br\/eprotocolo\/wp-content\/uploads\/2026\/01\/dados-de-cadastro.png\" alt=\"\" class=\"wp-image-687\" srcset=\"https:\/\/sites.uel.br\/eprotocolo\/wp-content\/uploads\/2026\/01\/dados-de-cadastro.png 1764w, https:\/\/sites.uel.br\/eprotocolo\/wp-content\/uploads\/2026\/01\/dados-de-cadastro-300x72.png 300w, https:\/\/sites.uel.br\/eprotocolo\/wp-content\/uploads\/2026\/01\/dados-de-cadastro-1024x245.png 1024w, https:\/\/sites.uel.br\/eprotocolo\/wp-content\/uploads\/2026\/01\/dados-de-cadastro-768x184.png 768w, https:\/\/sites.uel.br\/eprotocolo\/wp-content\/uploads\/2026\/01\/dados-de-cadastro-1536x367.png 1536w\" sizes=\"auto, (max-width: 1764px) 100vw, 1764px\" \/><\/figure>\n<\/div>\n\n\n<p><strong>Processo abrangido por prioridade legal:<\/strong>&nbsp;Quando o requerente tem prioridade legal (Ex: idoso, portador de defici\u00eancia ou doen\u00e7a grave).<\/p>\n\n\n\n<div style=\"height:50px\" aria-hidden=\"true\" class=\"wp-block-spacer\"><\/div>\n\n\n\n<p><\/p>\n\n\n\n<p>5-<strong>Dados da Solicita\u00e7\u00e3o<\/strong><\/p>\n\n\n<div class=\"wp-block-image\">\n<figure class=\"aligncenter size-full is-resized\"><img loading=\"lazy\" decoding=\"async\" width=\"1826\" height=\"631\" src=\"https:\/\/sites.uel.br\/eprotocolo\/wp-content\/uploads\/2026\/01\/dados-da-solicitacao.png\" alt=\"\" class=\"wp-image-688\" style=\"aspect-ratio:2.4229249011857705;width:744px;height:auto\" srcset=\"https:\/\/sites.uel.br\/eprotocolo\/wp-content\/uploads\/2026\/01\/dados-da-solicitacao.png 1826w, https:\/\/sites.uel.br\/eprotocolo\/wp-content\/uploads\/2026\/01\/dados-da-solicitacao-300x104.png 300w, https:\/\/sites.uel.br\/eprotocolo\/wp-content\/uploads\/2026\/01\/dados-da-solicitacao-1024x354.png 1024w, https:\/\/sites.uel.br\/eprotocolo\/wp-content\/uploads\/2026\/01\/dados-da-solicitacao-768x265.png 768w, https:\/\/sites.uel.br\/eprotocolo\/wp-content\/uploads\/2026\/01\/dados-da-solicitacao-1536x531.png 1536w\" sizes=\"auto, (max-width: 1826px) 100vw, 1826px\" \/><\/figure>\n<\/div>\n\n\n<p>Restri\u00e7\u00e3o de Acesso:<\/p>\n\n\n\n<p>\u2022 <strong>Restrito (Recomendado):<\/strong> acesso \u00e0s pessoas vinculadas aos locais pelo quais o processo tramitar, \u00e9 o mais recomendado;<\/p>\n\n\n\n<p>\u2022 <strong>Sigiloso:<\/strong> acesso exclusivo \u00e0s pessoas autorizadas, utilizado apenas para processos disciplinares e judiciais, pois causam dificuldades no acesso \u00e0s informa\u00e7\u00f5es gerando atraso \u00e0s tramita\u00e7\u00f5es e despachos. \u00c9 obrigat\u00f3rio informar uma justificativa;<\/p>\n\n\n\n<p>Selecione o&nbsp;<strong>\u00d3rg\u00e3o\/Entidade de destino:<\/strong> <strong>UEL \u2013 UNIVERSIDADE ESTADUAL DE LONDRINA<\/strong>&nbsp;<\/p>\n\n\n\n<p><strong>Descri\u00e7\u00e3o:<\/strong> Informar a sua solicita\u00e7\u00e3o.<\/p>\n\n\n\n<p><strong>Exemplo:<\/strong> SOLICITA\u00c7\u00c3O DE EST\u00c1GIO CURRICULAR N\u00c3O OBRIGAT\u00d3RIO<\/p>\n\n\n\n<p><\/p>\n\n\n\n<p><\/p>\n\n\n\n<div style=\"height:100px\" aria-hidden=\"true\" class=\"wp-block-spacer\"><\/div>\n\n\n\n<p><\/p>\n\n\n\n<p>6-Na se\u00e7\u00e3o <strong>Interessados<\/strong> preencha seu CPF ou CNPJ no campo <strong>N\u00ba da identifica\u00e7\u00e3o<\/strong>, no campo <strong>Nome interessado<\/strong> informe seu nome. Clique em <strong>Incluir Interessado<\/strong>.<\/p>\n\n\n\n<figure class=\"wp-block-image size-full\"><img loading=\"lazy\" decoding=\"async\" width=\"883\" height=\"329\" src=\"https:\/\/sites.uel.br\/eprotocolo\/wp-content\/uploads\/2026\/03\/image-11.png\" alt=\"\" class=\"wp-image-740\" srcset=\"https:\/\/sites.uel.br\/eprotocolo\/wp-content\/uploads\/2026\/03\/image-11.png 883w, https:\/\/sites.uel.br\/eprotocolo\/wp-content\/uploads\/2026\/03\/image-11-300x112.png 300w, https:\/\/sites.uel.br\/eprotocolo\/wp-content\/uploads\/2026\/03\/image-11-768x286.png 768w\" sizes=\"auto, (max-width: 883px) 100vw, 883px\" \/><\/figure>\n\n\n\n<div style=\"height:0px\" aria-hidden=\"true\" class=\"wp-block-spacer\"><\/div>\n\n\n\n<div style=\"height:91px\" aria-hidden=\"true\" class=\"wp-block-spacer\"><\/div>\n\n\n\n<p>7-Na se\u00e7\u00e3o&nbsp;<strong>Arquivos, procure<\/strong>&nbsp;e selecione, um a um, todos os arquivos que deseja protocolar. Nesta etapa, os documentos inseridos podem ser exclu\u00eddos e assinados.<\/p>\n\n\n\n<figure class=\"wp-block-image size-full\"><img loading=\"lazy\" decoding=\"async\" width=\"886\" height=\"298\" src=\"https:\/\/sites.uel.br\/eprotocolo\/wp-content\/uploads\/2026\/03\/image-10.png\" alt=\"\" class=\"wp-image-738\" srcset=\"https:\/\/sites.uel.br\/eprotocolo\/wp-content\/uploads\/2026\/03\/image-10.png 886w, https:\/\/sites.uel.br\/eprotocolo\/wp-content\/uploads\/2026\/03\/image-10-300x101.png 300w, https:\/\/sites.uel.br\/eprotocolo\/wp-content\/uploads\/2026\/03\/image-10-768x258.png 768w\" sizes=\"auto, (max-width: 886px) 100vw, 886px\" \/><\/figure>\n\n\n\n<p><\/p>\n\n\n\n<div style=\"height:100px\" aria-hidden=\"true\" class=\"wp-block-spacer\"><\/div>\n\n\n\n<p>8- Ap\u00f3s a inclus\u00e3o de todos os arquivos, confira o preenchimento de todos os campos e clique no bot\u00e3o\u00a0<strong>Concluir Solicita\u00e7\u00e3o,\u00a0<\/strong>localizado ao final da p\u00e1gina.<\/p>\n\n\n<div class=\"wp-block-image\">\n<figure class=\"aligncenter size-full\"><img loading=\"lazy\" decoding=\"async\" width=\"1772\" height=\"254\" src=\"https:\/\/sites.uel.br\/eprotocolo\/wp-content\/uploads\/2026\/01\/concluir.png\" alt=\"\" class=\"wp-image-691\" srcset=\"https:\/\/sites.uel.br\/eprotocolo\/wp-content\/uploads\/2026\/01\/concluir.png 1772w, https:\/\/sites.uel.br\/eprotocolo\/wp-content\/uploads\/2026\/01\/concluir-300x43.png 300w, https:\/\/sites.uel.br\/eprotocolo\/wp-content\/uploads\/2026\/01\/concluir-1024x147.png 1024w, https:\/\/sites.uel.br\/eprotocolo\/wp-content\/uploads\/2026\/01\/concluir-768x110.png 768w, https:\/\/sites.uel.br\/eprotocolo\/wp-content\/uploads\/2026\/01\/concluir-1536x220.png 1536w\" sizes=\"auto, (max-width: 1772px) 100vw, 1772px\" \/><\/figure>\n<\/div>\n\n\n<div style=\"height:100px\" aria-hidden=\"true\" class=\"wp-block-spacer\"><\/div>\n","protected":false},"excerpt":{"rendered":"<p>Cadastro para novos usu\u00e1rios &#8211; Clique aqui Para informa\u00e7\u00f5es sobre modelos de documentos, aberturas de processos para est\u00e1gio obrigat\u00f3rio, est\u00e1gio n\u00e3o obrigat\u00f3rio, fornecimento de documenta\u00e7\u00e3o de fornecedores, entre outros, acessar os \u00f3rg\u00e3os respons\u00e1veis listados abaixo: Pr\u00f3-Reitora de Gradua\u00e7\u00e3o &#8211; PROGRAD Pr\u00f3-Reitoria de Pesquisa e P\u00f3s-gradua\u00e7\u00e3o &#8211; PROPPG Pr\u00f3-Reitoria de Administra\u00e7\u00e3o de Finan\u00e7as &#8211; Diretoria de [&hellip;]<\/p>\n","protected":false},"author":7,"featured_media":685,"parent":0,"menu_order":0,"comment_status":"closed","ping_status":"closed","template":"","meta":{"_acf_changed":false,"footnotes":""},"class_list":["post-215","page","type-page","status-publish","has-post-thumbnail","hentry"],"acf":[],"_links":{"self":[{"href":"https:\/\/sites.uel.br\/eprotocolo\/wp-json\/wp\/v2\/pages\/215","targetHints":{"allow":["GET"]}}],"collection":[{"href":"https:\/\/sites.uel.br\/eprotocolo\/wp-json\/wp\/v2\/pages"}],"about":[{"href":"https:\/\/sites.uel.br\/eprotocolo\/wp-json\/wp\/v2\/types\/page"}],"author":[{"embeddable":true,"href":"https:\/\/sites.uel.br\/eprotocolo\/wp-json\/wp\/v2\/users\/7"}],"replies":[{"embeddable":true,"href":"https:\/\/sites.uel.br\/eprotocolo\/wp-json\/wp\/v2\/comments?post=215"}],"version-history":[{"count":20,"href":"https:\/\/sites.uel.br\/eprotocolo\/wp-json\/wp\/v2\/pages\/215\/revisions"}],"predecessor-version":[{"id":742,"href":"https:\/\/sites.uel.br\/eprotocolo\/wp-json\/wp\/v2\/pages\/215\/revisions\/742"}],"wp:featuredmedia":[{"embeddable":true,"href":"https:\/\/sites.uel.br\/eprotocolo\/wp-json\/wp\/v2\/media\/685"}],"wp:attachment":[{"href":"https:\/\/sites.uel.br\/eprotocolo\/wp-json\/wp\/v2\/media?parent=215"}],"curies":[{"name":"wp","href":"https:\/\/api.w.org\/{rel}","templated":true}]}}