{"id":16,"date":"2022-06-01T16:44:54","date_gmt":"2022-06-01T19:44:54","guid":{"rendered":"https:\/\/sites.uel.br\/eprotocolo\/?page_id=16"},"modified":"2025-03-12T15:52:42","modified_gmt":"2025-03-12T18:52:42","slug":"contatos","status":"publish","type":"page","link":"https:\/\/sites.uel.br\/eprotocolo\/contatos\/","title":{"rendered":"Contatos de gestores locais"},"content":{"rendered":"\n<hr class=\"wp-block-separator has-alpha-channel-opacity is-style-wide\"\/>\n\n\n\n<div style=\"height:50px\" aria-hidden=\"true\" class=\"wp-block-spacer\"><\/div>\n\n\n\n<p><strong>Caso necessite de suporte quanto ao uso do sistema, entre em contato com o gestor local do sistema em sua unidade.<\/strong><\/p>\n\n\n\n<div style=\"height:30px\" aria-hidden=\"true\" class=\"wp-block-spacer\"><\/div>\n\n\n\n<figure class=\"wp-block-table is-style-stripes\"><table><thead><tr><th><strong>\u00d3RG\u00c3O<\/strong><\/th><th><strong>NOME<\/strong><\/th><th>RAMAL<\/th><\/tr><\/thead><tbody><tr><td><strong>GR<\/strong><br><\/td><td>Cintia Lara Maciel<br><\/td><td>4311<br><\/td><\/tr><tr><td><strong>PJU<\/strong><\/td><td>Anderson Sanches<\/td><td>4401<\/td><\/tr><tr><td><strong>SGOCS<\/strong><\/td><td>Deise Mary Garbelini Bergamin<br>Sirlei Mariano Ferreira<\/td><td>4633<br><\/td><\/tr><tr><td><strong>AAI<\/strong><\/td><td>Luis Antonio Niro Passos<br>Sergio Hiroshi Manabe<\/td><td>5719<br><\/td><\/tr><tr><td><strong>COPS<\/strong><\/td><td>Rosaly dos Santos Garcia<br>Luiz Claudio Medeiros<\/td><td>4740<br>4240<\/td><\/tr><tr><td><strong>AINTEC<\/strong><\/td><td>Alexandre do Nascimento Mar\u00e7al<br>Diego Jovino Luduv\u00e9rio<br>Marinno Arthur Silva Berno<\/td><td>5812<br><br><\/td><\/tr><tr><td><strong>ARI<\/strong><\/td><td>Marina Phonlor Lemos<br>Tha\u00eds Artoni Martins<\/td><td>5897<\/td><\/tr><tr><td><strong>ATI<\/strong><\/td><td>Rosicler Castelhon Gimenez<br>Maria Aparecida Vieira Suguimoto<br><\/td><td>4534<br>4230<br><\/td><\/tr><tr><td><strong>PCU<\/strong><\/td><td>Marli Aparecida da Silva<br>Rog\u00e9rio Adriano Cardoso<\/td><td>4360<br><\/td><\/tr><tr><td><strong>PROAF<\/strong><\/td><td>Valdeir Alberto dos Santos<br>Maria Andr\u00e9a da Silva Gon\u00e7alves<br>Cleonice Caetano Souza Ribeiro<\/td><td>4364<br>4354<br>4384<br><\/td><\/tr><tr><td><strong>PROEX<\/strong><\/td><td>Sandra Maria Fernandes<br>Aparecida Guerin de Almeida<\/td><td>4512<br><\/td><\/tr><tr><td><strong>PROGRAD<\/strong><\/td><td>Sueli Terezinha Ferreira da Silva<br>Fabiano Ferrari Ribeiro<\/td><td>4900<br>4187<br><\/td><\/tr><tr><td><strong>PROPLAN<\/strong><\/td><td>Simone Yuriko Kobayashi<br>Marcio Ghiraldi<\/td><td>4731<\/td><\/tr><tr><td><strong>PROPPG<\/strong><\/td><td>Andr\u00e9 Junior da Concei\u00e7\u00e3o<br>M\u00e1rcio Ferreira Cruz<\/td><td>4105<br>5122<\/td><\/tr><tr><td><strong>PRORH<\/strong><\/td><td>Fl\u00e1via Veiga de Moraes<br>Kelly Cristina Furini Fuziy<br>Val\u00e9ria Romanholi Galv\u00e3o da Silva<\/td><td>4232<br>4382<br>4382<br><\/td><\/tr><tr><td><strong>BC<\/strong><\/td><td>Julia Laura Fernandes Abrantes<br>Marinalva Luiza de Almeida<br>Fernanda Caroline Ribeiro dos Santos<\/td><td>4219<br><\/td><\/tr><tr><td><strong>CAPL<\/strong><\/td><td>Andercleia de Souza Silva Pereira<br>Joana D&#8217;arc da Silva Rodrigues Gomes<\/td><td>4386<br>3321-9039<\/td><\/tr><tr><td><strong>CASA DE CULTURA<\/strong><\/td><td>Daniela Grosso Borin<br>Jo\u00e3o Carlos Rolim de Souza<br>Jo\u00e3o Manoel Martins<\/td><td>3323-8562<br>3321-4711<br>3322-6381<\/td><\/tr><tr><td><strong>CCA<\/strong><\/td><td>Luciana Cristina Fran\u00e7a Silva<br>Graciane Aparecida da Silva Guilherme<br>Emerson Gon\u00e7alves de Lima<\/td><td>4435<br>4555<br>4559<\/td><\/tr><tr><td><strong>CCB<\/strong><\/td><td>Bruno Muniz dos Santos<br>Eduardo de Oliveira<br>Valkiria Ap. Almendros de Oliveira Batista<\/td><td>4487<br>4207<br>4207<br><\/td><\/tr><tr><td><strong>CCE<\/strong><\/td><td>Sandra Accordi Vieira<br>Edna Pereira da Silva<br>Maria Lucia Correia Lemes<\/td><td>4151<br>4154<br>4328<\/td><\/tr><tr><td><strong>CCH<\/strong><\/td><td>Reginaldo Ferreira da Silva<br>Rosely Fernandes Lopes de Jesus<br>Marcus Vinicius Gomes Zaminelli<\/td><td>4418<br>4624<br>4486<\/td><\/tr><tr><td><strong>CECA<\/strong><\/td><td>Adriana de F\u00e1tima Ferreira Rigoni<br>Juliana Cristina Gon\u00e7alves Meirelles<\/td><td>4318<\/td><\/tr><tr><td><strong>CEFE<\/strong><\/td><td>Celia Gaiguer<br>Ivone Aparecida Salvador Beraldo<br>Juliana Leal Vallero<\/td><td>4218<br>5953<br>4218<\/td><\/tr><tr><td><strong>CESA<\/strong><\/td><td>Francisco Carlos Navarro<br>C\u00edntia Clementino Miranda<br>Ivete da Silva<\/td><td>4225<\/td><\/tr><tr><td><strong>CTU<\/strong><\/td><td>Heldia Linai da Silva Cavallari<br>Marcelo Luiz da Silva<br>Val\u00e9ria Biz Rotunno<\/td><td>4525<\/td><\/tr><tr><td><strong>COU<\/strong><\/td><td>Fernanda Cristina Sposito<br>Jeverson Bueno de Oliveira<br>M\u00e1rcia Maria Ribeiro Vicente<\/td><td>3371-6702<\/td><\/tr><tr><td><strong>BBCLIN<\/strong><\/td><td>Carlos C\u00e9sar do Nascimento<\/td><td>6736<\/td><\/tr><tr><td><strong>EAAJ<\/strong><\/td><td>Henrique Rezende Motta<br>Maria de F\u00e1tima Souza Mendes<br>Regina C\u00e9lia Pinto Binati<\/td><td>3324-9038<\/td><\/tr><tr><td><strong>FU\/LM<\/strong><\/td><td>Ivan Lima Trindade<\/td><td>5104<\/td><\/tr><tr><td><strong>HU<\/strong><\/td><td>Jos\u00e9 Ricardo de Araujo<br>Antonio Moacir Ferreira Serrano<\/td><td>3371-2491<\/td><\/tr><tr><td><strong>HV<\/strong><\/td><td>Jo\u00e3o Antonio da Silva<br>Aletheia Ciquini Farias Lima<br>Rosemeire Dias da Silva Felten<\/td><td>4309<br>4628<br><\/td><\/tr><tr><td><strong>MCT<\/strong><\/td><td>Willian Ridequi Messias Kodama<\/td><td>4805<\/td><\/tr><tr><td><strong>MUSEU<\/strong><\/td><td>Edeni Ramos Vilela<br>Alex Pereira<br>Andr\u00e9 Luis da Silva<\/td><td>3323-0082<br>3324-4641<\/td><\/tr><tr><td><strong>NECJ<\/strong><\/td><td>Leonardo Koiti Nakamura<\/td><td>5896<\/td><\/tr><tr><td><strong>NPCLIN<\/strong><\/td><td>Sueli Damaceno de Araujo Santos<\/td><td>4237<\/td><\/tr><tr><td><strong>SAUEL<\/strong><\/td><td>Marisa Aparecida Ferreira de Oliveira<br>Val\u00e9ria Diatchuk<\/td><td>4858<br>5999<\/td><\/tr><tr><td><strong>SEBEC<\/strong><\/td><td>Sergio Mauricio Sandrini<br>M\u00e1rcio Rog\u00e9rio Morais Machado<br>Maur\u00edcio Fernandes<\/td><td>4462<br>4754<br>4347<\/td><\/tr><tr><td><strong>TVUEL<\/strong><\/td><td>Celio dos Santos Costa<\/td><td>5508<\/td><\/tr><\/tbody><\/table><\/figure>\n\n\n\n<div style=\"height:100px\" aria-hidden=\"true\" class=\"wp-block-spacer\"><\/div>\n","protected":false},"excerpt":{"rendered":"<p>Caso necessite de suporte quanto ao uso do sistema, entre em contato com o gestor local do sistema em sua unidade. \u00d3RG\u00c3O NOME RAMAL GR Cintia Lara Maciel 4311 PJU Anderson Sanches 4401 SGOCS Deise Mary Garbelini BergaminSirlei Mariano Ferreira 4633 AAI Luis Antonio Niro PassosSergio Hiroshi Manabe 5719 COPS Rosaly dos Santos GarciaLuiz Claudio [&hellip;]<\/p>\n","protected":false},"author":4,"featured_media":0,"parent":0,"menu_order":0,"comment_status":"closed","ping_status":"closed","template":"","meta":{"_acf_changed":false,"footnotes":""},"class_list":["post-16","page","type-page","status-publish","hentry"],"acf":[],"_links":{"self":[{"href":"https:\/\/sites.uel.br\/eprotocolo\/wp-json\/wp\/v2\/pages\/16","targetHints":{"allow":["GET"]}}],"collection":[{"href":"https:\/\/sites.uel.br\/eprotocolo\/wp-json\/wp\/v2\/pages"}],"about":[{"href":"https:\/\/sites.uel.br\/eprotocolo\/wp-json\/wp\/v2\/types\/page"}],"author":[{"embeddable":true,"href":"https:\/\/sites.uel.br\/eprotocolo\/wp-json\/wp\/v2\/users\/4"}],"replies":[{"embeddable":true,"href":"https:\/\/sites.uel.br\/eprotocolo\/wp-json\/wp\/v2\/comments?post=16"}],"version-history":[{"count":21,"href":"https:\/\/sites.uel.br\/eprotocolo\/wp-json\/wp\/v2\/pages\/16\/revisions"}],"predecessor-version":[{"id":681,"href":"https:\/\/sites.uel.br\/eprotocolo\/wp-json\/wp\/v2\/pages\/16\/revisions\/681"}],"wp:attachment":[{"href":"https:\/\/sites.uel.br\/eprotocolo\/wp-json\/wp\/v2\/media?parent=16"}],"curies":[{"name":"wp","href":"https:\/\/api.w.org\/{rel}","templated":true}]}}