{"id":15,"date":"2022-06-01T16:44:54","date_gmt":"2022-06-01T19:44:54","guid":{"rendered":"https:\/\/sites.uel.br\/eprotocolo\/?page_id=15"},"modified":"2026-03-20T11:26:08","modified_gmt":"2026-03-20T14:26:08","slug":"tutoriais","status":"publish","type":"page","link":"https:\/\/sites.uel.br\/eprotocolo\/tutoriais\/","title":{"rendered":"Material de apoio ao aprendizado"},"content":{"rendered":"\n<hr class=\"wp-block-separator has-alpha-channel-opacity is-style-wide\"\/>\n\n\n\n<div style=\"height:30px\" aria-hidden=\"true\" class=\"wp-block-spacer\"><\/div>\n\n\n\n<ul class=\"wp-block-list\">\n<li><a href=\"https:\/\/sites.uel.br\/eprotocolo\/impressao-sicor\/\"><strong>Impress\u00e3o de documentos do Sistema UEL (SICOR)<\/strong><\/a><\/li>\n\n\n\n<li><strong><a href=\"https:\/\/sites.uel.br\/eprotocolo\/wp-content\/uploads\/2026\/03\/Lista-de-palavras-chave.pdf\">Lista de palavras-chave<\/a><\/strong><\/li>\n<\/ul>\n\n\n\n<div style=\"height:20px\" aria-hidden=\"true\" class=\"wp-block-spacer\"><\/div>\n\n\n\n<p>Manual r\u00e1pido para novos usu\u00e1rios <\/p>\n\n\n\n<ul class=\"wp-block-list\">\n<li><a href=\"https:\/\/sites.uel.br\/eprotocolo\/cadastro-de-novos-usuarios\/\">Cadastro de novos usu\u00e1rios<\/a><\/li>\n\n\n\n<li><a href=\"https:\/\/sites.uel.br\/eprotocolo\/novo-processo-alunos-externo\/\">Incluir novo processo &#8211; Para alunos e comunidade externa<\/a><\/li>\n\n\n\n<li><a href=\"https:\/\/sites.uel.br\/eprotocolo\/novo-processo-docentes-agentes\/\">Incluir novo processo &#8211; Para docentes e agentes universit\u00e1rios<\/a><\/li>\n\n\n\n<li><a href=\"https:\/\/sites.uel.br\/eprotocolo\/concluir-e-encaminhar-ou-finalizar-pendencia\/\">Concluir e Encaminhar ou Finalizar Pend\u00eancia<\/a><\/li>\n\n\n\n<li><a href=\"https:\/\/sites.uel.br\/eprotocolo\/aba-complemento\/\">Aba Complemento &#8211; eProtocolo<\/a><\/li>\n\n\n\n<li><a href=\"https:\/\/sites.uel.br\/eprotocolo\/digitalizacao-processos-fisicos-uel\/\">Digitaliza\u00e7\u00e3o de Processos F\u00edsicos da UEL<\/a><\/li>\n<\/ul>\n\n\n\n<p>H\u00e1 v\u00e1rios materiais que podem lhe ajudar no aprendizado. \u00c9 recomend\u00e1vel fazer o curso online assim como acessar os materiais abaixo.&nbsp;<\/p>\n\n\n\n<ul class=\"wp-block-list\">\n<li><a href=\"https:\/\/www.ead.pr.gov.br\/enrol\/index.php?id=1322\">Curso online &#8211; Escola de Gest\u00e3o do Paran\u00e1 <\/a><\/li>\n\n\n\n<li><a href=\"https:\/\/drive.google.com\/file\/d\/1-wTKfZTyeWtq72Ftbma-HAOckmJ8oWgn\/view\">Manual do sistema<\/a> <\/li>\n\n\n\n<li><a href=\"https:\/\/www.administracao.pr.gov.br\/eProtocolo\">D\u00favidas e Suporte<\/a><\/li>\n\n\n\n<li><a href=\"https:\/\/seap.wikis.pr.gov.br\/eprotocolo\/wiki\/P%C3%A1gina_principal\">Enciclop\u00e9dia do eProtocolo<\/a><\/li>\n<\/ul>\n\n\n\n<p>Mais informa\u00e7\u00f5es:<\/p>\n\n\n\n<ul class=\"wp-block-list\">\n<li><a href=\"http:\/\/www.administracao.pr.gov.br\/sites\/default\/arquivos_restritos\/files\/documento\/2021-07\/Tutorial%20de%20Assinaturas%20-%2002.07.2021.pdf\">Assinatura Eletr\u00f4nica Simples, Avan\u00e7ada e Qualificada<\/a><\/li>\n\n\n\n<li><a href=\"http:\/\/www.administracao.pr.gov.br\/sites\/default\/arquivos_restritos\/files\/documento\/2020-07\/tutorial_-_assinar_digitalmente_e_validar_assinatura.pdf\">Como assinar e validar assinatura eletr\u00f4nica no eProtocolo<\/a><\/li>\n\n\n\n<li><a href=\"https:\/\/www.administracao.pr.gov.br\/sites\/default\/arquivos_restritos\/files\/documento\/2020-01\/acessar_eprotocolo_todos_navegadores.pdf\">Como acessar o eProtocolo em todos os navegadores<\/a><\/li>\n\n\n\n<li><a href=\"https:\/\/www.administracao.pr.gov.br\/sites\/default\/arquivos_restritos\/files\/documento\/2020-01\/configuracao_do_local.pdf\">Configura\u00e7\u00e3o do Local<\/a><\/li>\n\n\n\n<li><a href=\"http:\/\/www.administracao.pr.gov.br\/sites\/default\/arquivos_restritos\/files\/documento\/2021-07\/tutorial_consulta_protocolo.pdf\">Consulta Protocolo<\/a><\/li>\n\n\n\n<li><a href=\"https:\/\/www.administracao.pr.gov.br\/sites\/default\/arquivos_restritos\/files\/documento\/2020-04\/tutorial_-_distribuicao_de_processos.pdf\">Distribui\u00e7\u00e3o de Processos<\/a><\/li>\n\n\n\n<li><a href=\"http:\/\/www.administracao.pr.gov.br\/sites\/default\/arquivos_restritos\/files\/documento\/2020-07\/tutorial_-_gerar_numeracao.pdf\">Gerar Numera\u00e7\u00e3o de Documentos<\/a><\/li>\n\n\n\n<li><a href=\"http:\/\/www.administracao.pr.gov.br\/sites\/default\/arquivos_restritos\/files\/documento\/2020-07\/tutorial_-_pendencias_e_notificacoes.pdf\">Pend\u00eancias e Notifica\u00e7\u00f5es<\/a><\/li>\n\n\n\n<li><a href=\"http:\/\/www.administracao.pr.gov.br\/sites\/default\/arquivos_restritos\/files\/documento\/2020-08\/tutorial_-_sobrestado_-_arquivo_corrente.pdf\">Sobrestar\/Arquivo Corrente<\/a><\/li>\n<\/ul>\n\n\n\n<div style=\"height:100px\" aria-hidden=\"true\" class=\"wp-block-spacer\"><\/div>\n","protected":false},"excerpt":{"rendered":"<p>Manual r\u00e1pido para novos usu\u00e1rios H\u00e1 v\u00e1rios materiais que podem lhe ajudar no aprendizado. \u00c9 recomend\u00e1vel fazer o curso online assim como acessar os materiais abaixo.&nbsp; Mais informa\u00e7\u00f5es:<\/p>\n","protected":false},"author":4,"featured_media":0,"parent":0,"menu_order":0,"comment_status":"closed","ping_status":"closed","template":"","meta":{"_acf_changed":false,"footnotes":""},"class_list":["post-15","page","type-page","status-publish","hentry"],"acf":[],"_links":{"self":[{"href":"https:\/\/sites.uel.br\/eprotocolo\/wp-json\/wp\/v2\/pages\/15","targetHints":{"allow":["GET"]}}],"collection":[{"href":"https:\/\/sites.uel.br\/eprotocolo\/wp-json\/wp\/v2\/pages"}],"about":[{"href":"https:\/\/sites.uel.br\/eprotocolo\/wp-json\/wp\/v2\/types\/page"}],"author":[{"embeddable":true,"href":"https:\/\/sites.uel.br\/eprotocolo\/wp-json\/wp\/v2\/users\/4"}],"replies":[{"embeddable":true,"href":"https:\/\/sites.uel.br\/eprotocolo\/wp-json\/wp\/v2\/comments?post=15"}],"version-history":[{"count":26,"href":"https:\/\/sites.uel.br\/eprotocolo\/wp-json\/wp\/v2\/pages\/15\/revisions"}],"predecessor-version":[{"id":734,"href":"https:\/\/sites.uel.br\/eprotocolo\/wp-json\/wp\/v2\/pages\/15\/revisions\/734"}],"wp:attachment":[{"href":"https:\/\/sites.uel.br\/eprotocolo\/wp-json\/wp\/v2\/media?parent=15"}],"curies":[{"name":"wp","href":"https:\/\/api.w.org\/{rel}","templated":true}]}}