{"id":136,"date":"2022-06-06T10:27:01","date_gmt":"2022-06-06T13:27:01","guid":{"rendered":"https:\/\/sites.uel.br\/eprotocolo\/?page_id=136"},"modified":"2022-06-10T16:47:51","modified_gmt":"2022-06-10T19:47:51","slug":"cadastro-de-novos-usuarios","status":"publish","type":"page","link":"https:\/\/sites.uel.br\/eprotocolo\/cadastro-de-novos-usuarios\/","title":{"rendered":"Cadastro de novos usu\u00e1rios"},"content":{"rendered":"\n<hr class=\"wp-block-separator has-alpha-channel-opacity is-style-wide\"\/>\n\n\n\n<div style=\"height:50px\" aria-hidden=\"true\" class=\"wp-block-spacer\"><\/div>\n\n\n\n<p>1-Acesse <a href=\"https:\/\/eprotocolo.pr.gov.br\/\">https:\/\/eprotocolo.pr.gov.br\/<\/a> e clique em <strong>Ainda n\u00e3o sou cadastrado<\/strong>.<\/p>\n\n\n<div class=\"wp-block-image\">\n<figure class=\"aligncenter size-full is-resized\"><img loading=\"lazy\" decoding=\"async\" src=\"https:\/\/sites.uel.br\/eprotocolo\/wp-content\/uploads\/2022\/06\/0.png\" alt=\"\" class=\"wp-image-139\" width=\"347\" height=\"660\" srcset=\"https:\/\/sites.uel.br\/eprotocolo\/wp-content\/uploads\/2022\/06\/0.png 435w, https:\/\/sites.uel.br\/eprotocolo\/wp-content\/uploads\/2022\/06\/0-158x300.png 158w\" sizes=\"auto, (max-width: 347px) 100vw, 347px\" \/><\/figure>\n<\/div>\n\n\n<div style=\"height:30px\" aria-hidden=\"true\" class=\"wp-block-spacer\"><\/div>\n\n\n\n<p>2-Clique em <strong>Li e concordo com o Termo de Uso<\/strong> e depois clique em<strong> Iniciar Cadastro.<\/strong><\/p>\n\n\n<div class=\"wp-block-image\">\n<figure class=\"aligncenter size-full is-resized\"><img loading=\"lazy\" decoding=\"async\" src=\"https:\/\/sites.uel.br\/eprotocolo\/wp-content\/uploads\/2022\/06\/2.png\" alt=\"\" class=\"wp-image-140\" width=\"405\" height=\"510\" srcset=\"https:\/\/sites.uel.br\/eprotocolo\/wp-content\/uploads\/2022\/06\/2.png 508w, https:\/\/sites.uel.br\/eprotocolo\/wp-content\/uploads\/2022\/06\/2-238x300.png 238w\" sizes=\"auto, (max-width: 405px) 100vw, 405px\" \/><\/figure>\n<\/div>\n\n\n<div style=\"height:30px\" aria-hidden=\"true\" class=\"wp-block-spacer\"><\/div>\n\n\n\n<p>3-Preencha os dados solicitados na tela e clique em <strong>Pr\u00f3ximo.<\/strong><\/p>\n\n\n<div class=\"wp-block-image\">\n<figure class=\"aligncenter size-full is-resized\"><img loading=\"lazy\" decoding=\"async\" src=\"https:\/\/sites.uel.br\/eprotocolo\/wp-content\/uploads\/2022\/06\/3.11.png\" alt=\"\" class=\"wp-image-141\" width=\"398\" height=\"431\" srcset=\"https:\/\/sites.uel.br\/eprotocolo\/wp-content\/uploads\/2022\/06\/3.11.png 497w, https:\/\/sites.uel.br\/eprotocolo\/wp-content\/uploads\/2022\/06\/3.11-277x300.png 277w\" sizes=\"auto, (max-width: 398px) 100vw, 398px\" \/><\/figure>\n<\/div>\n\n\n<div style=\"height:30px\" aria-hidden=\"true\" class=\"wp-block-spacer\"><\/div>\n\n\n\n<p>4-Informe o n\u00famero de seu celular com o DDD e clique em <strong>Enviar SMS.<\/strong><\/p>\n\n\n<div class=\"wp-block-image\">\n<figure class=\"aligncenter size-full is-resized\"><img loading=\"lazy\" decoding=\"async\" src=\"https:\/\/sites.uel.br\/eprotocolo\/wp-content\/uploads\/2022\/06\/4.1.png\" alt=\"\" class=\"wp-image-142\" width=\"457\" height=\"333\" srcset=\"https:\/\/sites.uel.br\/eprotocolo\/wp-content\/uploads\/2022\/06\/4.1.png 530w, https:\/\/sites.uel.br\/eprotocolo\/wp-content\/uploads\/2022\/06\/4.1-300x218.png 300w\" sizes=\"auto, (max-width: 457px) 100vw, 457px\" \/><\/figure>\n<\/div>\n\n\n<p>4.1Digite o c\u00f3digo recebido por SMS e clique em <strong>Pr\u00f3ximo.<\/strong><\/p>\n\n\n<div class=\"wp-block-image\">\n<figure class=\"aligncenter size-full is-resized\"><img loading=\"lazy\" decoding=\"async\" src=\"https:\/\/sites.uel.br\/eprotocolo\/wp-content\/uploads\/2022\/06\/4.2-1.png\" alt=\"\" class=\"wp-image-152\" width=\"422\" height=\"310\" srcset=\"https:\/\/sites.uel.br\/eprotocolo\/wp-content\/uploads\/2022\/06\/4.2-1.png 488w, https:\/\/sites.uel.br\/eprotocolo\/wp-content\/uploads\/2022\/06\/4.2-1-300x221.png 300w\" sizes=\"auto, (max-width: 422px) 100vw, 422px\" \/><\/figure>\n<\/div>\n\n\n<p>5-Digite um endere\u00e7o de e-mail e clique em <strong>Pr\u00f3ximo.<\/strong><\/p>\n\n\n<div class=\"wp-block-image\">\n<figure class=\"aligncenter size-full is-resized\"><img loading=\"lazy\" decoding=\"async\" src=\"https:\/\/sites.uel.br\/eprotocolo\/wp-content\/uploads\/2022\/06\/6.png\" alt=\"\" class=\"wp-image-150\" width=\"414\" height=\"273\" srcset=\"https:\/\/sites.uel.br\/eprotocolo\/wp-content\/uploads\/2022\/06\/6.png 480w, https:\/\/sites.uel.br\/eprotocolo\/wp-content\/uploads\/2022\/06\/6-300x198.png 300w\" sizes=\"auto, (max-width: 414px) 100vw, 414px\" \/><\/figure>\n<\/div>\n\n\n<p>5.1-Verifique o e-mail e digite o c\u00f3digo recebido, clique em <strong>Pr\u00f3ximo.<\/strong><\/p>\n\n\n<div class=\"wp-block-image\">\n<figure class=\"aligncenter size-full is-resized\"><img loading=\"lazy\" decoding=\"async\" src=\"https:\/\/sites.uel.br\/eprotocolo\/wp-content\/uploads\/2022\/06\/7.png\" alt=\"\" class=\"wp-image-153\" width=\"386\" height=\"334\" srcset=\"https:\/\/sites.uel.br\/eprotocolo\/wp-content\/uploads\/2022\/06\/7.png 471w, https:\/\/sites.uel.br\/eprotocolo\/wp-content\/uploads\/2022\/06\/7-300x259.png 300w\" sizes=\"auto, (max-width: 386px) 100vw, 386px\" \/><\/figure>\n<\/div>\n\n\n<p>6-Informe o RG caso seja de sua prefer\u00eancia, por\u00e9m n\u00e3o \u00e9 obrigat\u00f3rio.<\/p>\n\n\n<div class=\"wp-block-image\">\n<figure class=\"aligncenter size-full is-resized\"><img loading=\"lazy\" decoding=\"async\" src=\"https:\/\/sites.uel.br\/eprotocolo\/wp-content\/uploads\/2022\/06\/8.png\" alt=\"\" class=\"wp-image-155\" width=\"402\" height=\"200\" srcset=\"https:\/\/sites.uel.br\/eprotocolo\/wp-content\/uploads\/2022\/06\/8.png 490w, https:\/\/sites.uel.br\/eprotocolo\/wp-content\/uploads\/2022\/06\/8-300x149.png 300w\" sizes=\"auto, (max-width: 402px) 100vw, 402px\" \/><\/figure>\n<\/div>\n\n\n<p>7-Cadastre uma senha seguindo as orienta\u00e7\u00f5es apresentadase clique em <strong>Concluir.<\/strong><\/p>\n\n\n<div class=\"wp-block-image\">\n<figure class=\"aligncenter size-full is-resized\"><img loading=\"lazy\" decoding=\"async\" src=\"https:\/\/sites.uel.br\/eprotocolo\/wp-content\/uploads\/2022\/06\/9.png\" alt=\"\" class=\"wp-image-156\" width=\"395\" height=\"325\" srcset=\"https:\/\/sites.uel.br\/eprotocolo\/wp-content\/uploads\/2022\/06\/9.png 483w, https:\/\/sites.uel.br\/eprotocolo\/wp-content\/uploads\/2022\/06\/9-300x247.png 300w\" sizes=\"auto, (max-width: 395px) 100vw, 395px\" \/><\/figure>\n<\/div>\n\n\n<p>8-Ap\u00f3s a finaliza\u00e7\u00e3o do cadastro, clique em <strong>Retornar<\/strong> para acessar novamente a tela principal do eProtocolo.<\/p>\n\n\n\n<div style=\"height:50px\" aria-hidden=\"true\" class=\"wp-block-spacer\"><\/div>\n\n\n\n<figure class=\"wp-block-table\"><table class=\"has-cinza-claro-background-color has-background\"><tbody><tr><td><img decoding=\"async\" style=\"width: 100px;\" src=\"https:\/\/lh3.googleusercontent.com\/YnFj-FGU3if_JESdMPEjyLwZoOsrF6noRlQ0i9mY6kaI0xgMvluTtQ6spOChdppUAqR32uoF0zAHP870WoZn8pZi5FP1A1JUmNUEdbaF5g4Udz3K6_J7T6qwksc6PfQaN8hOQcAMfJNHsiM1jg\"><\/td><td>Ap\u00f3s a conclus\u00e3o do cadastro, voc\u00ea estar\u00e1 apto a acessar o sistema podendo fazer solicita\u00e7\u00f5es apenas como cidad\u00e3o. <br><br><strong>Caso seja servidor da UEL, solicite atualiza\u00e7\u00e3o de cadastro como servidor clicando <a href=\"https:\/\/sites.uel.br\/eprotocolo\/solicitacao\/\">aqui<\/a>.<\/strong><\/td><\/tr><\/tbody><\/table><\/figure>\n\n\n\n<div style=\"height:100px\" aria-hidden=\"true\" class=\"wp-block-spacer\"><\/div>\n","protected":false},"excerpt":{"rendered":"<p>1-Acesse https:\/\/eprotocolo.pr.gov.br\/ e clique em Ainda n\u00e3o sou cadastrado. 2-Clique em Li e concordo com o Termo de Uso e depois clique em Iniciar Cadastro. 3-Preencha os dados solicitados na tela e clique em Pr\u00f3ximo. 4-Informe o n\u00famero de seu celular com o DDD e clique em Enviar SMS. 4.1Digite o c\u00f3digo recebido por SMS [&hellip;]<\/p>\n","protected":false},"author":7,"featured_media":0,"parent":0,"menu_order":0,"comment_status":"closed","ping_status":"closed","template":"","meta":{"_acf_changed":false,"footnotes":""},"class_list":["post-136","page","type-page","status-publish","hentry"],"acf":[],"_links":{"self":[{"href":"https:\/\/sites.uel.br\/eprotocolo\/wp-json\/wp\/v2\/pages\/136","targetHints":{"allow":["GET"]}}],"collection":[{"href":"https:\/\/sites.uel.br\/eprotocolo\/wp-json\/wp\/v2\/pages"}],"about":[{"href":"https:\/\/sites.uel.br\/eprotocolo\/wp-json\/wp\/v2\/types\/page"}],"author":[{"embeddable":true,"href":"https:\/\/sites.uel.br\/eprotocolo\/wp-json\/wp\/v2\/users\/7"}],"replies":[{"embeddable":true,"href":"https:\/\/sites.uel.br\/eprotocolo\/wp-json\/wp\/v2\/comments?post=136"}],"version-history":[{"count":14,"href":"https:\/\/sites.uel.br\/eprotocolo\/wp-json\/wp\/v2\/pages\/136\/revisions"}],"predecessor-version":[{"id":451,"href":"https:\/\/sites.uel.br\/eprotocolo\/wp-json\/wp\/v2\/pages\/136\/revisions\/451"}],"wp:attachment":[{"href":"https:\/\/sites.uel.br\/eprotocolo\/wp-json\/wp\/v2\/media?parent=136"}],"curies":[{"name":"wp","href":"https:\/\/api.w.org\/{rel}","templated":true}]}}