{"id":57,"date":"2024-04-23T17:14:23","date_gmt":"2024-04-23T20:14:23","guid":{"rendered":"https:\/\/sites.uel.br\/empreendemais\/?page_id=57"},"modified":"2024-04-25T17:59:30","modified_gmt":"2024-04-25T20:59:30","slug":"cursos","status":"publish","type":"page","link":"https:\/\/sites.uel.br\/empreendemais\/cursos\/","title":{"rendered":"Cursos Ministrados"},"content":{"rendered":"\n<hr class=\"wp-block-separator has-alpha-channel-opacity\" \/>\n\n\n\n<p class=\"has-text-align-center\">Elaborados por especialistas e com acompanhamento de uma equipe capacitada, temos 6 (seis) cursos micro credenciais (m\u00f3dulos) com carga hor\u00e1ria total de 15(quinze) horas, ao todo curso possui apenas 4 dias de aula das 19h as 22:30. Todos os cursos s\u00e3o gratuitos e possuem certificados emitidos pela Universidade Estadual de Londrina em apoio com o Governo do Estado do Paran\u00e1 o local e a quantidade de vagas dispon\u00edvel de cada curso varia de acordo com a oferta e disponibilidade de professores. Abaixo os cursos atualmente ofertados.<\/p>\n\n\n\n<p class=\"has-text-align-center\"><strong>CURSO 1 \u2013 EMPREENDEDORISMO: ALAVANCANDO MEU NEG\u00d3CIO<\/strong> Abordagem: O Ato de Empreender e contexto atual. Modelando o Plano de neg\u00f3cios (Desenvolvendo o modelo pr\u00e1tico: An\u00e1lise de Mercado e concorr\u00eancia. Testagem e Valida\u00e7\u00e3o da Ideia de Neg\u00f3cio. Produto M\u00ednimo Vi\u00e1vel). Plano de A\u00e7\u00e3o: Escalando o neg\u00f3cio.<\/p>\n\n\n\n<p class=\"has-text-align-center\"><strong>CURSO 2 \u2013 TECNOLOGIA E INOVA\u00c7\u00c3O<\/strong> Abordagem de tecnologia e inova\u00e7\u00e3o: Concep\u00e7\u00f5es de Tecnologia e Inova\u00e7\u00e3o. O papel da inova\u00e7\u00e3o no desenvolvimento de neg\u00f3cios. O que e como inovar em pequenos neg\u00f3cios. Experi\u00eancias Locais. Oficinas pr\u00e1ticas. Feira de neg\u00f3cios.<\/p>\n\n\n\n<p class=\"has-text-align-center\"><strong>CURSO 3 \u2013 GEST\u00c3O FINANCEIRA NOS NEG\u00d3CIOS<\/strong> Abordagem: No\u00e7\u00f5es Gerais de tributa\u00e7\u00e3o na Pequena Empresa. Planejamento e Controle Financeiro: Fluxo de caixa; Contas a pagar e a receber; Gest\u00e3o de custos e gest\u00e3o Financeira; Ferramentas de Controle Financeiro para pequenos neg\u00f3cios; Casos pr\u00e1ticos locais.<\/p>\n\n\n\n<p class=\"has-text-align-center\"><strong>CURSO 4 \u2013 MARKETING DE VENDAS<\/strong> Abordagem: MARKETING DE VENDAS: Conceitos centrais e Estrat\u00e9gias de Gest\u00e3o do MKT: Gest\u00e3o de Produto e pre\u00e7o; Gest\u00e3o da Comunica\u00e7\u00e3o e Gest\u00e3o de Ponto de Venda (f\u00edsico e virtual). Gest\u00e3o do Relacionamento. Mensura\u00e7\u00e3o de Demanda. Vendas Pessoal (PDV) e Digital.<\/p>\n\n\n\n<p class=\"has-text-align-center\"><strong>CURSO 5 \u2013 MARKETING DIGITAL<\/strong> Abordagem: An\u00e1lise de Mercado. Ferramentas Digitais. Comunica\u00e7\u00e3o nos meios digitais. M\u00e9tricas e Indicadores de Mensura\u00e7\u00e3o. Plano de Marketing Digital.<\/p>\n\n\n\n<p class=\"has-text-align-center\"><strong>CURSO 6 &#8211; GEST\u00c3O DE CONTROLE E DE PESSOAS<\/strong> Abordagem: Conceitos b\u00e1sicos e fun\u00e7\u00f5es do controle. Modelos de Gest\u00e3o de Controle. A Gest\u00e3o de pessoas: Modelos de gest\u00e3o aplicada a com\u00e9rcio e varejo. Os Pilares da Gest\u00e3o de Pessoas. Ferramentas da gest\u00e3o de Pessoas.<\/p>\n\n\n\n<div class=\"wp-block-buttons is-content-justification-center is-layout-flex wp-container-core-buttons-is-layout-16018d1d wp-block-buttons-is-layout-flex\">\n<div class=\"wp-block-button\"><a class=\"wp-block-button__link wp-element-button\" href=\"https:\/\/sites.uel.br\/empreendemais\/\">Inscreva-se<\/a><\/div>\n<\/div>\n","protected":false},"excerpt":{"rendered":"<p>Elaborados por especialistas e com acompanhamento de uma equipe capacitada, temos 6 (seis) cursos micro credenciais (m\u00f3dulos) com carga hor\u00e1ria total de 15(quinze) horas, ao todo curso possui apenas 4 dias de aula das 19h as 22:30. Todos os cursos s\u00e3o gratuitos e possuem certificados emitidos pela Universidade Estadual de Londrina em apoio com o [&hellip;]<\/p>\n","protected":false},"author":7,"featured_media":0,"parent":0,"menu_order":0,"comment_status":"closed","ping_status":"closed","template":"","meta":{"_acf_changed":false,"footnotes":""},"class_list":["post-57","page","type-page","status-publish","hentry"],"acf":[],"_links":{"self":[{"href":"https:\/\/sites.uel.br\/empreendemais\/wp-json\/wp\/v2\/pages\/57","targetHints":{"allow":["GET"]}}],"collection":[{"href":"https:\/\/sites.uel.br\/empreendemais\/wp-json\/wp\/v2\/pages"}],"about":[{"href":"https:\/\/sites.uel.br\/empreendemais\/wp-json\/wp\/v2\/types\/page"}],"author":[{"embeddable":true,"href":"https:\/\/sites.uel.br\/empreendemais\/wp-json\/wp\/v2\/users\/7"}],"replies":[{"embeddable":true,"href":"https:\/\/sites.uel.br\/empreendemais\/wp-json\/wp\/v2\/comments?post=57"}],"version-history":[{"count":5,"href":"https:\/\/sites.uel.br\/empreendemais\/wp-json\/wp\/v2\/pages\/57\/revisions"}],"predecessor-version":[{"id":74,"href":"https:\/\/sites.uel.br\/empreendemais\/wp-json\/wp\/v2\/pages\/57\/revisions\/74"}],"wp:attachment":[{"href":"https:\/\/sites.uel.br\/empreendemais\/wp-json\/wp\/v2\/media?parent=57"}],"curies":[{"name":"wp","href":"https:\/\/api.w.org\/{rel}","templated":true}]}}