{"id":55,"date":"2024-04-23T17:14:05","date_gmt":"2024-04-23T20:14:05","guid":{"rendered":"https:\/\/sites.uel.br\/empreendemais\/?page_id=55"},"modified":"2024-04-25T18:13:04","modified_gmt":"2024-04-25T21:13:04","slug":"materiais","status":"publish","type":"page","link":"https:\/\/sites.uel.br\/empreendemais\/materiais\/","title":{"rendered":"Materiais"},"content":{"rendered":"\n<p>Para acessar o Power Point de Apresenta\u00e7\u00e3o do Projeto Empreende Mais <a href=\"https:\/\/1drv.ms\/b\/s!Asdg-BqIM7nsh-J9AsmI5iUe50nGGw?e=YctLm1\">clique aqui<\/a><\/p>\n\n\n\n<p>Para acessar o material de Gest\u00e3o Financeira <a href=\"https:\/\/1drv.ms\/f\/s!Asdg-BqIM7nsh-EB41mUYbKmrw3UWw\">clique aqui<\/a><\/p>\n\n\n\n<div class=\"wp-block-buttons is-content-justification-center is-layout-flex wp-container-core-buttons-is-layout-16018d1d wp-block-buttons-is-layout-flex\">\n<div class=\"wp-block-button\"><a class=\"wp-block-button__link wp-element-button\" href=\"https:\/\/sites.uel.br\/empreendemais\/\">Inscreva-se<\/a><\/div>\n<\/div>\n","protected":false},"excerpt":{"rendered":"<p>Para acessar o Power Point de Apresenta\u00e7\u00e3o do Projeto Empreende Mais clique aqui Para acessar o material de Gest\u00e3o Financeira clique aqui<\/p>\n","protected":false},"author":7,"featured_media":0,"parent":0,"menu_order":0,"comment_status":"closed","ping_status":"closed","template":"","meta":{"_acf_changed":false,"footnotes":""},"class_list":["post-55","page","type-page","status-publish","hentry"],"acf":[],"_links":{"self":[{"href":"https:\/\/sites.uel.br\/empreendemais\/wp-json\/wp\/v2\/pages\/55","targetHints":{"allow":["GET"]}}],"collection":[{"href":"https:\/\/sites.uel.br\/empreendemais\/wp-json\/wp\/v2\/pages"}],"about":[{"href":"https:\/\/sites.uel.br\/empreendemais\/wp-json\/wp\/v2\/types\/page"}],"author":[{"embeddable":true,"href":"https:\/\/sites.uel.br\/empreendemais\/wp-json\/wp\/v2\/users\/7"}],"replies":[{"embeddable":true,"href":"https:\/\/sites.uel.br\/empreendemais\/wp-json\/wp\/v2\/comments?post=55"}],"version-history":[{"count":4,"href":"https:\/\/sites.uel.br\/empreendemais\/wp-json\/wp\/v2\/pages\/55\/revisions"}],"predecessor-version":[{"id":84,"href":"https:\/\/sites.uel.br\/empreendemais\/wp-json\/wp\/v2\/pages\/55\/revisions\/84"}],"wp:attachment":[{"href":"https:\/\/sites.uel.br\/empreendemais\/wp-json\/wp\/v2\/media?parent=55"}],"curies":[{"name":"wp","href":"https:\/\/api.w.org\/{rel}","templated":true}]}}