{"id":53,"date":"2024-04-23T17:13:47","date_gmt":"2024-04-23T20:13:47","guid":{"rendered":"https:\/\/sites.uel.br\/empreendemais\/?page_id=53"},"modified":"2024-07-06T10:27:41","modified_gmt":"2024-07-06T13:27:41","slug":"professores","status":"publish","type":"page","link":"https:\/\/sites.uel.br\/empreendemais\/professores\/","title":{"rendered":"Professores"},"content":{"rendered":"\n<p>CURSO 1 \u2013 <strong>EMPREENDEDORISMO<\/strong>: ALAVANCANDO MEU NEG\u00d3CIO<br>Prof.: Dr. Lucas Vieira de Ara\u00fajo \u2013 Depto de Comunica\u00e7\u00e3o Social da Universidade Estadual de Londrina<\/p>\n\n\n\n<p>CURSO 2 \u2013 <strong>TECNOLOGIA E INOVA\u00c7\u00c3O<\/strong><br>Prof.: Dr. Lucas Vieira de Ara\u00fajo \u2013 Depto de Comunica\u00e7\u00e3o Social da Universidade Estadual de Londrina<\/p>\n\n\n\n<p>CURSO 3 \u2013 <strong>GEST\u00c3O FINANCEIRA <\/strong><br>Prof. Dr. Aricieri Devid\u00e9 J\u00fanior \u2013 Depto de Economia da Universidade Estadual de Londrina<\/p>\n\n\n\n<p>CURSO 4 \u2013 <strong>MARKETING DE VENDAS<\/strong><br>Prof. Dr. Thiago Spiri Ferreira \u2013 Depto de Administra\u00e7\u00e3o da Universidade Estadual de Londrina<\/p>\n\n\n\n<p>CURSO 5 \u2013 <strong>MARKETING DIGITAL<\/strong><br>Prof. Dr. Thiago Spiri Ferreira \u2013 Depto de Administra\u00e7\u00e3o da Universidade Estadual de Londrina<\/p>\n\n\n\n<p>CURSO 6 &#8211; <strong>GEST\u00c3O DE CONTROLE E DE PESSOAS<\/strong><br>Prof.\u00aa Dra. Lair Barroso Arraes Rocha Silva \u2013 Depto de Administra\u00e7\u00e3o<\/p>\n\n\n\n<div class=\"wp-block-buttons is-content-justification-center is-layout-flex wp-container-core-buttons-is-layout-16018d1d wp-block-buttons-is-layout-flex\">\n<div class=\"wp-block-button\"><a class=\"wp-block-button__link wp-element-button\" href=\"https:\/\/sites.uel.br\/empreendemais\/\">Inscreva-se<\/a><\/div>\n<\/div>\n","protected":false},"excerpt":{"rendered":"<p>CURSO 1 \u2013 EMPREENDEDORISMO: ALAVANCANDO MEU NEG\u00d3CIOProf.: Dr. Lucas Vieira de Ara\u00fajo \u2013 Depto de Comunica\u00e7\u00e3o Social da Universidade Estadual de Londrina CURSO 2 \u2013 TECNOLOGIA E INOVA\u00c7\u00c3OProf.: Dr. Lucas Vieira de Ara\u00fajo \u2013 Depto de Comunica\u00e7\u00e3o Social da Universidade Estadual de Londrina CURSO 3 \u2013 GEST\u00c3O FINANCEIRA Prof. Dr. Aricieri Devid\u00e9 J\u00fanior \u2013 Depto [&hellip;]<\/p>\n","protected":false},"author":7,"featured_media":0,"parent":0,"menu_order":0,"comment_status":"closed","ping_status":"closed","template":"","meta":{"_acf_changed":false,"footnotes":""},"class_list":["post-53","page","type-page","status-publish","hentry"],"acf":[],"_links":{"self":[{"href":"https:\/\/sites.uel.br\/empreendemais\/wp-json\/wp\/v2\/pages\/53","targetHints":{"allow":["GET"]}}],"collection":[{"href":"https:\/\/sites.uel.br\/empreendemais\/wp-json\/wp\/v2\/pages"}],"about":[{"href":"https:\/\/sites.uel.br\/empreendemais\/wp-json\/wp\/v2\/types\/page"}],"author":[{"embeddable":true,"href":"https:\/\/sites.uel.br\/empreendemais\/wp-json\/wp\/v2\/users\/7"}],"replies":[{"embeddable":true,"href":"https:\/\/sites.uel.br\/empreendemais\/wp-json\/wp\/v2\/comments?post=53"}],"version-history":[{"count":6,"href":"https:\/\/sites.uel.br\/empreendemais\/wp-json\/wp\/v2\/pages\/53\/revisions"}],"predecessor-version":[{"id":112,"href":"https:\/\/sites.uel.br\/empreendemais\/wp-json\/wp\/v2\/pages\/53\/revisions\/112"}],"wp:attachment":[{"href":"https:\/\/sites.uel.br\/empreendemais\/wp-json\/wp\/v2\/media?parent=53"}],"curies":[{"name":"wp","href":"https:\/\/api.w.org\/{rel}","templated":true}]}}