{"id":32,"date":"2024-04-17T20:39:51","date_gmt":"2024-04-17T23:39:51","guid":{"rendered":"https:\/\/sites.uel.br\/empreendemais\/?page_id=32"},"modified":"2024-04-25T18:13:20","modified_gmt":"2024-04-25T21:13:20","slug":"objetivo","status":"publish","type":"page","link":"https:\/\/sites.uel.br\/empreendemais\/objetivo\/","title":{"rendered":"Objetivo"},"content":{"rendered":"\n<hr class=\"wp-block-separator has-alpha-channel-opacity\" \/>\n\n\n\n<p class=\"has-text-align-center\">O Programa Paran\u00e1 Empreende Mais, criado e executado pelo Governo do Estado do Paran\u00e1 em parceria com as Universidades Estaduais, visa impulsionar o desenvolvimento socioecon\u00f4mico do estado atrav\u00e9s do fortalecimento e capacita\u00e7\u00e3o dos micro, pequenos e m\u00e9dios empres\u00e1rios, empreendedores individuais, informais e futuros empreendedores.<\/p>\n\n\n\n<p><strong>Principais Objetivos:<\/strong><\/p>\n\n\n\n<ol class=\"wp-block-list\">\n<li><strong>Qualifica\u00e7\u00e3o Empresarial:<\/strong> Oferecer capacita\u00e7\u00e3o e treinamento para empres\u00e1rios e empreendedores, fornecendo ferramentas e conhecimentos essenciais para o sucesso nos neg\u00f3cios.<\/li>\n\n\n\n<li><strong>Est\u00edmulo ao Empreendedorismo:<\/strong> Promover o empreendedorismo em todas as regi\u00f5es do Paran\u00e1, incentivando novos neg\u00f3cios e ideias inovadoras que contribuam para o crescimento econ\u00f4mico do estado.<\/li>\n\n\n\n<li><strong>Apoio \u00e0s Micro, Pequenas e M\u00e9dias Empresas:<\/strong> Fornecer suporte e orienta\u00e7\u00e3o espec\u00edfica para os segmentos de micro, pequenas e m\u00e9dias empresas, ajudando a superar desafios e alcan\u00e7ar maior competitividade no mercado.<\/li>\n\n\n\n<li><strong>Integra\u00e7\u00e3o Universidade-Empresa:<\/strong> Estabelecer uma ponte entre as institui\u00e7\u00f5es de ensino superior do Paran\u00e1 e o setor empresarial, promovendo a troca de conhecimento, tecnologia e experi\u00eancias para o benef\u00edcio m\u00fatuo.<\/li>\n\n\n\n<li><strong>Desenvolvimento Regional:<\/strong> Contribuir para o desenvolvimento equilibrado e sustent\u00e1vel de todas as regi\u00f5es do estado, gerando emprego, renda e oportunidades para a popula\u00e7\u00e3o local.<\/li>\n<\/ol>\n\n\n\n<p class=\"has-text-align-center\">O Programa Paran\u00e1 Empreende Mais \u00e9 uma iniciativa abrangente e inclusiva, que visa capacitar e apoiar os empreendedores paranaenses em sua jornada rumo ao sucesso e \u00e0 prosperidade, fortalecendo assim a economia do estado e melhorando a qualidade de vida de seus habitantes.<\/p>\n\n\n\n<div class=\"wp-block-buttons is-content-justification-center is-layout-flex wp-container-core-buttons-is-layout-16018d1d wp-block-buttons-is-layout-flex\">\n<div class=\"wp-block-button\"><a class=\"wp-block-button__link wp-element-button\" href=\"https:\/\/sites.uel.br\/empreendemais\/\">Inscreva-se<\/a><\/div>\n<\/div>\n","protected":false},"excerpt":{"rendered":"<p>O Programa Paran\u00e1 Empreende Mais, criado e executado pelo Governo do Estado do Paran\u00e1 em parceria com as Universidades Estaduais, visa impulsionar o desenvolvimento socioecon\u00f4mico do estado atrav\u00e9s do fortalecimento e capacita\u00e7\u00e3o dos micro, pequenos e m\u00e9dios empres\u00e1rios, empreendedores individuais, informais e futuros empreendedores. Principais Objetivos: O Programa Paran\u00e1 Empreende Mais \u00e9 uma iniciativa abrangente [&hellip;]<\/p>\n","protected":false},"author":7,"featured_media":0,"parent":0,"menu_order":0,"comment_status":"closed","ping_status":"closed","template":"","meta":{"_acf_changed":false,"footnotes":""},"class_list":["post-32","page","type-page","status-publish","hentry"],"acf":[],"_links":{"self":[{"href":"https:\/\/sites.uel.br\/empreendemais\/wp-json\/wp\/v2\/pages\/32","targetHints":{"allow":["GET"]}}],"collection":[{"href":"https:\/\/sites.uel.br\/empreendemais\/wp-json\/wp\/v2\/pages"}],"about":[{"href":"https:\/\/sites.uel.br\/empreendemais\/wp-json\/wp\/v2\/types\/page"}],"author":[{"embeddable":true,"href":"https:\/\/sites.uel.br\/empreendemais\/wp-json\/wp\/v2\/users\/7"}],"replies":[{"embeddable":true,"href":"https:\/\/sites.uel.br\/empreendemais\/wp-json\/wp\/v2\/comments?post=32"}],"version-history":[{"count":4,"href":"https:\/\/sites.uel.br\/empreendemais\/wp-json\/wp\/v2\/pages\/32\/revisions"}],"predecessor-version":[{"id":85,"href":"https:\/\/sites.uel.br\/empreendemais\/wp-json\/wp\/v2\/pages\/32\/revisions\/85"}],"wp:attachment":[{"href":"https:\/\/sites.uel.br\/empreendemais\/wp-json\/wp\/v2\/media?parent=32"}],"curies":[{"name":"wp","href":"https:\/\/api.w.org\/{rel}","templated":true}]}}