{"id":2,"date":"2021-03-21T23:36:11","date_gmt":"2021-03-22T02:36:11","guid":{"rendered":"https:\/\/sites.uel.br\/empreendemais\/?page_id=2"},"modified":"2025-11-19T22:57:37","modified_gmt":"2025-11-20T01:57:37","slug":"inscricoes","status":"publish","type":"page","link":"https:\/\/sites.uel.br\/empreendemais\/","title":{"rendered":"Cursos Paran\u00e1 Empreende Mais"},"content":{"rendered":"\n<h1 class=\"wp-block-heading has-text-align-center\">Encerramos nossas atividades deste ano e agradecemos a todos pela parceria. Voltaremos no pr\u00f3ximo ano com muitas novidades!<\/h1>\n\n\n\n<p class=\"has-text-align-center\"><\/p>\n\n\n\n<p class=\"has-text-align-center\"><\/p>\n\n\n\n<p class=\"has-text-align-center\">Cursos destinados <strong>a toda a comunidade<\/strong>, inclusive \u00e0queles que ainda n\u00e3o possuem empresa, mas desejam entender os elementos mais b\u00e1sicos da gest\u00e3o de um neg\u00f3cio.<\/p>\n\n\n\n<p><\/p>\n","protected":false},"excerpt":{"rendered":"<p>Encerramos nossas atividades deste ano e agradecemos a todos pela parceria. Voltaremos no pr\u00f3ximo ano com muitas novidades! Cursos destinados a toda a comunidade, inclusive \u00e0queles que ainda n\u00e3o possuem empresa, mas desejam entender os elementos mais b\u00e1sicos da gest\u00e3o de um neg\u00f3cio.<\/p>\n","protected":false},"author":1,"featured_media":0,"parent":0,"menu_order":0,"comment_status":"closed","ping_status":"closed","template":"","meta":{"_acf_changed":false,"footnotes":""},"class_list":["post-2","page","type-page","status-publish","hentry"],"acf":[],"_links":{"self":[{"href":"https:\/\/sites.uel.br\/empreendemais\/wp-json\/wp\/v2\/pages\/2","targetHints":{"allow":["GET"]}}],"collection":[{"href":"https:\/\/sites.uel.br\/empreendemais\/wp-json\/wp\/v2\/pages"}],"about":[{"href":"https:\/\/sites.uel.br\/empreendemais\/wp-json\/wp\/v2\/types\/page"}],"author":[{"embeddable":true,"href":"https:\/\/sites.uel.br\/empreendemais\/wp-json\/wp\/v2\/users\/1"}],"replies":[{"embeddable":true,"href":"https:\/\/sites.uel.br\/empreendemais\/wp-json\/wp\/v2\/comments?post=2"}],"version-history":[{"count":107,"href":"https:\/\/sites.uel.br\/empreendemais\/wp-json\/wp\/v2\/pages\/2\/revisions"}],"predecessor-version":[{"id":263,"href":"https:\/\/sites.uel.br\/empreendemais\/wp-json\/wp\/v2\/pages\/2\/revisions\/263"}],"wp:attachment":[{"href":"https:\/\/sites.uel.br\/empreendemais\/wp-json\/wp\/v2\/media?parent=2"}],"curies":[{"name":"wp","href":"https:\/\/api.w.org\/{rel}","templated":true}]}}