{"id":705,"date":"2022-09-15T15:40:22","date_gmt":"2022-09-15T18:40:22","guid":{"rendered":"https:\/\/sites.uel.br\/eleicoes\/?page_id=705"},"modified":"2022-09-16T14:06:49","modified_gmt":"2022-09-16T17:06:49","slug":"apuracao-d22","status":"publish","type":"page","link":"https:\/\/sites.uel.br\/eleicoes\/apuracao-d22\/","title":{"rendered":"Apura\u00e7\u00e3o (D22)"},"content":{"rendered":"\n<hr class=\"wp-block-separator has-alpha-channel-opacity is-style-wide\" \/>\n\n\n\n<p>Data: 15 de setembro de 2022<\/p>\n\n\n\n<p>Hor\u00e1rio: a partir das 22 horas (por centro em ordem alfab\u00e9tica)  &#8211;  CCA, CCB, CCE, CCS, CECA, CEFE, CESA, CLCH, CTU.<\/p>\n\n\n\n<hr class=\"wp-block-separator has-alpha-channel-opacity is-style-wide\" \/>\n\n\n\n<p><strong>RESULTADO DA ELEI\u00c7\u00c3O<\/strong> <\/p>\n\n\n\n<p>&#8211; Dados Gerais, <a href=\"https:\/\/sites.uel.br\/eleicoes\/wp-content\/uploads\/2022\/09\/Dados-Gerais-Eleic\u0327a\u0303o-Diretores-2022.pdf\" data-type=\"URL\" data-id=\"https:\/\/sites.uel.br\/eleicoes\/wp-content\/uploads\/2022\/09\/Dados-Gerais-Eleic\u0327a\u0303o-Diretores-2022.pdf\">clique aqui <\/a><\/p>\n\n\n\n<hr class=\"wp-block-separator has-alpha-channel-opacity is-style-wide\" \/>\n\n\n\n<p><strong>CCA<\/strong><\/p>\n\n\n\n<p>\u2013 Resultado da apura\u00e7\u00e3o dos votos,\u00a0<a href=\"https:\/\/sites.uel.br\/eleicoes\/wp-content\/uploads\/2022\/09\/PLANILHA-APURAC\u0327A\u0303O-CCA.pdf\" data-type=\"URL\" data-id=\"https:\/\/sites.uel.br\/eleicoes\/wp-content\/uploads\/2022\/09\/PLANILHA-APURAC\u0327A\u0303O-CCA.pdf\">clique aqui<\/a><\/p>\n\n\n\n<p>\u2013 Quadro de Docentes,&nbsp;<a href=\"https:\/\/sites.uel.br\/eleicoes\/wp-content\/uploads\/2022\/09\/Relatorio.pdf\" data-type=\"URL\" data-id=\"https:\/\/sites.uel.br\/eleicoes\/wp-content\/uploads\/2022\/09\/Relatorio.pdf\">clique aqui<\/a><\/p>\n\n\n\n<p>\u2013 Quadro de T\u00e9cnicos-Administrativos,&nbsp;<a href=\"https:\/\/sites.uel.br\/eleicoes\/wp-content\/uploads\/2022\/09\/Relatorio-1.pdf\" data-type=\"URL\" data-id=\"https:\/\/sites.uel.br\/eleicoes\/wp-content\/uploads\/2022\/09\/Relatorio-1.pdf\">clique aqui<\/a><\/p>\n\n\n\n<p>\u2013 Quadro de Estudantes,&nbsp;<a href=\"https:\/\/sites.uel.br\/eleicoes\/wp-content\/uploads\/2022\/09\/Relatorio-2.pdf\" data-type=\"URL\" data-id=\"https:\/\/sites.uel.br\/eleicoes\/wp-content\/uploads\/2022\/09\/Relatorio-2.pdf\">clique aqui<\/a><\/p>\n\n\n\n<p><strong>CCB<\/strong><\/p>\n\n\n\n<p>\u2013 Resultado da apura\u00e7\u00e3o dos votos,\u00a0<a href=\"https:\/\/sites.uel.br\/eleicoes\/wp-content\/uploads\/2022\/09\/PLANILHA-APURAC\u0327A\u0303O-CCB.pdf\" data-type=\"URL\" data-id=\"https:\/\/sites.uel.br\/eleicoes\/wp-content\/uploads\/2022\/09\/PLANILHA-APURAC\u0327A\u0303O-CCB.pdf\">clique aqui<\/a><\/p>\n\n\n\n<p>\u2013 Quadro de Docentes,&nbsp;<a href=\"https:\/\/sites.uel.br\/eleicoes\/wp-content\/uploads\/2022\/09\/Relatorio-3.pdf\" data-type=\"URL\" data-id=\"https:\/\/sites.uel.br\/eleicoes\/wp-content\/uploads\/2022\/09\/Relatorio-3.pdf\">clique aqui<\/a><\/p>\n\n\n\n<p>\u2013 Quadro de T\u00e9cnicos-Administrativos,&nbsp;<a href=\"https:\/\/sites.uel.br\/eleicoes\/wp-content\/uploads\/2022\/09\/Relatorio-4.pdf\" data-type=\"URL\" data-id=\"https:\/\/sites.uel.br\/eleicoes\/wp-content\/uploads\/2022\/09\/Relatorio-4.pdf\">clique aqui<\/a><\/p>\n\n\n\n<p>\u2013 Quadro de Estudantes,&nbsp;<a href=\"https:\/\/sites.uel.br\/eleicoes\/wp-content\/uploads\/2022\/09\/Relatorio-5.pdf\" data-type=\"URL\" data-id=\"https:\/\/sites.uel.br\/eleicoes\/wp-content\/uploads\/2022\/09\/Relatorio-5.pdf\">clique aqui<\/a><\/p>\n\n\n\n<p><strong>CCE<\/strong><\/p>\n\n\n\n<p>\u2013 Resultado da apura\u00e7\u00e3o dos votos,\u00a0<a href=\"https:\/\/sites.uel.br\/eleicoes\/wp-content\/uploads\/2022\/09\/PLANILHA-APURAC\u0327A\u0303O-CCE.pdf\" data-type=\"URL\" data-id=\"https:\/\/sites.uel.br\/eleicoes\/wp-content\/uploads\/2022\/09\/PLANILHA-APURAC\u0327A\u0303O-CCE.pdf\">clique aqui<\/a><\/p>\n\n\n\n<p>\u2013 Quadro de Docentes,&nbsp;<a href=\"https:\/\/sites.uel.br\/eleicoes\/wp-content\/uploads\/2022\/09\/Relatorio-6.pdf\" data-type=\"URL\" data-id=\"https:\/\/sites.uel.br\/eleicoes\/wp-content\/uploads\/2022\/09\/Relatorio-6.pdf\">clique aqui<\/a><\/p>\n\n\n\n<p>\u2013 Quadro de T\u00e9cnicos-Administrativos,&nbsp;<a href=\"https:\/\/sites.uel.br\/eleicoes\/wp-content\/uploads\/2022\/09\/Relatorio-7.pdf\" data-type=\"URL\" data-id=\"https:\/\/sites.uel.br\/eleicoes\/wp-content\/uploads\/2022\/09\/Relatorio-7.pdf\">clique aqui<\/a><\/p>\n\n\n\n<p>\u2013 Quadro de Estudantes,&nbsp;<a href=\"https:\/\/sites.uel.br\/eleicoes\/wp-content\/uploads\/2022\/09\/Relatorio-8.pdf\" data-type=\"URL\" data-id=\"https:\/\/sites.uel.br\/eleicoes\/wp-content\/uploads\/2022\/09\/Relatorio-8.pdf\">clique aqui<\/a><\/p>\n\n\n\n<p><strong>CCS<\/strong><\/p>\n\n\n\n<p>\u2013 Resultado da apura\u00e7\u00e3o dos votos,\u00a0<a href=\"https:\/\/sites.uel.br\/eleicoes\/wp-content\/uploads\/2022\/09\/PLANILHA-APURAC\u0327A\u0303O-CCS.pdf\" data-type=\"URL\" data-id=\"https:\/\/sites.uel.br\/eleicoes\/wp-content\/uploads\/2022\/09\/PLANILHA-APURAC\u0327A\u0303O-CCS.pdf\">clique aqui<\/a><\/p>\n\n\n\n<p>\u2013 Quadro de Docentes,&nbsp;<a href=\"https:\/\/sites.uel.br\/eleicoes\/wp-content\/uploads\/2022\/09\/Relatorio-9.pdf\" data-type=\"URL\" data-id=\"https:\/\/sites.uel.br\/eleicoes\/wp-content\/uploads\/2022\/09\/Relatorio-9.pdf\">clique aqui<\/a><\/p>\n\n\n\n<p>\u2013 Quadro de T\u00e9cnicos-Administrativos,&nbsp;<a href=\"https:\/\/sites.uel.br\/eleicoes\/wp-content\/uploads\/2022\/09\/Relatorio-10.pdf\" data-type=\"URL\" data-id=\"https:\/\/sites.uel.br\/eleicoes\/wp-content\/uploads\/2022\/09\/Relatorio-10.pdf\">clique aqui<\/a><\/p>\n\n\n\n<p>\u2013 Quadro de Estudantes,&nbsp;<a href=\"https:\/\/sites.uel.br\/eleicoes\/wp-content\/uploads\/2022\/09\/Relatorio-11.pdf\" data-type=\"URL\" data-id=\"https:\/\/sites.uel.br\/eleicoes\/wp-content\/uploads\/2022\/09\/Relatorio-11.pdf\">clique aqui<\/a><\/p>\n\n\n\n<p><strong>CECA<\/strong><\/p>\n\n\n\n<p>\u2013 Resultado da apura\u00e7\u00e3o dos votos,\u00a0<a href=\"https:\/\/sites.uel.br\/eleicoes\/wp-content\/uploads\/2022\/09\/PLANILHA-APURAC\u0327A\u0303O-CECA.pdf\" data-type=\"URL\" data-id=\"https:\/\/sites.uel.br\/eleicoes\/wp-content\/uploads\/2022\/09\/PLANILHA-APURAC\u0327A\u0303O-CECA.pdf\">clique aqui<\/a><\/p>\n\n\n\n<p>\u2013 Quadro de Docentes,&nbsp;<a href=\"https:\/\/sites.uel.br\/eleicoes\/wp-content\/uploads\/2022\/09\/Relatorio-12.pdf\" data-type=\"URL\" data-id=\"https:\/\/sites.uel.br\/eleicoes\/wp-content\/uploads\/2022\/09\/Relatorio-12.pdf\">clique aqui<\/a><\/p>\n\n\n\n<p>\u2013 Quadro de T\u00e9cnicos-Administrativos,&nbsp;<a href=\"https:\/\/sites.uel.br\/eleicoes\/wp-content\/uploads\/2022\/09\/Relatorio-13.pdf\" data-type=\"URL\" data-id=\"https:\/\/sites.uel.br\/eleicoes\/wp-content\/uploads\/2022\/09\/Relatorio-13.pdf\">clique aqui<\/a><\/p>\n\n\n\n<p>\u2013 Quadro de Estudantes,&nbsp;<a href=\"https:\/\/sites.uel.br\/eleicoes\/wp-content\/uploads\/2022\/09\/Relatorio-14.pdf\" data-type=\"URL\" data-id=\"https:\/\/sites.uel.br\/eleicoes\/wp-content\/uploads\/2022\/09\/Relatorio-14.pdf\">clique aqui<\/a><\/p>\n\n\n\n<p><strong>CEFE<\/strong><\/p>\n\n\n\n<p>\u2013 Resultado da apura\u00e7\u00e3o dos votos,\u00a0<a href=\"https:\/\/sites.uel.br\/eleicoes\/wp-content\/uploads\/2022\/09\/PLANILHA-APURAC\u0327A\u0303O-CEFE.pdf\" data-type=\"URL\" data-id=\"https:\/\/sites.uel.br\/eleicoes\/wp-content\/uploads\/2022\/09\/PLANILHA-APURAC\u0327A\u0303O-CEFE.pdf\">clique aqui<\/a><\/p>\n\n\n\n<p>\u2013 Quadro de Docentes,&nbsp;<a href=\"https:\/\/sites.uel.br\/eleicoes\/wp-content\/uploads\/2022\/09\/Relatorio-15.pdf\" data-type=\"URL\" data-id=\"https:\/\/sites.uel.br\/eleicoes\/wp-content\/uploads\/2022\/09\/Relatorio-15.pdf\">clique aqui<\/a><\/p>\n\n\n\n<p>\u2013 Quadro de T\u00e9cnicos-Administrativos,&nbsp;<a href=\"https:\/\/sites.uel.br\/eleicoes\/wp-content\/uploads\/2022\/09\/Relatorio-16.pdf\" data-type=\"URL\" data-id=\"https:\/\/sites.uel.br\/eleicoes\/wp-content\/uploads\/2022\/09\/Relatorio-16.pdf\">clique aqui<\/a><\/p>\n\n\n\n<p>\u2013 Quadro de Estudantes,&nbsp;<a href=\"https:\/\/sites.uel.br\/eleicoes\/wp-content\/uploads\/2022\/09\/Relatorio-17.pdf\" data-type=\"URL\" data-id=\"https:\/\/sites.uel.br\/eleicoes\/wp-content\/uploads\/2022\/09\/Relatorio-17.pdf\">clique aqui<\/a><\/p>\n\n\n\n<p><strong>CESA<\/strong><\/p>\n\n\n\n<p>\u2013 Resultado da apura\u00e7\u00e3o dos votos,\u00a0<a href=\"https:\/\/sites.uel.br\/eleicoes\/wp-content\/uploads\/2022\/09\/PLANILHA-APURAC\u0327A\u0303O-CESA.pdf\" data-type=\"URL\" data-id=\"https:\/\/sites.uel.br\/eleicoes\/wp-content\/uploads\/2022\/09\/PLANILHA-APURAC\u0327A\u0303O-CESA.pdf\">clique aqui<\/a><\/p>\n\n\n\n<p>\u2013 Quadro de Docentes,&nbsp;<a href=\"https:\/\/sites.uel.br\/eleicoes\/wp-content\/uploads\/2022\/09\/Relatorio-18.pdf\" data-type=\"URL\" data-id=\"https:\/\/sites.uel.br\/eleicoes\/wp-content\/uploads\/2022\/09\/Relatorio-18.pdf\">clique aqui<\/a><\/p>\n\n\n\n<p>\u2013 Quadro de T\u00e9cnicos-Administrativos,&nbsp;<a href=\"https:\/\/sites.uel.br\/eleicoes\/wp-content\/uploads\/2022\/09\/Relatorio-19.pdf\" data-type=\"URL\" data-id=\"https:\/\/sites.uel.br\/eleicoes\/wp-content\/uploads\/2022\/09\/Relatorio-19.pdf\">clique aqui<\/a><\/p>\n\n\n\n<p>\u2013 Quadro de Estudantes,&nbsp;<a href=\"https:\/\/sites.uel.br\/eleicoes\/wp-content\/uploads\/2022\/09\/Relatorio-20.pdf\" data-type=\"URL\" data-id=\"https:\/\/sites.uel.br\/eleicoes\/wp-content\/uploads\/2022\/09\/Relatorio-20.pdf\">clique aqui<\/a><\/p>\n\n\n\n<p><strong>CLCH<\/strong><\/p>\n\n\n\n<p>\u2013 Resultado da apura\u00e7\u00e3o dos votos,\u00a0<a href=\"https:\/\/sites.uel.br\/eleicoes\/wp-content\/uploads\/2022\/09\/PLANILHA-APURAC\u0327A\u0303O-CLCH.pdf\" data-type=\"URL\" data-id=\"https:\/\/sites.uel.br\/eleicoes\/wp-content\/uploads\/2022\/09\/PLANILHA-APURAC\u0327A\u0303O-CLCH.pdf\">clique aqui<\/a><\/p>\n\n\n\n<p>\u2013 Quadro de Docentes,&nbsp;<a href=\"https:\/\/sites.uel.br\/eleicoes\/wp-content\/uploads\/2022\/09\/Relatorio-21.pdf\" data-type=\"URL\" data-id=\"https:\/\/sites.uel.br\/eleicoes\/wp-content\/uploads\/2022\/09\/Relatorio-21.pdf\">clique aqui<\/a><\/p>\n\n\n\n<p>\u2013 Quadro de T\u00e9cnicos-Administrativos,&nbsp;<a href=\"https:\/\/sites.uel.br\/eleicoes\/wp-content\/uploads\/2022\/09\/Relatorio-22.pdf\" data-type=\"URL\" data-id=\"https:\/\/sites.uel.br\/eleicoes\/wp-content\/uploads\/2022\/09\/Relatorio-22.pdf\">clique aqui<\/a><\/p>\n\n\n\n<p>\u2013 Quadro de Estudantes,&nbsp;<a href=\"https:\/\/sites.uel.br\/eleicoes\/wp-content\/uploads\/2022\/09\/Relatorio-23.pdf\" data-type=\"URL\" data-id=\"https:\/\/sites.uel.br\/eleicoes\/wp-content\/uploads\/2022\/09\/Relatorio-23.pdf\">clique aqui<\/a><\/p>\n\n\n\n<p><strong>CTU<\/strong><\/p>\n\n\n\n<p>\u2013 Resultado da apura\u00e7\u00e3o dos votos,\u00a0<a href=\"https:\/\/sites.uel.br\/eleicoes\/wp-content\/uploads\/2022\/09\/PLANILHA-APURAC\u0327A\u0303O-CTU.pdf\" data-type=\"URL\" data-id=\"https:\/\/sites.uel.br\/eleicoes\/wp-content\/uploads\/2022\/09\/PLANILHA-APURAC\u0327A\u0303O-CTU.pdf\">clique aqui<\/a><\/p>\n\n\n\n<p>\u2013 Quadro de Docentes,&nbsp;<a href=\"https:\/\/sites.uel.br\/eleicoes\/wp-content\/uploads\/2022\/09\/Relatorio-24.pdf\" data-type=\"URL\" data-id=\"https:\/\/sites.uel.br\/eleicoes\/wp-content\/uploads\/2022\/09\/Relatorio-24.pdf\">clique aqui<\/a><\/p>\n\n\n\n<p>\u2013 Quadro de T\u00e9cnicos-Administrativos,&nbsp;<a href=\"https:\/\/sites.uel.br\/eleicoes\/wp-content\/uploads\/2022\/09\/Relatorio-25.pdf\" data-type=\"URL\" data-id=\"https:\/\/sites.uel.br\/eleicoes\/wp-content\/uploads\/2022\/09\/Relatorio-25.pdf\">clique aqui<\/a><\/p>\n\n\n\n<p>\u2013 Quadro de Estudantes,&nbsp;<a href=\"https:\/\/sites.uel.br\/eleicoes\/wp-content\/uploads\/2022\/09\/Relatorio-26.pdf\" data-type=\"URL\" data-id=\"https:\/\/sites.uel.br\/eleicoes\/wp-content\/uploads\/2022\/09\/Relatorio-26.pdf\">clique aqui<\/a><\/p>\n","protected":false},"excerpt":{"rendered":"<p>Data: 15 de setembro de 2022 Hor\u00e1rio: a partir das 22 horas (por centro em ordem alfab\u00e9tica) &#8211; CCA, CCB, CCE, CCS, CECA, CEFE, CESA, CLCH, CTU. RESULTADO DA ELEI\u00c7\u00c3O &#8211; Dados Gerais, clique aqui CCA \u2013 Resultado da apura\u00e7\u00e3o dos votos,\u00a0clique aqui \u2013 Quadro de Docentes,&nbsp;clique aqui \u2013 Quadro de T\u00e9cnicos-Administrativos,&nbsp;clique aqui \u2013 Quadro [&hellip;]<\/p>\n","protected":false},"author":9,"featured_media":0,"parent":0,"menu_order":0,"comment_status":"closed","ping_status":"closed","template":"","meta":{"footnotes":""},"class_list":["post-705","page","type-page","status-publish","hentry"],"acf":[],"_links":{"self":[{"href":"https:\/\/sites.uel.br\/eleicoes\/wp-json\/wp\/v2\/pages\/705","targetHints":{"allow":["GET"]}}],"collection":[{"href":"https:\/\/sites.uel.br\/eleicoes\/wp-json\/wp\/v2\/pages"}],"about":[{"href":"https:\/\/sites.uel.br\/eleicoes\/wp-json\/wp\/v2\/types\/page"}],"author":[{"embeddable":true,"href":"https:\/\/sites.uel.br\/eleicoes\/wp-json\/wp\/v2\/users\/9"}],"replies":[{"embeddable":true,"href":"https:\/\/sites.uel.br\/eleicoes\/wp-json\/wp\/v2\/comments?post=705"}],"version-history":[{"count":13,"href":"https:\/\/sites.uel.br\/eleicoes\/wp-json\/wp\/v2\/pages\/705\/revisions"}],"predecessor-version":[{"id":761,"href":"https:\/\/sites.uel.br\/eleicoes\/wp-json\/wp\/v2\/pages\/705\/revisions\/761"}],"wp:attachment":[{"href":"https:\/\/sites.uel.br\/eleicoes\/wp-json\/wp\/v2\/media?parent=705"}],"curies":[{"name":"wp","href":"https:\/\/api.w.org\/{rel}","templated":true}]}}