{"id":599,"date":"2022-09-08T16:32:45","date_gmt":"2022-09-08T19:32:45","guid":{"rendered":"https:\/\/sites.uel.br\/eleicoes\/?page_id=599"},"modified":"2022-09-14T18:02:57","modified_gmt":"2022-09-14T21:02:57","slug":"votacao-d22","status":"publish","type":"page","link":"https:\/\/sites.uel.br\/eleicoes\/votacao-d22\/","title":{"rendered":"Vota\u00e7\u00e3o (D22)"},"content":{"rendered":"\n<hr class=\"wp-block-separator has-alpha-channel-opacity is-style-wide\" \/>\n\n\n\n<p>A elei\u00e7\u00e3o ser\u00e1 realizada no dia 15 de setembro de 2022, no per\u00edodo ininterrupto das 8:00 \u00e0s 22:00 horas, exclusivamente de forma eletr\u00f4nica, via&nbsp;Sistema SAELE, e o eleitor poder\u00e1 efetuar seu voto em qualquer computador ligado \u00e0 Internet.<\/p>\n\n\n\n<div class=\"wp-block-columns is-layout-flex wp-container-core-columns-is-layout-9d6595d7 wp-block-columns-is-layout-flex\">\n<div class=\"wp-block-column is-layout-flow wp-block-column-is-layout-flow\">\n<p class=\"has-text-align-center has-cinza-claro-color has-laranja-destaque-background-color has-text-color has-background\"><strong>VOTA\u00c7\u00c3O<\/strong><\/p>\n\n\n\n<p class=\"has-text-align-center\"><strong>CCA<\/strong>: <a href=\"https:\/\/saele.uel.br\/saele\/LoginEleicoes.php?CodConcurso=639\">https:\/\/saele.uel.br\/saele\/LoginEleicoes.php?CodConcurso=639<\/a><\/p>\n\n\n\n<p class=\"has-text-align-center\"><strong>CCB<\/strong>: <a href=\"https:\/\/saele.uel.br\/saele\/LoginEleicoes.php?CodConcurso=635\">https:\/\/saele.uel.br\/saele\/LoginEleicoes.php?CodConcurso=635<\/a><\/p>\n\n\n\n<p class=\"has-text-align-center\"><strong>CCE<\/strong>: <a href=\"https:\/\/saele.uel.br\/saele\/LoginEleicoes.php?CodConcurso=641\">https:\/\/saele.uel.br\/saele\/LoginEleicoes.php?CodConcurso=641<\/a><\/p>\n\n\n\n<p class=\"has-text-align-center\"><strong>CCS<\/strong>: <a href=\"https:\/\/saele.uel.br\/saele\/LoginEleicoes.php?CodConcurso=632\">https:\/\/saele.uel.br\/saele\/LoginEleicoes.php?CodConcurso=632<\/a><\/p>\n\n\n\n<p class=\"has-text-align-center\"><strong>CECA<\/strong>: <a href=\"https:\/\/saele.uel.br\/saele\/LoginEleicoes.php?CodConcurso=633\">https:\/\/saele.uel.br\/saele\/LoginEleicoes.php?CodConcurso=633<\/a><\/p>\n\n\n\n<p class=\"has-text-align-center\"><strong>CEFE<\/strong>: <a rel=\"noreferrer noopener\" href=\"https:\/\/saele.uel.br\/saele\/LoginEleicoes.php?CodConcurso=637\" target=\"_blank\">https:\/\/saele.uel.br\/saele\/LoginEleicoes.php?CodConcurso=637<\/a><\/p>\n\n\n\n<p class=\"has-text-align-center\"><strong>CESA<\/strong>: <a href=\"https:\/\/saele.uel.br\/saele\/LoginEleicoes.php?CodConcurso=636\">https:\/\/saele.uel.br\/saele\/LoginEleicoes.php?CodConcurso=636<\/a><\/p>\n\n\n\n<p class=\"has-text-align-center\"><strong>CLCH<\/strong>: <a href=\"https:\/\/saele.uel.br\/saele\/LoginEleicoes.php?CodConcurso=640\">https:\/\/saele.uel.br\/saele\/LoginEleicoes.php?CodConcurso=640<\/a><\/p>\n\n\n\n<p class=\"has-text-align-center\"><strong>CTU<\/strong>: <a href=\"https:\/\/saele.uel.br\/saele\/LoginEleicoes.php?CodConcurso=638\">https:\/\/saele.uel.br\/saele\/LoginEleicoes.php?CodConcurso=638<\/a><\/p>\n<\/div>\n\n\n\n<div class=\"wp-block-column is-layout-flow wp-block-column-is-layout-flow\">\n<p class=\"has-text-align-center has-cinza-claro-color has-cinza-background-color has-text-color has-background\"><strong>PONTOS DE VOTA\u00c7\u00c3O<\/strong><\/p>\n\n\n\n<p class=\"has-text-align-center\"><strong><a href=\"https:\/\/sites.uel.br\/eleicoes\/wp-content\/uploads\/2022\/09\/Edital02-CCA.pdf\" data-type=\"URL\" data-id=\"https:\/\/sites.uel.br\/eleicoes\/wp-content\/uploads\/2022\/09\/Edital02-CCA.pdf\">CCA<\/a><\/strong><\/p>\n\n\n\n<p class=\"has-text-align-center\"><strong><a href=\"https:\/\/sites.uel.br\/eleicoes\/wp-content\/uploads\/2022\/09\/Edital-CC-CCB-02-2022-Locais-de-votacao.pdf\" data-type=\"URL\" data-id=\"https:\/\/sites.uel.br\/eleicoes\/wp-content\/uploads\/2022\/09\/Edital-CC-CCB-02-2022-Locais-de-votacao.pdf\">CCB<\/a><\/strong><\/p>\n\n\n\n<p class=\"has-text-align-center\"><strong><a href=\"https:\/\/sites.uel.br\/eleicoes\/wp-content\/uploads\/2022\/09\/Edital-04.pdf\" data-type=\"URL\" data-id=\"https:\/\/sites.uel.br\/eleicoes\/wp-content\/uploads\/2022\/09\/Edital-04.pdf\">CCE<\/a><\/strong><\/p>\n\n\n\n<p class=\"has-text-align-center\"><strong><a href=\"https:\/\/sites.uel.br\/eleicoes\/wp-content\/uploads\/2022\/09\/OF.03-Edital-eleic\u0327o\u0303es-Diretor-e-Vice-diretor_CCS.pdf\" data-type=\"URL\" data-id=\"https:\/\/sites.uel.br\/eleicoes\/wp-content\/uploads\/2022\/09\/OF.03-Edital-eleic\u0327o\u0303es-Diretor-e-Vice-diretor_CCS.pdf\">CCS<\/a><\/strong><\/p>\n\n\n\n<p class=\"has-text-align-center\"><strong><a href=\"https:\/\/sites.uel.br\/eleicoes\/wp-content\/uploads\/2022\/09\/EDITAL-No-02-DIVULGACAO-ELEICAO-PARA-DIRETOR-E-VICE-DIRETOR-DO-CECA.pdf\" data-type=\"URL\" data-id=\"https:\/\/sites.uel.br\/eleicoes\/wp-content\/uploads\/2022\/09\/EDITAL-No-02-DIVULGACAO-ELEICAO-PARA-DIRETOR-E-VICE-DIRETOR-DO-CECA.pdf\">CECA<\/a><\/strong><\/p>\n\n\n\n<p class=\"has-text-align-center\"><strong><a href=\"https:\/\/sites.uel.br\/eleicoes\/wp-content\/uploads\/2022\/09\/cefe.pdf\" data-type=\"URL\" data-id=\"https:\/\/sites.uel.br\/eleicoes\/wp-content\/uploads\/2022\/09\/cefe.pdf\">CEFE<\/a><\/strong><\/p>\n\n\n\n<p class=\"has-text-align-center\"><strong><a href=\"https:\/\/sites.uel.br\/eleicoes\/wp-content\/uploads\/2022\/09\/Edital-02-2022-COMISSAO-ELEITORAL-CESA.pdf\" data-type=\"URL\" data-id=\"https:\/\/sites.uel.br\/eleicoes\/wp-content\/uploads\/2022\/09\/Edital-02-2022-COMISSAO-ELEITORAL-CESA.pdf\">CESA<\/a><\/strong><\/p>\n\n\n\n<p class=\"has-text-align-center\"><strong><a href=\"https:\/\/sites.uel.br\/eleicoes\/wp-content\/uploads\/2022\/09\/Edital-02-Divulgacao-horario-e-local-de-votacao.pdf\" data-type=\"URL\" data-id=\"https:\/\/sites.uel.br\/eleicoes\/wp-content\/uploads\/2022\/09\/Edital-02-Divulgacao-horario-e-local-de-votacao.pdf\">CLCH<\/a><\/strong><\/p>\n\n\n\n<p class=\"has-text-align-center\"><strong><a href=\"https:\/\/sites.uel.br\/eleicoes\/wp-content\/uploads\/2022\/09\/CTU-Edital-de-divulgaA\u0303\u00a7A\u0303o-da-eleiA\u0303\u00a7A\u0303o-diretor-e-vice-diretor-2022.pdf\" data-type=\"URL\" data-id=\"https:\/\/sites.uel.br\/eleicoes\/wp-content\/uploads\/2022\/09\/CTU-Edital-de-divulgaA\u0303\u00a7A\u0303o-da-eleiA\u0303\u00a7A\u0303o-diretor-e-vice-diretor-2022.pdf\">CTU<\/a><\/strong><\/p>\n<\/div>\n<\/div>\n\n\n\n<p><\/p>\n\n\n\n<p><\/p>\n","protected":false},"excerpt":{"rendered":"<p>A elei\u00e7\u00e3o ser\u00e1 realizada no dia 15 de setembro de 2022, no per\u00edodo ininterrupto das 8:00 \u00e0s 22:00 horas, exclusivamente de forma eletr\u00f4nica, via&nbsp;Sistema SAELE, e o eleitor poder\u00e1 efetuar seu voto em qualquer computador ligado \u00e0 Internet. VOTA\u00c7\u00c3O CCA: https:\/\/saele.uel.br\/saele\/LoginEleicoes.php?CodConcurso=639 CCB: https:\/\/saele.uel.br\/saele\/LoginEleicoes.php?CodConcurso=635 CCE: https:\/\/saele.uel.br\/saele\/LoginEleicoes.php?CodConcurso=641 CCS: https:\/\/saele.uel.br\/saele\/LoginEleicoes.php?CodConcurso=632 CECA: https:\/\/saele.uel.br\/saele\/LoginEleicoes.php?CodConcurso=633 CEFE: https:\/\/saele.uel.br\/saele\/LoginEleicoes.php?CodConcurso=637 CESA: https:\/\/saele.uel.br\/saele\/LoginEleicoes.php?CodConcurso=636 CLCH: https:\/\/saele.uel.br\/saele\/LoginEleicoes.php?CodConcurso=640 [&hellip;]<\/p>\n","protected":false},"author":9,"featured_media":0,"parent":0,"menu_order":0,"comment_status":"closed","ping_status":"closed","template":"","meta":{"footnotes":""},"class_list":["post-599","page","type-page","status-publish","hentry"],"acf":[],"_links":{"self":[{"href":"https:\/\/sites.uel.br\/eleicoes\/wp-json\/wp\/v2\/pages\/599","targetHints":{"allow":["GET"]}}],"collection":[{"href":"https:\/\/sites.uel.br\/eleicoes\/wp-json\/wp\/v2\/pages"}],"about":[{"href":"https:\/\/sites.uel.br\/eleicoes\/wp-json\/wp\/v2\/types\/page"}],"author":[{"embeddable":true,"href":"https:\/\/sites.uel.br\/eleicoes\/wp-json\/wp\/v2\/users\/9"}],"replies":[{"embeddable":true,"href":"https:\/\/sites.uel.br\/eleicoes\/wp-json\/wp\/v2\/comments?post=599"}],"version-history":[{"count":28,"href":"https:\/\/sites.uel.br\/eleicoes\/wp-json\/wp\/v2\/pages\/599\/revisions"}],"predecessor-version":[{"id":702,"href":"https:\/\/sites.uel.br\/eleicoes\/wp-json\/wp\/v2\/pages\/599\/revisions\/702"}],"wp:attachment":[{"href":"https:\/\/sites.uel.br\/eleicoes\/wp-json\/wp\/v2\/media?parent=599"}],"curies":[{"name":"wp","href":"https:\/\/api.w.org\/{rel}","templated":true}]}}