{"id":495,"date":"2022-08-31T11:18:45","date_gmt":"2022-08-31T14:18:45","guid":{"rendered":"https:\/\/sites.uel.br\/eleicoes\/?page_id=495"},"modified":"2022-09-08T16:42:00","modified_gmt":"2022-09-08T19:42:00","slug":"apresentacao-2","status":"publish","type":"page","link":"https:\/\/sites.uel.br\/eleicoes\/apresentacao-2\/","title":{"rendered":"Apresenta\u00e7\u00e3o (D22)"},"content":{"rendered":"\n<hr class=\"wp-block-separator has-alpha-channel-opacity is-style-wide\" \/>\n\n\n\n<p>Elei\u00e7\u00f5es para Diretores de Centro ocorre no dia 15\/09\/2022, mediante voto \u00fanico, direto e secreto, com a participa\u00e7\u00e3o da Comunidade Universit\u00e1ria do respectivo Centro de Estudos. <\/p>\n\n\n\n<p>Os Diretor e Vice-Diretores dos Centros de Estudos da Universidade ser\u00e3o renomeados pela Reitora, conforme resultado da elei\u00e7\u00e3o processada de acordo com as normas do regimento. <\/p>\n\n\n\n<p><\/p>\n\n\n\n<p><\/p>\n","protected":false},"excerpt":{"rendered":"<p>Elei\u00e7\u00f5es para Diretores de Centro ocorre no dia 15\/09\/2022, mediante voto \u00fanico, direto e secreto, com a participa\u00e7\u00e3o da Comunidade Universit\u00e1ria do respectivo Centro de Estudos. Os Diretor e Vice-Diretores dos Centros de Estudos da Universidade ser\u00e3o renomeados pela Reitora, conforme resultado da elei\u00e7\u00e3o processada de acordo com as normas do regimento.<\/p>\n","protected":false},"author":4,"featured_media":0,"parent":0,"menu_order":0,"comment_status":"closed","ping_status":"closed","template":"","meta":{"footnotes":""},"class_list":["post-495","page","type-page","status-publish","hentry"],"acf":[],"_links":{"self":[{"href":"https:\/\/sites.uel.br\/eleicoes\/wp-json\/wp\/v2\/pages\/495","targetHints":{"allow":["GET"]}}],"collection":[{"href":"https:\/\/sites.uel.br\/eleicoes\/wp-json\/wp\/v2\/pages"}],"about":[{"href":"https:\/\/sites.uel.br\/eleicoes\/wp-json\/wp\/v2\/types\/page"}],"author":[{"embeddable":true,"href":"https:\/\/sites.uel.br\/eleicoes\/wp-json\/wp\/v2\/users\/4"}],"replies":[{"embeddable":true,"href":"https:\/\/sites.uel.br\/eleicoes\/wp-json\/wp\/v2\/comments?post=495"}],"version-history":[{"count":7,"href":"https:\/\/sites.uel.br\/eleicoes\/wp-json\/wp\/v2\/pages\/495\/revisions"}],"predecessor-version":[{"id":609,"href":"https:\/\/sites.uel.br\/eleicoes\/wp-json\/wp\/v2\/pages\/495\/revisions\/609"}],"wp:attachment":[{"href":"https:\/\/sites.uel.br\/eleicoes\/wp-json\/wp\/v2\/media?parent=495"}],"curies":[{"name":"wp","href":"https:\/\/api.w.org\/{rel}","templated":true}]}}