{"id":466,"date":"2022-08-31T11:04:15","date_gmt":"2022-08-31T14:04:15","guid":{"rendered":"https:\/\/sites.uel.br\/eleicoes\/?page_id=466"},"modified":"2022-08-31T15:57:59","modified_gmt":"2022-08-31T18:57:59","slug":"eleicoes-anteriores","status":"publish","type":"page","link":"https:\/\/sites.uel.br\/eleicoes\/eleicoes-anteriores\/","title":{"rendered":"Elei\u00e7\u00f5es Anteriores"},"content":{"rendered":"\n<div class=\"wp-block-columns is-layout-flex wp-container-core-columns-is-layout-9d6595d7 wp-block-columns-is-layout-flex\">\n<div class=\"wp-block-column is-layout-flow wp-block-column-is-layout-flow\">\n<p class=\"has-text-align-center has-laranja-destaque-background-color has-background\" style=\"font-size:26px\"><strong>Elei\u00e7\u00e3o &#8211; 2022 <\/strong><br><strong>Reitoria da UEL<\/strong><\/p>\n\n\n\n<div class=\"wp-block-buttons is-layout-flex wp-block-buttons-is-layout-flex\">\n<div class=\"wp-block-button aligncenter\"><a class=\"wp-block-button__link has-verde-claro-color has-text-color\" href=\"https:\/\/sites.uel.br\/eleicoes\/apresentacao\/\">Apresenta\u00e7\u00e3o<\/a><\/div>\n\n\n\n<div class=\"wp-block-button aligncenter\"><a class=\"wp-block-button__link has-verde-claro-color has-text-color\" href=\"https:\/\/sites.uel.br\/eleicoes\/resolucao\/\">Resolu\u00e7\u00f5es<\/a><\/div>\n\n\n\n<div class=\"wp-block-button aligncenter\"><a class=\"wp-block-button__link has-verde-claro-color has-text-color\" href=\"https:\/\/sites.uel.br\/eleicoes\/inscricoes-de-chapas\/\">Informativos<\/a><\/div>\n\n\n\n<div class=\"wp-block-button aligncenter\"><a class=\"wp-block-button__link has-verde-claro-color has-text-color\" href=\"https:\/\/sites.uel.br\/eleicoes\/regras-para-propaganda-eleitoral\/\">Propaganda eleitoral<\/a><\/div>\n\n\n\n<div class=\"wp-block-button aligncenter\"><a class=\"wp-block-button__link has-verde-claro-color has-text-color\" href=\"https:\/\/sites.uel.br\/eleicoes\/paginas-dos-candidatos\/\">Informa\u00e7\u00e3o dos Candidatos<\/a><\/div>\n\n\n\n<div class=\"wp-block-button aligncenter\"><a class=\"wp-block-button__link has-verde-claro-color has-text-color\" href=\"https:\/\/sites.uel.br\/eleicoes\/votantes\/\">Vota\u00e7\u00e3o<\/a><\/div>\n\n\n\n<div class=\"wp-block-button aligncenter\"><a class=\"wp-block-button__link has-verde-claro-color has-text-color\" href=\"https:\/\/sites.uel.br\/eleicoes\/apuracao\/\">Apura\u00e7\u00e3o da Vota\u00e7\u00e3o<\/a><\/div>\n<\/div>\n\n\n\n<p><\/p>\n<\/div>\n\n\n\n<div class=\"wp-block-column is-layout-flow wp-block-column-is-layout-flow\"><\/div>\n<\/div>\n\n\n\n<hr class=\"wp-block-separator has-text-color has-laranja-destaque-color has-alpha-channel-opacity has-laranja-destaque-background-color has-background is-style-wide\" \/>\n","protected":false},"excerpt":{"rendered":"<p>Elei\u00e7\u00e3o &#8211; 2022 Reitoria da UEL<\/p>\n","protected":false},"author":4,"featured_media":0,"parent":0,"menu_order":0,"comment_status":"closed","ping_status":"closed","template":"","meta":{"footnotes":""},"class_list":["post-466","page","type-page","status-publish","hentry"],"acf":[],"_links":{"self":[{"href":"https:\/\/sites.uel.br\/eleicoes\/wp-json\/wp\/v2\/pages\/466","targetHints":{"allow":["GET"]}}],"collection":[{"href":"https:\/\/sites.uel.br\/eleicoes\/wp-json\/wp\/v2\/pages"}],"about":[{"href":"https:\/\/sites.uel.br\/eleicoes\/wp-json\/wp\/v2\/types\/page"}],"author":[{"embeddable":true,"href":"https:\/\/sites.uel.br\/eleicoes\/wp-json\/wp\/v2\/users\/4"}],"replies":[{"embeddable":true,"href":"https:\/\/sites.uel.br\/eleicoes\/wp-json\/wp\/v2\/comments?post=466"}],"version-history":[{"count":10,"href":"https:\/\/sites.uel.br\/eleicoes\/wp-json\/wp\/v2\/pages\/466\/revisions"}],"predecessor-version":[{"id":503,"href":"https:\/\/sites.uel.br\/eleicoes\/wp-json\/wp\/v2\/pages\/466\/revisions\/503"}],"wp:attachment":[{"href":"https:\/\/sites.uel.br\/eleicoes\/wp-json\/wp\/v2\/media?parent=466"}],"curies":[{"name":"wp","href":"https:\/\/api.w.org\/{rel}","templated":true}]}}