{"id":404,"date":"2022-04-12T09:40:27","date_gmt":"2022-04-12T12:40:27","guid":{"rendered":"https:\/\/sites.uel.br\/eleicoes\/?page_id=404"},"modified":"2022-08-31T11:16:28","modified_gmt":"2022-08-31T14:16:28","slug":"apuracao","status":"publish","type":"page","link":"https:\/\/sites.uel.br\/eleicoes\/apuracao\/","title":{"rendered":"Apura\u00e7\u00e3o (R22)"},"content":{"rendered":"\n<hr class=\"wp-block-separator is-style-wide\" \/>\n\n\n\n<p>Data: 12 de abril de 2022 <\/p>\n\n\n\n<p>Hor\u00e1rio: 22 horas<\/p>\n\n\n\n<hr class=\"wp-block-separator is-style-wide\" \/>\n\n\n\n<p><strong>RESULTADO DA ELEI\u00c7\u00c3O<\/strong><\/p>\n\n\n\n<hr class=\"wp-block-separator is-style-wide\" \/>\n\n\n\n<p>\u00a0Informamos que a elei\u00e7\u00e3o ocorreu dentro das normalidades previstas, sendo que a chapa composta por\u00a0<strong>MARTA FAVARO E AIRTON PETRIS <\/strong>foi a Vencedora.<\/p>\n\n\n\n<p>&#8211; Resultado da apura\u00e7\u00e3o dos votos, <a href=\"https:\/\/sites.uel.br\/eleicoes\/wp-content\/uploads\/2022\/04\/Resultado-eleicao.pdf\" data-type=\"URL\" data-id=\"https:\/\/sites.uel.br\/eleicoes\/wp-content\/uploads\/2022\/04\/Resultado-eleicao.pdf\">clique aqui<\/a><\/p>\n\n\n\n<p>&#8211; Quadro de Docentes, <a href=\"https:\/\/sites.uel.br\/eleicoes\/wp-content\/uploads\/2022\/04\/Relatorio-docentes.pdf\" data-type=\"URL\" data-id=\"https:\/\/sites.uel.br\/eleicoes\/wp-content\/uploads\/2022\/04\/Relatorio-docentes.pdf\">clique aqui<\/a><\/p>\n\n\n\n<p>&#8211; Quadro de T\u00e9cnicos-Administrativos, <a href=\"https:\/\/sites.uel.br\/eleicoes\/wp-content\/uploads\/2022\/04\/Relatorio-tecnicos.pdf\" data-type=\"URL\" data-id=\"https:\/\/sites.uel.br\/eleicoes\/wp-content\/uploads\/2022\/04\/Relatorio-tecnicos.pdf\">clique aqui<\/a><\/p>\n\n\n\n<p>&#8211; Quadro de Estudantes, <a href=\"https:\/\/sites.uel.br\/eleicoes\/wp-content\/uploads\/2022\/04\/Relatorio-estudantes.pdf\" data-type=\"URL\" data-id=\"https:\/\/sites.uel.br\/eleicoes\/wp-content\/uploads\/2022\/04\/Relatorio-estudantes.pdf\">clique aqui <\/a><\/p>\n\n\n\n<hr class=\"wp-block-separator is-style-wide\" \/>\n\n\n\n<p>Na apura\u00e7\u00e3o dos votos foi observada a seguinte f\u00f3rmula:<\/p>\n\n\n\n<p><\/p>\n\n\n\n<div class=\"wp-block-image\"><figure class=\"aligncenter size-full\"><img loading=\"lazy\" decoding=\"async\" width=\"544\" height=\"218\" src=\"https:\/\/sites.uel.br\/eleicoes\/wp-content\/uploads\/2022\/04\/image-2.png\" alt=\"\" class=\"wp-image-413\" srcset=\"https:\/\/sites.uel.br\/eleicoes\/wp-content\/uploads\/2022\/04\/image-2.png 544w, https:\/\/sites.uel.br\/eleicoes\/wp-content\/uploads\/2022\/04\/image-2-300x120.png 300w\" sizes=\"auto, (max-width: 544px) 100vw, 544px\" \/><figcaption><a href=\"https:\/\/sites.uel.br\/eleicoes\/wp-content\/uploads\/2022\/03\/Res.-CU-No-095-2021.pdf\" data-type=\"URL\" data-id=\"https:\/\/sites.uel.br\/eleicoes\/wp-content\/uploads\/2022\/03\/Res.-CU-No-095-2021.pdf\">Resolu\u00e7\u00e3o C.U 095\/2021<\/a><\/figcaption><\/figure><\/div>\n\n\n\n<hr class=\"wp-block-separator is-style-wide\" \/>\n\n\n\n<p style=\"font-size:17px\"><\/p>\n\n\n\n<p><\/p>\n","protected":false},"excerpt":{"rendered":"<p>Data: 12 de abril de 2022 Hor\u00e1rio: 22 horas RESULTADO DA ELEI\u00c7\u00c3O \u00a0Informamos que a elei\u00e7\u00e3o ocorreu dentro das normalidades previstas, sendo que a chapa composta por\u00a0MARTA FAVARO E AIRTON PETRIS foi a Vencedora. &#8211; Resultado da apura\u00e7\u00e3o dos votos, clique aqui &#8211; Quadro de Docentes, clique aqui &#8211; Quadro de T\u00e9cnicos-Administrativos, clique aqui &#8211; [&hellip;]<\/p>\n","protected":false},"author":6,"featured_media":0,"parent":0,"menu_order":0,"comment_status":"closed","ping_status":"closed","template":"","meta":{"footnotes":""},"class_list":["post-404","page","type-page","status-publish","hentry"],"acf":[],"_links":{"self":[{"href":"https:\/\/sites.uel.br\/eleicoes\/wp-json\/wp\/v2\/pages\/404","targetHints":{"allow":["GET"]}}],"collection":[{"href":"https:\/\/sites.uel.br\/eleicoes\/wp-json\/wp\/v2\/pages"}],"about":[{"href":"https:\/\/sites.uel.br\/eleicoes\/wp-json\/wp\/v2\/types\/page"}],"author":[{"embeddable":true,"href":"https:\/\/sites.uel.br\/eleicoes\/wp-json\/wp\/v2\/users\/6"}],"replies":[{"embeddable":true,"href":"https:\/\/sites.uel.br\/eleicoes\/wp-json\/wp\/v2\/comments?post=404"}],"version-history":[{"count":15,"href":"https:\/\/sites.uel.br\/eleicoes\/wp-json\/wp\/v2\/pages\/404\/revisions"}],"predecessor-version":[{"id":480,"href":"https:\/\/sites.uel.br\/eleicoes\/wp-json\/wp\/v2\/pages\/404\/revisions\/480"}],"wp:attachment":[{"href":"https:\/\/sites.uel.br\/eleicoes\/wp-json\/wp\/v2\/media?parent=404"}],"curies":[{"name":"wp","href":"https:\/\/api.w.org\/{rel}","templated":true}]}}