{"id":20,"date":"2022-03-11T10:36:12","date_gmt":"2022-03-11T13:36:12","guid":{"rendered":"https:\/\/sites.uel.br\/eleicoes\/?page_id=20"},"modified":"2022-08-31T11:17:39","modified_gmt":"2022-08-31T14:17:39","slug":"regras-para-propaganda-eleitoral","status":"publish","type":"page","link":"https:\/\/sites.uel.br\/eleicoes\/regras-para-propaganda-eleitoral\/","title":{"rendered":"Regras para propaganda eleitoral (R22)"},"content":{"rendered":"\n<hr class=\"wp-block-separator is-style-wide\" \/>\n\n\n\n<p><a href=\"https:\/\/sites.uel.br\/eleicoes\/wp-content\/uploads\/2022\/03\/OFICIO-CIRCULAR-03-REGRAS-PARA-CAMPANHA-ELEITORAL-ASSINADO.pdf\" data-type=\"URL\" data-id=\"https:\/\/sites.uel.br\/eleicoes\/wp-content\/uploads\/2022\/03\/OFICIO-CIRCULAR-03-REGRAS-PARA-CAMPANHA-ELEITORAL-ASSINADO.pdf\">Of\u00edcio Circular CE.03\/2022<\/a> &#8211; Regras de Propaganda Eleitoral <\/p>\n\n\n\n<p><a href=\"https:\/\/sites.uel.br\/eleicoes\/wp-content\/uploads\/2022\/03\/Adendo-ao-OF.CIRC_.CE_.02-2022.pdf\" data-type=\"URL\" data-id=\"https:\/\/sites.uel.br\/eleicoes\/wp-content\/uploads\/2022\/03\/Adendo-ao-OF.CIRC_.CE_.02-2022.pdf\">Adendo ao Of\u00edcio Circular CE.03\/2022<\/a> &#8211; Regras de Propaganda Eleitoral<\/p>\n\n\n\n<p><a href=\"https:\/\/sites.uel.br\/eleicoes\/wp-content\/uploads\/2022\/03\/OFICIO-CIRCULAR-04-FAIXAS-HU.pdf\" data-type=\"URL\" data-id=\"https:\/\/sites.uel.br\/eleicoes\/wp-content\/uploads\/2022\/03\/OFICIO-CIRCULAR-04-FAIXAS-HU.pdf\">Of\u00edcio Circular CE.04\/2022<\/a> &#8211;  Coloca\u00e7\u00e3o de Faixas no Hospital Universit\u00e1rio<\/p>\n","protected":false},"excerpt":{"rendered":"<p>Of\u00edcio Circular CE.03\/2022 &#8211; Regras de Propaganda Eleitoral Adendo ao Of\u00edcio Circular CE.03\/2022 &#8211; Regras de Propaganda Eleitoral Of\u00edcio Circular CE.04\/2022 &#8211; Coloca\u00e7\u00e3o de Faixas no Hospital Universit\u00e1rio<\/p>\n","protected":false},"author":4,"featured_media":0,"parent":0,"menu_order":0,"comment_status":"closed","ping_status":"closed","template":"","meta":{"footnotes":""},"class_list":["post-20","page","type-page","status-publish","hentry"],"acf":[],"_links":{"self":[{"href":"https:\/\/sites.uel.br\/eleicoes\/wp-json\/wp\/v2\/pages\/20","targetHints":{"allow":["GET"]}}],"collection":[{"href":"https:\/\/sites.uel.br\/eleicoes\/wp-json\/wp\/v2\/pages"}],"about":[{"href":"https:\/\/sites.uel.br\/eleicoes\/wp-json\/wp\/v2\/types\/page"}],"author":[{"embeddable":true,"href":"https:\/\/sites.uel.br\/eleicoes\/wp-json\/wp\/v2\/users\/4"}],"replies":[{"embeddable":true,"href":"https:\/\/sites.uel.br\/eleicoes\/wp-json\/wp\/v2\/comments?post=20"}],"version-history":[{"count":9,"href":"https:\/\/sites.uel.br\/eleicoes\/wp-json\/wp\/v2\/pages\/20\/revisions"}],"predecessor-version":[{"id":491,"href":"https:\/\/sites.uel.br\/eleicoes\/wp-json\/wp\/v2\/pages\/20\/revisions\/491"}],"wp:attachment":[{"href":"https:\/\/sites.uel.br\/eleicoes\/wp-json\/wp\/v2\/media?parent=20"}],"curies":[{"name":"wp","href":"https:\/\/api.w.org\/{rel}","templated":true}]}}