{"id":17,"date":"2022-03-11T10:36:12","date_gmt":"2022-03-11T13:36:12","guid":{"rendered":"https:\/\/sites.uel.br\/eleicoes\/?page_id=17"},"modified":"2022-08-31T11:17:16","modified_gmt":"2022-08-31T14:17:16","slug":"inscricoes-de-chapas","status":"publish","type":"page","link":"https:\/\/sites.uel.br\/eleicoes\/inscricoes-de-chapas\/","title":{"rendered":"Informativos (R22)"},"content":{"rendered":"\n<hr class=\"wp-block-separator is-style-wide\" \/>\n\n\n\n<p><a href=\"https:\/\/sites.uel.br\/eleicoes\/wp-content\/uploads\/2022\/04\/OFICIO-CIRCULAR-05-SERVIDORES-CREDENCIADOS.pdf\" data-type=\"URL\" data-id=\"https:\/\/sites.uel.br\/eleicoes\/wp-content\/uploads\/2022\/04\/OFICIO-CIRCULAR-05-SERVIDORES-CREDENCIADOS.pdf\">OF.CIR.CE 05\/2022<\/a> &#8211; Servidores credenciados pela comiss\u00e3o para auxiliar os eleitores no dia da vota\u00e7\u00e3o.<\/p>\n\n\n\n<p>Informa\u00e7\u00f5es para os fiscais e servidores credenciados para o dia da vota\u00e7\u00e3o, <a href=\"https:\/\/sites.uel.br\/eleicoes\/wp-content\/uploads\/2022\/04\/INFORMATIVOS-PARA-VOTACAO.pdf\" data-type=\"URL\" data-id=\"https:\/\/sites.uel.br\/eleicoes\/wp-content\/uploads\/2022\/04\/INFORMATIVOS-PARA-VOTACAO.pdf\">clique aqui<\/a>.<\/p>\n\n\n\n<hr class=\"wp-block-separator is-style-wide\" \/>\n\n\n\n<p><a href=\"https:\/\/sites.uel.br\/eleicoes\/wp-content\/uploads\/2022\/04\/Nota-a-Comunidade-Universitaria-da-UEL-pdf.pdf\" data-type=\"URL\" data-id=\"https:\/\/sites.uel.br\/eleicoes\/wp-content\/uploads\/2022\/04\/Nota-a-Comunidade-Universitaria-da-UEL-pdf.pdf\">NOTA \u00c0 COMUNIDADE UNIVERSIT\u00c1RIA DA UEL<\/a>, esclarecimentos sobre recebimento de e-mail com propaganda eleitoral de uma das chapas \u00e0 Reitoria da UEL<\/p>\n\n\n\n<hr class=\"wp-block-separator is-style-wide\" \/>\n\n\n\n<p><strong>ENTREVISTA COM OS CANDIDATOS &#8211; TV UEL <\/strong><\/p>\n\n\n\n<p><\/p>\n\n\n\n<p>Entrevista com Gabriel e Marcelo, <a href=\"https:\/\/www.youtube.com\/watch?v=JH_-NNS3R-0\" data-type=\"URL\" data-id=\"https:\/\/www.youtube.com\/watch?v=JH_-NNS3R-0\">clique aqui<\/a><\/p>\n\n\n\n<p>Entrevista com Frederico e Patr\u00edcia, <a href=\"https:\/\/www.youtube.com\/watch?v=mfN2qlLGw_I\" data-type=\"URL\" data-id=\"https:\/\/www.youtube.com\/watch?v=mfN2qlLGw_I\">clique aqui<\/a> <\/p>\n\n\n\n<p>Entrevista com Marta e Airton, <a href=\"https:\/\/www.youtube.com\/watch?v=zYtlp74ur3k\" data-type=\"URL\" data-id=\"https:\/\/www.youtube.com\/watch?v=zYtlp74ur3k\">clique aqui<\/a><\/p>\n\n\n\n<p>Entrevista com Nilson e Laura, <a href=\"https:\/\/www.youtube.com\/watch?v=LZBeeq9CI1o\" data-type=\"URL\" data-id=\"https:\/\/www.youtube.com\/watch?v=LZBeeq9CI1o\">clique aqui<\/a> <\/p>\n\n\n\n<hr class=\"wp-block-separator is-style-wide\" \/>\n\n\n\n<p class=\"has-medium-font-size\"><strong>REGISTRO DE CHAPAS<\/strong><\/p>\n\n\n\n<p><\/p>\n\n\n\n<p><strong>Local<\/strong>: Divis\u00e3o de Protocolo e Comunica\u00e7\u00e3o<\/p>\n\n\n\n<p><strong>Per\u00edodo<\/strong>: 14 e 15 de mar\u00e7o de 2022<\/p>\n\n\n\n<p><strong>Hor\u00e1rio:<\/strong> 8h \u00e0s 12h e das 14h  \u00e0s 18h<\/p>\n\n\n\n<p><\/p>\n\n\n\n<p><\/p>\n\n\n\n<p><\/p>\n","protected":false},"excerpt":{"rendered":"<p>OF.CIR.CE 05\/2022 &#8211; Servidores credenciados pela comiss\u00e3o para auxiliar os eleitores no dia da vota\u00e7\u00e3o. Informa\u00e7\u00f5es para os fiscais e servidores credenciados para o dia da vota\u00e7\u00e3o, clique aqui. NOTA \u00c0 COMUNIDADE UNIVERSIT\u00c1RIA DA UEL, esclarecimentos sobre recebimento de e-mail com propaganda eleitoral de uma das chapas \u00e0 Reitoria da UEL ENTREVISTA COM OS CANDIDATOS [&hellip;]<\/p>\n","protected":false},"author":4,"featured_media":0,"parent":0,"menu_order":0,"comment_status":"closed","ping_status":"closed","template":"","meta":{"footnotes":""},"class_list":["post-17","page","type-page","status-publish","hentry"],"acf":[],"_links":{"self":[{"href":"https:\/\/sites.uel.br\/eleicoes\/wp-json\/wp\/v2\/pages\/17","targetHints":{"allow":["GET"]}}],"collection":[{"href":"https:\/\/sites.uel.br\/eleicoes\/wp-json\/wp\/v2\/pages"}],"about":[{"href":"https:\/\/sites.uel.br\/eleicoes\/wp-json\/wp\/v2\/types\/page"}],"author":[{"embeddable":true,"href":"https:\/\/sites.uel.br\/eleicoes\/wp-json\/wp\/v2\/users\/4"}],"replies":[{"embeddable":true,"href":"https:\/\/sites.uel.br\/eleicoes\/wp-json\/wp\/v2\/comments?post=17"}],"version-history":[{"count":16,"href":"https:\/\/sites.uel.br\/eleicoes\/wp-json\/wp\/v2\/pages\/17\/revisions"}],"predecessor-version":[{"id":488,"href":"https:\/\/sites.uel.br\/eleicoes\/wp-json\/wp\/v2\/pages\/17\/revisions\/488"}],"wp:attachment":[{"href":"https:\/\/sites.uel.br\/eleicoes\/wp-json\/wp\/v2\/media?parent=17"}],"curies":[{"name":"wp","href":"https:\/\/api.w.org\/{rel}","templated":true}]}}