{"id":16,"date":"2022-03-11T10:36:12","date_gmt":"2022-03-11T13:36:12","guid":{"rendered":"https:\/\/sites.uel.br\/eleicoes\/?page_id=16"},"modified":"2022-08-31T11:17:43","modified_gmt":"2022-08-31T14:17:43","slug":"resolucao","status":"publish","type":"page","link":"https:\/\/sites.uel.br\/eleicoes\/resolucao\/","title":{"rendered":"Resolu\u00e7\u00e3o (R22)"},"content":{"rendered":"\n<hr class=\"wp-block-separator is-style-wide\" \/>\n\n\n\n<p><a href=\"https:\/\/sites.uel.br\/eleicoes\/wp-content\/uploads\/2022\/04\/Ato-Executivo-082-2009.pdf\" data-type=\"URL\" data-id=\"https:\/\/sites.uel.br\/eleicoes\/wp-content\/uploads\/2022\/04\/Ato-Executivo-082-2009.pdf\">Ato Executivo n\u00b0 082\/2009<\/a>, institui normas para utiliza\u00e7\u00e3o de &#8220;e-mail&#8221; e &#8220;diret\u00f3rios de rede&#8221; disponibilizados pela UEL.<\/p>\n\n\n\n<p><a href=\"https:\/\/sites.uel.br\/eleicoes\/wp-content\/uploads\/2022\/03\/Resolucao-3035-de-1996.pdf\">Resolu\u00e7\u00e3o n\u00b0 3.035\/1996,<\/a> que regulamenta a divulga\u00e7\u00e3o, escrita e sonora, de eventos e outras atividades.<\/p>\n\n\n\n<p><a href=\"https:\/\/sites.uel.br\/eleicoes\/wp-content\/uploads\/2022\/03\/Res.-CU-No-095-2021.pdf\" data-type=\"URL\" data-id=\"https:\/\/sites.uel.br\/eleicoes\/wp-content\/uploads\/2022\/03\/Res.-CU-No-095-2021.pdf\">Resolu\u00e7\u00e3o C.U. n\u00b0 095\/2021<\/a>, que estabelece o Regimento Eleitoral.<\/p>\n\n\n\n<p><a href=\"https:\/\/sites.uel.br\/eleicoes\/wp-content\/uploads\/2022\/03\/Resolucao-C.U.-010-2022.pdf\" data-type=\"URL\" data-id=\"https:\/\/sites.uel.br\/eleicoes\/wp-content\/uploads\/2022\/03\/Resolucao-C.U.-010-2022.pdf\">Resolu\u00e7\u00e3o C.U. n\u00b0 010\/2022<\/a>, que complementa o Regimento Eleitoral. <\/p>\n","protected":false},"excerpt":{"rendered":"<p>Ato Executivo n\u00b0 082\/2009, institui normas para utiliza\u00e7\u00e3o de &#8220;e-mail&#8221; e &#8220;diret\u00f3rios de rede&#8221; disponibilizados pela UEL. Resolu\u00e7\u00e3o n\u00b0 3.035\/1996, que regulamenta a divulga\u00e7\u00e3o, escrita e sonora, de eventos e outras atividades. Resolu\u00e7\u00e3o C.U. n\u00b0 095\/2021, que estabelece o Regimento Eleitoral. Resolu\u00e7\u00e3o C.U. n\u00b0 010\/2022, que complementa o Regimento Eleitoral.<\/p>\n","protected":false},"author":4,"featured_media":0,"parent":0,"menu_order":0,"comment_status":"closed","ping_status":"closed","template":"","meta":{"footnotes":""},"class_list":["post-16","page","type-page","status-publish","hentry"],"acf":[],"_links":{"self":[{"href":"https:\/\/sites.uel.br\/eleicoes\/wp-json\/wp\/v2\/pages\/16","targetHints":{"allow":["GET"]}}],"collection":[{"href":"https:\/\/sites.uel.br\/eleicoes\/wp-json\/wp\/v2\/pages"}],"about":[{"href":"https:\/\/sites.uel.br\/eleicoes\/wp-json\/wp\/v2\/types\/page"}],"author":[{"embeddable":true,"href":"https:\/\/sites.uel.br\/eleicoes\/wp-json\/wp\/v2\/users\/4"}],"replies":[{"embeddable":true,"href":"https:\/\/sites.uel.br\/eleicoes\/wp-json\/wp\/v2\/comments?post=16"}],"version-history":[{"count":31,"href":"https:\/\/sites.uel.br\/eleicoes\/wp-json\/wp\/v2\/pages\/16\/revisions"}],"predecessor-version":[{"id":492,"href":"https:\/\/sites.uel.br\/eleicoes\/wp-json\/wp\/v2\/pages\/16\/revisions\/492"}],"wp:attachment":[{"href":"https:\/\/sites.uel.br\/eleicoes\/wp-json\/wp\/v2\/media?parent=16"}],"curies":[{"name":"wp","href":"https:\/\/api.w.org\/{rel}","templated":true}]}}