{"id":15,"date":"2022-03-11T10:36:12","date_gmt":"2022-03-11T13:36:12","guid":{"rendered":"https:\/\/sites.uel.br\/eleicoes\/?page_id=15"},"modified":"2022-08-31T11:16:32","modified_gmt":"2022-08-31T14:16:32","slug":"apresentacao","status":"publish","type":"page","link":"https:\/\/sites.uel.br\/eleicoes\/apresentacao\/","title":{"rendered":"Apresenta\u00e7\u00e3o (R22)"},"content":{"rendered":"\n<hr class=\"wp-block-separator is-style-wide\" \/>\n\n\n\n<p>A Universidade Estadual de Londrina no dia <strong>12 de abril de 2022,<\/strong> estar\u00e1 realizando o processo eleitoral com vistas \u00e0 escolha do Reitor e Vice-Reitor para o mandato 2022-2026, e se for o caso, em segundo turno no dia 27 de abril de 2022, no <strong>per\u00edodo ininterrupto das 08:00 \u00e0s 22:00 horas.  <\/strong><\/p>\n\n\n\n<p><\/p>\n\n\n\n<p>A elei\u00e7\u00e3o ser\u00e1 realizada via <a href=\"https:\/\/saele.uel.br\/saele\/\" data-type=\"URL\" data-id=\"https:\/\/saele.uel.br\/saele\/\">Sistema SAELE<\/a>, dispon\u00edvel na plataforma de software p\u00fablico do Governo Federal.  <br><\/p>\n\n\n\n<p>Nesta p\u00e1gina (Elei\u00e7\u00f5es UEL &#8211; 2022), a Comiss\u00e3o Eleitoral designada pela Portaria N\u00b0 3956 &#8211; 21\/12\/2021, disponibilizar\u00e1 todas as informa\u00e7\u00f5es para orientar os eleitores.<\/p>\n\n\n\n<p><\/p>\n\n\n\n<p><\/p>\n","protected":false},"excerpt":{"rendered":"<p>A Universidade Estadual de Londrina no dia 12 de abril de 2022, estar\u00e1 realizando o processo eleitoral com vistas \u00e0 escolha do Reitor e Vice-Reitor para o mandato 2022-2026, e se for o caso, em segundo turno no dia 27 de abril de 2022, no per\u00edodo ininterrupto das 08:00 \u00e0s 22:00 horas. A elei\u00e7\u00e3o ser\u00e1 [&hellip;]<\/p>\n","protected":false},"author":4,"featured_media":0,"parent":0,"menu_order":0,"comment_status":"closed","ping_status":"closed","template":"","meta":{"footnotes":""},"class_list":["post-15","page","type-page","status-publish","hentry"],"acf":[],"_links":{"self":[{"href":"https:\/\/sites.uel.br\/eleicoes\/wp-json\/wp\/v2\/pages\/15","targetHints":{"allow":["GET"]}}],"collection":[{"href":"https:\/\/sites.uel.br\/eleicoes\/wp-json\/wp\/v2\/pages"}],"about":[{"href":"https:\/\/sites.uel.br\/eleicoes\/wp-json\/wp\/v2\/types\/page"}],"author":[{"embeddable":true,"href":"https:\/\/sites.uel.br\/eleicoes\/wp-json\/wp\/v2\/users\/4"}],"replies":[{"embeddable":true,"href":"https:\/\/sites.uel.br\/eleicoes\/wp-json\/wp\/v2\/comments?post=15"}],"version-history":[{"count":15,"href":"https:\/\/sites.uel.br\/eleicoes\/wp-json\/wp\/v2\/pages\/15\/revisions"}],"predecessor-version":[{"id":481,"href":"https:\/\/sites.uel.br\/eleicoes\/wp-json\/wp\/v2\/pages\/15\/revisions\/481"}],"wp:attachment":[{"href":"https:\/\/sites.uel.br\/eleicoes\/wp-json\/wp\/v2\/media?parent=15"}],"curies":[{"name":"wp","href":"https:\/\/api.w.org\/{rel}","templated":true}]}}