{"id":141,"date":"2022-03-23T12:09:23","date_gmt":"2022-03-23T15:09:23","guid":{"rendered":"https:\/\/sites.uel.br\/eleicoes\/?page_id=141"},"modified":"2022-08-31T11:17:09","modified_gmt":"2022-08-31T14:17:09","slug":"paginas-dos-candidatos","status":"publish","type":"page","link":"https:\/\/sites.uel.br\/eleicoes\/paginas-dos-candidatos\/","title":{"rendered":"Informa\u00e7\u00f5es dos Candidatos (R22)"},"content":{"rendered":"\n<hr class=\"wp-block-separator is-style-wide\" \/>\n\n\n\n<div class=\"wp-block-columns is-layout-flex wp-container-core-columns-is-layout-9d6595d7 wp-block-columns-is-layout-flex\">\n<div class=\"wp-block-column is-layout-flow wp-block-column-is-layout-flow\">\n<p style=\"font-size:16px\"><strong><mark style=\"background-color:#e8fde7\" class=\"has-inline-color\">CHAPA 1 &#8211; UEL DE VOLTA PRA CASA<\/mark><\/strong><\/p>\n\n\n\n<p style=\"font-size:16px\"><\/p>\n\n\n\n<p style=\"font-size:16px\"><strong>Candidatos: <\/strong>Gabriel Giannattasio e Marcelo G. Canteri.<\/p>\n\n\n\n<p style=\"font-size:16px\"><strong>Facebook:<\/strong>&nbsp;<a rel=\"noreferrer noopener\" href=\"https:\/\/www.facebook.com\/ueldevoltapracasa\" target=\"_blank\">https:\/\/www.facebook.com\/ueldevoltapracasa<\/a><\/p>\n\n\n\n<p style=\"font-size:16px\"><strong>Instagram:&nbsp;<\/strong><a rel=\"noreferrer noopener\" href=\"https:\/\/www.instagram.com\/ueldevoltapracasa\/\" target=\"_blank\">https:\/\/www.instagram.com\/ueldevoltapracasa\/<\/a><\/p>\n<\/div>\n\n\n\n<div class=\"wp-block-column is-layout-flow wp-block-column-is-layout-flow\">\n<p style=\"font-size:16px\"><strong><mark style=\"background-color:#e8fde7\" class=\"has-inline-color\">CHAPA 2 &#8211; UEL: MUDAR \u00c9 PRECISO, MUDAR \u00c9 POSS\u00cdVEL<\/mark><\/strong><\/p>\n\n\n\n<p><\/p>\n\n\n\n<p style=\"font-size:16px\"><strong>Candidatos: <\/strong>Frederico e Patr\u00edcia.<\/p>\n\n\n\n<p style=\"font-size:16px\"><\/p>\n\n\n\n<p style=\"font-size:16px\"><strong>WhatsApp: <\/strong><a rel=\"noreferrer noopener\" href=\"https:\/\/chat.whatsapp.com\/Eg0dguNUc8mC7zjWPtVJPb\" target=\"_blank\"><\/a><a rel=\"noreferrer noopener\" href=\"https:\/\/chat.whatsapp.com\/CPqhmgta1dfHGp9helsEOE\" target=\"_blank\">https:\/\/chat.whatsapp.com\/CPqhmgta1dfHGp9helsEOE<\/a><\/p>\n\n\n\n<p style=\"font-size:16px\"><strong>Facebook:<\/strong> <a href=\"https:\/\/www.facebook.com\/apoiadoresmudarepossiveluel\">https:\/\/www.facebook.com\/apoiadoresmudarepossiveluel<\/a><\/p>\n\n\n\n<p style=\"font-size:16px\"><strong>Instagram:<\/strong> <a rel=\"noreferrer noopener\" href=\"https:\/\/www.instagram.com\/apoiadoresmudarepossiveluel\/\" target=\"_blank\">https:\/\/www.instagram.com\/apoiadoresmudarepossiveluel\/<\/a><\/p>\n\n\n\n<p style=\"font-size:16px\"><strong>Site: <\/strong><a rel=\"noreferrer noopener\" href=\"http:\/\/www.mudarepossivel.com.br\/\" target=\"_blank\">http:\/\/www.mudarepossivel.com.br<\/a><\/p>\n<\/div>\n<\/div>\n\n\n\n<hr class=\"wp-block-separator is-style-wide\" \/>\n\n\n\n<div class=\"wp-block-columns has-cinza-escuro-color has-text-color is-layout-flex wp-container-core-columns-is-layout-9d6595d7 wp-block-columns-is-layout-flex\">\n<div class=\"wp-block-column is-layout-flow wp-block-column-is-layout-flow\">\n<p style=\"font-size:16px\"><strong><mark style=\"background-color:#e8fde7\" class=\"has-inline-color\">CHAPA 3 &#8211; MAIS UEL <\/mark><\/strong><\/p>\n\n\n\n<p style=\"font-size:16px\"><strong>Candidatos: <\/strong>Marta Favaro e Airton Petris<\/p>\n\n\n\n<p style=\"font-size:16px\"><\/p>\n\n\n\n<p style=\"font-size:16px\"><strong>WhatsApp:&nbsp;<\/strong>43 99964-4220<\/p>\n\n\n\n<p style=\"font-size:16px\"><strong>E-mail:<\/strong>&nbsp;<a rel=\"noreferrer noopener\" href=\"mailto:maisuel2022@gmail.com\" target=\"_blank\">maisuel2022@gmail.com<\/a><\/p>\n\n\n\n<p style=\"font-size:16px\"><strong>Facebook:<\/strong> <a rel=\"noreferrer noopener\" href=\"http:\/\/facebook.com\/maisuel2022\" target=\"_blank\">facebook.com\/maisuel2022<\/a><\/p>\n\n\n\n<p style=\"font-size:16px\"><strong>Instagram: <\/strong><a rel=\"noreferrer noopener\" href=\"http:\/\/instagram.com\/maisuel2022\" target=\"_blank\">instagram.com\/maisuel2022<\/a><\/p>\n\n\n\n<p style=\"font-size:16px\"><strong>Site:<\/strong> <a rel=\"noreferrer noopener\" href=\"http:\/\/www.maisuel.com\/\" target=\"_blank\">www.maisuel.com<\/a>&nbsp;<\/p>\n<\/div>\n\n\n\n<div class=\"wp-block-column is-layout-flow wp-block-column-is-layout-flow\">\n<p style=\"font-size:16px\"><strong><mark style=\"background-color:#e8fde7\" class=\"has-inline-color\">CHAPA 4 &#8211; UEL VIVACIDADE<\/mark><\/strong><\/p>\n\n\n\n<p style=\"font-size:16px\"><strong>Candidatos: <\/strong>Nilson Magagnin e Laura Brandini<\/p>\n\n\n\n<p><\/p>\n\n\n\n<p style=\"font-size:16px\"><strong>WhatsApp: <\/strong>+55 43 99943-3602<\/p>\n\n\n\n<p style=\"font-size:16px\"><strong>E-mail:<\/strong> <a rel=\"noreferrer noopener\" href=\"mailto:uelvivacidade@gmail.com\" target=\"_blank\">uelvivacidade@gmail.com<\/a><\/p>\n\n\n\n<p style=\"font-size:16px\"><strong>Facebook: <\/strong><a rel=\"noreferrer noopener\" href=\"https:\/\/m.facebook.com\/uelvivacidade\/\" target=\"_blank\">https:\/\/m.facebook.com\/uelvivacidade\/<\/a><\/p>\n\n\n\n<p style=\"font-size:16px\"><strong>Instagram:<\/strong> <a rel=\"noreferrer noopener\" href=\"https:\/\/instagram.com\/uelvivacidade\" target=\"_blank\">https:\/\/instagram.com\/uelvivacidade<\/a><br><\/p>\n<\/div>\n<\/div>\n\n\n\n<p><\/p>\n\n\n\n<hr class=\"wp-block-separator is-style-wide\" \/>\n\n\n\n<div class=\"wp-block-group\"><div class=\"wp-block-group__inner-container is-layout-flow wp-block-group-is-layout-flow\">\n<p><\/p>\n\n\n\n<p><\/p>\n\n\n\n<hr class=\"wp-block-separator is-style-wide\" \/>\n\n\n\n<p><\/p>\n<\/div><\/div>\n\n\n\n<p><\/p>\n","protected":false},"excerpt":{"rendered":"<p>CHAPA 1 &#8211; UEL DE VOLTA PRA CASA Candidatos: Gabriel Giannattasio e Marcelo G. Canteri. Facebook:&nbsp;https:\/\/www.facebook.com\/ueldevoltapracasa Instagram:&nbsp;https:\/\/www.instagram.com\/ueldevoltapracasa\/ CHAPA 2 &#8211; UEL: MUDAR \u00c9 PRECISO, MUDAR \u00c9 POSS\u00cdVEL Candidatos: Frederico e Patr\u00edcia. WhatsApp: https:\/\/chat.whatsapp.com\/CPqhmgta1dfHGp9helsEOE Facebook: https:\/\/www.facebook.com\/apoiadoresmudarepossiveluel Instagram: https:\/\/www.instagram.com\/apoiadoresmudarepossiveluel\/ Site: http:\/\/www.mudarepossivel.com.br CHAPA 3 &#8211; MAIS UEL Candidatos: Marta Favaro e Airton Petris WhatsApp:&nbsp;43 99964-4220 E-mail:&nbsp;maisuel2022@gmail.com Facebook: facebook.com\/maisuel2022 [&hellip;]<\/p>\n","protected":false},"author":6,"featured_media":0,"parent":0,"menu_order":0,"comment_status":"closed","ping_status":"closed","template":"","meta":{"footnotes":""},"class_list":["post-141","page","type-page","status-publish","hentry"],"acf":[],"_links":{"self":[{"href":"https:\/\/sites.uel.br\/eleicoes\/wp-json\/wp\/v2\/pages\/141","targetHints":{"allow":["GET"]}}],"collection":[{"href":"https:\/\/sites.uel.br\/eleicoes\/wp-json\/wp\/v2\/pages"}],"about":[{"href":"https:\/\/sites.uel.br\/eleicoes\/wp-json\/wp\/v2\/types\/page"}],"author":[{"embeddable":true,"href":"https:\/\/sites.uel.br\/eleicoes\/wp-json\/wp\/v2\/users\/6"}],"replies":[{"embeddable":true,"href":"https:\/\/sites.uel.br\/eleicoes\/wp-json\/wp\/v2\/comments?post=141"}],"version-history":[{"count":29,"href":"https:\/\/sites.uel.br\/eleicoes\/wp-json\/wp\/v2\/pages\/141\/revisions"}],"predecessor-version":[{"id":487,"href":"https:\/\/sites.uel.br\/eleicoes\/wp-json\/wp\/v2\/pages\/141\/revisions\/487"}],"wp:attachment":[{"href":"https:\/\/sites.uel.br\/eleicoes\/wp-json\/wp\/v2\/media?parent=141"}],"curies":[{"name":"wp","href":"https:\/\/api.w.org\/{rel}","templated":true}]}}