{"id":95,"date":"2026-03-04T09:17:03","date_gmt":"2026-03-04T12:17:03","guid":{"rendered":"https:\/\/sites.uel.br\/eleicaoreitor2026\/?page_id=95"},"modified":"2026-04-07T17:16:03","modified_gmt":"2026-04-07T20:16:03","slug":"debates","status":"publish","type":"page","link":"https:\/\/sites.uel.br\/eleicaoreitor2026\/debates\/","title":{"rendered":"Debates"},"content":{"rendered":"\n<hr class=\"wp-block-separator has-text-color has-verde-escuro-color has-alpha-channel-opacity has-verde-escuro-background-color has-background is-style-wide\"\/>\n\n\n\n<p><\/p>\n\n\n\n<p class=\"has-text-align-center has-medium-font-size\"><strong>Reveja os debates atrav\u00e9s dos seguintes canais oficiais da UEL:<\/strong><\/p>\n\n\n\n<div class=\"wp-block-columns is-layout-flex wp-container-core-columns-is-layout-9d6595d7 wp-block-columns-is-layout-flex\">\n<div class=\"wp-block-column is-layout-flow wp-block-column-is-layout-flow\">\n<p class=\"has-text-align-center has-medium-font-size\"><a href=\"https:\/\/www.youtube.com\/@tvuel\/streams\"><strong>TV-UEL ao vivo<\/strong><\/a><\/p>\n\n\n\n<p class=\"has-text-align-center has-medium-font-size\"><a href=\"https:\/\/www.youtube.com\/@radiouelfm4614\/streams\"><strong>R\u00e1dio-UEL ao vivo<\/strong><\/a><\/p>\n<\/div>\n<\/div>\n\n\n\n<p>Segue abaixo os dias e hor\u00e1rios dos debates dos candidatos <strong>CHAPA 1<\/strong> e <strong>CHAPA 2<\/strong>:<\/p>\n\n\n\n<p><strong>Dia 23\/03\/2026<\/strong><br>Local: <strong>Anfiteatro CCB &#8211; Pinic\u00e3o<\/strong><br>Hor\u00e1rio: 9:00 horas<br>Mediadora: Val\u00e9ria Giani Alves Pereira<\/p>\n\n\n\n<p><strong>Dia 27\/03\/2026<\/strong><br>Local: <strong>Anfiteatro CCS &#8211; HU<\/strong><br>Hor\u00e1rio: 9:00 horas<br>Mediadora: Patr\u00edcia Zanin Heitzmann<\/p>\n\n\n\n<p><strong>Dia 30\/03\/2026<\/strong><br>Local: <strong>Anfiteatro Maior do CLCH<\/strong><br>Hor\u00e1rio: 19:30 horas<br>Mediador: Jacques Duilio Brancher<\/p>\n\n\n\n<p><strong>DEBATES &#8211; SORTEIOS &#8211; CHAPAS<\/strong>:<\/p>\n\n\n\n<div data-wp-interactive=\"core\/file\" class=\"wp-block-file\"><object data-wp-bind--hidden=\"!state.hasPdfPreview\" hidden class=\"wp-block-file__embed\" data=\"https:\/\/sites.uel.br\/eleicaoreitor2026\/wp-content\/uploads\/2026\/03\/Debate-e-Sorteios-em-10-03-2026.pdf\" type=\"application\/pdf\" style=\"width:100%;height:600px\" aria-label=\"Incorporado de Debate e Sorteios em 10-03-2026.\"><\/object><a id=\"wp-block-file--media-c12a41ea-042d-476f-ba4d-6019db98ef9f\" href=\"https:\/\/sites.uel.br\/eleicaoreitor2026\/wp-content\/uploads\/2026\/03\/Debate-e-Sorteios-em-10-03-2026.pdf\">Debate e Sorteios em 10-03-2026<\/a><a href=\"https:\/\/sites.uel.br\/eleicaoreitor2026\/wp-content\/uploads\/2026\/03\/Debate-e-Sorteios-em-10-03-2026.pdf\" class=\"wp-block-file__button wp-element-button\" download aria-describedby=\"wp-block-file--media-c12a41ea-042d-476f-ba4d-6019db98ef9f\">Baixar<\/a><\/div>\n","protected":false},"excerpt":{"rendered":"<p>Reveja os debates atrav\u00e9s dos seguintes canais oficiais da UEL: TV-UEL ao vivo R\u00e1dio-UEL ao vivo Segue abaixo os dias e hor\u00e1rios dos debates dos candidatos CHAPA 1 e CHAPA 2: Dia 23\/03\/2026Local: Anfiteatro CCB &#8211; Pinic\u00e3oHor\u00e1rio: 9:00 horasMediadora: Val\u00e9ria Giani Alves Pereira Dia 27\/03\/2026Local: Anfiteatro CCS &#8211; HUHor\u00e1rio: 9:00 horasMediadora: Patr\u00edcia Zanin Heitzmann Dia [&hellip;]<\/p>\n","protected":false},"author":6,"featured_media":0,"parent":0,"menu_order":0,"comment_status":"closed","ping_status":"closed","template":"","meta":{"_acf_changed":false,"_themeisle_gutenberg_block_has_review":false,"footnotes":""},"class_list":["post-95","page","type-page","status-publish","hentry"],"acf":[],"_links":{"self":[{"href":"https:\/\/sites.uel.br\/eleicaoreitor2026\/wp-json\/wp\/v2\/pages\/95","targetHints":{"allow":["GET"]}}],"collection":[{"href":"https:\/\/sites.uel.br\/eleicaoreitor2026\/wp-json\/wp\/v2\/pages"}],"about":[{"href":"https:\/\/sites.uel.br\/eleicaoreitor2026\/wp-json\/wp\/v2\/types\/page"}],"author":[{"embeddable":true,"href":"https:\/\/sites.uel.br\/eleicaoreitor2026\/wp-json\/wp\/v2\/users\/6"}],"replies":[{"embeddable":true,"href":"https:\/\/sites.uel.br\/eleicaoreitor2026\/wp-json\/wp\/v2\/comments?post=95"}],"version-history":[{"count":9,"href":"https:\/\/sites.uel.br\/eleicaoreitor2026\/wp-json\/wp\/v2\/pages\/95\/revisions"}],"predecessor-version":[{"id":351,"href":"https:\/\/sites.uel.br\/eleicaoreitor2026\/wp-json\/wp\/v2\/pages\/95\/revisions\/351"}],"wp:attachment":[{"href":"https:\/\/sites.uel.br\/eleicaoreitor2026\/wp-json\/wp\/v2\/media?parent=95"}],"curies":[{"name":"wp","href":"https:\/\/api.w.org\/{rel}","templated":true}]}}