{"id":89,"date":"2026-03-02T16:01:15","date_gmt":"2026-03-02T19:01:15","guid":{"rendered":"https:\/\/sites.uel.br\/eleicaoreitor2026\/?page_id=89"},"modified":"2026-03-11T11:16:10","modified_gmt":"2026-03-11T14:16:10","slug":"apuracao","status":"publish","type":"page","link":"https:\/\/sites.uel.br\/eleicaoreitor2026\/apuracao\/","title":{"rendered":"Apura\u00e7\u00e3o"},"content":{"rendered":"\n<hr class=\"wp-block-separator has-text-color has-verde-escuro-color has-alpha-channel-opacity has-verde-escuro-background-color has-background is-style-wide\"\/>\n\n\n\n<p>A apura\u00e7\u00e3o (conforme <a href=\"https:\/\/sites.uel.br\/eleicaoreitor2026\/wp-content\/uploads\/2026\/02\/Resolucao-C.U.-N.-064.2025-1.pdf\">RESOLU\u00c7\u00c3O C.U. N\u00ba 064\/2025<\/a> &#8211; Art. 28 Art. 29) ser\u00e1 realizada seguindo a seguinte ordem:<\/p>\n\n\n\n<ul class=\"wp-block-list\">\n<li>primeiro: link de vota\u00e7\u00e3o dos docentes;<\/li>\n\n\n\n<li>segundo: link de vota\u00e7\u00e3o dos t\u00e9cnico-administrativos;<\/li>\n\n\n\n<li>terceiro: link de vota\u00e7\u00e3o dos discentes.<\/li>\n<\/ul>\n\n\n\n<p><\/p>\n\n\n\n<p>O Sistema SAELE disponibilizar\u00e1, separadamente, por link de vota\u00e7\u00e3o, o relat\u00f3rio de votos por ordem de coloca\u00e7\u00e3o, contendo as seguintes informa\u00e7\u00f5es:<\/p>\n\n\n\n<p>I &#8211; o n\u00famero de eleitores docentes, o n\u00famero de votos nulos, brancos e v\u00e1lidos dos docentes;<br>II &#8211; o n\u00famero de eleitores t\u00e9cnico-administrativos, o n\u00famero de votos nulos, brancos e v\u00e1lidos dos t\u00e9cnico-administrativos;<br>III &#8211; o n\u00famero de eleitores discentes, o n\u00famero de votos nulos, brancos e v\u00e1lidos dos discentes.<\/p>\n\n\n\n<p>Os resultados ser\u00e3o apurados pelo somat\u00f3rio dos pesos individuais dos votos dos eleitores atribu\u00eddos a cada chapa inscrita, considerando at\u00e9 a terceira casa decimal.<\/p>\n\n\n\n<p>Par\u00e1grafo \u00danico. Na apura\u00e7\u00e3o dos votos ser\u00e1 observada a seguinte f\u00f3rmula:<\/p>\n\n\n<div class=\"wp-block-image\">\n<figure class=\"aligncenter size-large is-resized\"><img loading=\"lazy\" decoding=\"async\" width=\"1024\" height=\"235\" src=\"https:\/\/sites.uel.br\/eleicaoreitor2026\/wp-content\/uploads\/2026\/03\/imagem_2026-03-11_110935668-1024x235.png\" alt=\"\" class=\"wp-image-167\" style=\"width:279px;height:auto\" srcset=\"https:\/\/sites.uel.br\/eleicaoreitor2026\/wp-content\/uploads\/2026\/03\/imagem_2026-03-11_110935668-1024x235.png 1024w, https:\/\/sites.uel.br\/eleicaoreitor2026\/wp-content\/uploads\/2026\/03\/imagem_2026-03-11_110935668-300x69.png 300w, https:\/\/sites.uel.br\/eleicaoreitor2026\/wp-content\/uploads\/2026\/03\/imagem_2026-03-11_110935668-768x176.png 768w, https:\/\/sites.uel.br\/eleicaoreitor2026\/wp-content\/uploads\/2026\/03\/imagem_2026-03-11_110935668-1536x352.png 1536w, https:\/\/sites.uel.br\/eleicaoreitor2026\/wp-content\/uploads\/2026\/03\/imagem_2026-03-11_110935668.png 1762w\" sizes=\"auto, (max-width: 1024px) 100vw, 1024px\" \/><\/figure>\n<\/div>\n\n\n<p><strong>Onde:<\/strong><br>IC = \u00edndice da chapa<br>VD = n\u00famero de votos dos docentes para a chapa<br>VA = n\u00famero de votos dos discentes para a chapa<br>VT = n\u00famero de votos dos t\u00e9cnico-administrativos para a chapa<br>TD = n\u00famero total de docentes eleitores<br>TA = n\u00famero total de discentes eleitores<br>TT = n\u00famero total de t\u00e9cnicos administrativos eleitores<\/p>\n\n\n\n<p><\/p>\n","protected":false},"excerpt":{"rendered":"<p>A apura\u00e7\u00e3o (conforme RESOLU\u00c7\u00c3O C.U. N\u00ba 064\/2025 &#8211; Art. 28 Art. 29) ser\u00e1 realizada seguindo a seguinte ordem: O Sistema SAELE disponibilizar\u00e1, separadamente, por link de vota\u00e7\u00e3o, o relat\u00f3rio de votos por ordem de coloca\u00e7\u00e3o, contendo as seguintes informa\u00e7\u00f5es: I &#8211; o n\u00famero de eleitores docentes, o n\u00famero de votos nulos, brancos e v\u00e1lidos dos [&hellip;]<\/p>\n","protected":false},"author":6,"featured_media":0,"parent":0,"menu_order":0,"comment_status":"closed","ping_status":"closed","template":"","meta":{"_acf_changed":false,"_themeisle_gutenberg_block_has_review":false,"footnotes":""},"class_list":["post-89","page","type-page","status-publish","hentry"],"acf":[],"_links":{"self":[{"href":"https:\/\/sites.uel.br\/eleicaoreitor2026\/wp-json\/wp\/v2\/pages\/89","targetHints":{"allow":["GET"]}}],"collection":[{"href":"https:\/\/sites.uel.br\/eleicaoreitor2026\/wp-json\/wp\/v2\/pages"}],"about":[{"href":"https:\/\/sites.uel.br\/eleicaoreitor2026\/wp-json\/wp\/v2\/types\/page"}],"author":[{"embeddable":true,"href":"https:\/\/sites.uel.br\/eleicaoreitor2026\/wp-json\/wp\/v2\/users\/6"}],"replies":[{"embeddable":true,"href":"https:\/\/sites.uel.br\/eleicaoreitor2026\/wp-json\/wp\/v2\/comments?post=89"}],"version-history":[{"count":7,"href":"https:\/\/sites.uel.br\/eleicaoreitor2026\/wp-json\/wp\/v2\/pages\/89\/revisions"}],"predecessor-version":[{"id":175,"href":"https:\/\/sites.uel.br\/eleicaoreitor2026\/wp-json\/wp\/v2\/pages\/89\/revisions\/175"}],"wp:attachment":[{"href":"https:\/\/sites.uel.br\/eleicaoreitor2026\/wp-json\/wp\/v2\/media?parent=89"}],"curies":[{"name":"wp","href":"https:\/\/api.w.org\/{rel}","templated":true}]}}