{"id":36,"date":"2026-02-27T14:21:44","date_gmt":"2026-02-27T17:21:44","guid":{"rendered":"https:\/\/sites.uel.br\/eleicaoreitor2026\/?page_id=36"},"modified":"2026-03-25T10:19:43","modified_gmt":"2026-03-25T13:19:43","slug":"informacao-candidatos","status":"publish","type":"page","link":"https:\/\/sites.uel.br\/eleicaoreitor2026\/informacao-candidatos\/","title":{"rendered":"Informa\u00e7\u00e3o Candidatos"},"content":{"rendered":"\n<hr class=\"wp-block-separator has-text-color has-verde-escuro-color has-alpha-channel-opacity has-verde-escuro-background-color has-background is-style-wide\"\/>\n\n\n\n<p>Ap\u00f3s <strong>HOMOLOGA\u00c7\u00c3O <\/strong>tornam-se p\u00fablicas as seguintes <strong>CHAPAS<\/strong>:<\/p>\n\n\n\n<div class=\"wp-block-columns is-layout-flex wp-container-core-columns-is-layout-9d6595d7 wp-block-columns-is-layout-flex\">\n<div class=\"wp-block-column is-layout-flow wp-block-column-is-layout-flow\"><\/div>\n<\/div>\n\n\n\n<div class=\"wp-block-columns is-layout-flex wp-container-core-columns-is-layout-9d6595d7 wp-block-columns-is-layout-flex\">\n<div class=\"wp-block-column is-layout-flow wp-block-column-is-layout-flow\">\n<p class=\"has-laranja-destaque-color has-text-color has-link-color wp-elements-286e0ec7fcbe20850679dc22aea1118d\"><strong>CHAPA 1:<\/strong> <em>&#8221; NOSSA CASA UEL&#8221;<\/em><\/p>\n\n\n\n<p>Reitora: Andr\u00e9a Name Colado Sim\u00e3o<br>Vice-Reitor: Miguel Belinati Piccirillo<\/p>\n\n\n\n<p><a href=\"https:\/\/www.instagram.com\/andreaname_\/\">@andreaname_<\/a><br><a href=\"https:\/\/www.instagram.com\/belinatipiccirillo\/\">@belinatipiccirillo<\/a><\/p>\n\n\n\n<p>E-mail: nossacasauel@gmail.com<\/p>\n\n\n\n<p>Whatsapp: (43) 98444-1402<\/p>\n\n\n\n<p><strong>Instagram<\/strong>: <a href=\"https:\/\/www.instagram.com\/chapa1.uel\">https:\/\/www.instagram.com\/chapa1.uel<\/a><\/p>\n\n\n\n<p><a href=\"https:\/\/l.instagram.com\/?u=https%3A%2F%2Flinktr.ee%2Fnossacasauel%3Futm_source%3Dig%26utm_medium%3Dsocial%26utm_content%3Dlink_in_bio%26fbclid%3DPAZXh0bgNhZW0CMTEAc3J0YwZhcHBfaWQMMjU2MjgxMDQwNTU4AAGnqKVdWOTLfBNyD5QWMJoYH90IymHIanBe92qFpWkX_QXR3IyOSK-akr1rR2k_aem_us47yh_r-9HDo3QZQSUo9A&amp;e=AT49YQ5ShFt0omAe849yItya6fdSz8RC9eKixtdESA7jdl1JoV5iRkVU0VmvUeNOXWwDiM2gxbPTdJEoI6UBMHLfZi6FRzOoMzgSUzREcw\" target=\"_blank\" rel=\"noreferrer noopener\">linktr.ee\/nossacasauel<\/a><\/p>\n\n\n\n<p><strong>Facebook<\/strong>: <a href=\"https:\/\/www.facebook.com\/chapa1uel\">www.facebook.com\/chapa1uel<\/a><\/p>\n\n\n\n<p><strong>Site:<\/strong> <a href=\"https:\/\/www.chapa1uel.com.br\">https:\/\/www.chapa1uel.com.br<\/a><\/p>\n\n\n\n<p class=\"has-laranja-destaque-color has-text-color has-link-color wp-elements-b3ff61861f6d1e9b91e8da1f33b5b9c1\"><strong>Representantes da Chapa 1:<\/strong><\/p>\n\n\n\n<p><strong>Nilson Magagnin Filho<\/strong><br>(43) 99995-8791<br>e-mail: magagnin1960@gmail.com<\/p>\n\n\n\n<p><strong>Aurelio Pereira<\/strong><br>(43) 99101-4289<br>e-mail: aurelio@uel.br<\/p>\n\n\n\n<div id=\"wp-block-themeisle-blocks-accordion-fb8bf664\" class=\"wp-block-themeisle-blocks-accordion exclusive\">\n<details class=\"wp-block-themeisle-blocks-accordion-item\"><summary class=\"wp-block-themeisle-blocks-accordion-item__title\"><div><strong>PROPOSTAS<\/strong><\/div><\/summary><div class=\"wp-block-themeisle-blocks-accordion-item__content\">\n<h5 class=\"wp-block-heading\">Gradua\u00e7\u00e3o forte, acolhedora e com futuro<\/h5>\n\n\n\n<p>Consolidar a Pol\u00edtica Institucional de Gradua\u00e7\u00e3o com moderniza\u00e7\u00e3o curricular, integra\u00e7\u00e3o entre ensino, pesquisa, extens\u00e3o e inova\u00e7\u00e3o, e apoio estruturado aos cursos.<\/p>\n\n\n\n<h5 class=\"wp-block-heading\">Pesquisa que transforma o amanh\u00e3<\/h5>\n\n\n\n<p>Fortalecer a ci\u00eancia com estrutura, transpar\u00eancia e menos burocracia, ampliando o apoio \u00e0 capta\u00e7\u00e3o de recursos e \u00e0 inicia\u00e7\u00e3o cient\u00edfica.<\/p>\n\n\n\n<h5 class=\"wp-block-heading\">P\u00f3s-Gradua\u00e7\u00e3o com sustentabilidade e excel\u00eancia<\/h5>\n\n\n\n<p>Elevar a UEL a novos patamares de reconhecimento nacional e internacional, com base s\u00f3lida e planejamento estrat\u00e9gico.<\/p>\n\n\n\n<h5 class=\"wp-block-heading\">Extens\u00e3o com prop\u00f3sito e presen\u00e7a social<\/h5>\n\n\n\n<p>Fazer da UEL protagonista do desenvolvimento regional e da transforma\u00e7\u00e3o social. Com fortalecimento da curriculariza\u00e7\u00e3o.<\/p>\n\n\n\n<h5 class=\"wp-block-heading\">Compromisso com a nossa casa<\/h5>\n\n\n\n<p>Gest\u00e3o democr\u00e1tica, t\u00e9cnica e transparente, com respeito ao Estatuto e ao Regimento da UEL. Desburocratiza\u00e7\u00e3o respons\u00e1vel.<\/p>\n\n\n\n<h5 class=\"wp-block-heading\">Programa Integrado de perman\u00eancia<\/h5>\n\n\n\n<p>Fortalecimento da perman\u00eancia estudantil com avalia\u00e7\u00e3o baseada em evid\u00eancias e amplia\u00e7\u00e3o planejada de bolsas.<\/p>\n\n\n\n<h5 class=\"wp-block-heading\">Sa\u00fade Mental e sucesso acad\u00eamico<\/h5>\n\n\n\n<p>Protocolo institucional de acolhimento, rede de preven\u00e7\u00e3o, capacita\u00e7\u00e3o docente, apoio pedag\u00f3gico estruturado, tutoriais e monitorias.<\/p>\n\n\n\n<h5 class=\"wp-block-heading\">Infraestrutura, equidade e acessibilidade<\/h5>\n\n\n\n<p>Monitoramento da demanda do RU, amplia\u00e7\u00e3o da moradia, pol\u00edtica de mobilidade e atualiza\u00e7\u00e3o do plano de acessibilidade.<\/p>\n\n\n\n<p><\/p>\n<\/div><\/details>\n<\/div>\n<\/div>\n\n\n\n<div class=\"wp-block-column is-layout-flow wp-block-column-is-layout-flow\">\n<p class=\"has-laranja-destaque-color has-text-color has-link-color wp-elements-7da31b958334ab6cd492befdd27f78a1\"><strong>CHAPA 2:<\/strong> <em>&#8220;UEL MAIS FORTE&#8221;<\/em><\/p>\n\n\n\n<p>Reitor: S\u00e9rgio Carlos de Carvalho<br>Vice-Reitora: Marta Regina Gimenez Favaro<\/p>\n\n\n\n<p><a href=\"https:\/\/www.instagram.com\/sergiocarvalhouel\/\">@sergiocarvalhouel<\/a><br><a href=\"https:\/\/www.instagram.com\/martafavarouel\/\">@martafavarouel<\/a><br>E-mail: sergioemarta2026@gmail.com<\/p>\n\n\n\n<p>Whatsapp: (43) 99188-5001<\/p>\n\n\n\n<p><strong>Instagram:<\/strong> <a href=\"https:\/\/www.instagram.com\/uelmaisforte2\">https:\/\/www.instagram.com\/uelmaisforte2<\/a><\/p>\n\n\n\n<p><a href=\"https:\/\/linktr.ee\/uelmaisforte?utm_source=ig&amp;utm_medium=social&amp;utm_content=link_in_bio&amp;fbclid=PAZXh0bgNhZW0CMTEAc3J0YwZhcHBfaWQMMjU2MjgxMDQwNTU4AAGnNG8rCB_2E-j2GmE90Llw3WRjxeQOXMgFcK6RUmtqLWh6ncULtwN4MVrustA_aem_lIvexU_8ueVXiTjUQf3ndg\">linktr.ee\/uelmaisforte<\/a><\/p>\n\n\n\n<p><strong>Facebook:<\/strong> <a href=\"https:\/\/www.facebook.com\/uelmaisforte2\">www.facebook.com\/uelmaisforte2<\/a><\/p>\n\n\n\n<p><strong>Site:<\/strong> <a href=\"https:\/\/www.uelmaisforte.com\/\">https:\/\/www.uelmaisforte.com\/<\/a><\/p>\n\n\n\n<p><strong>Youtube:<\/strong> <a href=\"https:\/\/www.youtube.com\/@uelmaisforte\">www.youtube.com\/@uelmaisforte<\/a><\/p>\n\n\n\n<p class=\"has-laranja-destaque-color has-text-color has-link-color wp-elements-d5efbf6f7d1c7201bdb36bfca8927dbe\"><strong>Representantes da Chapa 2:<\/strong><\/p>\n\n\n\n<p><strong>Angela Pereira Teixeira Victoria Palma<br><\/strong>(43) 99991-6130<br>e-mail: angpalma@uel.br<\/p>\n\n\n\n<p><strong>Luis Gustavo Tiroli<br><\/strong>(43) 99989-8433<br>e-mail: tiroli@uel.br<\/p>\n\n\n\n<div id=\"wp-block-themeisle-blocks-accordion-8a25be21\" class=\"wp-block-themeisle-blocks-accordion exclusive\">\n<details class=\"wp-block-themeisle-blocks-accordion-item\"><summary class=\"wp-block-themeisle-blocks-accordion-item__title\"><div><strong>PROPOSTAS<\/strong><\/div><\/summary><div class=\"wp-block-themeisle-blocks-accordion-item__content\">\n<h6 class=\"wp-block-heading\">A Universidade que queremos ser\u00e1 constru\u00edda por Muitas M\u00e3os<\/h6>\n\n\n\n<p>\u200b\u200bUma gest\u00e3o de excel\u00eancia n\u00e3o nasce de ideias isoladas, mas da escuta ativa e do compromisso com cada estudante, docente e agente universit\u00e1rio. A chapa UEL MAIS FORTE acredita que a Reitoria deve ser um reflexo da nossa comunidade.<\/p>\n\n\n\n<p>Por isso, nossas propostas est\u00e3o sendo constru\u00eddas com di\u00e1logo e colabora\u00e7\u00e3o. Elas s\u00e3o organismos vivos em constante processo de constru\u00e7\u00e3o coletiva. Queremos que voc\u00ea fa\u00e7a parte da elabora\u00e7\u00e3o e da valida\u00e7\u00e3o de cada prioridade que guiar\u00e1 nossa institui\u00e7\u00e3o nos pr\u00f3ximos anos.<\/p>\n\n\n\n<p>A experi\u00eancia de cada membro da comunidade nos espa\u00e7os universit\u00e1rios \u00e9 o que d\u00e1 subst\u00e2ncia ao nosso projeto. Vamos debater, ajustar e validar juntos os caminhos para uma universidade mais forte, inclusiva e inovadora.<\/p>\n\n\n\n<p>Participe ativamente da nossa constru\u00e7\u00e3o!<\/p>\n\n\n\n<p>Fale diretamente com a coordena\u00e7\u00e3o de campanha, envie suas sugest\u00f5es ou tire suas d\u00favidas pelo nosso WhatsApp.<\/p>\n<\/div><\/details>\n<\/div>\n<\/div>\n<\/div>\n\n\n\n<p><\/p>\n\n\n\n<p><\/p>\n\n\n\n<p><\/p>\n\n\n\n<p><\/p>\n\n\n\n<p><\/p>\n\n\n\n<p><\/p>\n\n\n\n<p><\/p>\n","protected":false},"excerpt":{"rendered":"<p>Ap\u00f3s HOMOLOGA\u00c7\u00c3O tornam-se p\u00fablicas as seguintes CHAPAS: CHAPA 1: &#8221; NOSSA CASA UEL&#8221; Reitora: Andr\u00e9a Name Colado Sim\u00e3oVice-Reitor: Miguel Belinati Piccirillo @andreaname_@belinatipiccirillo E-mail: nossacasauel@gmail.com Whatsapp: (43) 98444-1402 Instagram: https:\/\/www.instagram.com\/chapa1.uel linktr.ee\/nossacasauel Facebook: www.facebook.com\/chapa1uel Site: https:\/\/www.chapa1uel.com.br Representantes da Chapa 1: Nilson Magagnin Filho(43) 99995-8791e-mail: magagnin1960@gmail.com Aurelio Pereira(43) 99101-4289e-mail: aurelio@uel.br CHAPA 2: &#8220;UEL MAIS FORTE&#8221; Reitor: S\u00e9rgio Carlos [&hellip;]<\/p>\n","protected":false},"author":6,"featured_media":0,"parent":0,"menu_order":0,"comment_status":"closed","ping_status":"closed","template":"","meta":{"_acf_changed":false,"_themeisle_gutenberg_block_has_review":false,"footnotes":""},"class_list":["post-36","page","type-page","status-publish","hentry"],"acf":[],"_links":{"self":[{"href":"https:\/\/sites.uel.br\/eleicaoreitor2026\/wp-json\/wp\/v2\/pages\/36","targetHints":{"allow":["GET"]}}],"collection":[{"href":"https:\/\/sites.uel.br\/eleicaoreitor2026\/wp-json\/wp\/v2\/pages"}],"about":[{"href":"https:\/\/sites.uel.br\/eleicaoreitor2026\/wp-json\/wp\/v2\/types\/page"}],"author":[{"embeddable":true,"href":"https:\/\/sites.uel.br\/eleicaoreitor2026\/wp-json\/wp\/v2\/users\/6"}],"replies":[{"embeddable":true,"href":"https:\/\/sites.uel.br\/eleicaoreitor2026\/wp-json\/wp\/v2\/comments?post=36"}],"version-history":[{"count":34,"href":"https:\/\/sites.uel.br\/eleicaoreitor2026\/wp-json\/wp\/v2\/pages\/36\/revisions"}],"predecessor-version":[{"id":211,"href":"https:\/\/sites.uel.br\/eleicaoreitor2026\/wp-json\/wp\/v2\/pages\/36\/revisions\/211"}],"wp:attachment":[{"href":"https:\/\/sites.uel.br\/eleicaoreitor2026\/wp-json\/wp\/v2\/media?parent=36"}],"curies":[{"name":"wp","href":"https:\/\/api.w.org\/{rel}","templated":true}]}}