{"id":34,"date":"2026-02-27T14:20:43","date_gmt":"2026-02-27T17:20:43","guid":{"rendered":"https:\/\/sites.uel.br\/eleicaoreitor2026\/?page_id=34"},"modified":"2026-03-31T15:55:11","modified_gmt":"2026-03-31T18:55:11","slug":"propaganda-eleitoral","status":"publish","type":"page","link":"https:\/\/sites.uel.br\/eleicaoreitor2026\/propaganda-eleitoral\/","title":{"rendered":"Propaganda Eleitoral"},"content":{"rendered":"\n<hr class=\"wp-block-separator has-text-color has-verde-escuro-color has-alpha-channel-opacity has-verde-escuro-background-color has-background is-style-wide\"\/>\n\n\n\n<p><strong>Art. 19 da Resolu\u00e7\u00e3o C.U. N\u00ba 064\/2025:<\/strong><\/p>\n\n\n\n<p>A Comiss\u00e3o Eleitoral, ouvida a Prefeitura do Campus Universit\u00e1rio (PCU), indicar\u00e1 locais apropriados para a afixa\u00e7\u00e3o de placas, cartazes, slogans ou qualquer outra forma de campanha.<\/p>\n\n\n\n<p><strong>\u00a7 1\u00ba<\/strong>  \u00c9 vedada a utiliza\u00e7\u00e3o de bens e servi\u00e7os da Universidade Estadual de Londrina para propaganda eleitoral, sob pena de indeferimento ou cassa\u00e7\u00e3o do registro de candidatura.<\/p>\n\n\n\n<p>I &#8211; O disposto do par\u00e1grafo 1\u00ba n\u00e3o se aplica \u00e0 Comiss\u00e3o Eleitoral.<\/p>\n\n\n\n<p><strong>\u00a7 2\u00ba<\/strong>  N\u00e3o ser\u00e1 permitida a veicula\u00e7\u00e3o de publicidade e\/ou propaganda, paga ou gratuita, de qualquer chapa, na m\u00eddia comercial ou n\u00e3o, salvo o disposto no <strong>\u00a7 13<\/strong> (A Comiss\u00e3o Eleitoral dispor\u00e1 sobre demais formas de propaganda, obedecido o disposto no presente Regimento e demais normas estatut\u00e1rias e regimentais).<\/p>\n\n\n\n<hr class=\"wp-block-separator has-text-color has-verde-escuro-color has-alpha-channel-opacity has-verde-escuro-background-color has-background is-style-wide\"\/>\n\n\n\n<p class=\"has-verde-escuro-color has-text-color has-link-color wp-elements-070b247b5440146a6382d29a2221e280\"><strong>ORIENTA\u00c7\u00d5ES SOBRE CONDUTA ELEITORAL E USO DE CANAIS INSTITUCIONAIS<\/strong><\/p>\n\n\n\n<p>A Comiss\u00e3o Eleitoral, no exerc\u00edcio de suas atribui\u00e7\u00f5es e com base na Resolu\u00e7\u00e3o C.U. n\u00ba 064\/2025, solicita a aten\u00e7\u00e3o do&nbsp;corpo docente, do corpo t\u00e9cnico-administrativo e dos estudantes&nbsp;\u00e0s normas que regem o processo de escolha para a Reitoria e a Vice-Reitoria.<\/p>\n\n\n\n<p>Conforme o Art. 19, \u00a7 6\u00ba do Regimento Eleitoral, \u00e9 terminantemente vedada a utiliza\u00e7\u00e3o de canais com finalidade institucional para fins de propaganda. Isso inclui:<\/p>\n\n\n\n<p>\u2022&nbsp;<strong>Redes Sociais:<\/strong>&nbsp;Perfis oficiais de departamentos, colegiados e \u00f3rg\u00e3os da UEL, incluindo projetos e grupos de pesquisa, ensino e extens\u00e3o, laborat\u00f3rios, cl\u00ednicas-escola, n\u00facleos, entre outros (ex.: Instagram, Facebook).<\/p>\n\n\n\n<p>\u2022&nbsp;<strong>Comunica\u00e7\u00e3o Digital:<\/strong>&nbsp;E-mails institucionais vinculados a projetos de pesquisa, de ensino ou de extens\u00e3o.<\/p>\n\n\n\n<p>\u2022&nbsp;<strong>Intera\u00e7\u00f5es Digitais:<\/strong>&nbsp;O compartilhamento de materiais de campanha, curtidas ou coment\u00e1rios em prol de chapas por meio desses perfis institucionais configura descumprimento regimental.<\/p>\n\n\n\n<p>Destaca-se, ainda, que compartilhar fotos ou v\u00eddeos de campanha, bem como interagir (curtir, comentar ou engajar) em plataformas como Instagram, Facebook ou TikTok em prol de candidatos, utilizando perfis institucionais, incluindo perfis de Centros Acad\u00eamicos e de seus espa\u00e7os de socializa\u00e7\u00e3o e viv\u00eancia, como baterias, por exemplo, configura descumprimento das regras eleitorais.<\/p>\n\n\n\n<p>Ressaltamos que o uso desses meios deve restringir-se estritamente \u00e0s atividades final\u00edsticas da Universidade.<\/p>\n\n\n\n<p>A observ\u00e2ncia dessas diretrizes \u00e9 fundamental para garantir a lisura, a transpar\u00eancia e a isonomia entre as candidaturas.<\/p>\n\n\n\n<p>A Comiss\u00e3o Eleitoral permanece \u00e0 disposi\u00e7\u00e3o para esclarecer eventuais d\u00favidas t\u00e9cnicas sobre a aplica\u00e7\u00e3o da resolu\u00e7\u00e3o.<\/p>\n\n\n\n<p>Ressaltamos que o uso desses meios deve restringir-se estritamente \u00e0s atividades final\u00edsticas da Universidade.<\/p>\n\n\n\n<p>A observ\u00e2ncia dessas diretrizes \u00e9 fundamental para garantir a&nbsp;<strong>lisura, a transpar\u00eancia e a isonomia<\/strong>&nbsp;entre as candidaturas.<\/p>\n\n\n\n<p>A Comiss\u00e3o Eleitoral permanece \u00e0 disposi\u00e7\u00e3o para esclarecer eventuais d\u00favidas t\u00e9cnicas sobre a aplica\u00e7\u00e3o da resolu\u00e7\u00e3o.<\/p>\n\n\n\n<hr class=\"wp-block-separator has-text-color has-verde-escuro-color has-alpha-channel-opacity has-verde-escuro-background-color has-background is-style-wide\"\/>\n\n\n\n<p><strong>REGRAS ESTABELECIDAS PELA COMISS\u00c3O ELEITORAL PARA A PROPAGANDA ELEITORAL<\/strong><\/p>\n\n\n\n<p>Senhores Candidatos:<\/p>\n\n\n\n<p>A Comiss\u00e3o Eleitoral constitu\u00edda com o objetivo de organizar o processo eleitoral para Reitor(a) e Vice-Reitor(a), referente ao mandato de 2022-2026, informa que, para fins de publicidade e propaganda eleitoral dos(as) candidatos(as), dever\u00e3o ser obedecidas \u00e0s normas e procedimentos estabelecidos na <a href=\"https:\/\/sites.uel.br\/eleicaoreitor2026\/wp-content\/uploads\/2026\/02\/Resolucao-C.U.-N.-064.2025-1.pdf\">Resolu\u00e7\u00e3o C.U. N<sup>o<\/sup> 064\/2025<\/a> e <a href=\"https:\/\/sites.uel.br\/eleicaoreitor2026\/wp-content\/uploads\/2026\/03\/3035.pdf\">Resolu\u00e7\u00e3o CA 3035\/96<\/a>, que regulamenta e disciplina a divulga\u00e7\u00e3o escrita e sonora de todos os eventos e demais atividades no \u00e2mbito da Universidade.<\/p>\n\n\n\n<p>Esta Comiss\u00e3o comunica, ainda, que estabelece as seguintes regras, quanto ao uso, na campanha eleitoral, do material impresso e eletr\u00f4nico:<\/p>\n\n\n\n<p>1 \u2013 O tamanho das faixas dever\u00e1 ser de, no m\u00e1ximo, 80cm de largura e at\u00e9 7 metros de comprimento, sendo permitido 01(uma) faixa por chapa em cada local indicado.<\/p>\n\n\n\n<p>2 \u2013 Somente poder\u00e3o ser utilizados os seguintes materiais de campanha impresso:<\/p>\n\n\n\n<p>&nbsp;&nbsp;&nbsp;&nbsp;&nbsp;&nbsp;&nbsp;&nbsp;&nbsp;&nbsp;&nbsp;&nbsp;&nbsp;&nbsp;&nbsp; &#8211; Cartaz: Tamanho A3 (297 mm x 420 mm), com impress\u00e3o em apenas um dos lados, sem dobras. \u00c9 vedado a combina\u00e7\u00e3o de dois ou mais cartazes, posicionados lado a lado para a montagem de paineis.<\/p>\n\n\n\n<p>&nbsp;&nbsp;&nbsp;&nbsp;&nbsp;&nbsp;&nbsp;&nbsp;&nbsp;&nbsp;&nbsp;&nbsp;&nbsp;&nbsp;&nbsp; &#8211; Panfleto: Tamanho A5 (148 mm x 210 mm), podendo ser impresso nos dois lados. \u00c9 vedado a combina\u00e7\u00e3o de dois ou mais panfletos, posicionados lado a lado para a montagem de paineis.<\/p>\n\n\n\n<p>&nbsp;&nbsp;&nbsp;&nbsp;&nbsp;&nbsp;&nbsp;&nbsp;&nbsp;&nbsp;&nbsp;&nbsp;&nbsp;&nbsp;&nbsp; &#8211; Flyer: Tamanho A4 (210mm x&nbsp; 297mm), podendo ser impresso nos dois lados, sendo opcional o quantitativo de dobras. \u00c9 vedado a combina\u00e7\u00e3o de dois ou mais flyers, posicionados lado a lado para a montagem de paineis.<\/p>\n\n\n\n<p>&nbsp;&nbsp;&nbsp;&nbsp;&nbsp;&nbsp;&nbsp;&nbsp;&nbsp;&nbsp;&nbsp;&nbsp;&nbsp;&nbsp;&nbsp; &#8211; Folder: Impresso em tamanho A3 (297 mm x 420 mm)&nbsp; nos dois lados, contendo obrigatoriamente uma dobra ao meio, resultando em uma configura\u00e7\u00e3o de tamanho A4 (210mm x&nbsp; 297mm), com p\u00e1ginas de 1 a 4. \u00c9 vedado a combina\u00e7\u00e3o de dois ou mais folders, posicionados lado a lado para a montagem de paineis.<\/p>\n\n\n\n<p>3 \u2013 N\u00e3o<strong> <\/strong>ser\u00e1 permitida a confec\u00e7\u00e3o e distribui\u00e7\u00e3o de &#8220;santinho&#8221; ou \u201csant\u00e3o\u201d, sob hip\u00f3tese alguma.<\/p>\n\n\n\n<p>4 \u2013 S\u00f3 ser\u00e1 permitido o uso de adesivos em carros, motos e bens particulares.<\/p>\n\n\n\n<p>5 \u2013 Ser\u00e1 permitido o uso de bottons, como adesivos aplicados no vestu\u00e1rio.<\/p>\n\n\n\n<p>6 \u2013 N\u00e3o<strong> <\/strong>ser\u00e1 permitido o uso de pe\u00e7as de vestu\u00e1rio com propaganda eleitoral (camisas, blusas, bandanas, bon\u00e9s).<\/p>\n\n\n\n<p>7 &#8211; N\u00e3o<strong> <\/strong>ser\u00e1 permitido a divulga\u00e7\u00e3o de campanha, atrav\u00e9s de carros de som ou outros equipamentos sonoros.<\/p>\n\n\n\n<p>8 \u2013 N\u00e3o ser\u00e1 permitido qualquer tipo de realiza\u00e7\u00e3o e divulga\u00e7\u00e3o de pesquisas e enquetes, inclusive as de boca de urna.<\/p>\n\n\n\n<p>9 \u2013 \u00c9 vedada a utiliza\u00e7\u00e3o de qualquer meio de comunica\u00e7\u00e3o que tenha finalidade institucional, incluindo e-mail utilizado por projetos de pesquisa, ensino e extens\u00e3o, que tenham qualquer vincula\u00e7\u00e3o com a comunidade da UEL, para fins de propaganda eleitoral.<\/p>\n\n\n\n<p>10 &#8211; As visitas dos candidatos das chapas homologadas aos locais da Universidades s\u00f3 ser\u00e3o permitidas at\u00e9 dia 07\/04 \u00e0s 23h, desde que o titular da unidade seja comunicado no m\u00ednimo com 24h de anteced\u00eancia, e nas salas de aula, mediante autoriza\u00e7\u00e3o do docente, n\u00e3o ultrapassando o tempo de 5 (cinco) minutos.<\/p>\n\n\n\n<p>Na p\u00e1gina da Comiss\u00e3o Eleitoral, ter\u00e1 espa\u00e7o destinado \u00e0 divulga\u00e7\u00e3o de endere\u00e7o eletr\u00f4nico oficial das chapas, sendo permitidos, e-mail, site, hotsite e blog, facebook e instagram.<\/p>\n\n\n\n<p>Pr\u00e1ticas que descumpram as formas de propagandas autorizadas pela Comiss\u00e3o Eleitoral devem ser comunicadas \u00e0 PCU, por meio do telefone 08004004474 e\/ou oficializadas, por escrito, no e-mail <a href=\"mailto:eleicoes2022@uel.br\">&nbsp;eleicoes2026uel@uel.br,<\/a> sendo vedado o anonimato.<\/p>\n\n\n\n<p><strong>Com rela\u00e7\u00e3o a Propaganda Eleitoral dentro do Hospital Universit\u00e1rio (OF. CIRC. CE.05\/2026):<\/strong><\/p>\n\n\n\n<div data-wp-interactive=\"core\/file\" class=\"wp-block-file\"><object data-wp-bind--hidden=\"!state.hasPdfPreview\" hidden class=\"wp-block-file__embed\" data=\"https:\/\/sites.uel.br\/eleicaoreitor2026\/wp-content\/uploads\/2026\/03\/OF.CU_.05-2026.pdf\" type=\"application\/pdf\" style=\"width:100%;height:600px\" aria-label=\"Incorporado de OF.CU.05-2026.\"><\/object><a id=\"wp-block-file--media-9c38001d-d604-4f25-9f7c-8018887be4b5\" href=\"https:\/\/sites.uel.br\/eleicaoreitor2026\/wp-content\/uploads\/2026\/03\/OF.CU_.05-2026.pdf\">OF.CU.05-2026<\/a><a href=\"https:\/\/sites.uel.br\/eleicaoreitor2026\/wp-content\/uploads\/2026\/03\/OF.CU_.05-2026.pdf\" class=\"wp-block-file__button wp-element-button\" download aria-describedby=\"wp-block-file--media-9c38001d-d604-4f25-9f7c-8018887be4b5\">Baixar<\/a><\/div>\n","protected":false},"excerpt":{"rendered":"<p>Art. 19 da Resolu\u00e7\u00e3o C.U. N\u00ba 064\/2025: A Comiss\u00e3o Eleitoral, ouvida a Prefeitura do Campus Universit\u00e1rio (PCU), indicar\u00e1 locais apropriados para a afixa\u00e7\u00e3o de placas, cartazes, slogans ou qualquer outra forma de campanha. \u00a7 1\u00ba \u00c9 vedada a utiliza\u00e7\u00e3o de bens e servi\u00e7os da Universidade Estadual de Londrina para propaganda eleitoral, sob pena de indeferimento [&hellip;]<\/p>\n","protected":false},"author":6,"featured_media":0,"parent":0,"menu_order":0,"comment_status":"closed","ping_status":"closed","template":"","meta":{"_acf_changed":false,"_themeisle_gutenberg_block_has_review":false,"footnotes":""},"class_list":["post-34","page","type-page","status-publish","hentry"],"acf":[],"_links":{"self":[{"href":"https:\/\/sites.uel.br\/eleicaoreitor2026\/wp-json\/wp\/v2\/pages\/34","targetHints":{"allow":["GET"]}}],"collection":[{"href":"https:\/\/sites.uel.br\/eleicaoreitor2026\/wp-json\/wp\/v2\/pages"}],"about":[{"href":"https:\/\/sites.uel.br\/eleicaoreitor2026\/wp-json\/wp\/v2\/types\/page"}],"author":[{"embeddable":true,"href":"https:\/\/sites.uel.br\/eleicaoreitor2026\/wp-json\/wp\/v2\/users\/6"}],"replies":[{"embeddable":true,"href":"https:\/\/sites.uel.br\/eleicaoreitor2026\/wp-json\/wp\/v2\/comments?post=34"}],"version-history":[{"count":17,"href":"https:\/\/sites.uel.br\/eleicaoreitor2026\/wp-json\/wp\/v2\/pages\/34\/revisions"}],"predecessor-version":[{"id":218,"href":"https:\/\/sites.uel.br\/eleicaoreitor2026\/wp-json\/wp\/v2\/pages\/34\/revisions\/218"}],"wp:attachment":[{"href":"https:\/\/sites.uel.br\/eleicaoreitor2026\/wp-json\/wp\/v2\/media?parent=34"}],"curies":[{"name":"wp","href":"https:\/\/api.w.org\/{rel}","templated":true}]}}