{"id":335,"date":"2026-04-06T15:51:50","date_gmt":"2026-04-06T18:51:50","guid":{"rendered":"https:\/\/sites.uel.br\/eleicaoreitor2026\/?page_id=335"},"modified":"2026-04-06T21:19:14","modified_gmt":"2026-04-07T00:19:14","slug":"senhas-portal","status":"publish","type":"page","link":"https:\/\/sites.uel.br\/eleicaoreitor2026\/senhas-portal\/","title":{"rendered":"Senhas Portal"},"content":{"rendered":"\n<hr class=\"wp-block-separator has-text-color has-verde-escuro-color has-alpha-channel-opacity has-verde-escuro-background-color has-background is-style-wide\"\/>\n\n\n\n<p><strong>O compartilhamento de senhas \u00e9 &#8220;crime&#8221;<\/strong> (LGPD &#8211; Lei Geral de Prote\u00e7\u00e3o de Dados):<\/p>\n\n\n\n<div data-wp-interactive=\"core\/file\" class=\"wp-block-file\"><object data-wp-bind--hidden=\"!state.hasPdfPreview\" hidden class=\"wp-block-file__embed\" data=\"https:\/\/sites.uel.br\/eleicaoreitor2026\/wp-content\/uploads\/2026\/04\/Aviso-senhas-1.pdf\" type=\"application\/pdf\" style=\"width:100%;height:600px\" aria-label=\"Incorporado de Aviso senhas (1).\"><\/object><a id=\"wp-block-file--media-517f03d7-039b-4722-8381-acc11335f74d\" href=\"https:\/\/sites.uel.br\/eleicaoreitor2026\/wp-content\/uploads\/2026\/04\/Aviso-senhas-1.pdf\">Aviso senhas (1)<\/a><a href=\"https:\/\/sites.uel.br\/eleicaoreitor2026\/wp-content\/uploads\/2026\/04\/Aviso-senhas-1.pdf\" class=\"wp-block-file__button wp-element-button\" download aria-describedby=\"wp-block-file--media-517f03d7-039b-4722-8381-acc11335f74d\">Baixar<\/a><\/div>\n\n\n\n<p><\/p>\n","protected":false},"excerpt":{"rendered":"<p>O compartilhamento de senhas \u00e9 &#8220;crime&#8221; (LGPD &#8211; Lei Geral de Prote\u00e7\u00e3o de Dados):<\/p>\n","protected":false},"author":6,"featured_media":0,"parent":0,"menu_order":0,"comment_status":"closed","ping_status":"closed","template":"","meta":{"_acf_changed":false,"_themeisle_gutenberg_block_has_review":false,"footnotes":""},"class_list":["post-335","page","type-page","status-publish","hentry"],"acf":[],"_links":{"self":[{"href":"https:\/\/sites.uel.br\/eleicaoreitor2026\/wp-json\/wp\/v2\/pages\/335","targetHints":{"allow":["GET"]}}],"collection":[{"href":"https:\/\/sites.uel.br\/eleicaoreitor2026\/wp-json\/wp\/v2\/pages"}],"about":[{"href":"https:\/\/sites.uel.br\/eleicaoreitor2026\/wp-json\/wp\/v2\/types\/page"}],"author":[{"embeddable":true,"href":"https:\/\/sites.uel.br\/eleicaoreitor2026\/wp-json\/wp\/v2\/users\/6"}],"replies":[{"embeddable":true,"href":"https:\/\/sites.uel.br\/eleicaoreitor2026\/wp-json\/wp\/v2\/comments?post=335"}],"version-history":[{"count":4,"href":"https:\/\/sites.uel.br\/eleicaoreitor2026\/wp-json\/wp\/v2\/pages\/335\/revisions"}],"predecessor-version":[{"id":349,"href":"https:\/\/sites.uel.br\/eleicaoreitor2026\/wp-json\/wp\/v2\/pages\/335\/revisions\/349"}],"wp:attachment":[{"href":"https:\/\/sites.uel.br\/eleicaoreitor2026\/wp-json\/wp\/v2\/media?parent=335"}],"curies":[{"name":"wp","href":"https:\/\/api.w.org\/{rel}","templated":true}]}}