{"id":32,"date":"2026-02-27T14:20:15","date_gmt":"2026-02-27T17:20:15","guid":{"rendered":"https:\/\/sites.uel.br\/eleicaoreitor2026\/?page_id=32"},"modified":"2026-03-31T15:49:47","modified_gmt":"2026-03-31T18:49:47","slug":"resolucoes","status":"publish","type":"page","link":"https:\/\/sites.uel.br\/eleicaoreitor2026\/resolucoes\/","title":{"rendered":"Resolu\u00e7\u00f5es"},"content":{"rendered":"\n<hr class=\"wp-block-separator has-text-color has-verde-escuro-color has-alpha-channel-opacity has-verde-escuro-background-color has-background is-style-wide\"\/>\n\n\n\n<p><a href=\"https:\/\/sites.uel.br\/eleicaoreitor2026\/wp-content\/uploads\/2026\/02\/Resolucao-C.U.-N.-064.2025-1.pdf\">RESOLU\u00c7\u00c3O C.U. N\u00ba 064\/2025:<\/a> Estabelece o Regimento Eleitoral.<\/p>\n\n\n\n<p><a href=\"https:\/\/sites.uel.br\/eleicaoreitor2026\/wp-content\/uploads\/2026\/02\/Portaria-Comissao.pdf\">PORTARIA N\u00ba 3287 &#8211; 25\/11\/2025:<\/a> Designa membros da Comunidade Universit\u00e1ria, para compor a Comiss\u00e3o Eleitoral prevista no Art. 7\u00ba da Resolu\u00e7\u00e3o C.U. N\u00ba 064\/2025 de 7 de Novembro de 2025.<\/p>\n\n\n\n<p><a href=\"https:\/\/sites.uel.br\/eleicaoreitor2026\/wp-content\/uploads\/2026\/02\/221.pdf\">PORTARIA N\u00ba 0221 &#8211; 09\/02\/2026:<\/a> Designa como apoio \u00e0 Comiss\u00e3o Eleitoral constitu\u00edda pela Portaria N\u00ba 3287\/2025, de 25 de Novembro de 2025 (esta portaria entrou em vigor na data de sua publica\u00e7\u00e3o).<\/p>\n\n\n\n<p><a href=\"https:\/\/sites.uel.br\/eleicaoreitor2026\/wp-content\/uploads\/2026\/03\/doc02186820260304111628.pdf\">EDITAL CE.01\/2026:<\/a> A Comiss\u00e3o Eleitoral constitu\u00edda pela Portaria N\u00ba 3287\/2025, torna p\u00fablico o deferimento das chapas.<\/p>\n\n\n\n<p><a href=\"https:\/\/sites.uel.br\/eleicaoreitor2026\/wp-content\/uploads\/2026\/03\/3035.pdf\">RESOLU\u00c7\u00c3O N\u00ba 3035\/96:<\/a> Regulamenta a divulga\u00e7\u00e3o, escrita e sonora, de eventos e outras atividades no \u00e2mbito da Universidade.<\/p>\n\n\n\n<p><a href=\"https:\/\/sites.uel.br\/eleicaoreitor2026\/wp-content\/uploads\/2026\/03\/Edital.CE_.02-2026.pdf\">EDITAL CE.02\/2026:<\/a> A Comiss\u00e3o Eleitoral em conformidade com a Resolu\u00e7\u00e3o C.U. N\u00ba 064\/2026, TORNA P\u00daBLICO, as <strong>CHAPAS HOMOLOGADAS<\/strong>, por meio deste EDITAL.<\/p>\n\n\n\n<p><a href=\"https:\/\/sites.uel.br\/eleicaoreitor2026\/wp-content\/uploads\/2026\/03\/630.pdf\">PORTARIA N. 0630 &#8211; 11\/03\/2026:<\/a> Designa Jo\u00e3o Vitor Jahjah, da Procuradoria Jur\u00eddica, para acompanhar os trabalhos da Comiss\u00e3o Eleitoral.<\/p>\n","protected":false},"excerpt":{"rendered":"<p>RESOLU\u00c7\u00c3O C.U. N\u00ba 064\/2025: Estabelece o Regimento Eleitoral. PORTARIA N\u00ba 3287 &#8211; 25\/11\/2025: Designa membros da Comunidade Universit\u00e1ria, para compor a Comiss\u00e3o Eleitoral prevista no Art. 7\u00ba da Resolu\u00e7\u00e3o C.U. N\u00ba 064\/2025 de 7 de Novembro de 2025. PORTARIA N\u00ba 0221 &#8211; 09\/02\/2026: Designa como apoio \u00e0 Comiss\u00e3o Eleitoral constitu\u00edda pela Portaria N\u00ba 3287\/2025, de [&hellip;]<\/p>\n","protected":false},"author":6,"featured_media":0,"parent":0,"menu_order":0,"comment_status":"closed","ping_status":"closed","template":"","meta":{"_acf_changed":false,"_themeisle_gutenberg_block_has_review":false,"footnotes":""},"class_list":["post-32","page","type-page","status-publish","hentry"],"acf":[],"_links":{"self":[{"href":"https:\/\/sites.uel.br\/eleicaoreitor2026\/wp-json\/wp\/v2\/pages\/32","targetHints":{"allow":["GET"]}}],"collection":[{"href":"https:\/\/sites.uel.br\/eleicaoreitor2026\/wp-json\/wp\/v2\/pages"}],"about":[{"href":"https:\/\/sites.uel.br\/eleicaoreitor2026\/wp-json\/wp\/v2\/types\/page"}],"author":[{"embeddable":true,"href":"https:\/\/sites.uel.br\/eleicaoreitor2026\/wp-json\/wp\/v2\/users\/6"}],"replies":[{"embeddable":true,"href":"https:\/\/sites.uel.br\/eleicaoreitor2026\/wp-json\/wp\/v2\/comments?post=32"}],"version-history":[{"count":17,"href":"https:\/\/sites.uel.br\/eleicaoreitor2026\/wp-json\/wp\/v2\/pages\/32\/revisions"}],"predecessor-version":[{"id":215,"href":"https:\/\/sites.uel.br\/eleicaoreitor2026\/wp-json\/wp\/v2\/pages\/32\/revisions\/215"}],"wp:attachment":[{"href":"https:\/\/sites.uel.br\/eleicaoreitor2026\/wp-json\/wp\/v2\/media?parent=32"}],"curies":[{"name":"wp","href":"https:\/\/api.w.org\/{rel}","templated":true}]}}