{"id":220,"date":"2026-03-31T16:00:31","date_gmt":"2026-03-31T19:00:31","guid":{"rendered":"https:\/\/sites.uel.br\/eleicaoreitor2026\/?page_id=220"},"modified":"2026-04-10T15:49:43","modified_gmt":"2026-04-10T18:49:43","slug":"deliberacoes-da-comissao","status":"publish","type":"page","link":"https:\/\/sites.uel.br\/eleicaoreitor2026\/deliberacoes-da-comissao\/","title":{"rendered":"Delibera\u00e7\u00f5es da Comiss\u00e3o"},"content":{"rendered":"\n<hr class=\"wp-block-separator has-text-color has-verde-escuro-color has-alpha-channel-opacity has-verde-escuro-background-color has-background is-style-wide\"\/>\n\n\n\n<p><a href=\"https:\/\/sites.uel.br\/eleicaoreitor2026\/wp-content\/uploads\/2026\/03\/Resposta-Sigo-42513.pdf\">Sigo 42513-2026:<\/a> pedido de impugna\u00e7\u00e3o an\u00f4nimo.<\/p>\n\n\n\n<p><a href=\"https:\/\/sites.uel.br\/eleicaoreitor2026\/wp-content\/uploads\/2026\/03\/OF.CE_.20-2026.pdf\">OF. CE. 20-2026:<\/a> uso indevido de redes sociais &#8211; apoiadores.<\/p>\n\n\n\n<p><a href=\"https:\/\/sites.uel.br\/eleicaoreitor2026\/wp-content\/uploads\/2026\/03\/OF.CE_.25-2026.pdf\">OF. CE. 25-2026:<\/a> uso indevido de redes sociais &#8211; apoiadores.<\/p>\n\n\n\n<p><a href=\"https:\/\/sites.uel.br\/eleicaoreitor2026\/wp-content\/uploads\/2026\/04\/Decisao-Assinada-sem-dados-pessoais.pdf\">Decis\u00e3o Assinada:<\/a> fake news.<\/p>\n\n\n\n<p><a href=\"https:\/\/sites.uel.br\/eleicaoreitor2026\/wp-content\/uploads\/2026\/04\/Decisao-3-Anonimizada.pdf\">Decis\u00e3o Assinada Anonimizada:<\/a> participa\u00e7\u00e3o campanha.<\/p>\n\n\n\n<p><a href=\"https:\/\/sites.uel.br\/eleicaoreitor2026\/wp-content\/uploads\/2026\/04\/OF.CE_.32-2026.pdf\">OF. CE. 32-2026: <\/a>uso indevido de redes sociais &#8211; apoiadores.<\/p>\n\n\n\n<p><a href=\"https:\/\/sites.uel.br\/eleicaoreitor2026\/wp-content\/uploads\/2026\/04\/OF.CE_.27-2026.pdf\">OF. CE. 27-2026:<\/a> uso indevido de redes sociais &#8211; apoiadores.<\/p>\n\n\n\n<p><a href=\"https:\/\/sites.uel.br\/eleicaoreitor2026\/wp-content\/uploads\/2026\/04\/OF.CE_.25-2026.pdf\">OF. CE. 25-2026:<\/a> uso indevido de redes sociais &#8211; apoiadores.<\/p>\n\n\n\n<p><a href=\"https:\/\/sites.uel.br\/eleicaoreitor2026\/wp-content\/uploads\/2026\/04\/Sigo-52009-2.pdf\">Sigo 52009-2:<\/a> aus\u00eancia no trabalho.<\/p>\n\n\n\n<p><a href=\"https:\/\/sites.uel.br\/eleicaoreitor2026\/wp-content\/uploads\/2026\/04\/Sigo-52285-2.pdf\">Sigo 52285-2:<\/a> aus\u00eancia no trabalho.<\/p>\n\n\n\n<p><a href=\"https:\/\/sites.uel.br\/eleicaoreitor2026\/wp-content\/uploads\/2026\/04\/Sigo-40948.pdf\">Sigo 40948-2026:<\/a> den\u00fancia an\u00f4nima sem provas.<\/p>\n\n\n\n<p><a href=\"https:\/\/sites.uel.br\/eleicaoreitor2026\/wp-content\/uploads\/2026\/04\/Sigo-41700.pdf\">Sigo 41700-2026:<\/a> den\u00fancia an\u00f4nima sem provas.<\/p>\n\n\n\n<p><a href=\"https:\/\/sites.uel.br\/eleicaoreitor2026\/wp-content\/uploads\/2026\/04\/sigo-47317.pdf\">Sigo 47317-2026:<\/a> fato n\u00e3o aponta inveracidade para ser den\u00fancia (an\u00f4nimo).<\/p>\n\n\n\n<p><a href=\"https:\/\/sites.uel.br\/eleicaoreitor2026\/wp-content\/uploads\/2026\/04\/Sigo-45847.pdf\">Sigo 45847-2026:<\/a> den\u00fancia an\u00f4nima sem provas.<\/p>\n\n\n\n<p><a href=\"https:\/\/sites.uel.br\/eleicaoreitor2026\/wp-content\/uploads\/2026\/04\/Sigo-45760.pdf\">Sigo 45760-2026:<\/a> den\u00fancia an\u00f4nima sem provas.<\/p>\n\n\n\n<p><a href=\"https:\/\/sites.uel.br\/eleicaoreitor2026\/wp-content\/uploads\/2026\/04\/Decisao-Grupo-Wpp-1.pdf\">Decis\u00e3o Grupo Wpp1: <\/a>convite via Whatsapp para Chapa 1.<\/p>\n\n\n\n<p><a href=\"https:\/\/sites.uel.br\/eleicaoreitor2026\/wp-content\/uploads\/2026\/04\/Decisao-OF.CE_.42-2026.pdf\">Decis\u00e3o OF. CE. 42-2026:<\/a> comportamentos irregulares da Chapa 2.<\/p>\n\n\n\n<p><a href=\"https:\/\/sites.uel.br\/eleicaoreitor2026\/wp-content\/uploads\/2026\/04\/Decisao-OF.CE_.44-2026.pdf\">Decis\u00e3o OF. CE. 44-2026: <\/a>alega-se mensagem eleitoral em grupo de Whatsapp Institucional da Chapa 1.<\/p>\n\n\n\n<p><a href=\"https:\/\/sites.uel.br\/eleicaoreitor2026\/wp-content\/uploads\/2026\/04\/Decisao-Tatukada.pdf\">Decis\u00e3o Tatukada:<\/a> p\u00e1gina da bateria Tatukada apoiando Chapa 1.<\/p>\n\n\n\n<p><a href=\"https:\/\/sites.uel.br\/eleicaoreitor2026\/wp-content\/uploads\/2026\/04\/Decisao-Final-LAC.pdf\">Decis\u00e3o Final LAC:<\/a> story de laborat\u00f3rio apoiando Chapa 1.<\/p>\n\n\n\n<p><a href=\"https:\/\/sites.uel.br\/eleicaoreitor2026\/wp-content\/uploads\/2026\/04\/OF.CE_.38-2026.pdf\">OF. CE. 38-2026:<\/a> perfil Centro Acad\u00eamico de Fisioterapia apoiando Chapa 1.<\/p>\n\n\n\n<p><a href=\"https:\/\/sites.uel.br\/eleicaoreitor2026\/wp-content\/uploads\/2026\/04\/OF.CE_.50-2026.pdf\">OF. CE. 50-2026: <\/a>uso indevido perfil Cursinho apoiando Chapa 2.<\/p>\n\n\n\n<p><a href=\"https:\/\/sites.uel.br\/eleicaoreitor2026\/wp-content\/uploads\/2026\/04\/Decisao-H-Anonimizada.pdf\">Decis\u00e3o &#8211; H &#8211; Anonimizada: <\/a>discente caluniando e difamando Chapa 1.<\/p>\n\n\n\n<p><a href=\"https:\/\/sites.uel.br\/eleicaoreitor2026\/wp-content\/uploads\/2026\/04\/Decisao-OF.CE_.56-2026.pdf\">Decis\u00e3o OF. CE. 56-2026:<\/a> representante alega v\u00eddeo publicado difamando Chapa 2.<\/p>\n\n\n\n<p><a href=\"https:\/\/sites.uel.br\/eleicaoreitor2026\/wp-content\/uploads\/2026\/04\/Decisao-PRESS.pdf\">Decis\u00e3o &#8211; PRESS:<\/a> representante Chapa 2 alega postagem de apoio \u00e0 Chapa 1 em Grupo de Pesquisa em Rendimento Esportivo e Sa\u00fade.<\/p>\n\n\n\n<p><a href=\"https:\/\/sites.uel.br\/eleicaoreitor2026\/wp-content\/uploads\/2026\/04\/Decisao-OF.CE_.53-2026.pdf\">Decis\u00e3o OF. CE. 53-2026:<\/a> representa\u00e7\u00e3o Chapa 1 alega que candidatos da Chapa 2, estariam usando indevidamente a Administra\u00e7\u00e3o P\u00fablica em benef\u00edcio pr\u00f3prio.<\/p>\n\n\n\n<p><a href=\"https:\/\/sites.uel.br\/eleicaoreitor2026\/wp-content\/uploads\/2026\/04\/Decisao-Impedimento-1-Anonimizada.pdf\">Decis\u00e3o Impedimento &#8211; 1 &#8211; Anonimizada:<\/a> representa\u00e7\u00e3o da Chapa 1 em s\u00edntese, impedimento de Membro da Comiss\u00e3o Eleitoral.<\/p>\n\n\n\n<p><a href=\"https:\/\/sites.uel.br\/eleicaoreitor2026\/wp-content\/uploads\/2026\/04\/Decisao-P-Anonimizada.pdf\">Decis\u00e3o &#8211; P &#8211; Anonimizada:<\/a> estudante de letras estaria disseminando fake news da Chapa 1.<\/p>\n\n\n\n<p><a href=\"https:\/\/sites.uel.br\/eleicaoreitor2026\/wp-content\/uploads\/2026\/04\/Decisao-AMC-Anonimizada.pdf\">Decis\u00e3o AMC Anonimizada:<\/a> manifesta\u00e7\u00e3o p\u00fablica de apoio eleitoral \u00e0 Chapa 2.<\/p>\n\n\n\n<p><a href=\"https:\/\/sites.uel.br\/eleicaoreitor2026\/wp-content\/uploads\/2026\/04\/Decisao-SG-Anonimizada.pdf\">Decis\u00e3o SG Anonimizada:<\/a> fake news.<\/p>\n\n\n\n<p><\/p>\n","protected":false},"excerpt":{"rendered":"<p>Sigo 42513-2026: pedido de impugna\u00e7\u00e3o an\u00f4nimo. OF. CE. 20-2026: uso indevido de redes sociais &#8211; apoiadores. OF. CE. 25-2026: uso indevido de redes sociais &#8211; apoiadores. Decis\u00e3o Assinada: fake news. Decis\u00e3o Assinada Anonimizada: participa\u00e7\u00e3o campanha. OF. CE. 32-2026: uso indevido de redes sociais &#8211; apoiadores. OF. CE. 27-2026: uso indevido de redes sociais &#8211; apoiadores. [&hellip;]<\/p>\n","protected":false},"author":6,"featured_media":0,"parent":0,"menu_order":0,"comment_status":"closed","ping_status":"closed","template":"","meta":{"_acf_changed":false,"_themeisle_gutenberg_block_has_review":false,"footnotes":""},"class_list":["post-220","page","type-page","status-publish","hentry"],"acf":[],"_links":{"self":[{"href":"https:\/\/sites.uel.br\/eleicaoreitor2026\/wp-json\/wp\/v2\/pages\/220","targetHints":{"allow":["GET"]}}],"collection":[{"href":"https:\/\/sites.uel.br\/eleicaoreitor2026\/wp-json\/wp\/v2\/pages"}],"about":[{"href":"https:\/\/sites.uel.br\/eleicaoreitor2026\/wp-json\/wp\/v2\/types\/page"}],"author":[{"embeddable":true,"href":"https:\/\/sites.uel.br\/eleicaoreitor2026\/wp-json\/wp\/v2\/users\/6"}],"replies":[{"embeddable":true,"href":"https:\/\/sites.uel.br\/eleicaoreitor2026\/wp-json\/wp\/v2\/comments?post=220"}],"version-history":[{"count":84,"href":"https:\/\/sites.uel.br\/eleicaoreitor2026\/wp-json\/wp\/v2\/pages\/220\/revisions"}],"predecessor-version":[{"id":422,"href":"https:\/\/sites.uel.br\/eleicaoreitor2026\/wp-json\/wp\/v2\/pages\/220\/revisions\/422"}],"wp:attachment":[{"href":"https:\/\/sites.uel.br\/eleicaoreitor2026\/wp-json\/wp\/v2\/media?parent=220"}],"curies":[{"name":"wp","href":"https:\/\/api.w.org\/{rel}","templated":true}]}}