{"id":807,"date":"2025-06-10T10:46:22","date_gmt":"2025-06-10T13:46:22","guid":{"rendered":"https:\/\/sites.uel.br\/eaaj\/?page_id=807"},"modified":"2025-06-10T10:52:27","modified_gmt":"2025-06-10T13:52:27","slug":"manuais-discente","status":"publish","type":"page","link":"https:\/\/sites.uel.br\/eaaj\/manuais-discente\/","title":{"rendered":"Manuais Discente"},"content":{"rendered":"\n<div class=\"wp-block-group is-nowrap is-layout-flex wp-container-core-group-is-layout-ad2f72ca wp-block-group-is-layout-flex\">\n<figure class=\"wp-block-image size-full is-resized\"><img loading=\"lazy\" decoding=\"async\" width=\"512\" height=\"512\" src=\"https:\/\/sites.uel.br\/eaaj\/wp-content\/uploads\/2023\/05\/img_pdf.png\" alt=\"\" class=\"wp-image-342\" style=\"width:40px;height:40px\" srcset=\"https:\/\/sites.uel.br\/eaaj\/wp-content\/uploads\/2023\/05\/img_pdf.png 512w, https:\/\/sites.uel.br\/eaaj\/wp-content\/uploads\/2023\/05\/img_pdf-300x300.png 300w, https:\/\/sites.uel.br\/eaaj\/wp-content\/uploads\/2023\/05\/img_pdf-150x150.png 150w\" sizes=\"auto, (max-width: 512px) 100vw, 512px\" \/><\/figure>\n\n\n\n<p><a href=\"https:\/\/sites.uel.br\/eaaj\/wp-content\/uploads\/2023\/05\/fluxograma-atendimento.pdf\" data-type=\"URL\" data-id=\"https:\/\/sites.uel.br\/eaaj\/wp-content\/uploads\/2023\/05\/fluxograma-atendimento.pdf\">Fluxograma do Atendimento<\/a><\/p>\n<\/div>\n\n\n\n<p><\/p>\n\n\n\n<div class=\"wp-block-group is-nowrap is-layout-flex wp-container-core-group-is-layout-ad2f72ca wp-block-group-is-layout-flex\">\n<figure class=\"wp-block-image size-full is-resized\"><img loading=\"lazy\" decoding=\"async\" width=\"512\" height=\"512\" src=\"https:\/\/sites.uel.br\/eaaj\/wp-content\/uploads\/2023\/05\/img_pdf.png\" alt=\"\" class=\"wp-image-342\" style=\"width:40px;height:40px\" srcset=\"https:\/\/sites.uel.br\/eaaj\/wp-content\/uploads\/2023\/05\/img_pdf.png 512w, https:\/\/sites.uel.br\/eaaj\/wp-content\/uploads\/2023\/05\/img_pdf-300x300.png 300w, https:\/\/sites.uel.br\/eaaj\/wp-content\/uploads\/2023\/05\/img_pdf-150x150.png 150w\" sizes=\"auto, (max-width: 512px) 100vw, 512px\" \/><\/figure>\n\n\n\n<p><a href=\"https:\/\/sites.uel.br\/eaaj\/wp-content\/uploads\/2023\/05\/fluxograma-envio-de-correspondencias.pdf\" data-type=\"URL\" data-id=\"https:\/\/sites.uel.br\/eaaj\/wp-content\/uploads\/2023\/05\/fluxograma-envio-de-correspondencias.pdf\">Fluxograma do Envio de Correspond\u00eancias<\/a><\/p>\n<\/div>\n\n\n\n<p><\/p>\n\n\n\n<div class=\"wp-block-group is-nowrap is-layout-flex wp-container-core-group-is-layout-ad2f72ca wp-block-group-is-layout-flex\">\n<figure class=\"wp-block-image size-full is-resized\"><img loading=\"lazy\" decoding=\"async\" width=\"512\" height=\"512\" src=\"https:\/\/sites.uel.br\/eaaj\/wp-content\/uploads\/2023\/05\/img_pdf.png\" alt=\"\" class=\"wp-image-342\" style=\"width:40px;height:40px\" srcset=\"https:\/\/sites.uel.br\/eaaj\/wp-content\/uploads\/2023\/05\/img_pdf.png 512w, https:\/\/sites.uel.br\/eaaj\/wp-content\/uploads\/2023\/05\/img_pdf-300x300.png 300w, https:\/\/sites.uel.br\/eaaj\/wp-content\/uploads\/2023\/05\/img_pdf-150x150.png 150w\" sizes=\"auto, (max-width: 512px) 100vw, 512px\" \/><\/figure>\n\n\n\n<p><a href=\"https:\/\/sites.uel.br\/eaaj\/wp-content\/uploads\/2023\/05\/Atendimento-Discente.pdf\" data-type=\"URL\" data-id=\"https:\/\/sites.uel.br\/eaaj\/wp-content\/uploads\/2023\/05\/Atendimento-Discente.pdf\">Manual Atendimento Discente<\/a><\/p>\n\n\n\n<p><\/p>\n<\/div>\n\n\n\n<p><\/p>\n\n\n\n<div class=\"wp-block-group is-nowrap is-layout-flex wp-container-core-group-is-layout-ad2f72ca wp-block-group-is-layout-flex\">\n<figure class=\"wp-block-image size-full is-resized\"><img loading=\"lazy\" decoding=\"async\" width=\"512\" height=\"512\" src=\"https:\/\/sites.uel.br\/eaaj\/wp-content\/uploads\/2023\/05\/img_pdf.png\" alt=\"\" class=\"wp-image-342\" style=\"width:40px;height:40px\" srcset=\"https:\/\/sites.uel.br\/eaaj\/wp-content\/uploads\/2023\/05\/img_pdf.png 512w, https:\/\/sites.uel.br\/eaaj\/wp-content\/uploads\/2023\/05\/img_pdf-300x300.png 300w, https:\/\/sites.uel.br\/eaaj\/wp-content\/uploads\/2023\/05\/img_pdf-150x150.png 150w\" sizes=\"auto, (max-width: 512px) 100vw, 512px\" \/><\/figure>\n\n\n\n<p><a href=\"https:\/\/sites.uel.br\/eaaj\/wp-content\/uploads\/2023\/05\/orientacao-discente.pdf\" data-type=\"URL\" data-id=\"https:\/\/sites.uel.br\/eaaj\/wp-content\/uploads\/2023\/05\/orientacao-discente.pdf\">Manual Orienta\u00e7\u00e3o Discente<\/a><\/p>\n\n\n\n<p><\/p>\n<\/div>\n\n\n\n<p><\/p>\n\n\n\n<div class=\"wp-block-group is-nowrap is-layout-flex wp-container-core-group-is-layout-ad2f72ca wp-block-group-is-layout-flex\">\n<figure class=\"wp-block-image size-full is-resized\"><img loading=\"lazy\" decoding=\"async\" width=\"512\" height=\"512\" src=\"https:\/\/sites.uel.br\/eaaj\/wp-content\/uploads\/2023\/05\/img_pdf.png\" alt=\"\" class=\"wp-image-342\" style=\"width:40px;height:40px\" srcset=\"https:\/\/sites.uel.br\/eaaj\/wp-content\/uploads\/2023\/05\/img_pdf.png 512w, https:\/\/sites.uel.br\/eaaj\/wp-content\/uploads\/2023\/05\/img_pdf-300x300.png 300w, https:\/\/sites.uel.br\/eaaj\/wp-content\/uploads\/2023\/05\/img_pdf-150x150.png 150w\" sizes=\"auto, (max-width: 512px) 100vw, 512px\" \/><\/figure>\n\n\n\n<p><a href=\"https:\/\/sites.uel.br\/eaaj\/wp-content\/uploads\/2023\/05\/TUTORIAL_DISCENTES_-Assinatura-Termo-de-Estagio-Discente.pdf\" data-type=\"URL\" data-id=\"https:\/\/sites.uel.br\/eaaj\/wp-content\/uploads\/2023\/05\/TUTORIAL_DISCENTES_-Assinatura-Termo-de-Estagio-Discente.pdf\">Tutorial Assinatura Termo de Compromisso Discente<\/a><\/p>\n\n\n\n<p><\/p>\n\n\n\n<p><\/p>\n\n\n\n<p><\/p>\n<\/div>\n\n\n\n<p><\/p>\n\n\n\n<div class=\"wp-block-group is-nowrap is-layout-flex wp-container-core-group-is-layout-ad2f72ca wp-block-group-is-layout-flex\">\n<figure class=\"wp-block-image size-full is-resized\"><img loading=\"lazy\" decoding=\"async\" width=\"512\" height=\"512\" src=\"https:\/\/sites.uel.br\/eaaj\/wp-content\/uploads\/2023\/05\/img_pdf.png\" alt=\"\" class=\"wp-image-342\" style=\"width:40px;height:40px\" srcset=\"https:\/\/sites.uel.br\/eaaj\/wp-content\/uploads\/2023\/05\/img_pdf.png 512w, https:\/\/sites.uel.br\/eaaj\/wp-content\/uploads\/2023\/05\/img_pdf-300x300.png 300w, https:\/\/sites.uel.br\/eaaj\/wp-content\/uploads\/2023\/05\/img_pdf-150x150.png 150w\" sizes=\"auto, (max-width: 512px) 100vw, 512px\" \/><\/figure>\n\n\n\n<p><a href=\"https:\/\/sites.uel.br\/eaaj\/wp-content\/uploads\/2025\/06\/Gestao-de-prazos-Discente.pdf\">Gest\u00e3o de Prazos Discente<\/a><\/p>\n<\/div>\n\n\n\n<p><\/p>\n","protected":false},"excerpt":{"rendered":"<p>Fluxograma do Atendimento Fluxograma do Envio de Correspond\u00eancias Manual Atendimento Discente Manual Orienta\u00e7\u00e3o Discente Tutorial Assinatura Termo de Compromisso Discente Gest\u00e3o de Prazos Discente<\/p>\n","protected":false},"author":7,"featured_media":0,"parent":0,"menu_order":0,"comment_status":"closed","ping_status":"closed","template":"","meta":{"footnotes":""},"class_list":["post-807","page","type-page","status-publish","hentry"],"acf":[],"_links":{"self":[{"href":"https:\/\/sites.uel.br\/eaaj\/wp-json\/wp\/v2\/pages\/807","targetHints":{"allow":["GET"]}}],"collection":[{"href":"https:\/\/sites.uel.br\/eaaj\/wp-json\/wp\/v2\/pages"}],"about":[{"href":"https:\/\/sites.uel.br\/eaaj\/wp-json\/wp\/v2\/types\/page"}],"author":[{"embeddable":true,"href":"https:\/\/sites.uel.br\/eaaj\/wp-json\/wp\/v2\/users\/7"}],"replies":[{"embeddable":true,"href":"https:\/\/sites.uel.br\/eaaj\/wp-json\/wp\/v2\/comments?post=807"}],"version-history":[{"count":2,"href":"https:\/\/sites.uel.br\/eaaj\/wp-json\/wp\/v2\/pages\/807\/revisions"}],"predecessor-version":[{"id":815,"href":"https:\/\/sites.uel.br\/eaaj\/wp-json\/wp\/v2\/pages\/807\/revisions\/815"}],"wp:attachment":[{"href":"https:\/\/sites.uel.br\/eaaj\/wp-json\/wp\/v2\/media?parent=807"}],"curies":[{"name":"wp","href":"https:\/\/api.w.org\/{rel}","templated":true}]}}