{"id":576,"date":"2024-02-01T15:42:49","date_gmt":"2024-02-01T18:42:49","guid":{"rendered":"https:\/\/sites.uel.br\/eaaj\/?page_id=576"},"modified":"2025-02-03T10:07:01","modified_gmt":"2025-02-03T13:07:01","slug":"2023-2","status":"publish","type":"page","link":"https:\/\/sites.uel.br\/eaaj\/2023-2\/","title":{"rendered":"2023-2024"},"content":{"rendered":"\n<p class=\"has-text-align-center\"><strong>Dados Estat\u00edsticos 2023<\/strong><\/p>\n\n\n\n<figure class=\"wp-block-table has-small-font-size\"><table><tbody><tr><td class=\"has-text-align-center\" data-align=\"center\"><strong>&nbsp;M\u00caS<\/strong><\/td><td class=\"has-text-align-center\" data-align=\"center\"><strong>CASOS<\/strong><strong><br>NOVOS<\/strong><\/td><td class=\"has-text-align-center\" data-align=\"center\">&nbsp;<strong>ENCERRADOS<\/strong><\/td><td class=\"has-text-align-center\" data-align=\"center\">&nbsp;<strong>AJUIZADOS<\/strong><\/td><td class=\"has-text-align-center\" data-align=\"center\"><strong>ANDAMENTOS<\/strong><\/td><td class=\"has-text-align-center\" data-align=\"center\"><strong>AUDI\u00caNCIAS<\/strong><\/td><td class=\"has-text-align-center\" data-align=\"center\"><strong>DESP.<br>JUDIC.<\/strong><\/td><td class=\"has-text-align-center\" data-align=\"center\"><strong>RETORNO<\/strong><\/td><td class=\"has-text-align-center\" data-align=\"center\"><strong>&nbsp;CONSULTAS<\/strong><\/td><td class=\"has-text-align-center\" data-align=\"center\"><strong>GUICH\u00ca E TELEFONE<\/strong><strong>&nbsp;<\/strong><strong>&nbsp;<\/strong><\/td><td class=\"has-text-align-center\" data-align=\"center\"><strong>TRIAGEM<\/strong><\/td><\/tr><tr><td class=\"has-text-align-center\" data-align=\"center\">&nbsp;<strong>JAN<\/strong><\/td><td class=\"has-text-align-center\" data-align=\"center\">51<\/td><td class=\"has-text-align-center\" data-align=\"center\">21<\/td><td class=\"has-text-align-center\" data-align=\"center\">43<\/td><td class=\"has-text-align-center\" data-align=\"center\">2.851<\/td><td class=\"has-text-align-center\" data-align=\"center\">28<\/td><td class=\"has-text-align-center\" data-align=\"center\">646<\/td><td class=\"has-text-align-center\" data-align=\"center\">54<\/td><td class=\"has-text-align-center\" data-align=\"center\">  60<\/td><td class=\"has-text-align-center\" data-align=\"center\">188<\/td><td class=\"has-text-align-center\" data-align=\"center\">56<\/td><\/tr><tr><td class=\"has-text-align-center\" data-align=\"center\"><strong>&nbsp;FEV<\/strong><\/td><td class=\"has-text-align-center\" data-align=\"center\">97<\/td><td class=\"has-text-align-center\" data-align=\"center\">121<\/td><td class=\"has-text-align-center\" data-align=\"center\">77<\/td><td class=\"has-text-align-center\" data-align=\"center\">2.827<\/td><td class=\"has-text-align-center\" data-align=\"center\">85<\/td><td class=\"has-text-align-center\" data-align=\"center\">929<\/td><td class=\"has-text-align-center\" data-align=\"center\">167<\/td><td class=\"has-text-align-center\" data-align=\"center\"> 106<\/td><td class=\"has-text-align-center\" data-align=\"center\">867<\/td><td class=\"has-text-align-center\" data-align=\"center\">103<\/td><\/tr><tr><td class=\"has-text-align-center\" data-align=\"center\">&nbsp;<strong>MAR<\/strong><\/td><td class=\"has-text-align-center\" data-align=\"center\">541&nbsp;<\/td><td class=\"has-text-align-center\" data-align=\"center\">127&nbsp;<\/td><td class=\"has-text-align-center\" data-align=\"center\">119&nbsp;<\/td><td class=\"has-text-align-center\" data-align=\"center\">3.241&nbsp;<\/td><td class=\"has-text-align-center\" data-align=\"center\">93&nbsp;<\/td><td class=\"has-text-align-center\" data-align=\"center\">1.588&nbsp;<\/td><td class=\"has-text-align-center\" data-align=\"center\">&nbsp;632&nbsp;<\/td><td class=\"has-text-align-center\" data-align=\"center\">&nbsp;127&nbsp;<\/td><td class=\"has-text-align-center\" data-align=\"center\">&nbsp;571&nbsp;<\/td><td class=\"has-text-align-center\" data-align=\"center\">710&nbsp;<\/td><\/tr><tr><td class=\"has-text-align-center\" data-align=\"center\"><strong>&nbsp;ABR<\/strong><\/td><td class=\"has-text-align-center\" data-align=\"center\">304&nbsp;<\/td><td class=\"has-text-align-center\" data-align=\"center\">147&nbsp;<\/td><td class=\"has-text-align-center\" data-align=\"center\">130&nbsp;<\/td><td class=\"has-text-align-center\" data-align=\"center\">3.398&nbsp;<\/td><td class=\"has-text-align-center\" data-align=\"center\">53&nbsp;<\/td><td class=\"has-text-align-center\" data-align=\"center\">1.254&nbsp;<\/td><td class=\"has-text-align-center\" data-align=\"center\">373&nbsp;<\/td><td class=\"has-text-align-center\" data-align=\"center\">  84&nbsp;<\/td><td class=\"has-text-align-center\" data-align=\"center\">658<\/td><td class=\"has-text-align-center\" data-align=\"center\">217&nbsp;<\/td><\/tr><tr><td class=\"has-text-align-center\" data-align=\"center\">&nbsp;<strong>MAI<\/strong><\/td><td class=\"has-text-align-center\" data-align=\"center\">139&nbsp;<\/td><td class=\"has-text-align-center\" data-align=\"center\">297&nbsp;<\/td><td class=\"has-text-align-center\" data-align=\"center\">231&nbsp;<\/td><td class=\"has-text-align-center\" data-align=\"center\">3.240&nbsp;<\/td><td class=\"has-text-align-center\" data-align=\"center\">72&nbsp;<\/td><td class=\"has-text-align-center\" data-align=\"center\">1.347&nbsp;<\/td><td class=\"has-text-align-center\" data-align=\"center\">274&nbsp;<\/td><td class=\"has-text-align-center\" data-align=\"center\">137&nbsp;<\/td><td class=\"has-text-align-center\" data-align=\"center\">&nbsp;553<\/td><td class=\"has-text-align-center\" data-align=\"center\">144&nbsp;<\/td><\/tr><tr><td class=\"has-text-align-center\" data-align=\"center\">&nbsp;<strong>JUN<\/strong><\/td><td class=\"has-text-align-center\" data-align=\"center\">98&nbsp;<\/td><td class=\"has-text-align-center\" data-align=\"center\">225&nbsp;<\/td><td class=\"has-text-align-center\" data-align=\"center\">149&nbsp;<\/td><td class=\"has-text-align-center\" data-align=\"center\">3.113&nbsp;<\/td><td class=\"has-text-align-center\" data-align=\"center\">78&nbsp;<\/td><td class=\"has-text-align-center\" data-align=\"center\">1.170&nbsp;<\/td><td class=\"has-text-align-center\" data-align=\"center\">151&nbsp;<\/td><td class=\"has-text-align-center\" data-align=\"center\">87&nbsp;<\/td><td class=\"has-text-align-center\" data-align=\"center\">&nbsp;218<\/td><td class=\"has-text-align-center\" data-align=\"center\">91&nbsp;<\/td><\/tr><tr><td class=\"has-text-align-center\" data-align=\"center\">&nbsp;<strong>JUL<\/strong><\/td><td class=\"has-text-align-center\" data-align=\"center\">77&nbsp;<\/td><td class=\"has-text-align-center\" data-align=\"center\">28&nbsp;<\/td><td class=\"has-text-align-center\" data-align=\"center\">94&nbsp;<\/td><td class=\"has-text-align-center\" data-align=\"center\">3.162&nbsp;<\/td><td class=\"has-text-align-center\" data-align=\"center\">97&nbsp;<\/td><td class=\"has-text-align-center\" data-align=\"center\">1.298<\/td><td class=\"has-text-align-center\" data-align=\"center\">196&nbsp;<\/td><td class=\"has-text-align-center\" data-align=\"center\">94&nbsp;<\/td><td class=\"has-text-align-center\" data-align=\"center\">462&nbsp;<\/td><td class=\"has-text-align-center\" data-align=\"center\">79&nbsp;<\/td><\/tr><tr><td class=\"has-text-align-center\" data-align=\"center\">&nbsp;<strong>AGO<\/strong><\/td><td class=\"has-text-align-center\" data-align=\"center\">301&nbsp;<\/td><td class=\"has-text-align-center\" data-align=\"center\">160&nbsp;<\/td><td class=\"has-text-align-center\" data-align=\"center\">89&nbsp;<\/td><td class=\"has-text-align-center\" data-align=\"center\">3.302&nbsp;<\/td><td class=\"has-text-align-center\" data-align=\"center\">104&nbsp;<\/td><td class=\"has-text-align-center\" data-align=\"center\">1.508&nbsp;<\/td><td class=\"has-text-align-center\" data-align=\"center\">596<\/td><td class=\"has-text-align-center\" data-align=\"center\">86&nbsp;<\/td><td class=\"has-text-align-center\" data-align=\"center\">729&nbsp;<\/td><td class=\"has-text-align-center\" data-align=\"center\">332&nbsp;<\/td><\/tr><tr><td class=\"has-text-align-center\" data-align=\"center\">&nbsp;<strong>SET<\/strong><\/td><td class=\"has-text-align-center\" data-align=\"center\">399&nbsp;<\/td><td class=\"has-text-align-center\" data-align=\"center\">151&nbsp;<\/td><td class=\"has-text-align-center\" data-align=\"center\">107&nbsp;<\/td><td class=\"has-text-align-center\" data-align=\"center\">3.550&nbsp;<\/td><td class=\"has-text-align-center\" data-align=\"center\">66&nbsp;<\/td><td class=\"has-text-align-center\" data-align=\"center\">1.507<\/td><td class=\"has-text-align-center\" data-align=\"center\">686<\/td><td class=\"has-text-align-center\" data-align=\"center\">45<\/td><td class=\"has-text-align-center\" data-align=\"center\">414&nbsp;<\/td><td class=\"has-text-align-center\" data-align=\"center\">511<\/td><\/tr><tr><td class=\"has-text-align-center\" data-align=\"center\">&nbsp;<strong>OUT<\/strong><\/td><td class=\"has-text-align-center\" data-align=\"center\">351&nbsp;<\/td><td class=\"has-text-align-center\" data-align=\"center\">162&nbsp;<\/td><td class=\"has-text-align-center\" data-align=\"center\">160&nbsp;<\/td><td class=\"has-text-align-center\" data-align=\"center\">3.739&nbsp;<\/td><td class=\"has-text-align-center\" data-align=\"center\">74&nbsp;<\/td><td class=\"has-text-align-center\" data-align=\"center\">1.702&nbsp;<\/td><td class=\"has-text-align-center\" data-align=\"center\">610&nbsp;<\/td><td class=\"has-text-align-center\" data-align=\"center\">76&nbsp;<\/td><td class=\"has-text-align-center\" data-align=\"center\">550&nbsp;<\/td><td class=\"has-text-align-center\" data-align=\"center\">424&nbsp;<\/td><\/tr><tr><td class=\"has-text-align-center\" data-align=\"center\">&nbsp;<strong>NOV<\/strong><\/td><td class=\"has-text-align-center\" data-align=\"center\">199&nbsp;<\/td><td class=\"has-text-align-center\" data-align=\"center\">116&nbsp;<\/td><td class=\"has-text-align-center\" data-align=\"center\">150&nbsp;<\/td><td class=\"has-text-align-center\" data-align=\"center\">3.822&nbsp;<\/td><td class=\"has-text-align-center\" data-align=\"center\">69&nbsp;<\/td><td class=\"has-text-align-center\" data-align=\"center\">1.408&nbsp;<\/td><td class=\"has-text-align-center\" data-align=\"center\">425&nbsp;<\/td><td class=\"has-text-align-center\" data-align=\"center\">144&nbsp;<\/td><td class=\"has-text-align-center\" data-align=\"center\">527&nbsp;<\/td><td class=\"has-text-align-center\" data-align=\"center\">142&nbsp;<\/td><\/tr><tr><td class=\"has-text-align-center\" data-align=\"center\">&nbsp;<strong>DEZ<\/strong><\/td><td class=\"has-text-align-center\" data-align=\"center\">85&nbsp;<\/td><td class=\"has-text-align-center\" data-align=\"center\">232<\/td><td class=\"has-text-align-center\" data-align=\"center\">136&nbsp;<\/td><td class=\"has-text-align-center\" data-align=\"center\">3.675&nbsp;<\/td><td class=\"has-text-align-center\" data-align=\"center\">77&nbsp;<\/td><td class=\"has-text-align-center\" data-align=\"center\">833&nbsp;<\/td><td class=\"has-text-align-center\" data-align=\"center\">153&nbsp;<\/td><td class=\"has-text-align-center\" data-align=\"center\">74&nbsp;<\/td><td class=\"has-text-align-center\" data-align=\"center\">297&nbsp;<\/td><td class=\"has-text-align-center\" data-align=\"center\">73<\/td><\/tr><tr><td class=\"has-text-align-center\" data-align=\"center\">&nbsp;<strong>TOTAL<\/strong><\/td><td class=\"has-text-align-center\" data-align=\"center\">2.642<\/td><td class=\"has-text-align-center\" data-align=\"center\">1.787<\/td><td class=\"has-text-align-center\" data-align=\"center\">1.485<\/td><td class=\"has-text-align-center\" data-align=\"center\">&nbsp;Demonst.<br>Mensal<\/td><td class=\"has-text-align-center\" data-align=\"center\">&nbsp;897<\/td><td class=\"has-text-align-center\" data-align=\"center\">15.189<\/td><td class=\"has-text-align-center\" data-align=\"center\">4.317<\/td><td class=\"has-text-align-center\" data-align=\"center\">1.120<\/td><td class=\"has-text-align-center\" data-align=\"center\">6.034<\/td><td class=\"has-text-align-center\" data-align=\"center\">2.882<\/td><\/tr><\/tbody><\/table><\/figure>\n\n\n\n<p><\/p>\n\n\n\n<p class=\"has-text-align-center\"><strong>Dados Estat\u00edsticos 2024<\/strong><\/p>\n\n\n\n<figure class=\"wp-block-table has-small-font-size\"><table><tbody><tr><td class=\"has-text-align-center\" data-align=\"center\"><strong>&nbsp;M\u00caS<\/strong><\/td><td class=\"has-text-align-center\" data-align=\"center\"><strong>CASOS<\/strong><strong><br>NOVOS<\/strong><\/td><td class=\"has-text-align-center\" data-align=\"center\">&nbsp;<strong>ENCERRADOS<\/strong><\/td><td class=\"has-text-align-center\" data-align=\"center\">&nbsp;<strong>AJUIZADOS<\/strong><\/td><td class=\"has-text-align-center\" data-align=\"center\"><strong>ANDAMENTOS<\/strong><\/td><td class=\"has-text-align-center\" data-align=\"center\"><strong>AUDI\u00caNCIAS<\/strong><\/td><td class=\"has-text-align-center\" data-align=\"center\"><strong>DESP.<br>JUDIC.<\/strong><\/td><td class=\"has-text-align-center\" data-align=\"center\"><strong>RETORNO<\/strong><\/td><td class=\"has-text-align-center\" data-align=\"center\"><strong>&nbsp;CONSULTAS<\/strong><\/td><td class=\"has-text-align-center\" data-align=\"center\"><strong>GUICH\u00ca E TELEFONE<\/strong><strong>&nbsp;<\/strong><strong>&nbsp;<\/strong><\/td><td class=\"has-text-align-center\" data-align=\"center\"><strong>TRIAGEM<\/strong><\/td><\/tr><tr><td class=\"has-text-align-center\" data-align=\"center\">&nbsp;<strong>JAN<\/strong><\/td><td class=\"has-text-align-center\" data-align=\"center\">89<\/td><td class=\"has-text-align-center\" data-align=\"center\">62<\/td><td class=\"has-text-align-center\" data-align=\"center\">91<\/td><td class=\"has-text-align-center\" data-align=\"center\">3.702<\/td><td class=\"has-text-align-center\" data-align=\"center\">34<\/td><td class=\"has-text-align-center\" data-align=\"center\">1.055<\/td><td class=\"has-text-align-center\" data-align=\"center\">172<\/td><td class=\"has-text-align-center\" data-align=\"center\">  82<\/td><td class=\"has-text-align-center\" data-align=\"center\">752<\/td><td class=\"has-text-align-center\" data-align=\"center\">94<\/td><\/tr><tr><td class=\"has-text-align-center\" data-align=\"center\"><strong>&nbsp;FEV<\/strong><\/td><td class=\"has-text-align-center\" data-align=\"center\">434<\/td><td class=\"has-text-align-center\" data-align=\"center\">88<\/td><td class=\"has-text-align-center\" data-align=\"center\">84<\/td><td class=\"has-text-align-center\" data-align=\"center\">4.047<\/td><td class=\"has-text-align-center\" data-align=\"center\">86<\/td><td class=\"has-text-align-center\" data-align=\"center\">1.643<\/td><td class=\"has-text-align-center\" data-align=\"center\">553<\/td><td class=\"has-text-align-center\" data-align=\"center\"> 94<\/td><td class=\"has-text-align-center\" data-align=\"center\">859<\/td><td class=\"has-text-align-center\" data-align=\"center\">499<\/td><\/tr><tr><td class=\"has-text-align-center\" data-align=\"center\">&nbsp;<strong>MAR<\/strong><\/td><td class=\"has-text-align-center\" data-align=\"center\">252<\/td><td class=\"has-text-align-center\" data-align=\"center\">302<\/td><td class=\"has-text-align-center\" data-align=\"center\">178<\/td><td class=\"has-text-align-center\" data-align=\"center\">3.997<\/td><td class=\"has-text-align-center\" data-align=\"center\">78<\/td><td class=\"has-text-align-center\" data-align=\"center\">1.390<\/td><td class=\"has-text-align-center\" data-align=\"center\">473&nbsp;<\/td><td class=\"has-text-align-center\" data-align=\"center\">&nbsp;74<\/td><td class=\"has-text-align-center\" data-align=\"center\">833&nbsp;<\/td><td class=\"has-text-align-center\" data-align=\"center\">353<\/td><\/tr><tr><td class=\"has-text-align-center\" data-align=\"center\"><strong>&nbsp;ABR<\/strong><\/td><td class=\"has-text-align-center\" data-align=\"center\">267<\/td><td class=\"has-text-align-center\" data-align=\"center\">272<\/td><td class=\"has-text-align-center\" data-align=\"center\">205<\/td><td class=\"has-text-align-center\" data-align=\"center\">3.992<\/td><td class=\"has-text-align-center\" data-align=\"center\">94<\/td><td class=\"has-text-align-center\" data-align=\"center\">1.825<\/td><td class=\"has-text-align-center\" data-align=\"center\">514<\/td><td class=\"has-text-align-center\" data-align=\"center\">97<\/td><td class=\"has-text-align-center\" data-align=\"center\">751<\/td><td class=\"has-text-align-center\" data-align=\"center\">252<\/td><\/tr><tr><td class=\"has-text-align-center\" data-align=\"center\">&nbsp;<strong>MAI<\/strong><\/td><td class=\"has-text-align-center\" data-align=\"center\">109<\/td><td class=\"has-text-align-center\" data-align=\"center\">479<\/td><td class=\"has-text-align-center\" data-align=\"center\">213<\/td><td class=\"has-text-align-center\" data-align=\"center\">3.622<\/td><td class=\"has-text-align-center\" data-align=\"center\">77<\/td><td class=\"has-text-align-center\" data-align=\"center\">1.483<\/td><td class=\"has-text-align-center\" data-align=\"center\">291<\/td><td class=\"has-text-align-center\" data-align=\"center\">56<\/td><td class=\"has-text-align-center\" data-align=\"center\">748&nbsp;<\/td><td class=\"has-text-align-center\" data-align=\"center\">111<\/td><\/tr><tr><td class=\"has-text-align-center\" data-align=\"center\">&nbsp;<strong>JUN<\/strong><\/td><td class=\"has-text-align-center\" data-align=\"center\">52<\/td><td class=\"has-text-align-center\" data-align=\"center\">119<\/td><td class=\"has-text-align-center\" data-align=\"center\">61<\/td><td class=\"has-text-align-center\" data-align=\"center\">3.555<\/td><td class=\"has-text-align-center\" data-align=\"center\">94<\/td><td class=\"has-text-align-center\" data-align=\"center\">1.565<\/td><td class=\"has-text-align-center\" data-align=\"center\">244<\/td><td class=\"has-text-align-center\" data-align=\"center\">53<\/td><td class=\"has-text-align-center\" data-align=\"center\">795&nbsp;<\/td><td class=\"has-text-align-center\" data-align=\"center\">58<\/td><\/tr><tr><td class=\"has-text-align-center\" data-align=\"center\">&nbsp;<strong>JUL<\/strong><\/td><td class=\"has-text-align-center\" data-align=\"center\">356<\/td><td class=\"has-text-align-center\" data-align=\"center\">214<\/td><td class=\"has-text-align-center\" data-align=\"center\">140<\/td><td class=\"has-text-align-center\" data-align=\"center\">3.697<\/td><td class=\"has-text-align-center\" data-align=\"center\">109<\/td><td class=\"has-text-align-center\" data-align=\"center\">1.817<\/td><td class=\"has-text-align-center\" data-align=\"center\">740<\/td><td class=\"has-text-align-center\" data-align=\"center\">74<\/td><td class=\"has-text-align-center\" data-align=\"center\">738<\/td><td class=\"has-text-align-center\" data-align=\"center\">397<\/td><\/tr><tr><td class=\"has-text-align-center\" data-align=\"center\">&nbsp;<strong>AGO<\/strong><\/td><td class=\"has-text-align-center\" data-align=\"center\">385<\/td><td class=\"has-text-align-center\" data-align=\"center\">172<\/td><td class=\"has-text-align-center\" data-align=\"center\">163<\/td><td class=\"has-text-align-center\" data-align=\"center\">3.910<\/td><td class=\"has-text-align-center\" data-align=\"center\">90<\/td><td class=\"has-text-align-center\" data-align=\"center\">1.758<\/td><td class=\"has-text-align-center\" data-align=\"center\">652<\/td><td class=\"has-text-align-center\" data-align=\"center\">59<\/td><td class=\"has-text-align-center\" data-align=\"center\">676<\/td><td class=\"has-text-align-center\" data-align=\"center\">552<\/td><\/tr><tr><td class=\"has-text-align-center\" data-align=\"center\">&nbsp;<strong>SET<\/strong><\/td><td class=\"has-text-align-center\" data-align=\"center\">181<\/td><td class=\"has-text-align-center\" data-align=\"center\">188<\/td><td class=\"has-text-align-center\" data-align=\"center\">134<\/td><td class=\"has-text-align-center\" data-align=\"center\">3.903<\/td><td class=\"has-text-align-center\" data-align=\"center\">100<\/td><td class=\"has-text-align-center\" data-align=\"center\">1.508<\/td><td class=\"has-text-align-center\" data-align=\"center\">416<\/td><td class=\"has-text-align-center\" data-align=\"center\">115<\/td><td class=\"has-text-align-center\" data-align=\"center\">650<\/td><td class=\"has-text-align-center\" data-align=\"center\">115<\/td><\/tr><tr><td class=\"has-text-align-center\" data-align=\"center\">&nbsp;<strong>OUT<\/strong><\/td><td class=\"has-text-align-center\" data-align=\"center\">305<\/td><td class=\"has-text-align-center\" data-align=\"center\">213<\/td><td class=\"has-text-align-center\" data-align=\"center\">162<\/td><td class=\"has-text-align-center\" data-align=\"center\">3.995<\/td><td class=\"has-text-align-center\" data-align=\"center\">102<\/td><td class=\"has-text-align-center\" data-align=\"center\">1.781<\/td><td class=\"has-text-align-center\" data-align=\"center\">455<\/td><td class=\"has-text-align-center\" data-align=\"center\">94<\/td><td class=\"has-text-align-center\" data-align=\"center\">678<\/td><td class=\"has-text-align-center\" data-align=\"center\">346<\/td><\/tr><tr><td class=\"has-text-align-center\" data-align=\"center\">&nbsp;<strong>NOV<\/strong><\/td><td class=\"has-text-align-center\" data-align=\"center\">326<\/td><td class=\"has-text-align-center\" data-align=\"center\">161<\/td><td class=\"has-text-align-center\" data-align=\"center\">131<\/td><td class=\"has-text-align-center\" data-align=\"center\">4.160<\/td><td class=\"has-text-align-center\" data-align=\"center\">116<\/td><td class=\"has-text-align-center\" data-align=\"center\">1.608<\/td><td class=\"has-text-align-center\" data-align=\"center\">506<\/td><td class=\"has-text-align-center\" data-align=\"center\">59<\/td><td class=\"has-text-align-center\" data-align=\"center\">718<\/td><td class=\"has-text-align-center\" data-align=\"center\">477<\/td><\/tr><tr><td class=\"has-text-align-center\" data-align=\"center\">&nbsp;<strong>DEZ<\/strong><\/td><td class=\"has-text-align-center\" data-align=\"center\">148<\/td><td class=\"has-text-align-center\" data-align=\"center\">165<\/td><td class=\"has-text-align-center\" data-align=\"center\">118<\/td><td class=\"has-text-align-center\" data-align=\"center\">4.143<\/td><td class=\"has-text-align-center\" data-align=\"center\">64<\/td><td class=\"has-text-align-center\" data-align=\"center\">1.032<\/td><td class=\"has-text-align-center\" data-align=\"center\">299<\/td><td class=\"has-text-align-center\" data-align=\"center\">65<\/td><td class=\"has-text-align-center\" data-align=\"center\">428<\/td><td class=\"has-text-align-center\" data-align=\"center\">86<\/td><\/tr><tr><td class=\"has-text-align-center\" data-align=\"center\">&nbsp;<strong>TOTAL<\/strong><\/td><td class=\"has-text-align-center\" data-align=\"center\">2.904<\/td><td class=\"has-text-align-center\" data-align=\"center\">2.435<\/td><td class=\"has-text-align-center\" data-align=\"center\">1.680<\/td><td class=\"has-text-align-center\" data-align=\"center\">&nbsp;Demonst.<br>Mensal<\/td><td class=\"has-text-align-center\" data-align=\"center\">1.047<\/td><td class=\"has-text-align-center\" data-align=\"center\">18.463<\/td><td class=\"has-text-align-center\" data-align=\"center\">5.315<\/td><td class=\"has-text-align-center\" data-align=\"center\">922<\/td><td class=\"has-text-align-center\" data-align=\"center\">8.626<\/td><td class=\"has-text-align-center\" data-align=\"center\">3.340<\/td><\/tr><\/tbody><\/table><\/figure>\n","protected":false},"excerpt":{"rendered":"<p>Dados Estat\u00edsticos 2023 &nbsp;M\u00caS CASOSNOVOS &nbsp;ENCERRADOS &nbsp;AJUIZADOS ANDAMENTOS AUDI\u00caNCIAS DESP.JUDIC. RETORNO &nbsp;CONSULTAS GUICH\u00ca E TELEFONE&nbsp;&nbsp; TRIAGEM &nbsp;JAN 51 21 43 2.851 28 646 54 60 188 56 &nbsp;FEV 97 121 77 2.827 85 929 167 106 867 103 &nbsp;MAR 541&nbsp; 127&nbsp; 119&nbsp; 3.241&nbsp; 93&nbsp; 1.588&nbsp; &nbsp;632&nbsp; &nbsp;127&nbsp; &nbsp;571&nbsp; 710&nbsp; &nbsp;ABR 304&nbsp; 147&nbsp; 130&nbsp; 3.398&nbsp; 53&nbsp; [&hellip;]<\/p>\n","protected":false},"author":7,"featured_media":0,"parent":0,"menu_order":0,"comment_status":"closed","ping_status":"closed","template":"","meta":{"footnotes":""},"class_list":["post-576","page","type-page","status-publish","hentry"],"acf":[],"_links":{"self":[{"href":"https:\/\/sites.uel.br\/eaaj\/wp-json\/wp\/v2\/pages\/576","targetHints":{"allow":["GET"]}}],"collection":[{"href":"https:\/\/sites.uel.br\/eaaj\/wp-json\/wp\/v2\/pages"}],"about":[{"href":"https:\/\/sites.uel.br\/eaaj\/wp-json\/wp\/v2\/types\/page"}],"author":[{"embeddable":true,"href":"https:\/\/sites.uel.br\/eaaj\/wp-json\/wp\/v2\/users\/7"}],"replies":[{"embeddable":true,"href":"https:\/\/sites.uel.br\/eaaj\/wp-json\/wp\/v2\/comments?post=576"}],"version-history":[{"count":7,"href":"https:\/\/sites.uel.br\/eaaj\/wp-json\/wp\/v2\/pages\/576\/revisions"}],"predecessor-version":[{"id":734,"href":"https:\/\/sites.uel.br\/eaaj\/wp-json\/wp\/v2\/pages\/576\/revisions\/734"}],"wp:attachment":[{"href":"https:\/\/sites.uel.br\/eaaj\/wp-json\/wp\/v2\/media?parent=576"}],"curies":[{"name":"wp","href":"https:\/\/api.w.org\/{rel}","templated":true}]}}