{"id":49,"date":"2023-05-18T09:05:29","date_gmt":"2023-05-18T12:05:29","guid":{"rendered":"https:\/\/sites.uel.br\/eaaj\/?page_id=49"},"modified":"2023-05-18T14:12:31","modified_gmt":"2023-05-18T17:12:31","slug":"contato","status":"publish","type":"page","link":"https:\/\/sites.uel.br\/eaaj\/contato\/","title":{"rendered":"Hor\u00e1rio de Atendimento"},"content":{"rendered":"\n<p>\u00a0\u00a0 De Segunda \u00e0 quinta-Feira:<br><br>\u00a0\u00a0das 07h30 \u00e0s 12h00<br>\u00a0\u00a0das 13h30 \u00e0s\u00a017h30\u00a0<br>\u00a0<\/p>\n\n\n\n<p class=\"has-text-align-left\">Sexta-feira:<br><br>triagem de casos novos&nbsp;<a href=\"http:\/\/www.uel.br\/eaaj\/portal\/pages\/triagem-de-casos-novos.php\">(consultar datas de triagem)&nbsp;<\/a><br><br>&nbsp;das 08h00 \u00e0s 12h00<br>&nbsp;das 13h00&nbsp; \u00e0s&nbsp;17h00<\/p>\n\n\n\n<p><\/p>\n\n\n\n<p><\/p>\n\n\n\n<p>&nbsp;<strong>ENDERE\u00c7O:<\/strong><\/p>\n\n\n\n<p>&nbsp;Rua Brasil, 742<br>&nbsp;Londrina \/ PR<br>&nbsp;CEP: 86010-200&nbsp;<\/p>\n\n\n\n<p><br><strong>Telefone:<\/strong><\/p>\n\n\n\n<p>(43)3371-5188<\/p>\n\n\n\n<p>(43)3371-5189<\/p>\n\n\n\n<p>(43)3371-5190&nbsp;<\/p>\n\n\n\n<p>&nbsp;&nbsp;&nbsp;&nbsp;&nbsp;&nbsp;&nbsp;&nbsp;&nbsp;&nbsp;&nbsp;&nbsp;&nbsp;&nbsp;<br><strong>Linhas de \u00f4nibus:<\/strong><\/p>\n\n\n\n<p>Linhas<strong>&nbsp;108<\/strong>&nbsp;e&nbsp;<strong>201<\/strong>(Descer no ponto de \u00f4nibus entre a rua Goi\u00e1s e rua Brasil).<\/p>\n","protected":false},"excerpt":{"rendered":"<p>\u00a0\u00a0 De Segunda \u00e0 quinta-Feira: \u00a0\u00a0das 07h30 \u00e0s 12h00\u00a0\u00a0das 13h30 \u00e0s\u00a017h30\u00a0\u00a0 Sexta-feira: triagem de casos novos&nbsp;(consultar datas de triagem)&nbsp; &nbsp;das 08h00 \u00e0s 12h00&nbsp;das 13h00&nbsp; \u00e0s&nbsp;17h00 &nbsp;ENDERE\u00c7O: &nbsp;Rua Brasil, 742&nbsp;Londrina \/ PR&nbsp;CEP: 86010-200&nbsp; Telefone: (43)3371-5188 (43)3371-5189 (43)3371-5190&nbsp; &nbsp;&nbsp;&nbsp;&nbsp;&nbsp;&nbsp;&nbsp;&nbsp;&nbsp;&nbsp;&nbsp;&nbsp;&nbsp;&nbsp;Linhas de \u00f4nibus: Linhas&nbsp;108&nbsp;e&nbsp;201(Descer no ponto de \u00f4nibus entre a rua Goi\u00e1s e rua Brasil).<\/p>\n","protected":false},"author":7,"featured_media":0,"parent":0,"menu_order":0,"comment_status":"closed","ping_status":"closed","template":"","meta":{"footnotes":""},"class_list":["post-49","page","type-page","status-publish","hentry"],"acf":[],"_links":{"self":[{"href":"https:\/\/sites.uel.br\/eaaj\/wp-json\/wp\/v2\/pages\/49","targetHints":{"allow":["GET"]}}],"collection":[{"href":"https:\/\/sites.uel.br\/eaaj\/wp-json\/wp\/v2\/pages"}],"about":[{"href":"https:\/\/sites.uel.br\/eaaj\/wp-json\/wp\/v2\/types\/page"}],"author":[{"embeddable":true,"href":"https:\/\/sites.uel.br\/eaaj\/wp-json\/wp\/v2\/users\/7"}],"replies":[{"embeddable":true,"href":"https:\/\/sites.uel.br\/eaaj\/wp-json\/wp\/v2\/comments?post=49"}],"version-history":[{"count":5,"href":"https:\/\/sites.uel.br\/eaaj\/wp-json\/wp\/v2\/pages\/49\/revisions"}],"predecessor-version":[{"id":195,"href":"https:\/\/sites.uel.br\/eaaj\/wp-json\/wp\/v2\/pages\/49\/revisions\/195"}],"wp:attachment":[{"href":"https:\/\/sites.uel.br\/eaaj\/wp-json\/wp\/v2\/media?parent=49"}],"curies":[{"name":"wp","href":"https:\/\/api.w.org\/{rel}","templated":true}]}}