{"id":469,"date":"2023-05-24T08:36:39","date_gmt":"2023-05-24T11:36:39","guid":{"rendered":"https:\/\/sites.uel.br\/eaaj\/?page_id=469"},"modified":"2025-10-13T10:03:24","modified_gmt":"2025-10-13T13:03:24","slug":"triagem","status":"publish","type":"page","link":"https:\/\/sites.uel.br\/eaaj\/triagem\/","title":{"rendered":"Triagem"},"content":{"rendered":"\n<p><\/p>\n\n\n\n<p class=\"has-text-align-center\"><strong>TRIAGEM DE CASOS NOVOS<\/strong><\/p>\n\n\n\n<p class=\"has-text-align-center\">Triagem fechada, atendemos somente casos de urg\u00eancia.<\/p>\n\n\n\n<p class=\"has-text-align-center\">Para informa\u00e7\u00f5es, ligar nos telefones: <strong>(43)3371-5188<\/strong>, <strong>(43)3371-5189<\/strong> e <strong>(43)3371-5190<\/strong><\/p>\n","protected":false},"excerpt":{"rendered":"<p>TRIAGEM DE CASOS NOVOS Triagem fechada, atendemos somente casos de urg\u00eancia. Para informa\u00e7\u00f5es, ligar nos telefones: (43)3371-5188, (43)3371-5189 e (43)3371-5190<\/p>\n","protected":false},"author":7,"featured_media":0,"parent":0,"menu_order":0,"comment_status":"closed","ping_status":"closed","template":"","meta":{"footnotes":""},"class_list":["post-469","page","type-page","status-publish","hentry"],"acf":[],"_links":{"self":[{"href":"https:\/\/sites.uel.br\/eaaj\/wp-json\/wp\/v2\/pages\/469","targetHints":{"allow":["GET"]}}],"collection":[{"href":"https:\/\/sites.uel.br\/eaaj\/wp-json\/wp\/v2\/pages"}],"about":[{"href":"https:\/\/sites.uel.br\/eaaj\/wp-json\/wp\/v2\/types\/page"}],"author":[{"embeddable":true,"href":"https:\/\/sites.uel.br\/eaaj\/wp-json\/wp\/v2\/users\/7"}],"replies":[{"embeddable":true,"href":"https:\/\/sites.uel.br\/eaaj\/wp-json\/wp\/v2\/comments?post=469"}],"version-history":[{"count":22,"href":"https:\/\/sites.uel.br\/eaaj\/wp-json\/wp\/v2\/pages\/469\/revisions"}],"predecessor-version":[{"id":853,"href":"https:\/\/sites.uel.br\/eaaj\/wp-json\/wp\/v2\/pages\/469\/revisions\/853"}],"wp:attachment":[{"href":"https:\/\/sites.uel.br\/eaaj\/wp-json\/wp\/v2\/media?parent=469"}],"curies":[{"name":"wp","href":"https:\/\/api.w.org\/{rel}","templated":true}]}}