{"id":451,"date":"2023-05-23T10:24:10","date_gmt":"2023-05-23T13:24:10","guid":{"rendered":"https:\/\/sites.uel.br\/eaaj\/?page_id=451"},"modified":"2023-05-23T10:24:59","modified_gmt":"2023-05-23T13:24:59","slug":"expediente-e-arquivo","status":"publish","type":"page","link":"https:\/\/sites.uel.br\/eaaj\/expediente-e-arquivo\/","title":{"rendered":"Expediente e Arquivo"},"content":{"rendered":"\n<p><\/p>\n\n\n\n<p>\u00a0\u00c9 respons\u00e1vel pelo atendimento e encaminhamentos de clientes, atendimento aos estagi\u00e1rios, encaminhamentos de processos aos estagi\u00e1rios e professores.<\/p>\n\n\n\n<p>\u00a0\u00a0\u00a0     Organiza\u00e7\u00e3o e controle do arquivo de processos em andamentos e processos inativos do EAAJ.<\/p>\n\n\n\n<p>    \u00a0\u00a0\u00a0 Retirada e arquivamento de processos, levantamento de dados estat\u00edsticos relacionados ao atendimento ao p\u00fablico.<\/p>\n\n\n\n<p>\u00a0\u00a0\u00a0    Presta, tamb\u00e9m, aux\u00edlio na triagem de casos novos.<\/p>\n","protected":false},"excerpt":{"rendered":"<p>\u00a0\u00c9 respons\u00e1vel pelo atendimento e encaminhamentos de clientes, atendimento aos estagi\u00e1rios, encaminhamentos de processos aos estagi\u00e1rios e professores. \u00a0\u00a0\u00a0 Organiza\u00e7\u00e3o e controle do arquivo de processos em andamentos e processos inativos do EAAJ. \u00a0\u00a0\u00a0 Retirada e arquivamento de processos, levantamento de dados estat\u00edsticos relacionados ao atendimento ao p\u00fablico. \u00a0\u00a0\u00a0 Presta, tamb\u00e9m, aux\u00edlio na triagem de [&hellip;]<\/p>\n","protected":false},"author":7,"featured_media":0,"parent":0,"menu_order":0,"comment_status":"closed","ping_status":"closed","template":"","meta":{"footnotes":""},"class_list":["post-451","page","type-page","status-publish","hentry"],"acf":[],"_links":{"self":[{"href":"https:\/\/sites.uel.br\/eaaj\/wp-json\/wp\/v2\/pages\/451","targetHints":{"allow":["GET"]}}],"collection":[{"href":"https:\/\/sites.uel.br\/eaaj\/wp-json\/wp\/v2\/pages"}],"about":[{"href":"https:\/\/sites.uel.br\/eaaj\/wp-json\/wp\/v2\/types\/page"}],"author":[{"embeddable":true,"href":"https:\/\/sites.uel.br\/eaaj\/wp-json\/wp\/v2\/users\/7"}],"replies":[{"embeddable":true,"href":"https:\/\/sites.uel.br\/eaaj\/wp-json\/wp\/v2\/comments?post=451"}],"version-history":[{"count":2,"href":"https:\/\/sites.uel.br\/eaaj\/wp-json\/wp\/v2\/pages\/451\/revisions"}],"predecessor-version":[{"id":454,"href":"https:\/\/sites.uel.br\/eaaj\/wp-json\/wp\/v2\/pages\/451\/revisions\/454"}],"wp:attachment":[{"href":"https:\/\/sites.uel.br\/eaaj\/wp-json\/wp\/v2\/media?parent=451"}],"curies":[{"name":"wp","href":"https:\/\/api.w.org\/{rel}","templated":true}]}}