{"id":446,"date":"2023-05-23T10:04:58","date_gmt":"2023-05-23T13:04:58","guid":{"rendered":"https:\/\/sites.uel.br\/eaaj\/?page_id=446"},"modified":"2023-05-23T10:19:03","modified_gmt":"2023-05-23T13:19:03","slug":"apoio-juridico","status":"publish","type":"page","link":"https:\/\/sites.uel.br\/eaaj\/apoio-juridico\/","title":{"rendered":"Apoio Jur\u00eddico"},"content":{"rendered":"\n<p><\/p>\n\n\n\n<p>Tem como finalidade o acompanhamento dos prazos dos processos judiciais e o agendamento das audi\u00eancias do EAAJ.<\/p>\n\n\n\n<p>\u00a0\u00a0\u00a0\u00a0\u00a0    Realiza a leitura di\u00e1ria das publica\u00e7\u00f5es do Di\u00e1rio da Justi\u00e7a do Estado, recebe e controla e-mails dos Sistemas PROJUDI, Receita WEB, E-PROC e os termos de audi\u00eancias dos processos f\u00edsicos, bem como o recebimento dos mandados de intima\u00e7\u00e3o trazidos pelos oficiais de justi\u00e7a e encaminhamento dos mesmos aos professores\/advogados.\u00a0\u00a0\u00a0\u00a0\u00a0\u00a0\u00a0\u00a0\u00a0\u00a0\u00a0\u00a0\u00a0\u00a0\u00a0\u00a0<\/p>\n\n\n\n<p>\u00a0\u00a0\u00a0\u00a0   \u00a0Lan\u00e7amentos de todos os prazos processuais nas pastas\/processos e o cadastramento dos mesmos no sistema UEL para o conhecimento dos alunos e professores\/advogados e as devidas provid\u00eancias.<\/p>\n\n\n\n<p>\u00a0\u00a0\u00a0\u00a0\u00a0  Controla a pauta de audi\u00eancias, agendando e distribuindo todas as audi\u00eancias entre os professores\/advogados, semanalmente.<\/p>\n","protected":false},"excerpt":{"rendered":"<p>Tem como finalidade o acompanhamento dos prazos dos processos judiciais e o agendamento das audi\u00eancias do EAAJ. \u00a0\u00a0\u00a0\u00a0\u00a0 Realiza a leitura di\u00e1ria das publica\u00e7\u00f5es do Di\u00e1rio da Justi\u00e7a do Estado, recebe e controla e-mails dos Sistemas PROJUDI, Receita WEB, E-PROC e os termos de audi\u00eancias dos processos f\u00edsicos, bem como o recebimento dos mandados de [&hellip;]<\/p>\n","protected":false},"author":7,"featured_media":0,"parent":0,"menu_order":0,"comment_status":"closed","ping_status":"closed","template":"","meta":{"footnotes":""},"class_list":["post-446","page","type-page","status-publish","hentry"],"acf":[],"_links":{"self":[{"href":"https:\/\/sites.uel.br\/eaaj\/wp-json\/wp\/v2\/pages\/446","targetHints":{"allow":["GET"]}}],"collection":[{"href":"https:\/\/sites.uel.br\/eaaj\/wp-json\/wp\/v2\/pages"}],"about":[{"href":"https:\/\/sites.uel.br\/eaaj\/wp-json\/wp\/v2\/types\/page"}],"author":[{"embeddable":true,"href":"https:\/\/sites.uel.br\/eaaj\/wp-json\/wp\/v2\/users\/7"}],"replies":[{"embeddable":true,"href":"https:\/\/sites.uel.br\/eaaj\/wp-json\/wp\/v2\/comments?post=446"}],"version-history":[{"count":3,"href":"https:\/\/sites.uel.br\/eaaj\/wp-json\/wp\/v2\/pages\/446\/revisions"}],"predecessor-version":[{"id":450,"href":"https:\/\/sites.uel.br\/eaaj\/wp-json\/wp\/v2\/pages\/446\/revisions\/450"}],"wp:attachment":[{"href":"https:\/\/sites.uel.br\/eaaj\/wp-json\/wp\/v2\/media?parent=446"}],"curies":[{"name":"wp","href":"https:\/\/api.w.org\/{rel}","templated":true}]}}