{"id":438,"date":"2023-05-23T09:59:46","date_gmt":"2023-05-23T12:59:46","guid":{"rendered":"https:\/\/sites.uel.br\/eaaj\/?page_id=438"},"modified":"2023-05-23T10:03:41","modified_gmt":"2023-05-23T13:03:41","slug":"secretaria-geral-do-eaaj","status":"publish","type":"page","link":"https:\/\/sites.uel.br\/eaaj\/secretaria-geral-do-eaaj\/","title":{"rendered":"Secretaria Geral do EAAJ"},"content":{"rendered":"\n<p>                        <\/p>\n\n\n\n<p><\/p>\n\n\n\n<p>\u00c9\u00a0respons\u00e1vel por todo o expediente da Dire\u00e7\u00e3o,\u00a0 assessorando o sr(a). Diretor(a) no desempenho de suas fun\u00e7\u00f5es, cuidando de sua agenda de trabalho, planejando, organizando e coordenando os servi\u00e7os da secretaria, elaborando textos e correspond\u00eancias oficiais do \u00f3rg\u00e3o, coordenando e controlando as equipes e\u00a0 as atividades. Cabe ainda ao encarregado(a) desta divis\u00e3o o planejamento e a execu\u00e7\u00e3o de projetos na \u00e1rea de recrutamento e sele\u00e7\u00e3o de recursos humanos.\u00a0<\/p>\n\n\n\n<p>Contato: (43)3371-5175, (43)3371-5176, (43)3371-5171<\/p>\n","protected":false},"excerpt":{"rendered":"<p>\u00c9\u00a0respons\u00e1vel por todo o expediente da Dire\u00e7\u00e3o,\u00a0 assessorando o sr(a). Diretor(a) no desempenho de suas fun\u00e7\u00f5es, cuidando de sua agenda de trabalho, planejando, organizando e coordenando os servi\u00e7os da secretaria, elaborando textos e correspond\u00eancias oficiais do \u00f3rg\u00e3o, coordenando e controlando as equipes e\u00a0 as atividades. Cabe ainda ao encarregado(a) desta divis\u00e3o o planejamento e a [&hellip;]<\/p>\n","protected":false},"author":7,"featured_media":0,"parent":0,"menu_order":0,"comment_status":"closed","ping_status":"closed","template":"","meta":{"footnotes":""},"class_list":["post-438","page","type-page","status-publish","hentry"],"acf":[],"_links":{"self":[{"href":"https:\/\/sites.uel.br\/eaaj\/wp-json\/wp\/v2\/pages\/438","targetHints":{"allow":["GET"]}}],"collection":[{"href":"https:\/\/sites.uel.br\/eaaj\/wp-json\/wp\/v2\/pages"}],"about":[{"href":"https:\/\/sites.uel.br\/eaaj\/wp-json\/wp\/v2\/types\/page"}],"author":[{"embeddable":true,"href":"https:\/\/sites.uel.br\/eaaj\/wp-json\/wp\/v2\/users\/7"}],"replies":[{"embeddable":true,"href":"https:\/\/sites.uel.br\/eaaj\/wp-json\/wp\/v2\/comments?post=438"}],"version-history":[{"count":6,"href":"https:\/\/sites.uel.br\/eaaj\/wp-json\/wp\/v2\/pages\/438\/revisions"}],"predecessor-version":[{"id":445,"href":"https:\/\/sites.uel.br\/eaaj\/wp-json\/wp\/v2\/pages\/438\/revisions\/445"}],"wp:attachment":[{"href":"https:\/\/sites.uel.br\/eaaj\/wp-json\/wp\/v2\/media?parent=438"}],"curies":[{"name":"wp","href":"https:\/\/api.w.org\/{rel}","templated":true}]}}