{"id":433,"date":"2023-05-23T08:38:57","date_gmt":"2023-05-23T11:38:57","guid":{"rendered":"https:\/\/sites.uel.br\/eaaj\/?page_id=433"},"modified":"2023-05-23T08:41:40","modified_gmt":"2023-05-23T11:41:40","slug":"2021-2022","status":"publish","type":"page","link":"https:\/\/sites.uel.br\/eaaj\/2021-2022\/","title":{"rendered":"2021-2022"},"content":{"rendered":"\n<p><\/p>\n\n\n\n<p class=\"has-text-align-center\"><strong>DADOS ESTAT\u00cdSTICOS 2021<\/strong><\/p>\n\n\n\n<figure class=\"wp-block-table has-small-font-size\"><table><tbody><tr><td class=\"has-text-align-center\" data-align=\"center\"><strong>&nbsp;M\u00caS<\/strong><\/td><td class=\"has-text-align-center\" data-align=\"center\"><strong>CASOS<br>NOVOS<\/strong><\/td><td class=\"has-text-align-center\" data-align=\"center\">&nbsp;<strong>ENCERRADOS<\/strong><\/td><td class=\"has-text-align-center\" data-align=\"center\">&nbsp;<strong>AJUIZADOS<\/strong><\/td><td class=\"has-text-align-center\" data-align=\"center\"><strong>ANDAMENTOS<\/strong><\/td><td class=\"has-text-align-center\" data-align=\"center\"><strong>AUDI\u00caNCIAS<\/strong><\/td><td class=\"has-text-align-center\" data-align=\"center\"><strong>DESP.<br>JUDIC.<\/strong><\/td><td class=\"has-text-align-center\" data-align=\"center\"><strong>RETORNO<\/strong><\/td><td class=\"has-text-align-center\" data-align=\"center\"><strong>&nbsp;CONSULTAS<\/strong><\/td><td class=\"has-text-align-center\" data-align=\"center\"><strong>GUICH\u00ca E TELEFONE&nbsp;&nbsp;<\/strong><\/td><td class=\"has-text-align-center\" data-align=\"center\"><strong>TRIAGEM<\/strong><\/td><td class=\"has-text-align-center\" data-align=\"center\"><strong>RETIRADA<br>PASTAS&nbsp;<\/strong><\/td><\/tr><tr><td class=\"has-text-align-center\" data-align=\"center\">\u00a0<strong>JAN<\/strong><\/td><td class=\"has-text-align-center\" data-align=\"center\">11<\/td><td class=\"has-text-align-center\" data-align=\"center\">8<\/td><td class=\"has-text-align-center\" data-align=\"center\">1<\/td><td class=\"has-text-align-center\" data-align=\"center\">2.793<\/td><td class=\"has-text-align-center\" data-align=\"center\">16<\/td><td class=\"has-text-align-center\" data-align=\"center\">560<\/td><td class=\"has-text-align-center\" data-align=\"center\">2<\/td><td class=\"has-text-align-center\" data-align=\"center\">131<\/td><td class=\"has-text-align-center\" data-align=\"center\">2.353<\/td><td class=\"has-text-align-center\" data-align=\"center\">&#8211;<\/td><td class=\"has-text-align-center\" data-align=\"center\">19<\/td><\/tr><tr><td class=\"has-text-align-center\" data-align=\"center\"><strong>&nbsp;FEV<\/strong><\/td><td class=\"has-text-align-center\" data-align=\"center\">36<\/td><td class=\"has-text-align-center\" data-align=\"center\">31<\/td><td class=\"has-text-align-center\" data-align=\"center\">12<\/td><td class=\"has-text-align-center\" data-align=\"center\">2.796<\/td><td class=\"has-text-align-center\" data-align=\"center\">36<\/td><td class=\"has-text-align-center\" data-align=\"center\">849<\/td><td class=\"has-text-align-center\" data-align=\"center\">4<\/td><td class=\"has-text-align-center\" data-align=\"center\">136<\/td><td class=\"has-text-align-center\" data-align=\"center\">2.104<\/td><td class=\"has-text-align-center\" data-align=\"center\">&#8211;<\/td><td class=\"has-text-align-center\" data-align=\"center\">2<\/td><\/tr><tr><td class=\"has-text-align-center\" data-align=\"center\">&nbsp;<strong>MAR<\/strong><\/td><td class=\"has-text-align-center\" data-align=\"center\">58&nbsp;<\/td><td class=\"has-text-align-center\" data-align=\"center\">90&nbsp;<\/td><td class=\"has-text-align-center\" data-align=\"center\">13<\/td><td class=\"has-text-align-center\" data-align=\"center\">2.761&nbsp;<\/td><td class=\"has-text-align-center\" data-align=\"center\">&nbsp;42&nbsp;<\/td><td class=\"has-text-align-center\" data-align=\"center\">1.010&nbsp;<\/td><td class=\"has-text-align-center\" data-align=\"center\">3&nbsp;<\/td><td class=\"has-text-align-center\" data-align=\"center\">&nbsp;213&nbsp;<\/td><td class=\"has-text-align-center\" data-align=\"center\">517<\/td><td class=\"has-text-align-center\" data-align=\"center\">&nbsp;41<\/td><td class=\"has-text-align-center\" data-align=\"center\">7&nbsp;<\/td><\/tr><tr><td class=\"has-text-align-center\" data-align=\"center\"><strong>&nbsp;ABR<\/strong><\/td><td class=\"has-text-align-center\" data-align=\"center\">112<\/td><td class=\"has-text-align-center\" data-align=\"center\">59&nbsp;<\/td><td class=\"has-text-align-center\" data-align=\"center\">&nbsp;23&nbsp;<\/td><td class=\"has-text-align-center\" data-align=\"center\">2.812&nbsp;<\/td><td class=\"has-text-align-center\" data-align=\"center\">&nbsp;37&nbsp;<\/td><td class=\"has-text-align-center\" data-align=\"center\">968&nbsp;<\/td><td class=\"has-text-align-center\" data-align=\"center\">&#8211;&nbsp;<\/td><td class=\"has-text-align-center\" data-align=\"center\">&nbsp;298&nbsp;<\/td><td class=\"has-text-align-center\" data-align=\"center\">&nbsp;5.123&nbsp;<\/td><td class=\"has-text-align-center\" data-align=\"center\">&nbsp;251<\/td><td class=\"has-text-align-center\" data-align=\"center\">&nbsp;6&nbsp;<\/td><\/tr><tr><td class=\"has-text-align-center\" data-align=\"center\">&nbsp;<strong>MAI<\/strong><\/td><td class=\"has-text-align-center\" data-align=\"center\">169<\/td><td class=\"has-text-align-center\" data-align=\"center\">132<\/td><td class=\"has-text-align-center\" data-align=\"center\">59<\/td><td class=\"has-text-align-center\" data-align=\"center\">2.840<\/td><td class=\"has-text-align-center\" data-align=\"center\">49<\/td><td class=\"has-text-align-center\" data-align=\"center\">1.103<\/td><td class=\"has-text-align-center\" data-align=\"center\">3<\/td><td class=\"has-text-align-center\" data-align=\"center\">187<\/td><td class=\"has-text-align-center\" data-align=\"center\">5.707<\/td><td class=\"has-text-align-center\" data-align=\"center\">243<\/td><td class=\"has-text-align-center\" data-align=\"center\">2<\/td><\/tr><tr><td class=\"has-text-align-center\" data-align=\"center\">&nbsp;<strong>JUN<\/strong><\/td><td class=\"has-text-align-center\" data-align=\"center\">111<\/td><td class=\"has-text-align-center\" data-align=\"center\">&nbsp;206<\/td><td class=\"has-text-align-center\" data-align=\"center\">78<\/td><td class=\"has-text-align-center\" data-align=\"center\">2.749<\/td><td class=\"has-text-align-center\" data-align=\"center\">53<\/td><td class=\"has-text-align-center\" data-align=\"center\">1.090<\/td><td class=\"has-text-align-center\" data-align=\"center\">7<\/td><td class=\"has-text-align-center\" data-align=\"center\">219<\/td><td class=\"has-text-align-center\" data-align=\"center\">3.349<\/td><td class=\"has-text-align-center\" data-align=\"center\">&#8211;<\/td><td class=\"has-text-align-center\" data-align=\"center\">1<\/td><\/tr><tr><td class=\"has-text-align-center\" data-align=\"center\">&nbsp;<strong>JUL<\/strong><\/td><td class=\"has-text-align-center\" data-align=\"center\">34<\/td><td class=\"has-text-align-center\" data-align=\"center\">36<\/td><td class=\"has-text-align-center\" data-align=\"center\">17&nbsp;<\/td><td class=\"has-text-align-center\" data-align=\"center\">2.759&nbsp;<\/td><td class=\"has-text-align-center\" data-align=\"center\">&nbsp;44&nbsp;<\/td><td class=\"has-text-align-center\" data-align=\"center\">931&nbsp;<\/td><td class=\"has-text-align-center\" data-align=\"center\">12&nbsp;<\/td><td class=\"has-text-align-center\" data-align=\"center\">21&nbsp;<\/td><td class=\"has-text-align-center\" data-align=\"center\">5.222&nbsp;<\/td><td class=\"has-text-align-center\" data-align=\"center\">&nbsp;&#8211;<\/td><td class=\"has-text-align-center\" data-align=\"center\">3<\/td><\/tr><tr><td class=\"has-text-align-center\" data-align=\"center\">&nbsp;<strong>AGO<\/strong><\/td><td class=\"has-text-align-center\" data-align=\"center\">&nbsp;53&nbsp;<\/td><td class=\"has-text-align-center\" data-align=\"center\">&nbsp;207&nbsp;<\/td><td class=\"has-text-align-center\" data-align=\"center\">16&nbsp;<\/td><td class=\"has-text-align-center\" data-align=\"center\">2.605&nbsp;<\/td><td class=\"has-text-align-center\" data-align=\"center\">&nbsp;49&nbsp;<\/td><td class=\"has-text-align-center\" data-align=\"center\">1.263&nbsp;<\/td><td class=\"has-text-align-center\" data-align=\"center\">6&nbsp;<\/td><td class=\"has-text-align-center\" data-align=\"center\">13&nbsp;<\/td><td class=\"has-text-align-center\" data-align=\"center\">3.222&nbsp;<\/td><td class=\"has-text-align-center\" data-align=\"center\">&nbsp;&#8211;<\/td><td class=\"has-text-align-center\" data-align=\"center\">6&nbsp;<\/td><\/tr><tr><td class=\"has-text-align-center\" data-align=\"center\">&nbsp;<strong>SET<\/strong><\/td><td class=\"has-text-align-center\" data-align=\"center\">49<\/td><td class=\"has-text-align-center\" data-align=\"center\">105&nbsp;<\/td><td class=\"has-text-align-center\" data-align=\"center\">31&nbsp;<\/td><td class=\"has-text-align-center\" data-align=\"center\">2.549&nbsp;<\/td><td class=\"has-text-align-center\" data-align=\"center\">29&nbsp;<\/td><td class=\"has-text-align-center\" data-align=\"center\">838&nbsp;<\/td><td class=\"has-text-align-center\" data-align=\"center\">3&nbsp;<\/td><td class=\"has-text-align-center\" data-align=\"center\">58&nbsp;<\/td><td class=\"has-text-align-center\" data-align=\"center\">3.093&nbsp;<\/td><td class=\"has-text-align-center\" data-align=\"center\">44&nbsp;<\/td><td class=\"has-text-align-center\" data-align=\"center\">2&nbsp;<\/td><\/tr><tr><td class=\"has-text-align-center\" data-align=\"center\">&nbsp;<strong>OUT<\/strong><\/td><td class=\"has-text-align-center\" data-align=\"center\">97&nbsp;<\/td><td class=\"has-text-align-center\" data-align=\"center\">57&nbsp;<\/td><td class=\"has-text-align-center\" data-align=\"center\">33&nbsp;<\/td><td class=\"has-text-align-center\" data-align=\"center\">2.549&nbsp;<\/td><td class=\"has-text-align-center\" data-align=\"center\">47&nbsp;<\/td><td class=\"has-text-align-center\" data-align=\"center\">997&nbsp;<\/td><td class=\"has-text-align-center\" data-align=\"center\">33&nbsp;<\/td><td class=\"has-text-align-center\" data-align=\"center\">178&nbsp;<\/td><td class=\"has-text-align-center\" data-align=\"center\">131&nbsp;<\/td><td class=\"has-text-align-center\" data-align=\"center\">108&nbsp;<\/td><td class=\"has-text-align-center\" data-align=\"center\">2&nbsp;<\/td><\/tr><tr><td class=\"has-text-align-center\" data-align=\"center\">&nbsp;<strong>NOV<\/strong><\/td><td class=\"has-text-align-center\" data-align=\"center\">200<\/td><td class=\"has-text-align-center\" data-align=\"center\">77&nbsp;<\/td><td class=\"has-text-align-center\" data-align=\"center\">69&nbsp;<\/td><td class=\"has-text-align-center\" data-align=\"center\">2.589<\/td><td class=\"has-text-align-center\" data-align=\"center\">93&nbsp;<\/td><td class=\"has-text-align-center\" data-align=\"center\">1.003&nbsp;<\/td><td class=\"has-text-align-center\" data-align=\"center\">56&nbsp;<\/td><td class=\"has-text-align-center\" data-align=\"center\">192&nbsp;<\/td><td class=\"has-text-align-center\" data-align=\"center\">581&nbsp;<\/td><td class=\"has-text-align-center\" data-align=\"center\">195&nbsp;<\/td><td class=\"has-text-align-center\" data-align=\"center\">0&nbsp;<\/td><\/tr><tr><td class=\"has-text-align-center\" data-align=\"center\">&nbsp;<strong>DEZ<\/strong><\/td><td class=\"has-text-align-center\" data-align=\"center\">108&nbsp;<\/td><td class=\"has-text-align-center\" data-align=\"center\">160&nbsp;<\/td><td class=\"has-text-align-center\" data-align=\"center\">25&nbsp;<\/td><td class=\"has-text-align-center\" data-align=\"center\">2.660&nbsp;<\/td><td class=\"has-text-align-center\" data-align=\"center\">25&nbsp;<\/td><td class=\"has-text-align-center\" data-align=\"center\">&nbsp;665<\/td><td class=\"has-text-align-center\" data-align=\"center\">40&nbsp;<\/td><td class=\"has-text-align-center\" data-align=\"center\">&nbsp;32<\/td><td class=\"has-text-align-center\" data-align=\"center\">137&nbsp;<\/td><td class=\"has-text-align-center\" data-align=\"center\">108&nbsp;<\/td><td class=\"has-text-align-center\" data-align=\"center\">0&nbsp;<\/td><\/tr><tr><td class=\"has-text-align-center\" data-align=\"center\">&nbsp;<strong>TOTAL<\/strong><\/td><td class=\"has-text-align-center\" data-align=\"center\">1.038<\/td><td class=\"has-text-align-center\" data-align=\"center\">1.168<\/td><td class=\"has-text-align-center\" data-align=\"center\">377<\/td><td class=\"has-text-align-center\" data-align=\"center\">&nbsp;Demonst.<br>Mensal<\/td><td class=\"has-text-align-center\" data-align=\"center\">520<\/td><td class=\"has-text-align-center\" data-align=\"center\">11.277<\/td><td class=\"has-text-align-center\" data-align=\"center\">169<\/td><td class=\"has-text-align-center\" data-align=\"center\">1.678<\/td><td class=\"has-text-align-center\" data-align=\"center\">31.539<\/td><td class=\"has-text-align-center\" data-align=\"center\">990<\/td><td class=\"has-text-align-center\" data-align=\"center\">50<\/td><\/tr><\/tbody><\/table><\/figure>\n\n\n\n<p><\/p>\n\n\n\n<p class=\"has-text-align-center\"><strong>DADOS ESTAT\u00cdSTICOS 2022<\/strong><\/p>\n\n\n\n<figure class=\"wp-block-table has-small-font-size\"><table><tbody><tr><td class=\"has-text-align-center\" data-align=\"center\"><strong>M\u00caS<\/strong><\/td><td class=\"has-text-align-center\" data-align=\"center\"><strong>CASOS<br>NOVOS<\/strong><\/td><td class=\"has-text-align-center\" data-align=\"center\">&nbsp;<strong>ENCERRADOS<\/strong><\/td><td class=\"has-text-align-center\" data-align=\"center\">&nbsp;<strong>AJUIZADOS<\/strong><\/td><td class=\"has-text-align-center\" data-align=\"center\"><strong>ANDAMENTOS<\/strong><\/td><td class=\"has-text-align-center\" data-align=\"center\"><strong>AUDI\u00caNCIAS<\/strong><\/td><td class=\"has-text-align-center\" data-align=\"center\"><strong>DESP.<br>JUDIC.<\/strong><\/td><td class=\"has-text-align-center\" data-align=\"center\"><strong>RETORNO<\/strong><\/td><td class=\"has-text-align-center\" data-align=\"center\"><strong>&nbsp;CONSULTAS<\/strong><\/td><td class=\"has-text-align-center\" data-align=\"center\"><strong>GUICH\u00ca E TELEFONE&nbsp;&nbsp;<\/strong><\/td><td class=\"has-text-align-center\" data-align=\"center\"><strong>TRIAGEM<\/strong><\/td><\/tr><tr><td class=\"has-text-align-center\" data-align=\"center\">\u00a0<strong>JAN<\/strong><\/td><td class=\"has-text-align-center\" data-align=\"center\">16&nbsp;<\/td><td class=\"has-text-align-center\" data-align=\"center\">27&nbsp;<\/td><td class=\"has-text-align-center\" data-align=\"center\">7&nbsp;<\/td><td class=\"has-text-align-center\" data-align=\"center\">2.649&nbsp;<\/td><td class=\"has-text-align-center\" data-align=\"center\">18&nbsp;<\/td><td class=\"has-text-align-center\" data-align=\"center\">&nbsp;542<\/td><td class=\"has-text-align-center\" data-align=\"center\">49<\/td><td class=\"has-text-align-center\" data-align=\"center\">2&nbsp;<\/td><td class=\"has-text-align-center\" data-align=\"center\">190&nbsp;<\/td><td class=\"has-text-align-center\" data-align=\"center\">17&nbsp;<\/td><\/tr><tr><td class=\"has-text-align-center\" data-align=\"center\"><strong>&nbsp;FEV<\/strong><\/td><td class=\"has-text-align-center\" data-align=\"center\">65&nbsp;<\/td><td class=\"has-text-align-center\" data-align=\"center\">92&nbsp;<\/td><td class=\"has-text-align-center\" data-align=\"center\">11&nbsp;<\/td><td class=\"has-text-align-center\" data-align=\"center\">2.622&nbsp;<\/td><td class=\"has-text-align-center\" data-align=\"center\">44&nbsp;<\/td><td class=\"has-text-align-center\" data-align=\"center\">&nbsp;906<\/td><td class=\"has-text-align-center\" data-align=\"center\">68&nbsp;<\/td><td class=\"has-text-align-center\" data-align=\"center\">22&nbsp;<\/td><td class=\"has-text-align-center\" data-align=\"center\">572&nbsp;<\/td><td class=\"has-text-align-center\" data-align=\"center\">61&nbsp;<\/td><\/tr><tr><td class=\"has-text-align-center\" data-align=\"center\">&nbsp;<strong>MAR<\/strong><\/td><td class=\"has-text-align-center\" data-align=\"center\">162&nbsp;<\/td><td class=\"has-text-align-center\" data-align=\"center\">85&nbsp;<\/td><td class=\"has-text-align-center\" data-align=\"center\">30&nbsp;<\/td><td class=\"has-text-align-center\" data-align=\"center\">2.699&nbsp;<\/td><td class=\"has-text-align-center\" data-align=\"center\">51&nbsp;<\/td><td class=\"has-text-align-center\" data-align=\"center\">1.076&nbsp;<\/td><td class=\"has-text-align-center\" data-align=\"center\">128&nbsp;<\/td><td class=\"has-text-align-center\" data-align=\"center\">497&nbsp;<\/td><td class=\"has-text-align-center\" data-align=\"center\">820&nbsp;<\/td><td class=\"has-text-align-center\" data-align=\"center\">169&nbsp;<\/td><\/tr><tr><td class=\"has-text-align-center\" data-align=\"center\"><strong>&nbsp;ABR<\/strong><\/td><td class=\"has-text-align-center\" data-align=\"center\">216&nbsp;<\/td><td class=\"has-text-align-center\" data-align=\"center\">107&nbsp;<\/td><td class=\"has-text-align-center\" data-align=\"center\">62&nbsp;<\/td><td class=\"has-text-align-center\" data-align=\"center\">2.808&nbsp;<\/td><td class=\"has-text-align-center\" data-align=\"center\">40&nbsp;<\/td><td class=\"has-text-align-center\" data-align=\"center\">&nbsp;932<\/td><td class=\"has-text-align-center\" data-align=\"center\">125&nbsp;<\/td><td class=\"has-text-align-center\" data-align=\"center\">286&nbsp;<\/td><td class=\"has-text-align-center\" data-align=\"center\">263&nbsp;<\/td><td class=\"has-text-align-center\" data-align=\"center\">244&nbsp;<\/td><\/tr><tr><td class=\"has-text-align-center\" data-align=\"center\">&nbsp;<strong>MAI<\/strong><\/td><td class=\"has-text-align-center\" data-align=\"center\">212&nbsp;<\/td><td class=\"has-text-align-center\" data-align=\"center\">191&nbsp;<\/td><td class=\"has-text-align-center\" data-align=\"center\">162&nbsp;<\/td><td class=\"has-text-align-center\" data-align=\"center\">2.829&nbsp;<\/td><td class=\"has-text-align-center\" data-align=\"center\">58&nbsp;<\/td><td class=\"has-text-align-center\" data-align=\"center\">1.122&nbsp;<\/td><td class=\"has-text-align-center\" data-align=\"center\">125&nbsp;<\/td><td class=\"has-text-align-center\" data-align=\"center\">98&nbsp;<\/td><td class=\"has-text-align-center\" data-align=\"center\">356&nbsp;<\/td><td class=\"has-text-align-center\" data-align=\"center\">199&nbsp;<\/td><\/tr><tr><td class=\"has-text-align-center\" data-align=\"center\">&nbsp;<strong>JUN<\/strong><\/td><td class=\"has-text-align-center\" data-align=\"center\">94<\/td><td class=\"has-text-align-center\" data-align=\"center\">92<\/td><td class=\"has-text-align-center\" data-align=\"center\">114<\/td><td class=\"has-text-align-center\" data-align=\"center\">2.831<\/td><td class=\"has-text-align-center\" data-align=\"center\">66<\/td><td class=\"has-text-align-center\" data-align=\"center\">1.072<\/td><td class=\"has-text-align-center\" data-align=\"center\">104<\/td><td class=\"has-text-align-center\" data-align=\"center\">5<\/td><td class=\"has-text-align-center\" data-align=\"center\">122<\/td><td class=\"has-text-align-center\" data-align=\"center\">82<\/td><\/tr><tr><td class=\"has-text-align-center\" data-align=\"center\">&nbsp;<strong>JUL<\/strong><\/td><td class=\"has-text-align-center\" data-align=\"center\">&nbsp;25&nbsp;<\/td><td class=\"has-text-align-center\" data-align=\"center\">&nbsp;25&nbsp;<\/td><td class=\"has-text-align-center\" data-align=\"center\">54&nbsp;<\/td><td class=\"has-text-align-center\" data-align=\"center\">&nbsp;2.831&nbsp;<\/td><td class=\"has-text-align-center\" data-align=\"center\">&nbsp;49&nbsp;<\/td><td class=\"has-text-align-center\" data-align=\"center\">&nbsp;999<\/td><td class=\"has-text-align-center\" data-align=\"center\">&nbsp;51&nbsp;<\/td><td class=\"has-text-align-center\" data-align=\"center\">3&nbsp;<\/td><td class=\"has-text-align-center\" data-align=\"center\">&nbsp;83&nbsp;<\/td><td class=\"has-text-align-center\" data-align=\"center\">25<\/td><\/tr><tr><td class=\"has-text-align-center\" data-align=\"center\">&nbsp;<strong>AGO<\/strong><\/td><td class=\"has-text-align-center\" data-align=\"center\">&nbsp;64&nbsp;<\/td><td class=\"has-text-align-center\" data-align=\"center\">&nbsp;240&nbsp;<\/td><td class=\"has-text-align-center\" data-align=\"center\">78&nbsp;<\/td><td class=\"has-text-align-center\" data-align=\"center\">2.654&nbsp;<\/td><td class=\"has-text-align-center\" data-align=\"center\">&nbsp;63&nbsp;<\/td><td class=\"has-text-align-center\" data-align=\"center\">&nbsp;1.084&nbsp;<\/td><td class=\"has-text-align-center\" data-align=\"center\">180&nbsp;<\/td><td class=\"has-text-align-center\" data-align=\"center\">7&nbsp;<\/td><td class=\"has-text-align-center\" data-align=\"center\">133&nbsp;<\/td><td class=\"has-text-align-center\" data-align=\"center\">&nbsp;69&nbsp;<\/td><\/tr><tr><td class=\"has-text-align-center\" data-align=\"center\">&nbsp;<strong>SET<\/strong><\/td><td class=\"has-text-align-center\" data-align=\"center\">233&nbsp;<\/td><td class=\"has-text-align-center\" data-align=\"center\">85<\/td><td class=\"has-text-align-center\" data-align=\"center\">93&nbsp;<\/td><td class=\"has-text-align-center\" data-align=\"center\">2.802&nbsp;<\/td><td class=\"has-text-align-center\" data-align=\"center\">50&nbsp;<\/td><td class=\"has-text-align-center\" data-align=\"center\">&nbsp;1.229&nbsp;<\/td><td class=\"has-text-align-center\" data-align=\"center\">281&nbsp;<\/td><td class=\"has-text-align-center\" data-align=\"center\">40&nbsp;<\/td><td class=\"has-text-align-center\" data-align=\"center\">233&nbsp;<\/td><td class=\"has-text-align-center\" data-align=\"center\">308&nbsp;<\/td><\/tr><tr><td class=\"has-text-align-center\" data-align=\"center\">&nbsp;<strong>OUT<\/strong><\/td><td class=\"has-text-align-center\" data-align=\"center\">203&nbsp;<\/td><td class=\"has-text-align-center\" data-align=\"center\">117&nbsp;<\/td><td class=\"has-text-align-center\" data-align=\"center\">104&nbsp;<\/td><td class=\"has-text-align-center\" data-align=\"center\">2.888<\/td><td class=\"has-text-align-center\" data-align=\"center\">52&nbsp;<\/td><td class=\"has-text-align-center\" data-align=\"center\">&nbsp;1.095<\/td><td class=\"has-text-align-center\" data-align=\"center\">329&nbsp;<\/td><td class=\"has-text-align-center\" data-align=\"center\">92&nbsp;<\/td><td class=\"has-text-align-center\" data-align=\"center\">317&nbsp;<\/td><td class=\"has-text-align-center\" data-align=\"center\">184&nbsp;<\/td><\/tr><tr><td class=\"has-text-align-center\" data-align=\"center\">&nbsp;<strong>NOV<\/strong><\/td><td class=\"has-text-align-center\" data-align=\"center\">121&nbsp;<\/td><td class=\"has-text-align-center\" data-align=\"center\">88&nbsp;<\/td><td class=\"has-text-align-center\" data-align=\"center\">102&nbsp;<\/td><td class=\"has-text-align-center\" data-align=\"center\">2.921&nbsp;<\/td><td class=\"has-text-align-center\" data-align=\"center\">73<\/td><td class=\"has-text-align-center\" data-align=\"center\">&nbsp;1.155&nbsp;<\/td><td class=\"has-text-align-center\" data-align=\"center\">177&nbsp;<\/td><td class=\"has-text-align-center\" data-align=\"center\">121&nbsp;<\/td><td class=\"has-text-align-center\" data-align=\"center\">312&nbsp;<\/td><td class=\"has-text-align-center\" data-align=\"center\">120&nbsp;<\/td><\/tr><tr><td class=\"has-text-align-center\" data-align=\"center\">&nbsp;<strong>DEZ<\/strong><\/td><td class=\"has-text-align-center\" data-align=\"center\">69&nbsp;<\/td><td class=\"has-text-align-center\" data-align=\"center\">169&nbsp;<\/td><td class=\"has-text-align-center\" data-align=\"center\">72&nbsp;<\/td><td class=\"has-text-align-center\" data-align=\"center\">2.821&nbsp;<\/td><td class=\"has-text-align-center\" data-align=\"center\">32<\/td><td class=\"has-text-align-center\" data-align=\"center\">638<\/td><td class=\"has-text-align-center\" data-align=\"center\">57&nbsp;<\/td><td class=\"has-text-align-center\" data-align=\"center\">&nbsp;65<\/td><td class=\"has-text-align-center\" data-align=\"center\">182&nbsp;<\/td><td class=\"has-text-align-center\" data-align=\"center\">67&nbsp;<\/td><\/tr><tr><td class=\"has-text-align-center\" data-align=\"center\">&nbsp;<strong>TOTAL<\/strong><\/td><td class=\"has-text-align-center\" data-align=\"center\">&nbsp;1.480<\/td><td class=\"has-text-align-center\" data-align=\"center\">1.318<\/td><td class=\"has-text-align-center\" data-align=\"center\">889<\/td><td class=\"has-text-align-center\" data-align=\"center\">&nbsp;Demonst.<br>Mensal<\/td><td class=\"has-text-align-center\" data-align=\"center\">&nbsp;597<\/td><td class=\"has-text-align-center\" data-align=\"center\">11.850<\/td><td class=\"has-text-align-center\" data-align=\"center\">&nbsp;1.674<\/td><td class=\"has-text-align-center\" data-align=\"center\">1.238<\/td><td class=\"has-text-align-center\" data-align=\"center\">3.583<\/td><td class=\"has-text-align-center\" data-align=\"center\">1.545<br>&nbsp;<\/td><\/tr><\/tbody><\/table><\/figure>\n","protected":false},"excerpt":{"rendered":"<p>DADOS ESTAT\u00cdSTICOS 2021 &nbsp;M\u00caS CASOSNOVOS &nbsp;ENCERRADOS &nbsp;AJUIZADOS ANDAMENTOS AUDI\u00caNCIAS DESP.JUDIC. RETORNO &nbsp;CONSULTAS GUICH\u00ca E TELEFONE&nbsp;&nbsp; TRIAGEM RETIRADAPASTAS&nbsp; \u00a0JAN 11 8 1 2.793 16 560 2 131 2.353 &#8211; 19 &nbsp;FEV 36 31 12 2.796 36 849 4 136 2.104 &#8211; 2 &nbsp;MAR 58&nbsp; 90&nbsp; 13 2.761&nbsp; &nbsp;42&nbsp; 1.010&nbsp; 3&nbsp; &nbsp;213&nbsp; 517 &nbsp;41 7&nbsp; &nbsp;ABR 112 [&hellip;]<\/p>\n","protected":false},"author":7,"featured_media":0,"parent":0,"menu_order":0,"comment_status":"closed","ping_status":"closed","template":"","meta":{"footnotes":""},"class_list":["post-433","page","type-page","status-publish","hentry"],"acf":[],"_links":{"self":[{"href":"https:\/\/sites.uel.br\/eaaj\/wp-json\/wp\/v2\/pages\/433","targetHints":{"allow":["GET"]}}],"collection":[{"href":"https:\/\/sites.uel.br\/eaaj\/wp-json\/wp\/v2\/pages"}],"about":[{"href":"https:\/\/sites.uel.br\/eaaj\/wp-json\/wp\/v2\/types\/page"}],"author":[{"embeddable":true,"href":"https:\/\/sites.uel.br\/eaaj\/wp-json\/wp\/v2\/users\/7"}],"replies":[{"embeddable":true,"href":"https:\/\/sites.uel.br\/eaaj\/wp-json\/wp\/v2\/comments?post=433"}],"version-history":[{"count":3,"href":"https:\/\/sites.uel.br\/eaaj\/wp-json\/wp\/v2\/pages\/433\/revisions"}],"predecessor-version":[{"id":437,"href":"https:\/\/sites.uel.br\/eaaj\/wp-json\/wp\/v2\/pages\/433\/revisions\/437"}],"wp:attachment":[{"href":"https:\/\/sites.uel.br\/eaaj\/wp-json\/wp\/v2\/media?parent=433"}],"curies":[{"name":"wp","href":"https:\/\/api.w.org\/{rel}","templated":true}]}}