{"id":415,"date":"2023-05-23T08:14:13","date_gmt":"2023-05-23T11:14:13","guid":{"rendered":"https:\/\/sites.uel.br\/eaaj\/?page_id=415"},"modified":"2023-05-23T08:19:45","modified_gmt":"2023-05-23T11:19:45","slug":"2015-2016","status":"publish","type":"page","link":"https:\/\/sites.uel.br\/eaaj\/2015-2016\/","title":{"rendered":"2015-2016"},"content":{"rendered":"\n<p><\/p>\n\n\n\n<p class=\"has-text-align-center\"><strong>DADOS ESTAT\u00cdSTICOS 2015<\/strong><\/p>\n\n\n\n<figure class=\"wp-block-table has-small-font-size\"><table><tbody><tr><td class=\"has-text-align-center\" data-align=\"center\"><strong>&nbsp;M\u00caS<\/strong><\/td><td class=\"has-text-align-center\" data-align=\"center\"><strong>CASOS<\/strong><strong><br>NOVOS<\/strong><\/td><td class=\"has-text-align-center\" data-align=\"center\">&nbsp;<strong>ENCERRADOS<\/strong><\/td><td class=\"has-text-align-center\" data-align=\"center\">&nbsp;<strong>AJUIZADOS<\/strong><\/td><td class=\"has-text-align-center\" data-align=\"center\"><strong>ANDAMENTOS<\/strong><\/td><td class=\"has-text-align-center\" data-align=\"center\"><strong>AUDI\u00caNCIAS<\/strong><\/td><td class=\"has-text-align-center\" data-align=\"center\"><strong>DESP.<br>JUDIC.<\/strong><\/td><td class=\"has-text-align-center\" data-align=\"center\"><strong>RETORNO<\/strong><\/td><td class=\"has-text-align-center\" data-align=\"center\"><strong>&nbsp;CONSULTAS<\/strong><\/td><td class=\"has-text-align-center\" data-align=\"center\"><strong>GUICH\u00ca E TELEFONE<\/strong><strong>&nbsp;&nbsp;<\/strong><\/td><td class=\"has-text-align-center\" data-align=\"center\"><strong>TRIAGEM<\/strong><\/td><td class=\"has-text-align-center\" data-align=\"center\"><strong>RETIRADA<br>PASTAS&nbsp;<\/strong><\/td><\/tr><tr><td class=\"has-text-align-center\" data-align=\"center\">\u00a0<strong>JAN<\/strong><\/td><td class=\"has-text-align-center\" data-align=\"center\">23<\/td><td class=\"has-text-align-center\" data-align=\"center\">16<\/td><td class=\"has-text-align-center\" data-align=\"center\">6<\/td><td class=\"has-text-align-center\" data-align=\"center\">2.926<\/td><td class=\"has-text-align-center\" data-align=\"center\">36<\/td><td class=\"has-text-align-center\" data-align=\"center\">845<\/td><td class=\"has-text-align-center\" data-align=\"center\">33<\/td><td class=\"has-text-align-center\" data-align=\"center\">11<\/td><td class=\"has-text-align-center\" data-align=\"center\">1.641<\/td><td class=\"has-text-align-center\" data-align=\"center\">&#8211;<\/td><td class=\"has-text-align-center\" data-align=\"center\">580<\/td><\/tr><tr><td class=\"has-text-align-center\" data-align=\"center\"><strong>&nbsp;FEV<\/strong><\/td><td class=\"has-text-align-center\" data-align=\"center\">37<\/td><td class=\"has-text-align-center\" data-align=\"center\">53<\/td><td class=\"has-text-align-center\" data-align=\"center\">20<\/td><td class=\"has-text-align-center\" data-align=\"center\">2.910<\/td><td class=\"has-text-align-center\" data-align=\"center\">73<\/td><td class=\"has-text-align-center\" data-align=\"center\">1.323<\/td><td class=\"has-text-align-center\" data-align=\"center\">46<\/td><td class=\"has-text-align-center\" data-align=\"center\">9<\/td><td class=\"has-text-align-center\" data-align=\"center\">723<\/td><td class=\"has-text-align-center\" data-align=\"center\">&#8211;<\/td><td class=\"has-text-align-center\" data-align=\"center\">1.093<\/td><\/tr><tr><td class=\"has-text-align-center\" data-align=\"center\">&nbsp;<strong>MAR<\/strong><\/td><td class=\"has-text-align-center\" data-align=\"center\">51<\/td><td class=\"has-text-align-center\" data-align=\"center\">75<\/td><td class=\"has-text-align-center\" data-align=\"center\">11<\/td><td class=\"has-text-align-center\" data-align=\"center\">2.884<\/td><td class=\"has-text-align-center\" data-align=\"center\">&nbsp;81<\/td><td class=\"has-text-align-center\" data-align=\"center\">1.561<\/td><td class=\"has-text-align-center\" data-align=\"center\">52<\/td><td class=\"has-text-align-center\" data-align=\"center\">1<\/td><td class=\"has-text-align-center\" data-align=\"center\">1.375<\/td><td class=\"has-text-align-center\" data-align=\"center\">&#8211;<\/td><td class=\"has-text-align-center\" data-align=\"center\">3.277<\/td><\/tr><tr><td class=\"has-text-align-center\" data-align=\"center\"><strong>&nbsp;ABR<\/strong><\/td><td class=\"has-text-align-center\" data-align=\"center\">112<\/td><td class=\"has-text-align-center\" data-align=\"center\">146<\/td><td class=\"has-text-align-center\" data-align=\"center\">32<\/td><td class=\"has-text-align-center\" data-align=\"center\">2.850<\/td><td class=\"has-text-align-center\" data-align=\"center\">&nbsp;71<\/td><td class=\"has-text-align-center\" data-align=\"center\">1.271<\/td><td class=\"has-text-align-center\" data-align=\"center\">405<\/td><td class=\"has-text-align-center\" data-align=\"center\">9<\/td><td class=\"has-text-align-center\" data-align=\"center\">3.060<\/td><td class=\"has-text-align-center\" data-align=\"center\">&#8211;<\/td><td class=\"has-text-align-center\" data-align=\"center\">5.044<\/td><\/tr><tr><td class=\"has-text-align-center\" data-align=\"center\">&nbsp;<strong>MAI<\/strong><\/td><td class=\"has-text-align-center\" data-align=\"center\">36<\/td><td class=\"has-text-align-center\" data-align=\"center\">&nbsp;56<\/td><td class=\"has-text-align-center\" data-align=\"center\">16<\/td><td class=\"has-text-align-center\" data-align=\"center\">2.830<\/td><td class=\"has-text-align-center\" data-align=\"center\">&nbsp;63<\/td><td class=\"has-text-align-center\" data-align=\"center\">1.166<\/td><td class=\"has-text-align-center\" data-align=\"center\">60<\/td><td class=\"has-text-align-center\" data-align=\"center\">7<\/td><td class=\"has-text-align-center\" data-align=\"center\">623<\/td><td class=\"has-text-align-center\" data-align=\"center\">&#8211;<\/td><td class=\"has-text-align-center\" data-align=\"center\">1.417<\/td><\/tr><tr><td class=\"has-text-align-center\" data-align=\"center\">&nbsp;<strong>JUN<\/strong><\/td><td class=\"has-text-align-center\" data-align=\"center\">25<\/td><td class=\"has-text-align-center\" data-align=\"center\">&nbsp;47<\/td><td class=\"has-text-align-center\" data-align=\"center\">9<\/td><td class=\"has-text-align-center\" data-align=\"center\">2.808<\/td><td class=\"has-text-align-center\" data-align=\"center\">&nbsp;64<\/td><td class=\"has-text-align-center\" data-align=\"center\">1.139<\/td><td class=\"has-text-align-center\" data-align=\"center\">14<\/td><td class=\"has-text-align-center\" data-align=\"center\">106<\/td><td class=\"has-text-align-center\" data-align=\"center\">520<\/td><td class=\"has-text-align-center\" data-align=\"center\">&#8211;<\/td><td class=\"has-text-align-center\" data-align=\"center\">&nbsp;947<\/td><\/tr><tr><td class=\"has-text-align-center\" data-align=\"center\">&nbsp;<strong>JUL<\/strong><\/td><td class=\"has-text-align-center\" data-align=\"center\">102&nbsp;<\/td><td class=\"has-text-align-center\" data-align=\"center\">&nbsp;161&nbsp;<\/td><td class=\"has-text-align-center\" data-align=\"center\">21<\/td><td class=\"has-text-align-center\" data-align=\"center\">&nbsp;2.749&nbsp;<\/td><td class=\"has-text-align-center\" data-align=\"center\">&nbsp;53<\/td><td class=\"has-text-align-center\" data-align=\"center\">&nbsp;1.312&nbsp;<\/td><td class=\"has-text-align-center\" data-align=\"center\">&nbsp;193&nbsp;<\/td><td class=\"has-text-align-center\" data-align=\"center\">64<\/td><td class=\"has-text-align-center\" data-align=\"center\">&nbsp;2.447&nbsp;<\/td><td class=\"has-text-align-center\" data-align=\"center\">&nbsp;245&nbsp;<\/td><td class=\"has-text-align-center\" data-align=\"center\">4.021<\/td><\/tr><tr><td class=\"has-text-align-center\" data-align=\"center\">&nbsp;<strong>AGO<\/strong><\/td><td class=\"has-text-align-center\" data-align=\"center\">401&nbsp;<\/td><td class=\"has-text-align-center\" data-align=\"center\">156<\/td><td class=\"has-text-align-center\" data-align=\"center\">62<\/td><td class=\"has-text-align-center\" data-align=\"center\">&nbsp;2.993&nbsp;<\/td><td class=\"has-text-align-center\" data-align=\"center\">&nbsp;76<\/td><td class=\"has-text-align-center\" data-align=\"center\">&nbsp;1.226&nbsp;<\/td><td class=\"has-text-align-center\" data-align=\"center\">&nbsp;575&nbsp;<\/td><td class=\"has-text-align-center\" data-align=\"center\">&nbsp;77&nbsp;<\/td><td class=\"has-text-align-center\" data-align=\"center\">&nbsp;3.292&nbsp;<\/td><td class=\"has-text-align-center\" data-align=\"center\">&nbsp;238&nbsp;<\/td><td class=\"has-text-align-center\" data-align=\"center\">&nbsp;3.920&nbsp;<\/td><\/tr><tr><td class=\"has-text-align-center\" data-align=\"center\">&nbsp;<strong>SET<\/strong><\/td><td class=\"has-text-align-center\" data-align=\"center\">84<\/td><td class=\"has-text-align-center\" data-align=\"center\">&nbsp;279&nbsp;<\/td><td class=\"has-text-align-center\" data-align=\"center\">93<\/td><td class=\"has-text-align-center\" data-align=\"center\">&nbsp;2.797&nbsp;<\/td><td class=\"has-text-align-center\" data-align=\"center\">&nbsp;76<\/td><td class=\"has-text-align-center\" data-align=\"center\">&nbsp;1.242&nbsp;<\/td><td class=\"has-text-align-center\" data-align=\"center\">&nbsp;268&nbsp;<\/td><td class=\"has-text-align-center\" data-align=\"center\">111<\/td><td class=\"has-text-align-center\" data-align=\"center\">2.417<\/td><td class=\"has-text-align-center\" data-align=\"center\">&#8211;&nbsp;<\/td><td class=\"has-text-align-center\" data-align=\"center\">&nbsp;5.046&nbsp;<\/td><\/tr><tr><td class=\"has-text-align-center\" data-align=\"center\">&nbsp;<strong>OUT<\/strong><\/td><td class=\"has-text-align-center\" data-align=\"center\">159<\/td><td class=\"has-text-align-center\" data-align=\"center\">91<\/td><td class=\"has-text-align-center\" data-align=\"center\">26<\/td><td class=\"has-text-align-center\" data-align=\"center\">2.865<\/td><td class=\"has-text-align-center\" data-align=\"center\">&nbsp;72<\/td><td class=\"has-text-align-center\" data-align=\"center\">1.083<\/td><td class=\"has-text-align-center\" data-align=\"center\">287<\/td><td class=\"has-text-align-center\" data-align=\"center\">77<\/td><td class=\"has-text-align-center\" data-align=\"center\">3.370<\/td><td class=\"has-text-align-center\" data-align=\"center\">263<\/td><td class=\"has-text-align-center\" data-align=\"center\">2.697<\/td><\/tr><tr><td class=\"has-text-align-center\" data-align=\"center\">&nbsp;<strong>NOV<\/strong><\/td><td class=\"has-text-align-center\" data-align=\"center\">266<\/td><td class=\"has-text-align-center\" data-align=\"center\">128<\/td><td class=\"has-text-align-center\" data-align=\"center\">47<\/td><td class=\"has-text-align-center\" data-align=\"center\">2.865<\/td><td class=\"has-text-align-center\" data-align=\"center\">&nbsp;109<\/td><td class=\"has-text-align-center\" data-align=\"center\">1.245<\/td><td class=\"has-text-align-center\" data-align=\"center\">404<\/td><td class=\"has-text-align-center\" data-align=\"center\">98<\/td><td class=\"has-text-align-center\" data-align=\"center\">3.516<\/td><td class=\"has-text-align-center\" data-align=\"center\">90<\/td><td class=\"has-text-align-center\" data-align=\"center\">3.671<\/td><\/tr><tr><td class=\"has-text-align-center\" data-align=\"center\">&nbsp;<strong>DEZ<\/strong><\/td><td class=\"has-text-align-center\" data-align=\"center\">88<\/td><td class=\"has-text-align-center\" data-align=\"center\">137<\/td><td class=\"has-text-align-center\" data-align=\"center\">30<\/td><td class=\"has-text-align-center\" data-align=\"center\">2.954<\/td><td class=\"has-text-align-center\" data-align=\"center\">&nbsp;54<\/td><td class=\"has-text-align-center\" data-align=\"center\">914<\/td><td class=\"has-text-align-center\" data-align=\"center\">201<\/td><td class=\"has-text-align-center\" data-align=\"center\">63<\/td><td class=\"has-text-align-center\" data-align=\"center\">2.637<\/td><td class=\"has-text-align-center\" data-align=\"center\">&#8211;<\/td><td class=\"has-text-align-center\" data-align=\"center\">2.586<\/td><\/tr><tr><td class=\"has-text-align-center\" data-align=\"center\">&nbsp;<strong>TOTAL<\/strong><\/td><td class=\"has-text-align-center\" data-align=\"center\">1.384<\/td><td class=\"has-text-align-center\" data-align=\"center\">1.345<\/td><td class=\"has-text-align-center\" data-align=\"center\">373<\/td><td class=\"has-text-align-center\" data-align=\"center\">&nbsp;Demonst.<br>Mensal<\/td><td class=\"has-text-align-center\" data-align=\"center\">829<\/td><td class=\"has-text-align-center\" data-align=\"center\">14.326<\/td><td class=\"has-text-align-center\" data-align=\"center\">2.538<\/td><td class=\"has-text-align-center\" data-align=\"center\">633<\/td><td class=\"has-text-align-center\" data-align=\"center\">25.621<\/td><td class=\"has-text-align-center\" data-align=\"center\">836<\/td><td class=\"has-text-align-center\" data-align=\"center\">&nbsp;34.299<\/td><\/tr><\/tbody><\/table><\/figure>\n\n\n\n<p><\/p>\n\n\n\n<p class=\"has-text-align-center\"><strong>DADOS ESTAT\u00cdSTICOS 2016<\/strong><\/p>\n\n\n\n<figure class=\"wp-block-table has-small-font-size\"><table><tbody><tr><td class=\"has-text-align-center\" data-align=\"center\"><strong>&nbsp;M\u00caS<\/strong><\/td><td class=\"has-text-align-center\" data-align=\"center\"><strong>CASOS<br>NOVOS<\/strong><\/td><td class=\"has-text-align-center\" data-align=\"center\">&nbsp;<strong>ENCERRADOS<\/strong><\/td><td class=\"has-text-align-center\" data-align=\"center\">&nbsp;<strong>AJUIZADOS<\/strong><\/td><td class=\"has-text-align-center\" data-align=\"center\"><strong>ANDAMENTOS<\/strong><\/td><td class=\"has-text-align-center\" data-align=\"center\"><strong>AUDI\u00caNCIAS<\/strong><\/td><td class=\"has-text-align-center\" data-align=\"center\"><strong>DESP.<br>JUDIC.<\/strong><\/td><td class=\"has-text-align-center\" data-align=\"center\"><strong>RETORNO<\/strong><\/td><td class=\"has-text-align-center\" data-align=\"center\"><strong>&nbsp;CONSULTAS<\/strong><\/td><td class=\"has-text-align-center\" data-align=\"center\"><strong>GUICH\u00ca E TELEFONE&nbsp;&nbsp;<\/strong><\/td><td class=\"has-text-align-center\" data-align=\"center\"><strong>TRIAGEM<\/strong><\/td><td class=\"has-text-align-center\" data-align=\"center\"><strong>RETIRADA<br>PASTAS&nbsp;<\/strong><\/td><\/tr><tr><td class=\"has-text-align-center\" data-align=\"center\">\u00a0<strong>JAN<\/strong><\/td><td class=\"has-text-align-center\" data-align=\"center\">31<\/td><td class=\"has-text-align-center\" data-align=\"center\">185<\/td><td class=\"has-text-align-center\" data-align=\"center\">51<\/td><td class=\"has-text-align-center\" data-align=\"center\">2.798<\/td><td class=\"has-text-align-center\" data-align=\"center\">16<\/td><td class=\"has-text-align-center\" data-align=\"center\">751<\/td><td class=\"has-text-align-center\" data-align=\"center\">138<\/td><td class=\"has-text-align-center\" data-align=\"center\">11<\/td><td class=\"has-text-align-center\" data-align=\"center\">1.817<\/td><td class=\"has-text-align-center\" data-align=\"center\">&#8211;<\/td><td class=\"has-text-align-center\" data-align=\"center\">3.470<\/td><\/tr><tr><td class=\"has-text-align-center\" data-align=\"center\"><strong>&nbsp;FEV<\/strong><\/td><td class=\"has-text-align-center\" data-align=\"center\">33<\/td><td class=\"has-text-align-center\" data-align=\"center\">266<\/td><td class=\"has-text-align-center\" data-align=\"center\">100<\/td><td class=\"has-text-align-center\" data-align=\"center\">2.561<\/td><td class=\"has-text-align-center\" data-align=\"center\">94<\/td><td class=\"has-text-align-center\" data-align=\"center\">971<\/td><td class=\"has-text-align-center\" data-align=\"center\">101<\/td><td class=\"has-text-align-center\" data-align=\"center\">5<\/td><td class=\"has-text-align-center\" data-align=\"center\">1.145<\/td><td class=\"has-text-align-center\" data-align=\"center\">&#8211;<\/td><td class=\"has-text-align-center\" data-align=\"center\">1.643<\/td><\/tr><tr><td class=\"has-text-align-center\" data-align=\"center\">&nbsp;<strong>MAR<\/strong><\/td><td class=\"has-text-align-center\" data-align=\"center\">39<\/td><td class=\"has-text-align-center\" data-align=\"center\">51<\/td><td class=\"has-text-align-center\" data-align=\"center\">25<\/td><td class=\"has-text-align-center\" data-align=\"center\">2.549<\/td><td class=\"has-text-align-center\" data-align=\"center\">109<\/td><td class=\"has-text-align-center\" data-align=\"center\">1.020<\/td><td class=\"has-text-align-center\" data-align=\"center\">168<\/td><td class=\"has-text-align-center\" data-align=\"center\">8<\/td><td class=\"has-text-align-center\" data-align=\"center\">1.650<\/td><td class=\"has-text-align-center\" data-align=\"center\">&#8211;<\/td><td class=\"has-text-align-center\" data-align=\"center\">898<\/td><\/tr><tr><td class=\"has-text-align-center\" data-align=\"center\"><strong>&nbsp;ABR<\/strong><\/td><td class=\"has-text-align-center\" data-align=\"center\">88<\/td><td class=\"has-text-align-center\" data-align=\"center\">106<\/td><td class=\"has-text-align-center\" data-align=\"center\">39<\/td><td class=\"has-text-align-center\" data-align=\"center\">2.531<\/td><td class=\"has-text-align-center\" data-align=\"center\">62<\/td><td class=\"has-text-align-center\" data-align=\"center\">1.300<\/td><td class=\"has-text-align-center\" data-align=\"center\">291<\/td><td class=\"has-text-align-center\" data-align=\"center\">67<\/td><td class=\"has-text-align-center\" data-align=\"center\">&nbsp;3.890<\/td><td class=\"has-text-align-center\" data-align=\"center\">&#8211;<\/td><td class=\"has-text-align-center\" data-align=\"center\">4.487<\/td><\/tr><tr><td class=\"has-text-align-center\" data-align=\"center\">&nbsp;<strong>MAI<\/strong><\/td><td class=\"has-text-align-center\" data-align=\"center\">362<\/td><td class=\"has-text-align-center\" data-align=\"center\">120<\/td><td class=\"has-text-align-center\" data-align=\"center\">71<\/td><td class=\"has-text-align-center\" data-align=\"center\">2.273<\/td><td class=\"has-text-align-center\" data-align=\"center\">74<\/td><td class=\"has-text-align-center\" data-align=\"center\">1.162<\/td><td class=\"has-text-align-center\" data-align=\"center\">693<\/td><td class=\"has-text-align-center\" data-align=\"center\">51<\/td><td class=\"has-text-align-center\" data-align=\"center\">&nbsp;1.735<\/td><td class=\"has-text-align-center\" data-align=\"center\">410<\/td><td class=\"has-text-align-center\" data-align=\"center\">4.372<\/td><\/tr><tr><td class=\"has-text-align-center\" data-align=\"center\">&nbsp;<strong>JUN<\/strong><\/td><td class=\"has-text-align-center\" data-align=\"center\">293<\/td><td class=\"has-text-align-center\" data-align=\"center\">136<\/td><td class=\"has-text-align-center\" data-align=\"center\">125<\/td><td class=\"has-text-align-center\" data-align=\"center\">2.931<\/td><td class=\"has-text-align-center\" data-align=\"center\">86<\/td><td class=\"has-text-align-center\" data-align=\"center\">1.111<\/td><td class=\"has-text-align-center\" data-align=\"center\">722<\/td><td class=\"has-text-align-center\" data-align=\"center\">42<\/td><td class=\"has-text-align-center\" data-align=\"center\">1.626<\/td><td class=\"has-text-align-center\" data-align=\"center\">332<\/td><td class=\"has-text-align-center\" data-align=\"center\">4.925<\/td><\/tr><tr><td class=\"has-text-align-center\" data-align=\"center\">&nbsp;<strong>JUL<\/strong><\/td><td class=\"has-text-align-center\" data-align=\"center\">248<\/td><td class=\"has-text-align-center\" data-align=\"center\">100<\/td><td class=\"has-text-align-center\" data-align=\"center\">130<\/td><td class=\"has-text-align-center\" data-align=\"center\">3.078<\/td><td class=\"has-text-align-center\" data-align=\"center\">76<\/td><td class=\"has-text-align-center\" data-align=\"center\">1.252<\/td><td class=\"has-text-align-center\" data-align=\"center\">844<\/td><td class=\"has-text-align-center\" data-align=\"center\">27<\/td><td class=\"has-text-align-center\" data-align=\"center\">1.577<\/td><td class=\"has-text-align-center\" data-align=\"center\">279<\/td><td class=\"has-text-align-center\" data-align=\"center\">4.479<\/td><\/tr><tr><td class=\"has-text-align-center\" data-align=\"center\">&nbsp;<strong>AGO<\/strong><\/td><td class=\"has-text-align-center\" data-align=\"center\">&nbsp;50<\/td><td class=\"has-text-align-center\" data-align=\"center\">276<\/td><td class=\"has-text-align-center\" data-align=\"center\">94<\/td><td class=\"has-text-align-center\" data-align=\"center\">2.851<\/td><td class=\"has-text-align-center\" data-align=\"center\">83<\/td><td class=\"has-text-align-center\" data-align=\"center\">1.344<\/td><td class=\"has-text-align-center\" data-align=\"center\">319<\/td><td class=\"has-text-align-center\" data-align=\"center\">9<\/td><td class=\"has-text-align-center\" data-align=\"center\">1.189<\/td><td class=\"has-text-align-center\" data-align=\"center\">&#8211;<\/td><td class=\"has-text-align-center\" data-align=\"center\">4.115<\/td><\/tr><tr><td class=\"has-text-align-center\" data-align=\"center\">&nbsp;<strong>SET<\/strong><\/td><td class=\"has-text-align-center\" data-align=\"center\">&nbsp;161<\/td><td class=\"has-text-align-center\" data-align=\"center\">163<\/td><td class=\"has-text-align-center\" data-align=\"center\">83<\/td><td class=\"has-text-align-center\" data-align=\"center\">2.842<\/td><td class=\"has-text-align-center\" data-align=\"center\">100<\/td><td class=\"has-text-align-center\" data-align=\"center\">1.198<\/td><td class=\"has-text-align-center\" data-align=\"center\">&nbsp;528<\/td><td class=\"has-text-align-center\" data-align=\"center\">15<\/td><td class=\"has-text-align-center\" data-align=\"center\">1.282<\/td><td class=\"has-text-align-center\" data-align=\"center\">218<\/td><td class=\"has-text-align-center\" data-align=\"center\">4.074<\/td><\/tr><tr><td class=\"has-text-align-center\" data-align=\"center\">&nbsp;<strong>OUT<\/strong><\/td><td class=\"has-text-align-center\" data-align=\"center\">101<\/td><td class=\"has-text-align-center\" data-align=\"center\">&nbsp;86<\/td><td class=\"has-text-align-center\" data-align=\"center\">78<\/td><td class=\"has-text-align-center\" data-align=\"center\">2.857<\/td><td class=\"has-text-align-center\" data-align=\"center\">92<\/td><td class=\"has-text-align-center\" data-align=\"center\">1.044<\/td><td class=\"has-text-align-center\" data-align=\"center\">&nbsp;439<\/td><td class=\"has-text-align-center\" data-align=\"center\">23<\/td><td class=\"has-text-align-center\" data-align=\"center\">&nbsp;892<\/td><td class=\"has-text-align-center\" data-align=\"center\">&#8211;<\/td><td class=\"has-text-align-center\" data-align=\"center\">2.276<\/td><\/tr><tr><td class=\"has-text-align-center\" data-align=\"center\">&nbsp;<strong>NOV<\/strong><\/td><td class=\"has-text-align-center\" data-align=\"center\">68<\/td><td class=\"has-text-align-center\" data-align=\"center\">&nbsp;153<\/td><td class=\"has-text-align-center\" data-align=\"center\">79<\/td><td class=\"has-text-align-center\" data-align=\"center\">2.773<\/td><td class=\"has-text-align-center\" data-align=\"center\">103<\/td><td class=\"has-text-align-center\" data-align=\"center\">1.129<\/td><td class=\"has-text-align-center\" data-align=\"center\">&nbsp;370<\/td><td class=\"has-text-align-center\" data-align=\"center\">24<\/td><td class=\"has-text-align-center\" data-align=\"center\">1.043<\/td><td class=\"has-text-align-center\" data-align=\"center\">&#8211;<\/td><td class=\"has-text-align-center\" data-align=\"center\">3.866<\/td><\/tr><tr><td class=\"has-text-align-center\" data-align=\"center\">&nbsp;<strong>DEZ<\/strong><\/td><td class=\"has-text-align-center\" data-align=\"center\">34<\/td><td class=\"has-text-align-center\" data-align=\"center\">204<\/td><td class=\"has-text-align-center\" data-align=\"center\">85<\/td><td class=\"has-text-align-center\" data-align=\"center\">2.603<\/td><td class=\"has-text-align-center\" data-align=\"center\">49<\/td><td class=\"has-text-align-center\" data-align=\"center\">789<\/td><td class=\"has-text-align-center\" data-align=\"center\">118<\/td><td class=\"has-text-align-center\" data-align=\"center\">10<\/td><td class=\"has-text-align-center\" data-align=\"center\">893<\/td><td class=\"has-text-align-center\" data-align=\"center\">&#8211;<\/td><td class=\"has-text-align-center\" data-align=\"center\">2.816<\/td><\/tr><tr><td class=\"has-text-align-center\" data-align=\"center\">&nbsp;<strong>TOTAL<\/strong><\/td><td class=\"has-text-align-center\" data-align=\"center\">1.508<\/td><td class=\"has-text-align-center\" data-align=\"center\">1.846<\/td><td class=\"has-text-align-center\" data-align=\"center\">960<\/td><td class=\"has-text-align-center\" data-align=\"center\">&nbsp;Demonst.<br>Mensal<\/td><td class=\"has-text-align-center\" data-align=\"center\">944<\/td><td class=\"has-text-align-center\" data-align=\"center\">13.071<\/td><td class=\"has-text-align-center\" data-align=\"center\">4.731<\/td><td class=\"has-text-align-center\" data-align=\"center\">292<\/td><td class=\"has-text-align-center\" data-align=\"center\">18.739<\/td><td class=\"has-text-align-center\" data-align=\"center\">1.239<\/td><td class=\"has-text-align-center\" data-align=\"center\">&nbsp;41.421<\/td><\/tr><\/tbody><\/table><\/figure>\n","protected":false},"excerpt":{"rendered":"<p>DADOS ESTAT\u00cdSTICOS 2015 &nbsp;M\u00caS CASOSNOVOS &nbsp;ENCERRADOS &nbsp;AJUIZADOS ANDAMENTOS AUDI\u00caNCIAS DESP.JUDIC. RETORNO &nbsp;CONSULTAS GUICH\u00ca E TELEFONE&nbsp;&nbsp; TRIAGEM RETIRADAPASTAS&nbsp; \u00a0JAN 23 16 6 2.926 36 845 33 11 1.641 &#8211; 580 &nbsp;FEV 37 53 20 2.910 73 1.323 46 9 723 &#8211; 1.093 &nbsp;MAR 51 75 11 2.884 &nbsp;81 1.561 52 1 1.375 &#8211; 3.277 &nbsp;ABR 112 [&hellip;]<\/p>\n","protected":false},"author":7,"featured_media":0,"parent":0,"menu_order":0,"comment_status":"closed","ping_status":"closed","template":"","meta":{"footnotes":""},"class_list":["post-415","page","type-page","status-publish","hentry"],"acf":[],"_links":{"self":[{"href":"https:\/\/sites.uel.br\/eaaj\/wp-json\/wp\/v2\/pages\/415","targetHints":{"allow":["GET"]}}],"collection":[{"href":"https:\/\/sites.uel.br\/eaaj\/wp-json\/wp\/v2\/pages"}],"about":[{"href":"https:\/\/sites.uel.br\/eaaj\/wp-json\/wp\/v2\/types\/page"}],"author":[{"embeddable":true,"href":"https:\/\/sites.uel.br\/eaaj\/wp-json\/wp\/v2\/users\/7"}],"replies":[{"embeddable":true,"href":"https:\/\/sites.uel.br\/eaaj\/wp-json\/wp\/v2\/comments?post=415"}],"version-history":[{"count":3,"href":"https:\/\/sites.uel.br\/eaaj\/wp-json\/wp\/v2\/pages\/415\/revisions"}],"predecessor-version":[{"id":419,"href":"https:\/\/sites.uel.br\/eaaj\/wp-json\/wp\/v2\/pages\/415\/revisions\/419"}],"wp:attachment":[{"href":"https:\/\/sites.uel.br\/eaaj\/wp-json\/wp\/v2\/media?parent=415"}],"curies":[{"name":"wp","href":"https:\/\/api.w.org\/{rel}","templated":true}]}}